{"id":1032,"date":"2026-02-13T13:05:58","date_gmt":"2026-02-13T13:05:58","guid":{"rendered":"https:\/\/zade.hu\/?page_id=1032"},"modified":"2026-02-16T19:30:03","modified_gmt":"2026-02-16T19:30:03","slug":"egy-sima-egy-forditott-egyesulet-az-inkluzioert2","status":"publish","type":"page","link":"https:\/\/zade.hu\/en\/egy-sima-egy-forditott-egyesulet-az-inkluzioert2\/","title":{"rendered":"Egy sima egy ford\u00edtott &#8211; Egyes\u00fclet az Inkl\u00fazi\u00f3\u00e9rt"},"content":{"rendered":"<section class=\"bde-section-1032-100 bde-section\">\n  \n  \n\t\n\n\n\n<div class=\"section-container\"><h1 class=\"bde-heading-1032-101 bde-heading\">\nEgy sima egy ford\u00edtott - Egyes\u00fclet az Inkl\u00fazi\u00f3\u00e9rt\n<\/h1><h1 class=\"bde-heading-1032-102 bde-heading\">\nOur Mission\n<\/h1><div class=\"bde-text-1032-103 bde-text\">\nWe Break Down Barriers in Minds and Hearts<br><br>We work to ensure that an inclusive mindset becomes a given for future generations.<br><br>Our goal is for different groups in society\u2014primarily people with and without disabilities\u2014to be able to connect with one another, build communities, and cooperate in all areas of life.<br><br>To achieve this, we support them through knowledge-sharing, organizing support groups, and inspiring them with our community programs.\n<\/div><div class=\"bde-text-1032-104 bde-text\">\nEven a small gesture can make a huge difference: by donating 1% of your personal income tax, you can help families find the strength to overcome their challenges.<br>\n<\/div><div class=\"bde-button-1032-105 bde-button\">\n    \n                        \n                        \n    \n    \n    \n    \n            \n                    \n            \n            \n\n    \n    \n    \n    \n    \n    <a class=\"breakdance-link button-atom button-atom--custom bde-button__button\" href=\"https:\/\/www.egysimaegyforditott.com\/tamogatas-oldal\" target=\"_self\" data-type=\"url\"  >\n\n    \n        <span class=\"button-atom__text\">Support us with 1% of your tax.<\/span>\n\n        \n        \n                <\/a>\n\n    \n\n\n<\/div><img decoding=\"async\" class=\"bde-image2-1032-106 bde-image2\" src=\"https:\/\/zade.hu\/wp-content\/uploads\/2026\/02\/egyszazalek_edited.avif\" loading=\"lazy\" srcset=\"https:\/\/zade.hu\/wp-content\/uploads\/2026\/02\/egyszazalek_edited.avif 1116w, https:\/\/zade.hu\/wp-content\/uploads\/2026\/02\/egyszazalek_edited-300x232.avif 300w, https:\/\/zade.hu\/wp-content\/uploads\/2026\/02\/egyszazalek_edited-1024x791.avif 1024w, https:\/\/zade.hu\/wp-content\/uploads\/2026\/02\/egyszazalek_edited-768x593.avif 768w\" sizes=\"(max-width: 1116px) 100vw, 1116px\"><div class=\"bde-columns-1032-107 bde-columns\"><div class=\"bde-column-1032-108 bde-column\">\n  \n  \n\t\n\n\n\n<div class=\"bde-button-1032-109 bde-button\">\n    \n                        \n                        \n    \n    \n    \n    \n            \n                    \n            \n            \n\n    \n    \n    \n    \n    \n    <a class=\"breakdance-link button-atom button-atom--custom bde-button__button\" href=\"https:\/\/www.instagram.com\/egysimaegyforditott\" target=\"_self\" data-type=\"url\"  >\n\n    \n        <span class=\"button-atom__text\">Instagram<\/span>\n\n        \n        \n                <\/a>\n\n    \n\n\n<\/div>\n<\/div><div class=\"bde-column-1032-110 bde-column\">\n  \n  \n\t\n\n\n\n<div class=\"bde-button-1032-111 bde-button\">\n    \n                        \n                        \n    \n    \n    \n    \n            \n                    \n            \n            \n\n    \n    \n    \n    \n    \n    <a class=\"breakdance-link button-atom button-atom--custom bde-button__button\" href=\"https:\/\/www.facebook.com\/1sima1forditott\/\" target=\"_self\" data-type=\"url\"  >\n\n    \n        <span class=\"button-atom__text\">Facebook<\/span>\n\n        \n        \n                <\/a>\n\n    \n\n\n<\/div>\n<\/div><\/div><\/div>\n<\/section>","protected":false},"excerpt":{"rendered":"<p>Egy sima egy ford\u00edtott &#8211; Egyes\u00fclet az Inkl\u00fazi\u00f3\u00e9rt Our Mission We Break Down Barriers in Minds and HeartsWe work to ensure that an inclusive mindset becomes a given for future generations.Our goal is for different groups in society\u2014primarily people with and without disabilities\u2014to be able to connect with one another, build communities, and cooperate in [&hellip;]<\/p>\n","protected":false},"author":6,"featured_media":0,"parent":0,"menu_order":0,"comment_status":"closed","ping_status":"closed","template":"","meta":{"_acf_changed":false,"_breakdance_hide_in_design_set":false,"_breakdance_tags":"","footnotes":""},"class_list":["post-1032","page","type-page","status-publish","hentry"],"acf":[],"yoast_head":"<!-- This site is optimized with the Yoast SEO Premium plugin v27.3 (Yoast SEO v27.3) - https:\/\/yoast.com\/product\/yoast-seo-premium-wordpress\/ -->\n<title>Egy sima egy ford\u00edtott - Egyes\u00fclet az Inkl\u00fazi\u00f3\u00e9rt - zade.hu<\/title>\n<meta name=\"robots\" content=\"index, follow, max-snippet:-1, max-image-preview:large, max-video-preview:-1\" \/>\n<link rel=\"canonical\" href=\"https:\/\/zade.hu\/en\/egy-sima-egy-forditott-egyesulet-az-inkluzioert2\/\" \/>\n<meta property=\"og:locale\" content=\"en_US\" \/>\n<meta property=\"og:type\" content=\"article\" \/>\n<meta property=\"og:title\" content=\"Egy sima egy ford\u00edtott - Egyes\u00fclet az Inkl\u00fazi\u00f3\u00e9rt\" \/>\n<meta property=\"og:description\" content=\"Egy sima egy ford\u00edtott - Egyes\u00fclet az Inkl\u00fazi\u00f3\u00e9rt Our Mission We Break Down Barriers in Minds and HeartsWe work to ensure that an inclusive mindset becomes a given for future generations.Our goal is for different groups in society\u2014primarily people with and without disabilities\u2014to be able to connect with one another, build communities, and cooperate in [&hellip;]\" \/>\n<meta property=\"og:url\" content=\"https:\/\/zade.hu\/en\/egy-sima-egy-forditott-egyesulet-az-inkluzioert2\/\" \/>\n<meta property=\"og:site_name\" content=\"zade.hu\" \/>\n<meta property=\"article:modified_time\" content=\"2026-02-16T19:30:03+00:00\" \/>\n<meta name=\"twitter:card\" content=\"summary_large_image\" \/>\n<script type=\"application\/ld+json\" class=\"yoast-schema-graph\">{\"@context\":\"https:\\\/\\\/schema.org\",\"@graph\":[{\"@type\":\"WebPage\",\"@id\":\"https:\\\/\\\/zade.hu\\\/en\\\/egy-sima-egy-forditott-egyesulet-az-inkluzioert2\\\/\",\"url\":\"https:\\\/\\\/zade.hu\\\/en\\\/egy-sima-egy-forditott-egyesulet-az-inkluzioert2\\\/\",\"name\":\"Egy sima egy ford\u00edtott - Egyes\u00fclet az Inkl\u00fazi\u00f3\u00e9rt - zade.hu\",\"isPartOf\":{\"@id\":\"https:\\\/\\\/zade.hu\\\/en\\\/#website\"},\"datePublished\":\"2026-02-13T13:05:58+00:00\",\"dateModified\":\"2026-02-16T19:30:03+00:00\",\"breadcrumb\":{\"@id\":\"https:\\\/\\\/zade.hu\\\/en\\\/egy-sima-egy-forditott-egyesulet-az-inkluzioert2\\\/#breadcrumb\"},\"inLanguage\":\"en-US\",\"potentialAction\":[{\"@type\":\"ReadAction\",\"target\":[\"https:\\\/\\\/zade.hu\\\/en\\\/egy-sima-egy-forditott-egyesulet-az-inkluzioert2\\\/\"]}]},{\"@type\":\"BreadcrumbList\",\"@id\":\"https:\\\/\\\/zade.hu\\\/en\\\/egy-sima-egy-forditott-egyesulet-az-inkluzioert2\\\/#breadcrumb\",\"itemListElement\":[{\"@type\":\"ListItem\",\"position\":1,\"name\":\"Home\",\"item\":\"https:\\\/\\\/zade.hu\\\/en\\\/\"},{\"@type\":\"ListItem\",\"position\":2,\"name\":\"Egy sima egy ford\u00edtott &#8211; Egyes\u00fclet az Inkl\u00fazi\u00f3\u00e9rt\"}]},{\"@type\":\"WebSite\",\"@id\":\"https:\\\/\\\/zade.hu\\\/en\\\/#website\",\"url\":\"https:\\\/\\\/zade.hu\\\/en\\\/\",\"name\":\"zade.hu\",\"description\":\"\",\"potentialAction\":[{\"@type\":\"SearchAction\",\"target\":{\"@type\":\"EntryPoint\",\"urlTemplate\":\"https:\\\/\\\/zade.hu\\\/en\\\/?s={search_term_string}\"},\"query-input\":{\"@type\":\"PropertyValueSpecification\",\"valueRequired\":true,\"valueName\":\"search_term_string\"}}],\"inLanguage\":\"en-US\"}]}<\/script>\n<!-- \/ Yoast SEO Premium plugin. -->","yoast_head_json":{"title":"Egy sima egy ford\u00edtott - Egyes\u00fclet az Inkl\u00fazi\u00f3\u00e9rt - zade.hu","robots":{"index":"index","follow":"follow","max-snippet":"max-snippet:-1","max-image-preview":"max-image-preview:large","max-video-preview":"max-video-preview:-1"},"canonical":"https:\/\/zade.hu\/en\/egy-sima-egy-forditott-egyesulet-az-inkluzioert2\/","og_locale":"en_US","og_type":"article","og_title":"Egy sima egy ford\u00edtott - Egyes\u00fclet az Inkl\u00fazi\u00f3\u00e9rt","og_description":"Egy sima egy ford\u00edtott - Egyes\u00fclet az Inkl\u00fazi\u00f3\u00e9rt Our Mission We Break Down Barriers in Minds and HeartsWe work to ensure that an inclusive mindset becomes a given for future generations.Our goal is for different groups in society\u2014primarily people with and without disabilities\u2014to be able to connect with one another, build communities, and cooperate in [&hellip;]","og_url":"https:\/\/zade.hu\/en\/egy-sima-egy-forditott-egyesulet-az-inkluzioert2\/","og_site_name":"zade.hu","article_modified_time":"2026-02-16T19:30:03+00:00","twitter_card":"summary_large_image","schema":{"@context":"https:\/\/schema.org","@graph":[{"@type":"WebPage","@id":"https:\/\/zade.hu\/en\/egy-sima-egy-forditott-egyesulet-az-inkluzioert2\/","url":"https:\/\/zade.hu\/en\/egy-sima-egy-forditott-egyesulet-az-inkluzioert2\/","name":"Egy sima egy ford\u00edtott - Egyes\u00fclet az Inkl\u00fazi\u00f3\u00e9rt - zade.hu","isPartOf":{"@id":"https:\/\/zade.hu\/en\/#website"},"datePublished":"2026-02-13T13:05:58+00:00","dateModified":"2026-02-16T19:30:03+00:00","breadcrumb":{"@id":"https:\/\/zade.hu\/en\/egy-sima-egy-forditott-egyesulet-az-inkluzioert2\/#breadcrumb"},"inLanguage":"en-US","potentialAction":[{"@type":"ReadAction","target":["https:\/\/zade.hu\/en\/egy-sima-egy-forditott-egyesulet-az-inkluzioert2\/"]}]},{"@type":"BreadcrumbList","@id":"https:\/\/zade.hu\/en\/egy-sima-egy-forditott-egyesulet-az-inkluzioert2\/#breadcrumb","itemListElement":[{"@type":"ListItem","position":1,"name":"Home","item":"https:\/\/zade.hu\/en\/"},{"@type":"ListItem","position":2,"name":"Egy sima egy ford\u00edtott &#8211; Egyes\u00fclet az Inkl\u00fazi\u00f3\u00e9rt"}]},{"@type":"WebSite","@id":"https:\/\/zade.hu\/en\/#website","url":"https:\/\/zade.hu\/en\/","name":"zade.hu","description":"","potentialAction":[{"@type":"SearchAction","target":{"@type":"EntryPoint","urlTemplate":"https:\/\/zade.hu\/en\/?s={search_term_string}"},"query-input":{"@type":"PropertyValueSpecification","valueRequired":true,"valueName":"search_term_string"}}],"inLanguage":"en-US"}]}},"_links":{"self":[{"href":"https:\/\/zade.hu\/en\/wp-json\/wp\/v2\/pages\/1032","targetHints":{"allow":["GET"]}}],"collection":[{"href":"https:\/\/zade.hu\/en\/wp-json\/wp\/v2\/pages"}],"about":[{"href":"https:\/\/zade.hu\/en\/wp-json\/wp\/v2\/types\/page"}],"author":[{"embeddable":true,"href":"https:\/\/zade.hu\/en\/wp-json\/wp\/v2\/users\/6"}],"replies":[{"embeddable":true,"href":"https:\/\/zade.hu\/en\/wp-json\/wp\/v2\/comments?post=1032"}],"version-history":[{"count":3,"href":"https:\/\/zade.hu\/en\/wp-json\/wp\/v2\/pages\/1032\/revisions"}],"predecessor-version":[{"id":1036,"href":"https:\/\/zade.hu\/en\/wp-json\/wp\/v2\/pages\/1032\/revisions\/1036"}],"wp:attachment":[{"href":"https:\/\/zade.hu\/en\/wp-json\/wp\/v2\/media?parent=1032"}],"curies":[{"name":"wp","href":"https:\/\/api.w.org\/{rel}","templated":true}]}}