{"id":736,"date":"2025-11-05T15:36:21","date_gmt":"2025-11-05T15:36:21","guid":{"rendered":"https:\/\/zade.hu\/?page_id=736"},"modified":"2026-01-28T09:57:31","modified_gmt":"2026-01-28T09:57:31","slug":"agis-story","status":"publish","type":"page","link":"https:\/\/zade.hu\/en\/agis-story\/","title":{"rendered":"\u00c1gi&#8217;s story"},"content":{"rendered":"<section class=\"bde-section-736-100 bde-section\">\n  \n  \n\t\n\n\n\n<div class=\"section-container\"><h1 class=\"bde-heading-736-101 bde-heading\">\n\u00c1gi's story\n<\/h1><div class=\"bde-text-736-102 bde-text\">\n\u00c1gi was placed into state care at the age of 12. Before that, she lived with her parents and younger brother in a tiny, crumbling house in a small village. Their mother was often ill; during these times, their father took care of the children.<br><br>\u00c1gi was a beautiful young girl. Her charming face was framed by black hair, and her eyes sparkled green. Her father doted on her. On one occasion, while her mother was in the hospital again, her father took the girl to his side and violated her.<br><br>Following this, the man was sent to prison for many years, and \u00c1gi was emotionally shattered, carrying the horror with her for a lifetime. She was burdened not only by the memory of that terrible night but also tormented by shame.<br><br>She began to wander and had no desire to return home, so she eventually ended up in a special, closed children's home. Kind psychologists and experienced educators worked to heal her soul.<br><br>It seemed that everything was back on the right track, and the girl was placed in a new, open home where she was welcomed with love and quickly accepted.<br><br>One day, however, \u00c1gi lost her voice, and for weeks, not a single word could leave her mouth. She was simply incapable of speaking. Since doctors could find no physical cause, they realized that the symptoms were rooted in psychological issues.<br><br>It was then revealed what the girl\u2019s father had screamed at her during the trial: that he was in prison because of \u00c1gi, and therefore, when he was released, he would kill her. The girl had calculated that the man was due to be released at that very time.<br><br>The educators convinced \u00c1gi to meet her father while he was still in prison, suggesting that he surely repented of his crime and must have said such a grave thing to her only in the heat of the moment.<br><br>\u00c1gi finally agreed to the visit. She clung to her educator with both hands as they passed through the prison gates. The meeting upset her, but it also reassured her. Over time, her speech returned to normal.<br><br>Although her father tried to contact her once after his release, he accepted his daughter\u2019s rejection. A few years later, the man died. For his daughter, this\u2014perhaps\u2014meant complete peace of mind.<br><br>Today, \u00c1gi is a happy mother.\n<\/div><img decoding=\"async\" class=\"bde-image2-736-103 bde-image2\" src=\"https:\/\/zade.hu\/wp-content\/uploads\/2025\/11\/aluljarokisgyerek.avif\" loading=\"lazy\" srcset=\"https:\/\/zade.hu\/wp-content\/uploads\/2025\/11\/aluljarokisgyerek.avif 911w, https:\/\/zade.hu\/wp-content\/uploads\/2025\/11\/aluljarokisgyerek-300x200.avif 300w, https:\/\/zade.hu\/wp-content\/uploads\/2025\/11\/aluljarokisgyerek-768x512.avif 768w\" sizes=\"(max-width: 911px) 100vw, 911px\"><div class=\"bde-text-736-104 bde-text\">\n\u00c1gi\u2019s story was shared with us by the T\u0171zcsihol\u00f3 Egyes\u00fclet. If you are interested in what they do, read more here:\n<\/div><div class=\"bde-button-736-105 bde-button\">\n    \n                        \n                        \n    \n    \n    \n    \n            \n                    \n            \n            \n\n    \n    \n    \n    \n    \n    <a class=\"breakdance-link button-atom button-atom--custom bde-button__button\" href=\"https:\/\/zade.hu\/en\/tuzcsiholo-association\/\" target=\"_self\" data-type=\"url\"  >\n\n    \n        <span class=\"button-atom__text\">T\u0171zcsihol\u00f3 Egyes\u00fclet<\/span>\n\n        \n        \n                <\/a>\n\n    \n\n\n<\/div><div class=\"bde-columns-736-106 bde-columns\"><div class=\"bde-column-736-107 bde-column\">\n  \n  \n\t\n\n\n\n<div class=\"bde-button-736-108 bde-button\">\n    \n                        \n                        \n    \n    \n    \n    \n            \n                    \n            \n            \n\n    \n    \n    \n    \n    \n    <a class=\"breakdance-link button-atom button-atom--custom bde-button__button\" href=\"https:\/\/www.instagram.com\/tuzcsiholoegyesulet\/?\" target=\"_self\" data-type=\"url\"  >\n\n    \n        <span class=\"button-atom__text\">Instagram<\/span>\n\n        \n        \n                <\/a>\n\n    \n\n\n<\/div>\n<\/div><div class=\"bde-column-736-109 bde-column\">\n  \n  \n\t\n\n\n\n<div class=\"bde-button-736-110 bde-button\">\n    \n                        \n                        \n    \n    \n    \n    \n            \n                    \n            \n            \n\n    \n    \n    \n    \n    \n    <a class=\"breakdance-link button-atom button-atom--custom bde-button__button\" href=\"https:\/\/www.facebook.com\/tuzcsiholoegyesulet\" target=\"_self\" data-type=\"url\"  >\n\n    \n        <span class=\"button-atom__text\">Facebook<\/span>\n\n        \n        \n                <\/a>\n\n    \n\n\n<\/div>\n<\/div><\/div><\/div>\n<\/section>","protected":false},"excerpt":{"rendered":"<p>\u00c1gi&#8217;s story \u00c1gi was placed into state care at the age of 12. Before that, she lived with her parents and younger brother in a tiny, crumbling house in a small village. Their mother was often ill; during these times, their father took care of the children.\u00c1gi was a beautiful young girl. Her charming face [&hellip;]<\/p>\n","protected":false},"author":6,"featured_media":0,"parent":0,"menu_order":0,"comment_status":"closed","ping_status":"closed","template":"","meta":{"_acf_changed":false,"_breakdance_hide_in_design_set":false,"_breakdance_tags":"","footnotes":""},"class_list":["post-736","page","type-page","status-publish","hentry"],"acf":[],"yoast_head":"<!-- This site is optimized with the Yoast SEO Premium plugin v27.3 (Yoast SEO v27.3) - https:\/\/yoast.com\/product\/yoast-seo-premium-wordpress\/ -->\n<title>\u00c1gi&#039;s story - zade.hu<\/title>\n<meta name=\"robots\" content=\"index, follow, max-snippet:-1, max-image-preview:large, max-video-preview:-1\" \/>\n<link rel=\"canonical\" href=\"https:\/\/zade.hu\/en\/agis-story\/\" \/>\n<meta property=\"og:locale\" content=\"en_US\" \/>\n<meta property=\"og:type\" content=\"article\" \/>\n<meta property=\"og:title\" content=\"\u00c1gi&#039;s story\" \/>\n<meta property=\"og:description\" content=\"\u00c1gi&#039;s story \u00c1gi was placed into state care at the age of 12. Before that, she lived with her parents and younger brother in a tiny, crumbling house in a small village. Their mother was often ill; during these times, their father took care of the children.\u00c1gi was a beautiful young girl. Her charming face [&hellip;]\" \/>\n<meta property=\"og:url\" content=\"https:\/\/zade.hu\/en\/agis-story\/\" \/>\n<meta property=\"og:site_name\" content=\"zade.hu\" \/>\n<meta property=\"article:modified_time\" content=\"2026-01-28T09:57:31+00:00\" \/>\n<meta name=\"twitter:card\" content=\"summary_large_image\" \/>\n<meta name=\"twitter:label1\" content=\"Est. reading time\" \/>\n\t<meta name=\"twitter:data1\" content=\"3 minutes\" \/>\n<script type=\"application\/ld+json\" class=\"yoast-schema-graph\">{\"@context\":\"https:\\\/\\\/schema.org\",\"@graph\":[{\"@type\":\"WebPage\",\"@id\":\"https:\\\/\\\/zade.hu\\\/en\\\/agis-story\\\/\",\"url\":\"https:\\\/\\\/zade.hu\\\/en\\\/agis-story\\\/\",\"name\":\"\u00c1gi's story - zade.hu\",\"isPartOf\":{\"@id\":\"https:\\\/\\\/zade.hu\\\/en\\\/#website\"},\"datePublished\":\"2025-11-05T15:36:21+00:00\",\"dateModified\":\"2026-01-28T09:57:31+00:00\",\"breadcrumb\":{\"@id\":\"https:\\\/\\\/zade.hu\\\/en\\\/agis-story\\\/#breadcrumb\"},\"inLanguage\":\"en-US\",\"potentialAction\":[{\"@type\":\"ReadAction\",\"target\":[\"https:\\\/\\\/zade.hu\\\/en\\\/agis-story\\\/\"]}]},{\"@type\":\"BreadcrumbList\",\"@id\":\"https:\\\/\\\/zade.hu\\\/en\\\/agis-story\\\/#breadcrumb\",\"itemListElement\":[{\"@type\":\"ListItem\",\"position\":1,\"name\":\"Home\",\"item\":\"https:\\\/\\\/zade.hu\\\/en\\\/\"},{\"@type\":\"ListItem\",\"position\":2,\"name\":\"\u00c1gi&#8217;s story\"}]},{\"@type\":\"WebSite\",\"@id\":\"https:\\\/\\\/zade.hu\\\/en\\\/#website\",\"url\":\"https:\\\/\\\/zade.hu\\\/en\\\/\",\"name\":\"zade.hu\",\"description\":\"\",\"potentialAction\":[{\"@type\":\"SearchAction\",\"target\":{\"@type\":\"EntryPoint\",\"urlTemplate\":\"https:\\\/\\\/zade.hu\\\/en\\\/?s={search_term_string}\"},\"query-input\":{\"@type\":\"PropertyValueSpecification\",\"valueRequired\":true,\"valueName\":\"search_term_string\"}}],\"inLanguage\":\"en-US\"}]}<\/script>\n<!-- \/ Yoast SEO Premium plugin. -->","yoast_head_json":{"title":"\u00c1gi's story - zade.hu","robots":{"index":"index","follow":"follow","max-snippet":"max-snippet:-1","max-image-preview":"max-image-preview:large","max-video-preview":"max-video-preview:-1"},"canonical":"https:\/\/zade.hu\/en\/agis-story\/","og_locale":"en_US","og_type":"article","og_title":"\u00c1gi's story","og_description":"\u00c1gi's story \u00c1gi was placed into state care at the age of 12. Before that, she lived with her parents and younger brother in a tiny, crumbling house in a small village. Their mother was often ill; during these times, their father took care of the children.\u00c1gi was a beautiful young girl. Her charming face [&hellip;]","og_url":"https:\/\/zade.hu\/en\/agis-story\/","og_site_name":"zade.hu","article_modified_time":"2026-01-28T09:57:31+00:00","twitter_card":"summary_large_image","twitter_misc":{"Est. reading time":"3 minutes"},"schema":{"@context":"https:\/\/schema.org","@graph":[{"@type":"WebPage","@id":"https:\/\/zade.hu\/en\/agis-story\/","url":"https:\/\/zade.hu\/en\/agis-story\/","name":"\u00c1gi's story - zade.hu","isPartOf":{"@id":"https:\/\/zade.hu\/en\/#website"},"datePublished":"2025-11-05T15:36:21+00:00","dateModified":"2026-01-28T09:57:31+00:00","breadcrumb":{"@id":"https:\/\/zade.hu\/en\/agis-story\/#breadcrumb"},"inLanguage":"en-US","potentialAction":[{"@type":"ReadAction","target":["https:\/\/zade.hu\/en\/agis-story\/"]}]},{"@type":"BreadcrumbList","@id":"https:\/\/zade.hu\/en\/agis-story\/#breadcrumb","itemListElement":[{"@type":"ListItem","position":1,"name":"Home","item":"https:\/\/zade.hu\/en\/"},{"@type":"ListItem","position":2,"name":"\u00c1gi&#8217;s story"}]},{"@type":"WebSite","@id":"https:\/\/zade.hu\/en\/#website","url":"https:\/\/zade.hu\/en\/","name":"zade.hu","description":"","potentialAction":[{"@type":"SearchAction","target":{"@type":"EntryPoint","urlTemplate":"https:\/\/zade.hu\/en\/?s={search_term_string}"},"query-input":{"@type":"PropertyValueSpecification","valueRequired":true,"valueName":"search_term_string"}}],"inLanguage":"en-US"}]}},"_links":{"self":[{"href":"https:\/\/zade.hu\/en\/wp-json\/wp\/v2\/pages\/736","targetHints":{"allow":["GET"]}}],"collection":[{"href":"https:\/\/zade.hu\/en\/wp-json\/wp\/v2\/pages"}],"about":[{"href":"https:\/\/zade.hu\/en\/wp-json\/wp\/v2\/types\/page"}],"author":[{"embeddable":true,"href":"https:\/\/zade.hu\/en\/wp-json\/wp\/v2\/users\/6"}],"replies":[{"embeddable":true,"href":"https:\/\/zade.hu\/en\/wp-json\/wp\/v2\/comments?post=736"}],"version-history":[{"count":5,"href":"https:\/\/zade.hu\/en\/wp-json\/wp\/v2\/pages\/736\/revisions"}],"predecessor-version":[{"id":902,"href":"https:\/\/zade.hu\/en\/wp-json\/wp\/v2\/pages\/736\/revisions\/902"}],"wp:attachment":[{"href":"https:\/\/zade.hu\/en\/wp-json\/wp\/v2\/media?parent=736"}],"curies":[{"name":"wp","href":"https:\/\/api.w.org\/{rel}","templated":true}]}}