{"id":748,"date":"2025-11-05T15:36:41","date_gmt":"2025-11-05T15:36:41","guid":{"rendered":"https:\/\/zade.hu\/?page_id=748"},"modified":"2026-01-28T10:00:44","modified_gmt":"2026-01-28T10:00:44","slug":"gyulas-story","status":"publish","type":"page","link":"https:\/\/zade.hu\/en\/gyulas-story\/","title":{"rendered":"Gyula&#8217;s story"},"content":{"rendered":"<section class=\"bde-section-748-100 bde-section\">\n  \n  \n\t\n\n\n\n<div class=\"section-container\"><h1 class=\"bde-heading-748-101 bde-heading\">\nGyula's story\n<\/h1><div class=\"bde-text-748-102 bde-text\">\nGyula was born in Budapest into a poor working-class family. He began consuming alcohol with some regularity at the age of four, alongside learning to write, read, and do arithmetic.<br><br>At the age of seven, he went blind due to encephalitis, caused by a viral influenza and his poor nervous condition; his father had raised him with occasional physical punishment. The boy\u2019s blindness was the calmest period of his life because, during that time, his father did not raise his voice and was kind to him. Gyula\u2019s sight eventually returned, but he lost his genius.<br><br>He craved alcohol ever since he was given his first Dian\u00e1s candy at the age of two. From then on, he constantly chased that feeling. He excelled in sports and literature, and even performed on literary stages, but by that time he was already heavily drinking two to three times a week. He became a scholarship student at the Sk\u00e1la department store, where he also drank every day.<br><br>Around the age of 28, he married, but his wife tolerated his alcoholism for only five years before sending him back to his parents. At that point, Gyula was at a very low point.<br><br>He already knew about Alcoholics Anonymous and sought refuge there, where he became sober. He also adopted another life goal: to do something good for his environment every day. He continued his life with these two purposes.<br><br>For more than ten years, he tried working as an employee. During this time, Fed\u00e9l N\u00e9lk\u00fcl (a street newspaper) began. Through distribution, he very quickly reached schools to hold awareness-raising sessions.<br><br>In 2009, he participated in the founding of the First-Hand Homelessness program. He was also a founding member of the The City is for Everyone homeless advocacy group, managing both the awareness-raising and activist programs for a long time. He participated in the establishment of the Street Lawyer Association, serving as co-chair. Meanwhile, he visited more and more schools and companies, working to dispel prejudices and misconceptions about homelessness.<br><br>Within the From Street to Home Association, he also helped clients as a peer mentor, supporting their transition out of homelessness.<br><br>Unfortunately, Gyula passed away in November 2025 at the age of 66.\n<\/div><img decoding=\"async\" class=\"bde-image2-748-103 bde-image2\" src=\"https:\/\/zade.hu\/wp-content\/uploads\/2025\/11\/kanape_nyomtatni.avif\" loading=\"lazy\" srcset=\"https:\/\/zade.hu\/wp-content\/uploads\/2025\/11\/kanape_nyomtatni.avif 1675w, https:\/\/zade.hu\/wp-content\/uploads\/2025\/11\/kanape_nyomtatni-300x200.avif 300w, https:\/\/zade.hu\/wp-content\/uploads\/2025\/11\/kanape_nyomtatni-1024x683.avif 1024w, https:\/\/zade.hu\/wp-content\/uploads\/2025\/11\/kanape_nyomtatni-768x513.avif 768w, https:\/\/zade.hu\/wp-content\/uploads\/2025\/11\/kanape_nyomtatni-1536x1025.avif 1536w\" sizes=\"(max-width: 1675px) 100vw, 1675px\"><div class=\"bde-text-748-104 bde-text\">\nGyula\u2019s story was shared with us by the Menhely Alap\u00edtv\u00e1ny. If you are interested in what they do, read more here:\n<\/div><div class=\"bde-button-748-105 bde-button\">\n    \n                        \n                        \n    \n    \n    \n    \n            \n                    \n            \n            \n\n    \n    \n    \n    \n    \n    <a class=\"breakdance-link button-atom button-atom--custom bde-button__button\" href=\"https:\/\/zade.hu\/en\/menhely-foundation\/\" target=\"_self\" data-type=\"url\"  >\n\n    \n        <span class=\"button-atom__text\">Menhely Alap\u00edtv\u00e1ny<\/span>\n\n        \n        \n                <\/a>\n\n    \n\n\n<\/div><div class=\"bde-columns-748-106 bde-columns\"><div class=\"bde-column-748-107 bde-column\">\n  \n  \n\t\n\n\n\n<div class=\"bde-button-748-108 bde-button\">\n    \n                        \n                        \n    \n    \n    \n    \n            \n                    \n            \n            \n\n    \n    \n    \n    \n    \n    <a class=\"breakdance-link button-atom button-atom--custom bde-button__button\" href=\"https:\/\/www.instagram.com\/menhelyalapitvany\/?__pwa=1\" target=\"_self\" data-type=\"url\"  >\n\n    \n        <span class=\"button-atom__text\">Instagram<\/span>\n\n        \n        \n                <\/a>\n\n    \n\n\n<\/div>\n<\/div><div class=\"bde-column-748-109 bde-column\">\n  \n  \n\t\n\n\n\n<div class=\"bde-button-748-110 bde-button\">\n    \n                        \n                        \n    \n    \n    \n    \n            \n                    \n            \n            \n\n    \n    \n    \n    \n    \n    <a class=\"breakdance-link button-atom button-atom--custom bde-button__button\" href=\"https:\/\/www.facebook.com\/menhely.1990\" target=\"_self\" data-type=\"url\"  >\n\n    \n        <span class=\"button-atom__text\">Facebook<\/span>\n\n        \n        \n                <\/a>\n\n    \n\n\n<\/div>\n<\/div><\/div><\/div>\n<\/section>","protected":false},"excerpt":{"rendered":"<p>Gyula&#8217;s story Gyula was born in Budapest into a poor working-class family. He began consuming alcohol with some regularity at the age of four, alongside learning to write, read, and do arithmetic.At the age of seven, he went blind due to encephalitis, caused by a viral influenza and his poor nervous condition; his father had [&hellip;]<\/p>\n","protected":false},"author":6,"featured_media":0,"parent":0,"menu_order":0,"comment_status":"closed","ping_status":"closed","template":"","meta":{"_acf_changed":false,"_breakdance_hide_in_design_set":false,"_breakdance_tags":"","footnotes":""},"class_list":["post-748","page","type-page","status-publish","hentry"],"acf":[],"yoast_head":"<!-- This site is optimized with the Yoast SEO Premium plugin v27.3 (Yoast SEO v27.3) - https:\/\/yoast.com\/product\/yoast-seo-premium-wordpress\/ -->\n<title>Gyula&#039;s story - zade.hu<\/title>\n<meta name=\"robots\" content=\"index, follow, max-snippet:-1, max-image-preview:large, max-video-preview:-1\" \/>\n<link rel=\"canonical\" href=\"https:\/\/zade.hu\/en\/gyulas-story\/\" \/>\n<meta property=\"og:locale\" content=\"en_US\" \/>\n<meta property=\"og:type\" content=\"article\" \/>\n<meta property=\"og:title\" content=\"Gyula&#039;s story\" \/>\n<meta property=\"og:description\" content=\"Gyula&#039;s story Gyula was born in Budapest into a poor working-class family. He began consuming alcohol with some regularity at the age of four, alongside learning to write, read, and do arithmetic.At the age of seven, he went blind due to encephalitis, caused by a viral influenza and his poor nervous condition; his father had [&hellip;]\" \/>\n<meta property=\"og:url\" content=\"https:\/\/zade.hu\/en\/gyulas-story\/\" \/>\n<meta property=\"og:site_name\" content=\"zade.hu\" \/>\n<meta property=\"article:modified_time\" content=\"2026-01-28T10:00:44+00:00\" \/>\n<meta name=\"twitter:card\" content=\"summary_large_image\" \/>\n<meta name=\"twitter:label1\" content=\"Est. reading time\" \/>\n\t<meta name=\"twitter:data1\" content=\"3 minutes\" \/>\n<script type=\"application\/ld+json\" class=\"yoast-schema-graph\">{\"@context\":\"https:\\\/\\\/schema.org\",\"@graph\":[{\"@type\":\"WebPage\",\"@id\":\"https:\\\/\\\/zade.hu\\\/en\\\/gyulas-story\\\/\",\"url\":\"https:\\\/\\\/zade.hu\\\/en\\\/gyulas-story\\\/\",\"name\":\"Gyula's story - zade.hu\",\"isPartOf\":{\"@id\":\"https:\\\/\\\/zade.hu\\\/en\\\/#website\"},\"datePublished\":\"2025-11-05T15:36:41+00:00\",\"dateModified\":\"2026-01-28T10:00:44+00:00\",\"breadcrumb\":{\"@id\":\"https:\\\/\\\/zade.hu\\\/en\\\/gyulas-story\\\/#breadcrumb\"},\"inLanguage\":\"en-US\",\"potentialAction\":[{\"@type\":\"ReadAction\",\"target\":[\"https:\\\/\\\/zade.hu\\\/en\\\/gyulas-story\\\/\"]}]},{\"@type\":\"BreadcrumbList\",\"@id\":\"https:\\\/\\\/zade.hu\\\/en\\\/gyulas-story\\\/#breadcrumb\",\"itemListElement\":[{\"@type\":\"ListItem\",\"position\":1,\"name\":\"Home\",\"item\":\"https:\\\/\\\/zade.hu\\\/en\\\/\"},{\"@type\":\"ListItem\",\"position\":2,\"name\":\"Gyula&#8217;s story\"}]},{\"@type\":\"WebSite\",\"@id\":\"https:\\\/\\\/zade.hu\\\/en\\\/#website\",\"url\":\"https:\\\/\\\/zade.hu\\\/en\\\/\",\"name\":\"zade.hu\",\"description\":\"\",\"potentialAction\":[{\"@type\":\"SearchAction\",\"target\":{\"@type\":\"EntryPoint\",\"urlTemplate\":\"https:\\\/\\\/zade.hu\\\/en\\\/?s={search_term_string}\"},\"query-input\":{\"@type\":\"PropertyValueSpecification\",\"valueRequired\":true,\"valueName\":\"search_term_string\"}}],\"inLanguage\":\"en-US\"}]}<\/script>\n<!-- \/ Yoast SEO Premium plugin. -->","yoast_head_json":{"title":"Gyula's story - zade.hu","robots":{"index":"index","follow":"follow","max-snippet":"max-snippet:-1","max-image-preview":"max-image-preview:large","max-video-preview":"max-video-preview:-1"},"canonical":"https:\/\/zade.hu\/en\/gyulas-story\/","og_locale":"en_US","og_type":"article","og_title":"Gyula's story","og_description":"Gyula's story Gyula was born in Budapest into a poor working-class family. He began consuming alcohol with some regularity at the age of four, alongside learning to write, read, and do arithmetic.At the age of seven, he went blind due to encephalitis, caused by a viral influenza and his poor nervous condition; his father had [&hellip;]","og_url":"https:\/\/zade.hu\/en\/gyulas-story\/","og_site_name":"zade.hu","article_modified_time":"2026-01-28T10:00:44+00:00","twitter_card":"summary_large_image","twitter_misc":{"Est. reading time":"3 minutes"},"schema":{"@context":"https:\/\/schema.org","@graph":[{"@type":"WebPage","@id":"https:\/\/zade.hu\/en\/gyulas-story\/","url":"https:\/\/zade.hu\/en\/gyulas-story\/","name":"Gyula's story - zade.hu","isPartOf":{"@id":"https:\/\/zade.hu\/en\/#website"},"datePublished":"2025-11-05T15:36:41+00:00","dateModified":"2026-01-28T10:00:44+00:00","breadcrumb":{"@id":"https:\/\/zade.hu\/en\/gyulas-story\/#breadcrumb"},"inLanguage":"en-US","potentialAction":[{"@type":"ReadAction","target":["https:\/\/zade.hu\/en\/gyulas-story\/"]}]},{"@type":"BreadcrumbList","@id":"https:\/\/zade.hu\/en\/gyulas-story\/#breadcrumb","itemListElement":[{"@type":"ListItem","position":1,"name":"Home","item":"https:\/\/zade.hu\/en\/"},{"@type":"ListItem","position":2,"name":"Gyula&#8217;s story"}]},{"@type":"WebSite","@id":"https:\/\/zade.hu\/en\/#website","url":"https:\/\/zade.hu\/en\/","name":"zade.hu","description":"","potentialAction":[{"@type":"SearchAction","target":{"@type":"EntryPoint","urlTemplate":"https:\/\/zade.hu\/en\/?s={search_term_string}"},"query-input":{"@type":"PropertyValueSpecification","valueRequired":true,"valueName":"search_term_string"}}],"inLanguage":"en-US"}]}},"_links":{"self":[{"href":"https:\/\/zade.hu\/en\/wp-json\/wp\/v2\/pages\/748","targetHints":{"allow":["GET"]}}],"collection":[{"href":"https:\/\/zade.hu\/en\/wp-json\/wp\/v2\/pages"}],"about":[{"href":"https:\/\/zade.hu\/en\/wp-json\/wp\/v2\/types\/page"}],"author":[{"embeddable":true,"href":"https:\/\/zade.hu\/en\/wp-json\/wp\/v2\/users\/6"}],"replies":[{"embeddable":true,"href":"https:\/\/zade.hu\/en\/wp-json\/wp\/v2\/comments?post=748"}],"version-history":[{"count":4,"href":"https:\/\/zade.hu\/en\/wp-json\/wp\/v2\/pages\/748\/revisions"}],"predecessor-version":[{"id":904,"href":"https:\/\/zade.hu\/en\/wp-json\/wp\/v2\/pages\/748\/revisions\/904"}],"wp:attachment":[{"href":"https:\/\/zade.hu\/en\/wp-json\/wp\/v2\/media?parent=748"}],"curies":[{"name":"wp","href":"https:\/\/api.w.org\/{rel}","templated":true}]}}