{"id":754,"date":"2025-11-05T15:36:59","date_gmt":"2025-11-05T15:36:59","guid":{"rendered":"https:\/\/zade.hu\/?page_id=754"},"modified":"2026-01-28T10:01:53","modified_gmt":"2026-01-28T10:01:53","slug":"arpis-story","status":"publish","type":"page","link":"https:\/\/zade.hu\/en\/arpis-story\/","title":{"rendered":"\u00c1rpi&#8217;s story"},"content":{"rendered":"<section class=\"bde-section-754-100 bde-section\">\n  \n  \n\t\n\n\n\n<div class=\"section-container\"><h1 class=\"bde-heading-754-101 bde-heading\">\n\u00c1rpi's story\n<\/h1><div class=\"bde-text-754-102 bde-text\">\n\u00c1rpi was only in fourth grade when he was placed in a children\u2019s home. He was a small boy with huge blue eyes and a sweet little face. Everyone else there was much older than him, as younger children were usually placed with foster parents and did not end up in the home among the older ones.<br><br>\u00c1rpi was an exception, because his mischief made it unimaginable for anyone to take him in. At the local primary school he often got into trouble, and soon he had to be withdrawn from there. He continued his studies as a private student.<br><br>\u00c1rpi was like a hedgehog\u2014you couldn\u2019t get close to him. When you reached out your hand toward him, he immediately raised his own to his head, as if defending himself from some invisible attacker. You couldn\u2019t hug him either; he was terrified of touch and trusted no one.<br><br>While he was at home, his father severely abused \u00c1rpi. Once he beat him so badly that it became a police case, and the man was sent to prison for years. The little boy was taken away from his family and that was how he ended up in the children\u2019s home. Because of these circumstances, \u00c1rpi withdrew into himself, and even the caregivers were unable to find a way to reach him.<br><br>Horses had already been present at the home for years. Their presence calmed many of the children, and several of them rode as well. For those who fell in love with this activity, it could help a great deal, because everything was always clear and straightforward at the stable. This environment teaches discipline and respect. A horse will only obey you if you ask with gentle signals and kindness. It is a powerful animal, yet if you earn its trust, cooperation becomes easy.<br><br>For a while, \u00c1rpi kept his distance from the stables, but one day he finally asked to be allowed in. From then on, he was one of the boys who was always there whenever the horses needed to be fed or the stalls cleaned.<br><br>\u00c1rpi had a favorite horse, and he did not allow anyone else near it. Only he was allowed to brush its mane and clean its hooves. For the first time since arriving at the home, he allowed someone to get close to him.<br><br>Years passed like this, until one day, as he was running toward the stable during the morning feeding, he ran up to the caregiver he worked with and gave them a quick hug. It was a special moment. \u00c1rpi had finally learned to trust others again.<br><br>Today, this boy has a wife and a child. We know that it was a horse and quiet, gentle care that opened his heart once more.<br>\n<\/div><img decoding=\"async\" class=\"bde-image2-754-103 bde-image2\" src=\"https:\/\/zade.hu\/wp-content\/uploads\/2025\/11\/motoroskisgyerek_nyomtatni.avif\" loading=\"lazy\" srcset=\"https:\/\/zade.hu\/wp-content\/uploads\/2025\/11\/motoroskisgyerek_nyomtatni.avif 1657w, https:\/\/zade.hu\/wp-content\/uploads\/2025\/11\/motoroskisgyerek_nyomtatni-300x202.avif 300w, https:\/\/zade.hu\/wp-content\/uploads\/2025\/11\/motoroskisgyerek_nyomtatni-1024x690.avif 1024w, https:\/\/zade.hu\/wp-content\/uploads\/2025\/11\/motoroskisgyerek_nyomtatni-768x517.avif 768w, https:\/\/zade.hu\/wp-content\/uploads\/2025\/11\/motoroskisgyerek_nyomtatni-1536x1035.avif 1536w\" sizes=\"(max-width: 1657px) 100vw, 1657px\"><div class=\"bde-text-754-104 bde-text\">\n\u00c1rpi\u2019s story was shared with us by the T\u0171zcsihol\u00f3 Egyes\u00fclet. If you are interested in what they do, read more here:\n<\/div><div class=\"bde-button-754-105 bde-button\">\n    \n                        \n                        \n    \n    \n    \n    \n            \n                    \n            \n            \n\n    \n    \n    \n    \n    \n    <a class=\"breakdance-link button-atom button-atom--custom bde-button__button\" href=\"https:\/\/zade.hu\/en\/tuzcsiholo-association\/\" target=\"_self\" data-type=\"url\"  >\n\n    \n        <span class=\"button-atom__text\">T\u0171zcsihol\u00f3 Egyes\u00fclet<\/span>\n\n        \n        \n                <\/a>\n\n    \n\n\n<\/div><div class=\"bde-columns-754-106 bde-columns\"><div class=\"bde-column-754-107 bde-column\">\n  \n  \n\t\n\n\n\n<div class=\"bde-button-754-108 bde-button\">\n    \n                        \n                        \n    \n    \n    \n    \n            \n                    \n            \n            \n\n    \n    \n    \n    \n    \n    <a class=\"breakdance-link button-atom button-atom--custom bde-button__button\" href=\"https:\/\/www.instagram.com\/tuzcsiholoegyesulet\/\" target=\"_self\" data-type=\"url\"  >\n\n    \n        <span class=\"button-atom__text\">Instagram<\/span>\n\n        \n        \n                <\/a>\n\n    \n\n\n<\/div>\n<\/div><div class=\"bde-column-754-109 bde-column\">\n  \n  \n\t\n\n\n\n<div class=\"bde-button-754-110 bde-button\">\n    \n                        \n                        \n    \n    \n    \n    \n            \n                    \n            \n            \n\n    \n    \n    \n    \n    \n    <a class=\"breakdance-link button-atom button-atom--custom bde-button__button\" href=\"https:\/\/facebook.com\/tuzcsiholoegyesulet\" target=\"_self\" data-type=\"url\"  >\n\n    \n        <span class=\"button-atom__text\">Facebook<\/span>\n\n        \n        \n                <\/a>\n\n    \n\n\n<\/div>\n<\/div><\/div><\/div>\n<\/section>","protected":false},"excerpt":{"rendered":"<p>\u00c1rpi&#8217;s story \u00c1rpi was only in fourth grade when he was placed in a children\u2019s home. He was a small boy with huge blue eyes and a sweet little face. Everyone else there was much older than him, as younger children were usually placed with foster parents and did not end up in the home [&hellip;]<\/p>\n","protected":false},"author":6,"featured_media":0,"parent":0,"menu_order":0,"comment_status":"closed","ping_status":"closed","template":"","meta":{"_acf_changed":false,"_breakdance_hide_in_design_set":false,"_breakdance_tags":"","footnotes":""},"class_list":["post-754","page","type-page","status-publish","hentry"],"acf":[],"yoast_head":"<!-- This site is optimized with the Yoast SEO Premium plugin v27.3 (Yoast SEO v27.3) - https:\/\/yoast.com\/product\/yoast-seo-premium-wordpress\/ -->\n<title>\u00c1rpi&#039;s story - zade.hu<\/title>\n<meta name=\"robots\" content=\"index, follow, max-snippet:-1, max-image-preview:large, max-video-preview:-1\" \/>\n<link rel=\"canonical\" href=\"https:\/\/zade.hu\/en\/arpis-story\/\" \/>\n<meta property=\"og:locale\" content=\"en_US\" \/>\n<meta property=\"og:type\" content=\"article\" \/>\n<meta property=\"og:title\" content=\"\u00c1rpi&#039;s story\" \/>\n<meta property=\"og:description\" content=\"\u00c1rpi&#039;s story \u00c1rpi was only in fourth grade when he was placed in a children\u2019s home. He was a small boy with huge blue eyes and a sweet little face. Everyone else there was much older than him, as younger children were usually placed with foster parents and did not end up in the home [&hellip;]\" \/>\n<meta property=\"og:url\" content=\"https:\/\/zade.hu\/en\/arpis-story\/\" \/>\n<meta property=\"og:site_name\" content=\"zade.hu\" \/>\n<meta property=\"article:modified_time\" content=\"2026-01-28T10:01:53+00:00\" \/>\n<meta name=\"twitter:card\" content=\"summary_large_image\" \/>\n<meta name=\"twitter:label1\" content=\"Est. reading time\" \/>\n\t<meta name=\"twitter:data1\" content=\"3 minutes\" \/>\n<script type=\"application\/ld+json\" class=\"yoast-schema-graph\">{\"@context\":\"https:\\\/\\\/schema.org\",\"@graph\":[{\"@type\":\"WebPage\",\"@id\":\"https:\\\/\\\/zade.hu\\\/en\\\/arpis-story\\\/\",\"url\":\"https:\\\/\\\/zade.hu\\\/en\\\/arpis-story\\\/\",\"name\":\"\u00c1rpi's story - zade.hu\",\"isPartOf\":{\"@id\":\"https:\\\/\\\/zade.hu\\\/en\\\/#website\"},\"datePublished\":\"2025-11-05T15:36:59+00:00\",\"dateModified\":\"2026-01-28T10:01:53+00:00\",\"breadcrumb\":{\"@id\":\"https:\\\/\\\/zade.hu\\\/en\\\/arpis-story\\\/#breadcrumb\"},\"inLanguage\":\"en-US\",\"potentialAction\":[{\"@type\":\"ReadAction\",\"target\":[\"https:\\\/\\\/zade.hu\\\/en\\\/arpis-story\\\/\"]}]},{\"@type\":\"BreadcrumbList\",\"@id\":\"https:\\\/\\\/zade.hu\\\/en\\\/arpis-story\\\/#breadcrumb\",\"itemListElement\":[{\"@type\":\"ListItem\",\"position\":1,\"name\":\"Home\",\"item\":\"https:\\\/\\\/zade.hu\\\/en\\\/\"},{\"@type\":\"ListItem\",\"position\":2,\"name\":\"\u00c1rpi&#8217;s story\"}]},{\"@type\":\"WebSite\",\"@id\":\"https:\\\/\\\/zade.hu\\\/en\\\/#website\",\"url\":\"https:\\\/\\\/zade.hu\\\/en\\\/\",\"name\":\"zade.hu\",\"description\":\"\",\"potentialAction\":[{\"@type\":\"SearchAction\",\"target\":{\"@type\":\"EntryPoint\",\"urlTemplate\":\"https:\\\/\\\/zade.hu\\\/en\\\/?s={search_term_string}\"},\"query-input\":{\"@type\":\"PropertyValueSpecification\",\"valueRequired\":true,\"valueName\":\"search_term_string\"}}],\"inLanguage\":\"en-US\"}]}<\/script>\n<!-- \/ Yoast SEO Premium plugin. -->","yoast_head_json":{"title":"\u00c1rpi's story - zade.hu","robots":{"index":"index","follow":"follow","max-snippet":"max-snippet:-1","max-image-preview":"max-image-preview:large","max-video-preview":"max-video-preview:-1"},"canonical":"https:\/\/zade.hu\/en\/arpis-story\/","og_locale":"en_US","og_type":"article","og_title":"\u00c1rpi's story","og_description":"\u00c1rpi's story \u00c1rpi was only in fourth grade when he was placed in a children\u2019s home. He was a small boy with huge blue eyes and a sweet little face. Everyone else there was much older than him, as younger children were usually placed with foster parents and did not end up in the home [&hellip;]","og_url":"https:\/\/zade.hu\/en\/arpis-story\/","og_site_name":"zade.hu","article_modified_time":"2026-01-28T10:01:53+00:00","twitter_card":"summary_large_image","twitter_misc":{"Est. reading time":"3 minutes"},"schema":{"@context":"https:\/\/schema.org","@graph":[{"@type":"WebPage","@id":"https:\/\/zade.hu\/en\/arpis-story\/","url":"https:\/\/zade.hu\/en\/arpis-story\/","name":"\u00c1rpi's story - zade.hu","isPartOf":{"@id":"https:\/\/zade.hu\/en\/#website"},"datePublished":"2025-11-05T15:36:59+00:00","dateModified":"2026-01-28T10:01:53+00:00","breadcrumb":{"@id":"https:\/\/zade.hu\/en\/arpis-story\/#breadcrumb"},"inLanguage":"en-US","potentialAction":[{"@type":"ReadAction","target":["https:\/\/zade.hu\/en\/arpis-story\/"]}]},{"@type":"BreadcrumbList","@id":"https:\/\/zade.hu\/en\/arpis-story\/#breadcrumb","itemListElement":[{"@type":"ListItem","position":1,"name":"Home","item":"https:\/\/zade.hu\/en\/"},{"@type":"ListItem","position":2,"name":"\u00c1rpi&#8217;s story"}]},{"@type":"WebSite","@id":"https:\/\/zade.hu\/en\/#website","url":"https:\/\/zade.hu\/en\/","name":"zade.hu","description":"","potentialAction":[{"@type":"SearchAction","target":{"@type":"EntryPoint","urlTemplate":"https:\/\/zade.hu\/en\/?s={search_term_string}"},"query-input":{"@type":"PropertyValueSpecification","valueRequired":true,"valueName":"search_term_string"}}],"inLanguage":"en-US"}]}},"_links":{"self":[{"href":"https:\/\/zade.hu\/en\/wp-json\/wp\/v2\/pages\/754","targetHints":{"allow":["GET"]}}],"collection":[{"href":"https:\/\/zade.hu\/en\/wp-json\/wp\/v2\/pages"}],"about":[{"href":"https:\/\/zade.hu\/en\/wp-json\/wp\/v2\/types\/page"}],"author":[{"embeddable":true,"href":"https:\/\/zade.hu\/en\/wp-json\/wp\/v2\/users\/6"}],"replies":[{"embeddable":true,"href":"https:\/\/zade.hu\/en\/wp-json\/wp\/v2\/comments?post=754"}],"version-history":[{"count":4,"href":"https:\/\/zade.hu\/en\/wp-json\/wp\/v2\/pages\/754\/revisions"}],"predecessor-version":[{"id":905,"href":"https:\/\/zade.hu\/en\/wp-json\/wp\/v2\/pages\/754\/revisions\/905"}],"wp:attachment":[{"href":"https:\/\/zade.hu\/en\/wp-json\/wp\/v2\/media?parent=754"}],"curies":[{"name":"wp","href":"https:\/\/api.w.org\/{rel}","templated":true}]}}