{"id":760,"date":"2025-11-25T19:41:39","date_gmt":"2025-11-25T19:41:39","guid":{"rendered":"https:\/\/zade.hu\/?page_id=760"},"modified":"2026-01-24T15:19:54","modified_gmt":"2026-01-24T15:19:54","slug":"who-are-we","status":"publish","type":"page","link":"https:\/\/zade.hu\/en\/who-are-we\/","title":{"rendered":"Who are we?"},"content":{"rendered":"<section class=\"bde-section-760-100 bde-section\">\n  \n  \n\t\n\n\n\n<div class=\"section-container\"><h1 class=\"bde-heading-760-101 bde-heading\">\nWe are Z\u00e1d\u00e9,\n<\/h1><div class=\"bde-text-760-102 bde-text\">\na company founded by students attending the 10th grade of the Alternat\u00edv K\u00f6zgazdas\u00e1gi Gimn\u00e1zium. All 11 members of our team work enthusiastically for our shared cause.<br><br>Our goal is to open people\u2019s eyes, motivate them to pay attention to one another, and help them look sensitively at the social inequalities that appear all around the world.<br><br>However, this is a difficult topic for almost everyone, whether they are affected by this kind of discrimination or not. Despite this, it is essential not to treat as a taboo a phenomenon that is widespread and present everywhere. Every story matters, but even more important is that these stories can be told.<br><br>At Z\u00e1d\u00e9, we make this possible. However, we do not do it alone. We collaborate with various foundations and organizations that work with social inequalities. We owe the stories you can read on our website to them.<br><br>Our products also help us promote our mission. Our creations, which accompany the stories, are printed on various canvas and paper-based items, such as T-shirts and postcards. You can find and purchase them at our different fairs, the exact locations and dates of which can be found on our website.<br>\n<\/div><div class=\"bde-text-760-103 bde-text\">\nOur name comes from Scheherazade, a character from One Thousand and One Nights. We, too, would like to share 1,001 stories with you.<br>\n<\/div><div class=\"bde-columns-760-104 bde-columns\"><div class=\"bde-column-760-105 bde-column\">\n  \n  \n\t\n\n\n\n<img decoding=\"async\" class=\"bde-image2-760-106 bde-image2\" src=\"https:\/\/zade.hu\/wp-content\/uploads\/2025\/11\/K.MISKA_ZADE_-3-scaled.avif\" loading=\"lazy\" srcset=\"https:\/\/zade.hu\/wp-content\/uploads\/2025\/11\/K.MISKA_ZADE_-3-scaled.avif 2560w, https:\/\/zade.hu\/wp-content\/uploads\/2025\/11\/K.MISKA_ZADE_-3-300x200.avif 300w, https:\/\/zade.hu\/wp-content\/uploads\/2025\/11\/K.MISKA_ZADE_-3-1024x683.avif 1024w, https:\/\/zade.hu\/wp-content\/uploads\/2025\/11\/K.MISKA_ZADE_-3-768x512.avif 768w, https:\/\/zade.hu\/wp-content\/uploads\/2025\/11\/K.MISKA_ZADE_-3-1536x1024.avif 1536w, https:\/\/zade.hu\/wp-content\/uploads\/2025\/11\/K.MISKA_ZADE_-3-2048x1365.avif 2048w\" sizes=\"(max-width: 2560px) 100vw, 2560px\">\n<\/div><\/div><div class=\"bde-columns-760-107 bde-columns\"><div class=\"bde-column-760-108 bde-column\">\n  \n  \n\t\n\n\n\n<div class=\"bde-button-760-109 bde-button\">\n    \n                        \n                        \n    \n    \n    \n    \n            \n                    \n            \n            \n\n    \n    \n    \n    \n    \n    <a class=\"breakdance-link button-atom button-atom--custom bde-button__button\" href=\"https:\/\/www.instagram.com\/zade_akg\/?__pwa=1\" target=\"_self\" data-type=\"url\"  >\n\n    \n        <span class=\"button-atom__text\">Instagram<\/span>\n\n        \n        \n                <\/a>\n\n    \n\n\n<\/div>\n<\/div><div class=\"bde-column-760-110 bde-column\">\n  \n  \n\t\n\n\n\n<div class=\"bde-button-760-111 bde-button\">\n    \n                        \n                        \n    \n    \n    \n    \n            \n                    \n            \n            \n\n    \n    \n    \n    \n    \n    <a class=\"breakdance-link button-atom button-atom--custom bde-button__button\" href=\"https:\/\/www.facebook.com\/profile.php?id=61581900735124\" target=\"_self\" data-type=\"url\"  >\n\n    \n        <span class=\"button-atom__text\">Facebook<\/span>\n\n        \n        \n                <\/a>\n\n    \n\n\n<\/div>\n<\/div><\/div><\/div>\n<\/section>","protected":false},"excerpt":{"rendered":"<p>We are Z\u00e1d\u00e9, a company founded by students attending the 10th grade of the Alternat\u00edv K\u00f6zgazdas\u00e1gi Gimn\u00e1zium. All 11 members of our team work enthusiastically for our shared cause.Our goal is to open people\u2019s eyes, motivate them to pay attention to one another, and help them look sensitively at the social inequalities that appear all [&hellip;]<\/p>\n","protected":false},"author":6,"featured_media":0,"parent":0,"menu_order":0,"comment_status":"closed","ping_status":"closed","template":"","meta":{"_acf_changed":false,"_breakdance_hide_in_design_set":false,"_breakdance_tags":"","footnotes":""},"class_list":["post-760","page","type-page","status-publish","hentry"],"acf":[],"yoast_head":"<!-- This site is optimized with the Yoast SEO Premium plugin v27.3 (Yoast SEO v27.3) - https:\/\/yoast.com\/product\/yoast-seo-premium-wordpress\/ -->\n<title>Who are we? - zade.hu<\/title>\n<meta name=\"robots\" content=\"index, follow, max-snippet:-1, max-image-preview:large, max-video-preview:-1\" \/>\n<link rel=\"canonical\" href=\"https:\/\/zade.hu\/en\/who-are-we\/\" \/>\n<meta property=\"og:locale\" content=\"en_US\" \/>\n<meta property=\"og:type\" content=\"article\" \/>\n<meta property=\"og:title\" content=\"Who are we?\" \/>\n<meta property=\"og:description\" content=\"We are Z\u00e1d\u00e9, a company founded by students attending the 10th grade of the Alternat\u00edv K\u00f6zgazdas\u00e1gi Gimn\u00e1zium. All 11 members of our team work enthusiastically for our shared cause.Our goal is to open people\u2019s eyes, motivate them to pay attention to one another, and help them look sensitively at the social inequalities that appear all [&hellip;]\" \/>\n<meta property=\"og:url\" content=\"https:\/\/zade.hu\/en\/who-are-we\/\" \/>\n<meta property=\"og:site_name\" content=\"zade.hu\" \/>\n<meta property=\"article:modified_time\" content=\"2026-01-24T15:19:54+00:00\" \/>\n<meta name=\"twitter:card\" content=\"summary_large_image\" \/>\n<script type=\"application\/ld+json\" class=\"yoast-schema-graph\">{\"@context\":\"https:\\\/\\\/schema.org\",\"@graph\":[{\"@type\":\"WebPage\",\"@id\":\"https:\\\/\\\/zade.hu\\\/en\\\/who-are-we\\\/\",\"url\":\"https:\\\/\\\/zade.hu\\\/en\\\/who-are-we\\\/\",\"name\":\"Who are we? - zade.hu\",\"isPartOf\":{\"@id\":\"https:\\\/\\\/zade.hu\\\/en\\\/#website\"},\"datePublished\":\"2025-11-25T19:41:39+00:00\",\"dateModified\":\"2026-01-24T15:19:54+00:00\",\"breadcrumb\":{\"@id\":\"https:\\\/\\\/zade.hu\\\/en\\\/who-are-we\\\/#breadcrumb\"},\"inLanguage\":\"en-US\",\"potentialAction\":[{\"@type\":\"ReadAction\",\"target\":[\"https:\\\/\\\/zade.hu\\\/en\\\/who-are-we\\\/\"]}]},{\"@type\":\"BreadcrumbList\",\"@id\":\"https:\\\/\\\/zade.hu\\\/en\\\/who-are-we\\\/#breadcrumb\",\"itemListElement\":[{\"@type\":\"ListItem\",\"position\":1,\"name\":\"Home\",\"item\":\"https:\\\/\\\/zade.hu\\\/en\\\/\"},{\"@type\":\"ListItem\",\"position\":2,\"name\":\"Who are we?\"}]},{\"@type\":\"WebSite\",\"@id\":\"https:\\\/\\\/zade.hu\\\/en\\\/#website\",\"url\":\"https:\\\/\\\/zade.hu\\\/en\\\/\",\"name\":\"zade.hu\",\"description\":\"\",\"potentialAction\":[{\"@type\":\"SearchAction\",\"target\":{\"@type\":\"EntryPoint\",\"urlTemplate\":\"https:\\\/\\\/zade.hu\\\/en\\\/?s={search_term_string}\"},\"query-input\":{\"@type\":\"PropertyValueSpecification\",\"valueRequired\":true,\"valueName\":\"search_term_string\"}}],\"inLanguage\":\"en-US\"}]}<\/script>\n<!-- \/ Yoast SEO Premium plugin. -->","yoast_head_json":{"title":"Who are we? - zade.hu","robots":{"index":"index","follow":"follow","max-snippet":"max-snippet:-1","max-image-preview":"max-image-preview:large","max-video-preview":"max-video-preview:-1"},"canonical":"https:\/\/zade.hu\/en\/who-are-we\/","og_locale":"en_US","og_type":"article","og_title":"Who are we?","og_description":"We are Z\u00e1d\u00e9, a company founded by students attending the 10th grade of the Alternat\u00edv K\u00f6zgazdas\u00e1gi Gimn\u00e1zium. All 11 members of our team work enthusiastically for our shared cause.Our goal is to open people\u2019s eyes, motivate them to pay attention to one another, and help them look sensitively at the social inequalities that appear all [&hellip;]","og_url":"https:\/\/zade.hu\/en\/who-are-we\/","og_site_name":"zade.hu","article_modified_time":"2026-01-24T15:19:54+00:00","twitter_card":"summary_large_image","schema":{"@context":"https:\/\/schema.org","@graph":[{"@type":"WebPage","@id":"https:\/\/zade.hu\/en\/who-are-we\/","url":"https:\/\/zade.hu\/en\/who-are-we\/","name":"Who are we? - zade.hu","isPartOf":{"@id":"https:\/\/zade.hu\/en\/#website"},"datePublished":"2025-11-25T19:41:39+00:00","dateModified":"2026-01-24T15:19:54+00:00","breadcrumb":{"@id":"https:\/\/zade.hu\/en\/who-are-we\/#breadcrumb"},"inLanguage":"en-US","potentialAction":[{"@type":"ReadAction","target":["https:\/\/zade.hu\/en\/who-are-we\/"]}]},{"@type":"BreadcrumbList","@id":"https:\/\/zade.hu\/en\/who-are-we\/#breadcrumb","itemListElement":[{"@type":"ListItem","position":1,"name":"Home","item":"https:\/\/zade.hu\/en\/"},{"@type":"ListItem","position":2,"name":"Who are we?"}]},{"@type":"WebSite","@id":"https:\/\/zade.hu\/en\/#website","url":"https:\/\/zade.hu\/en\/","name":"zade.hu","description":"","potentialAction":[{"@type":"SearchAction","target":{"@type":"EntryPoint","urlTemplate":"https:\/\/zade.hu\/en\/?s={search_term_string}"},"query-input":{"@type":"PropertyValueSpecification","valueRequired":true,"valueName":"search_term_string"}}],"inLanguage":"en-US"}]}},"_links":{"self":[{"href":"https:\/\/zade.hu\/en\/wp-json\/wp\/v2\/pages\/760","targetHints":{"allow":["GET"]}}],"collection":[{"href":"https:\/\/zade.hu\/en\/wp-json\/wp\/v2\/pages"}],"about":[{"href":"https:\/\/zade.hu\/en\/wp-json\/wp\/v2\/types\/page"}],"author":[{"embeddable":true,"href":"https:\/\/zade.hu\/en\/wp-json\/wp\/v2\/users\/6"}],"replies":[{"embeddable":true,"href":"https:\/\/zade.hu\/en\/wp-json\/wp\/v2\/comments?post=760"}],"version-history":[{"count":3,"href":"https:\/\/zade.hu\/en\/wp-json\/wp\/v2\/pages\/760\/revisions"}],"predecessor-version":[{"id":765,"href":"https:\/\/zade.hu\/en\/wp-json\/wp\/v2\/pages\/760\/revisions\/765"}],"wp:attachment":[{"href":"https:\/\/zade.hu\/en\/wp-json\/wp\/v2\/media?parent=760"}],"curies":[{"name":"wp","href":"https:\/\/api.w.org\/{rel}","templated":true}]}}