{"id":766,"date":"2025-10-26T07:42:37","date_gmt":"2025-10-26T07:42:37","guid":{"rendered":"https:\/\/zade.hu\/?page_id=766"},"modified":"2026-01-24T18:02:32","modified_gmt":"2026-01-24T18:02:32","slug":"home-page","status":"publish","type":"page","link":"https:\/\/zade.hu\/en\/home-page\/","title":{"rendered":"Home page"},"content":{"rendered":"<p>Every day, we all encounter social inequalities, yet they often go unnoticed. We believe that every story matters. That\u2019s why we collaborate with several civil organizations to express these stories through art and share them with you through our products. <\/p>\n<h1>Our Products<\/h1>\n<p> <img decoding=\"async\" src=\"https:\/\/zade.hu\/wp-content\/uploads\/2025\/10\/IMG_6169-scaled.avif\" alt=\"\"><\/p>\n<p> <img decoding=\"async\" src=\"https:\/\/zade.hu\/wp-content\/uploads\/2025\/10\/IMG_6240-scaled.avif\" alt=\"\"><\/p>\n<p> <img decoding=\"async\" src=\"https:\/\/zade.hu\/wp-content\/uploads\/2025\/10\/IMG_6107-scaled.avif\" alt=\"\"><\/p>\n<p> <img decoding=\"async\" src=\"https:\/\/zade.hu\/wp-content\/uploads\/2025\/12\/IMG_6248-scaled.avif\" alt=\"\"><\/p>\n<p> <img decoding=\"async\" src=\"https:\/\/zade.hu\/wp-content\/uploads\/2025\/10\/plakatok.avif\" alt=\"\"><\/p>\n<p> <img decoding=\"async\" src=\"https:\/\/zade.hu\/wp-content\/uploads\/2025\/11\/zade-kepeslap-2-scaled-e1764759515710.avif\" alt=\"\"><\/p>\n<p> <a href=\"https:\/\/zade.hu\/vaszon-termekeink\/\"> Our Canvas Products <\/a> <\/p>\n<p> <a href=\"https:\/\/zade.hu\/papir-termekeink\/\"> Our Paper Products <\/a> <\/p>\n<p>Foundations  <\/p>\n<p>==============<\/p>\n<p> <img decoding=\"async\" src=\"https:\/\/zade.hu\/wp-content\/uploads\/2025\/11\/vilagszep_alapitvany.png-2-150x150.avif\" alt=\"\"><\/p>\n<p>Vil\u00e1gsz\u00e9p Alap\u00edtv\u00e1ny<\/p>\n<p>\u00c1llami gondoskod\u00e1sban \u00e9l\u0151 gyerekeknek adunk \u00e9rzelmi biztons\u00e1got, fejl\u0151d\u00e9si lehet\u0151s\u00e9get \u00e9s val\u00f3di es\u00e9lyt az \u00f6n\u00e1ll\u00f3, boldog \u00e9letre.<\/p>\n<p> <a href=\"https:\/\/zade.hu\/zade-vilagszep\/\"> Tudj meg t\u00f6bbet! <\/a> <\/p>\n<p> <img decoding=\"async\" src=\"https:\/\/zade.hu\/wp-content\/uploads\/2025\/11\/menhely-150x150.avif\" alt=\"\"><\/p>\n<p>Menhely Alap\u00edtv\u00e1ny<\/p>\n<p>Minden \u00e9jszaka sz\u00e1m\u00edt. K\u00f6zel 5000 neh\u00e9z helyzetben \u00e9l\u0151, otthonvesztett embert t\u00e1mogattunk az elm\u00falt \u00e9vben t\u00e1mogat\u00f3ink seg\u00edts\u00e9g\u00e9vel.<\/p>\n<p> <a href=\"https:\/\/zade.hu\/zade-menhely\/\"> Tudj meg t\u00f6bbet! <\/a> <\/p>\n<p> <img decoding=\"async\" src=\"https:\/\/zade.hu\/wp-content\/uploads\/2025\/11\/Kepernyokep-2025-11-24-215539-150x150.avif\" alt=\"\"><\/p>\n<p>T\u0171zcsihol\u00f3 Egyes\u00fclet<\/p>\n<p>C\u00e9lunk, hogy azoknak a gyerekeknek, akiknek a sz\u00fclei valaha \u00e1llami gondoskod\u00e1sban \u00e9ltek, ne kelljen gyermekotthonban feln\u0151ni\u00fck.<\/p>\n<p> <a href=\"https:\/\/zade.hu\/alapitvany-3\/\"> Tudj meg t\u00f6bbet! <\/a> <\/p>\n<h1>T\u00f6rt\u00e9netek<\/h1>\n<h1>\u00c1gi t\u00f6rt\u00e9nete<\/h1>\n<p>\u00c1gi 12 \u00e9vesen ker\u00fclt \u00e1llami gondoz\u00e1sba. El\u0151tte egy kicsi faluban \u00e9lt a sz\u00fcleivel \u00e9s \u00f6ccs\u00e9vel egy omladoz\u00f3 fal\u00fa, apr\u00f3 h\u00e1zban. Az anyuk\u00e1juk gyakran volt beteg, ilyenkor az apjuk gondoskodott a gyerekekr\u0151l&#8230; <\/p>\n<p> <a href=\"https:\/\/zade.hu\/0111-2\/\"> Olvass tov\u00e1bb! <\/a> <\/p>\n<p><img decoding=\"async\" src=\"https:\/\/zade.hu\/wp-content\/uploads\/2025\/11\/aluljarokisgyerek.avif\" alt=\"\"><\/p>\n<h1>Gyula t\u00f6rt\u00e9nete<\/h1>\n<p>Gyula Budapesten sz\u00fcletett, egy szeg\u00e9ny munk\u00e1scsal\u00e1dban. N\u00e9gy\u00e9ves kor\u00e1ban kezdett el bizonyos rendszeress\u00e9ggel alkoholt fogyasztani, emellett \u00edrni, olvasni \u00e9s sz\u00e1molni&#8230; <\/p>\n<p> <a href=\"https:\/\/zade.hu\/0112-2\/\"> Olvass tov\u00e1bb! <\/a> <\/p>\n<p><img decoding=\"async\" src=\"https:\/\/zade.hu\/wp-content\/uploads\/2025\/11\/kanape_nyomtatni.avif\" alt=\"\"><\/p>\n<h1>\u00c1rpi t\u00f6rt\u00e9nete<\/h1>\n<p>\u00c1rpi m\u00e9g csak negyedikes volt, amikor beker\u00fclt a gyermekotthonba. Apr\u00f3 kisfi\u00fa volt, \u00f3ri\u00e1si k\u00e9k szemekkel, kedves kis arccal. Mindenki sokkal id\u0151sebb volt n\u00e1la. \u00c1ltal\u00e1ban a kicsiket nevel\u0151sz\u00fcl\u0151kre b\u00edzt\u00e1k, \u00edgy nem ker\u00fcltek a nagyok k\u00f6z\u00e9&#8230; <\/p>\n<p> <a href=\"https:\/\/zade.hu\/0113-2\/\"> Olvass tov\u00e1bb! <\/a> <\/p>\n<p><img decoding=\"async\" src=\"https:\/\/zade.hu\/wp-content\/uploads\/2025\/11\/motoroskisgyerek_nyomtatni-1.avif\" alt=\"\"><\/p>\n<p>Hol tal\u00e1lkozhattok vel\u00fcnk? <\/p>\n<p><a href=\"https:\/\/www.secretmarket.hu\/\"> Secret Market a Sz\u00e9ch\u00e9nyi F\u00fcrd\u0151ben <\/a><\/p>\n<p><a href=\"#\"> Kiscelli Akg K\u00e9zm\u0171ves Kar\u00e1csonyi V\u00e1s\u00e1r <\/a><\/p>\n<p><a href=\"https:\/\/l.facebook.com\/l.php?u=https%3A%2F%2Fwww.akg.hu%2Fadventi2025%2F%3Ffbclid%3DIwZXh0bgNhZW0CMTAAYnJpZBExQTJjWGNSTEVEZkVITXo0eHNydGMGYXBwX2lkEDIyMjAzOTE3ODgyMDA4OTIAAR6Jdt_zWJ8ECEyZ-2Sc_0uADtVF-CmRITk7Telgjhp25jgpNcfS_FyHc1ZZoQ_aem_bWlMAg-H9gvCravb6pG_8Q&amp;h=AT1vw5xl6tqS2T5f0AF60HDG4qymCZgCjtRvB5P0rgYpnB9HKqkwsSHiau03GawPZL8GCHTd56Pq0L20iye5woUqVwYob424TVZVbOZjTWg31pq91oD1VcgwiSXIngD9eAsJ3ma2n05QlfHUsqMLhw\"> Alternat\u00edv K\u00f6zgazdas\u00e1gi Gimn\u00e1zium Kar\u00e1csonyi V\u00e1s\u00e1r <\/a><\/p>\n","protected":false},"excerpt":{"rendered":"<p>Every day, we all encounter social inequalities, yet they often go unnoticed. We believe that every story matters. That\u2019s why we collaborate with several civil organizations to express these stories through art and share them with you through our products. Our Products Our Canvas Products Our Paper Products Foundations ============== Vil\u00e1gsz\u00e9p Alap\u00edtv\u00e1ny \u00c1llami gondoskod\u00e1sban \u00e9l\u0151 [&hellip;]<\/p>\n","protected":false},"author":6,"featured_media":0,"parent":0,"menu_order":0,"comment_status":"closed","ping_status":"closed","template":"","meta":{"_acf_changed":false,"_breakdance_hide_in_design_set":false,"_breakdance_tags":"","footnotes":""},"class_list":["post-766","page","type-page","status-publish","hentry"],"acf":[],"yoast_head":"<!-- This site is optimized with the Yoast SEO Premium plugin v27.4 (Yoast SEO v27.4) - https:\/\/yoast.com\/product\/yoast-seo-premium-wordpress\/ -->\n<title>Home page - zade.hu<\/title>\n<meta name=\"robots\" content=\"index, follow, max-snippet:-1, max-image-preview:large, max-video-preview:-1\" \/>\n<link rel=\"canonical\" href=\"https:\/\/zade.hu\/en\/home-page\/\" \/>\n<meta property=\"og:locale\" content=\"en_US\" \/>\n<meta property=\"og:type\" content=\"article\" \/>\n<meta property=\"og:title\" content=\"Home page\" \/>\n<meta property=\"og:description\" content=\"Every day, we all encounter social inequalities, yet they often go unnoticed. We believe that every story matters. That\u2019s why we collaborate with several civil organizations to express these stories through art and share them with you through our products. Our Products Our Canvas Products Our Paper Products Foundations ============== Vil\u00e1gsz\u00e9p Alap\u00edtv\u00e1ny \u00c1llami gondoskod\u00e1sban \u00e9l\u0151 [&hellip;]\" \/>\n<meta property=\"og:url\" content=\"https:\/\/zade.hu\/en\/home-page\/\" \/>\n<meta property=\"og:site_name\" content=\"zade.hu\" \/>\n<meta property=\"article:modified_time\" content=\"2026-01-24T18:02:32+00:00\" \/>\n<meta property=\"og:image\" content=\"https:\/\/zade.hu\/wp-content\/uploads\/2025\/10\/IMG_6169-scaled.avif\" \/>\n<meta name=\"twitter:card\" content=\"summary_large_image\" \/>\n<meta name=\"twitter:label1\" content=\"Est. reading time\" \/>\n\t<meta name=\"twitter:data1\" content=\"4 minutes\" \/>\n<script type=\"application\/ld+json\" class=\"yoast-schema-graph\">{\"@context\":\"https:\\\/\\\/schema.org\",\"@graph\":[{\"@type\":\"WebPage\",\"@id\":\"https:\\\/\\\/zade.hu\\\/en\\\/home-page\\\/\",\"url\":\"https:\\\/\\\/zade.hu\\\/en\\\/home-page\\\/\",\"name\":\"Home page - zade.hu\",\"isPartOf\":{\"@id\":\"https:\\\/\\\/zade.hu\\\/en\\\/#website\"},\"primaryImageOfPage\":{\"@id\":\"https:\\\/\\\/zade.hu\\\/en\\\/home-page\\\/#primaryimage\"},\"image\":{\"@id\":\"https:\\\/\\\/zade.hu\\\/en\\\/home-page\\\/#primaryimage\"},\"thumbnailUrl\":\"https:\\\/\\\/zade.hu\\\/wp-content\\\/uploads\\\/2025\\\/10\\\/IMG_6169-scaled.avif\",\"datePublished\":\"2025-10-26T07:42:37+00:00\",\"dateModified\":\"2026-01-24T18:02:32+00:00\",\"breadcrumb\":{\"@id\":\"https:\\\/\\\/zade.hu\\\/en\\\/home-page\\\/#breadcrumb\"},\"inLanguage\":\"en-US\",\"potentialAction\":[{\"@type\":\"ReadAction\",\"target\":[\"https:\\\/\\\/zade.hu\\\/en\\\/home-page\\\/\"]}]},{\"@type\":\"ImageObject\",\"inLanguage\":\"en-US\",\"@id\":\"https:\\\/\\\/zade.hu\\\/en\\\/home-page\\\/#primaryimage\",\"url\":\"https:\\\/\\\/zade.hu\\\/wp-content\\\/uploads\\\/2025\\\/10\\\/IMG_6169-scaled.avif\",\"contentUrl\":\"https:\\\/\\\/zade.hu\\\/wp-content\\\/uploads\\\/2025\\\/10\\\/IMG_6169-scaled.avif\"},{\"@type\":\"BreadcrumbList\",\"@id\":\"https:\\\/\\\/zade.hu\\\/en\\\/home-page\\\/#breadcrumb\",\"itemListElement\":[{\"@type\":\"ListItem\",\"position\":1,\"name\":\"Home\",\"item\":\"https:\\\/\\\/zade.hu\\\/en\\\/\"},{\"@type\":\"ListItem\",\"position\":2,\"name\":\"Home page\"}]},{\"@type\":\"WebSite\",\"@id\":\"https:\\\/\\\/zade.hu\\\/en\\\/#website\",\"url\":\"https:\\\/\\\/zade.hu\\\/en\\\/\",\"name\":\"zade.hu\",\"description\":\"\",\"potentialAction\":[{\"@type\":\"SearchAction\",\"target\":{\"@type\":\"EntryPoint\",\"urlTemplate\":\"https:\\\/\\\/zade.hu\\\/en\\\/?s={search_term_string}\"},\"query-input\":{\"@type\":\"PropertyValueSpecification\",\"valueRequired\":true,\"valueName\":\"search_term_string\"}}],\"inLanguage\":\"en-US\"}]}<\/script>\n<!-- \/ Yoast SEO Premium plugin. -->","yoast_head_json":{"title":"Home page - zade.hu","robots":{"index":"index","follow":"follow","max-snippet":"max-snippet:-1","max-image-preview":"max-image-preview:large","max-video-preview":"max-video-preview:-1"},"canonical":"https:\/\/zade.hu\/en\/home-page\/","og_locale":"en_US","og_type":"article","og_title":"Home page","og_description":"Every day, we all encounter social inequalities, yet they often go unnoticed. We believe that every story matters. That\u2019s why we collaborate with several civil organizations to express these stories through art and share them with you through our products. Our Products Our Canvas Products Our Paper Products Foundations ============== Vil\u00e1gsz\u00e9p Alap\u00edtv\u00e1ny \u00c1llami gondoskod\u00e1sban \u00e9l\u0151 [&hellip;]","og_url":"https:\/\/zade.hu\/en\/home-page\/","og_site_name":"zade.hu","article_modified_time":"2026-01-24T18:02:32+00:00","og_image":[{"url":"https:\/\/zade.hu\/wp-content\/uploads\/2025\/10\/IMG_6169-scaled.avif","type":"","width":"","height":""}],"twitter_card":"summary_large_image","twitter_misc":{"Est. reading time":"4 minutes"},"schema":{"@context":"https:\/\/schema.org","@graph":[{"@type":"WebPage","@id":"https:\/\/zade.hu\/en\/home-page\/","url":"https:\/\/zade.hu\/en\/home-page\/","name":"Home page - zade.hu","isPartOf":{"@id":"https:\/\/zade.hu\/en\/#website"},"primaryImageOfPage":{"@id":"https:\/\/zade.hu\/en\/home-page\/#primaryimage"},"image":{"@id":"https:\/\/zade.hu\/en\/home-page\/#primaryimage"},"thumbnailUrl":"https:\/\/zade.hu\/wp-content\/uploads\/2025\/10\/IMG_6169-scaled.avif","datePublished":"2025-10-26T07:42:37+00:00","dateModified":"2026-01-24T18:02:32+00:00","breadcrumb":{"@id":"https:\/\/zade.hu\/en\/home-page\/#breadcrumb"},"inLanguage":"en-US","potentialAction":[{"@type":"ReadAction","target":["https:\/\/zade.hu\/en\/home-page\/"]}]},{"@type":"ImageObject","inLanguage":"en-US","@id":"https:\/\/zade.hu\/en\/home-page\/#primaryimage","url":"https:\/\/zade.hu\/wp-content\/uploads\/2025\/10\/IMG_6169-scaled.avif","contentUrl":"https:\/\/zade.hu\/wp-content\/uploads\/2025\/10\/IMG_6169-scaled.avif"},{"@type":"BreadcrumbList","@id":"https:\/\/zade.hu\/en\/home-page\/#breadcrumb","itemListElement":[{"@type":"ListItem","position":1,"name":"Home","item":"https:\/\/zade.hu\/en\/"},{"@type":"ListItem","position":2,"name":"Home page"}]},{"@type":"WebSite","@id":"https:\/\/zade.hu\/en\/#website","url":"https:\/\/zade.hu\/en\/","name":"zade.hu","description":"","potentialAction":[{"@type":"SearchAction","target":{"@type":"EntryPoint","urlTemplate":"https:\/\/zade.hu\/en\/?s={search_term_string}"},"query-input":{"@type":"PropertyValueSpecification","valueRequired":true,"valueName":"search_term_string"}}],"inLanguage":"en-US"}]}},"_links":{"self":[{"href":"https:\/\/zade.hu\/en\/wp-json\/wp\/v2\/pages\/766","targetHints":{"allow":["GET"]}}],"collection":[{"href":"https:\/\/zade.hu\/en\/wp-json\/wp\/v2\/pages"}],"about":[{"href":"https:\/\/zade.hu\/en\/wp-json\/wp\/v2\/types\/page"}],"author":[{"embeddable":true,"href":"https:\/\/zade.hu\/en\/wp-json\/wp\/v2\/users\/6"}],"replies":[{"embeddable":true,"href":"https:\/\/zade.hu\/en\/wp-json\/wp\/v2\/comments?post=766"}],"version-history":[{"count":5,"href":"https:\/\/zade.hu\/en\/wp-json\/wp\/v2\/pages\/766\/revisions"}],"predecessor-version":[{"id":799,"href":"https:\/\/zade.hu\/en\/wp-json\/wp\/v2\/pages\/766\/revisions\/799"}],"wp:attachment":[{"href":"https:\/\/zade.hu\/en\/wp-json\/wp\/v2\/media?parent=766"}],"curies":[{"name":"wp","href":"https:\/\/api.w.org\/{rel}","templated":true}]}}