{"id":808,"date":"2026-01-26T18:20:10","date_gmt":"2026-01-26T18:20:10","guid":{"rendered":"https:\/\/zade.hu\/?page_id=808"},"modified":"2026-01-26T19:12:09","modified_gmt":"2026-01-26T19:12:09","slug":"home-page-2","status":"publish","type":"page","link":"https:\/\/zade.hu\/en\/home-page-2\/","title":{"rendered":"Home page-2"},"content":{"rendered":"<section class=\"bde-section-808-100 bde-section\">\n  \n  \n\t\n\n\n\n<div class=\"section-container\"><div class=\"bde-text-808-101 bde-text\">\nEvery day, we all encounter social inequalities, yet they often go unnoticed. We believe that every story matters. That\u2019s why we collaborate with several civil organizations to express these stories through art and share them with you through our products.<br>\n<\/div><\/div>\n<\/section><section class=\"bde-section-808-102 bde-section\">\n  \n  \n\t\n\n\n\n<div class=\"section-container\"><h1 class=\"bde-heading-808-103 bde-heading\" data-entrance=\"slideRight\" data-parallax=\"false\">\nTerm\u00e9keink\n<\/h1><div class=\"bde-columns-808-104 bde-columns\"><div class=\"bde-column-808-105 bde-column\">\n  \n  \n\t\n\n\n\n<img decoding=\"async\" class=\"bde-image2-808-106 bde-image2\" src=\"https:\/\/zade.hu\/wp-content\/uploads\/2025\/10\/IMG_6169-scaled.avif\" loading=\"lazy\" srcset=\"https:\/\/zade.hu\/wp-content\/uploads\/2025\/10\/IMG_6169-scaled.avif 2560w, https:\/\/zade.hu\/wp-content\/uploads\/2025\/10\/IMG_6169-300x200.avif 300w, https:\/\/zade.hu\/wp-content\/uploads\/2025\/10\/IMG_6169-1024x683.avif 1024w, https:\/\/zade.hu\/wp-content\/uploads\/2025\/10\/IMG_6169-768x512.avif 768w, https:\/\/zade.hu\/wp-content\/uploads\/2025\/10\/IMG_6169-1536x1024.avif 1536w, https:\/\/zade.hu\/wp-content\/uploads\/2025\/10\/IMG_6169-2048x1365.avif 2048w\" sizes=\"(max-width: 2560px) 100vw, 2560px\">\n<\/div><div class=\"bde-column-808-107 bde-column\">\n  \n  \n\t\n\n\n\n<img decoding=\"async\" class=\"bde-image2-808-108 bde-image2\" src=\"https:\/\/zade.hu\/wp-content\/uploads\/2025\/10\/IMG_6240-scaled.avif\" loading=\"lazy\" srcset=\"https:\/\/zade.hu\/wp-content\/uploads\/2025\/10\/IMG_6240-scaled.avif 2560w, https:\/\/zade.hu\/wp-content\/uploads\/2025\/10\/IMG_6240-300x200.avif 300w, https:\/\/zade.hu\/wp-content\/uploads\/2025\/10\/IMG_6240-1024x683.avif 1024w, https:\/\/zade.hu\/wp-content\/uploads\/2025\/10\/IMG_6240-768x512.avif 768w, https:\/\/zade.hu\/wp-content\/uploads\/2025\/10\/IMG_6240-1536x1024.avif 1536w, https:\/\/zade.hu\/wp-content\/uploads\/2025\/10\/IMG_6240-2048x1365.avif 2048w\" sizes=\"(max-width: 2560px) 100vw, 2560px\">\n<\/div><div class=\"bde-column-808-109 bde-column\">\n  \n  \n\t\n\n\n\n<img decoding=\"async\" class=\"bde-image2-808-110 bde-image2\" src=\"https:\/\/zade.hu\/wp-content\/uploads\/2025\/10\/IMG_6107-scaled.avif\" loading=\"lazy\" srcset=\"https:\/\/zade.hu\/wp-content\/uploads\/2025\/10\/IMG_6107-scaled.avif 2560w, https:\/\/zade.hu\/wp-content\/uploads\/2025\/10\/IMG_6107-300x200.avif 300w, https:\/\/zade.hu\/wp-content\/uploads\/2025\/10\/IMG_6107-1024x683.avif 1024w, https:\/\/zade.hu\/wp-content\/uploads\/2025\/10\/IMG_6107-768x512.avif 768w, https:\/\/zade.hu\/wp-content\/uploads\/2025\/10\/IMG_6107-1536x1024.avif 1536w, https:\/\/zade.hu\/wp-content\/uploads\/2025\/10\/IMG_6107-2048x1365.avif 2048w\" sizes=\"(max-width: 2560px) 100vw, 2560px\">\n<\/div><\/div><div class=\"bde-columns-808-111 bde-columns\"><div class=\"bde-column-808-112 bde-column\">\n  \n  \n\t\n\n\n\n<img decoding=\"async\" class=\"bde-image2-808-113 bde-image2\" src=\"https:\/\/zade.hu\/wp-content\/uploads\/2025\/12\/IMG_6248-scaled.avif\" loading=\"lazy\" srcset=\"https:\/\/zade.hu\/wp-content\/uploads\/2025\/12\/IMG_6248-scaled.avif 2560w, https:\/\/zade.hu\/wp-content\/uploads\/2025\/12\/IMG_6248-300x200.avif 300w, https:\/\/zade.hu\/wp-content\/uploads\/2025\/12\/IMG_6248-1024x683.avif 1024w, https:\/\/zade.hu\/wp-content\/uploads\/2025\/12\/IMG_6248-768x512.avif 768w, https:\/\/zade.hu\/wp-content\/uploads\/2025\/12\/IMG_6248-1536x1024.avif 1536w, https:\/\/zade.hu\/wp-content\/uploads\/2025\/12\/IMG_6248-2048x1365.avif 2048w\" sizes=\"(max-width: 2560px) 100vw, 2560px\">\n<\/div><div class=\"bde-column-808-114 bde-column\">\n  \n  \n\t\n\n\n\n<img decoding=\"async\" class=\"bde-image2-808-115 bde-image2\" src=\"https:\/\/zade.hu\/wp-content\/uploads\/2025\/10\/plakatok.avif\" loading=\"lazy\" srcset=\"https:\/\/zade.hu\/wp-content\/uploads\/2025\/10\/plakatok.avif 2560w, https:\/\/zade.hu\/wp-content\/uploads\/2025\/10\/plakatok-300x200.avif 300w, https:\/\/zade.hu\/wp-content\/uploads\/2025\/10\/plakatok-1024x683.avif 1024w, https:\/\/zade.hu\/wp-content\/uploads\/2025\/10\/plakatok-768x512.avif 768w, https:\/\/zade.hu\/wp-content\/uploads\/2025\/10\/plakatok-1536x1024.avif 1536w, https:\/\/zade.hu\/wp-content\/uploads\/2025\/10\/plakatok-2048x1366.avif 2048w\" sizes=\"(max-width: 2560px) 100vw, 2560px\">\n<\/div><div class=\"bde-column-808-116 bde-column\">\n  \n  \n\t\n\n\n\n<img decoding=\"async\" class=\"bde-image2-808-117 bde-image2\" src=\"https:\/\/zade.hu\/wp-content\/uploads\/2025\/11\/zade-kepeslap-2-scaled-e1764759515710.avif\" loading=\"lazy\" sizes=\"(max-width: 2360px) 100vw, 2360px\">\n<\/div><\/div><div class=\"bde-columns-808-118 bde-columns\"><div class=\"bde-column-808-119 bde-column\">\n  \n  \n\t\n\n\n\n<div class=\"bde-button-808-120 bde-button\">\n        \n    \n    \n    \n    \n            \n                    \n            \n            \n\n    \n    \n    \n    \n    \n    <a class=\"breakdance-link button-atom button-atom--custom bde-button__button\" href=\"https:\/\/zade.hu\/vaszon-termekeink\/\" target=\"_self\" data-type=\"url\"  >\n\n    \n        <span class=\"button-atom__text\">V\u00e1szon term\u00e9keink<\/span>\n\n        \n        \n                <\/a>\n\n    \n\n\n<\/div>\n<\/div><div class=\"bde-column-808-121 bde-column\">\n  \n  \n\t\n\n\n\n<div class=\"bde-button-808-122 bde-button\">\n        \n    \n    \n    \n    \n            \n                    \n            \n            \n\n    \n    \n    \n    \n    \n    <a class=\"breakdance-link button-atom button-atom--custom bde-button__button\" href=\"https:\/\/zade.hu\/papir-termekeink\/\" target=\"_self\" data-type=\"url\"  >\n\n    \n        <span class=\"button-atom__text\">Pap\u00edr term\u00e9keink<\/span>\n\n        \n        \n                <\/a>\n\n    \n\n\n<\/div>\n<\/div><\/div><h1 class=\"bde-heading-808-123 bde-heading\" data-entrance=\"slideRight\" data-parallax=\"false\">\nAlap\u00edtv\u00e1nyok\n<\/h1><div class=\"bde-columns-808-124 bde-columns\" data-entrance=\"zoomIn\"><div class=\"bde-column-808-125 bde-column\">\n  \n  \n\t\n\n\n\n<div class=\"bde-image-box-808-126 bde-image-box\" data-parallax=\"true\">\n<div class=\"ee-imagebox-image\">\n  <img loading=\"lazy\" decoding=\"async\" class=\"breakdance-image-object\" src=\"https:\/\/zade.hu\/wp-content\/uploads\/2025\/11\/vilagszep_alapitvany.png-2-150x150.avif\" width=\"150\" height=\"150\" sizes=\"auto, (max-width: 150px) 100vw, 150px\">\n<\/div>\n<div class=\"ee-imagebox-content\">\n      <p class=\"ee-imagebox-title bde-h3\" >Vil\u00e1gsz\u00e9p Alap\u00edtv\u00e1ny<\/p>\n    \n      <div class=\"ee-imagebox-text\" >\u00c1llami gondoskod\u00e1sban \u00e9l\u0151 gyerekeknek adunk \u00e9rzelmi biztons\u00e1got, fejl\u0151d\u00e9si lehet\u0151s\u00e9get \u00e9s val\u00f3di es\u00e9lyt az \u00f6n\u00e1ll\u00f3, boldog \u00e9letre.<\/div>\n    \n              \n    \n    \n    \n    \n            \n                    \n            \n            \n\n    \n    \n    \n    \n    \n    <a class=\"breakdance-link button-atom button-atom--custom ee-imagebox-button\" href=\"https:\/\/zade.hu\/zade-vilagszep\/\" target=\"_self\" data-type=\"url\"  >\n\n    \n        <span class=\"button-atom__text\">Tudj meg t\u00f6bbet!<\/span>\n\n        \n        \n                <\/a>\n\n    \n\n  <\/div>\n\n<\/div>\n<\/div><div class=\"bde-column-808-127 bde-column\">\n  \n  \n\t\n\n\n\n<div class=\"bde-image-box-808-128 bde-image-box\" data-parallax=\"true\">\n<div class=\"ee-imagebox-image\">\n  <img loading=\"lazy\" decoding=\"async\" class=\"breakdance-image-object\" src=\"https:\/\/zade.hu\/wp-content\/uploads\/2025\/11\/menhely-150x150.avif\" width=\"150\" height=\"150\" sizes=\"auto, (max-width: 150px) 100vw, 150px\">\n<\/div>\n<div class=\"ee-imagebox-content\">\n      <p class=\"ee-imagebox-title bde-h3\" >Menhely Alap\u00edtv\u00e1ny<\/p>\n    \n      <div class=\"ee-imagebox-text\" >Minden \u00e9jszaka sz\u00e1m\u00edt. K\u00f6zel 5000 neh\u00e9z helyzetben \u00e9l\u0151, otthonvesztett embert t\u00e1mogattunk az elm\u00falt \u00e9vben t\u00e1mogat\u00f3ink seg\u00edts\u00e9g\u00e9vel.<\/div>\n    \n              \n    \n    \n    \n    \n            \n                    \n            \n            \n\n    \n    \n    \n    \n    \n    <a class=\"breakdance-link button-atom button-atom--custom ee-imagebox-button\" href=\"https:\/\/zade.hu\/zade-menhely\/\" target=\"_self\" data-type=\"url\"  >\n\n    \n        <span class=\"button-atom__text\">Tudj meg t\u00f6bbet!<\/span>\n\n        \n        \n                <\/a>\n\n    \n\n  <\/div>\n\n<\/div>\n<\/div><div class=\"bde-column-808-129 bde-column\">\n  \n  \n\t\n\n\n\n<div class=\"bde-image-box-808-130 bde-image-box\" data-parallax=\"true\">\n<div class=\"ee-imagebox-image\">\n  <img loading=\"lazy\" decoding=\"async\" class=\"breakdance-image-object\" src=\"https:\/\/zade.hu\/wp-content\/uploads\/2025\/11\/Kepernyokep-2025-11-24-215539-150x150.avif\" width=\"150\" height=\"150\" sizes=\"auto, (max-width: 150px) 100vw, 150px\">\n<\/div>\n<div class=\"ee-imagebox-content\">\n      <p class=\"ee-imagebox-title bde-h3\" >T\u0171zcsihol\u00f3 Egyes\u00fclet<\/p>\n    \n      <div class=\"ee-imagebox-text\" >C\u00e9lunk, hogy azoknak a gyerekeknek, akiknek a sz\u00fclei valaha \u00e1llami gondoskod\u00e1sban \u00e9ltek, ne kelljen gyermekotthonban feln\u0151ni\u00fck.<\/div>\n    \n              \n    \n    \n    \n    \n            \n                    \n            \n            \n\n    \n    \n    \n    \n    \n    <a class=\"breakdance-link button-atom button-atom--custom ee-imagebox-button\" href=\"https:\/\/zade.hu\/alapitvany-3\/\" target=\"_self\" data-type=\"url\"  >\n\n    \n        <span class=\"button-atom__text\">Tudj meg t\u00f6bbet!<\/span>\n\n        \n        \n                <\/a>\n\n    \n\n  <\/div>\n\n<\/div>\n<\/div><\/div><h1 class=\"bde-heading-808-131 bde-heading\" data-entrance=\"slideRight\" data-parallax=\"false\">\nT\u00f6rt\u00e9netek\n<\/h1><div class=\"bde-columns-808-132 bde-columns\" data-entrance=\"zoomIn\"><div class=\"bde-column-808-133 bde-column\">\n  \n  \n\t\n\n\n\n<h1 class=\"bde-heading-808-134 bde-heading\">\n\u00c1gi t\u00f6rt\u00e9nete\n<\/h1><div class=\"bde-text-808-135 bde-text\">\n\u00c1gi 12 \u00e9vesen ker\u00fclt \u00e1llami gondoz\u00e1sba. El\u0151tte egy kicsi faluban \u00e9lt a sz\u00fcleivel \u00e9s \u00f6ccs\u00e9vel egy omladoz\u00f3 fal\u00fa, apr\u00f3 h\u00e1zban. Az anyuk\u00e1juk gyakran volt beteg, ilyenkor az apjuk gondoskodott a gyerekekr\u0151l...\n<\/div><div class=\"bde-button-808-136 bde-button\">\n        \n    \n    \n    \n    \n            \n                    \n            \n            \n\n    \n    \n    \n    \n    \n    <a class=\"breakdance-link button-atom button-atom--custom bde-button__button\" href=\"https:\/\/zade.hu\/0111-2\/\" target=\"_self\" data-type=\"url\"  >\n\n    \n        <span class=\"button-atom__text\">Olvass tov\u00e1bb!<\/span>\n\n        \n        \n                <\/a>\n\n    \n\n\n<\/div><img decoding=\"async\" class=\"bde-image2-808-137 bde-image2\" src=\"https:\/\/zade.hu\/wp-content\/uploads\/2025\/11\/aluljarokisgyerek.avif\" loading=\"lazy\">\n<\/div><div class=\"bde-column-808-138 bde-column\">\n  \n  \n\t\n\n\n\n<h1 class=\"bde-heading-808-139 bde-heading\">\nGyula t\u00f6rt\u00e9nete\n<\/h1><div class=\"bde-text-808-140 bde-text\">\nGyula Budapesten sz\u00fcletett, egy szeg\u00e9ny munk\u00e1scsal\u00e1dban. N\u00e9gy\u00e9ves kor\u00e1ban kezdett el bizonyos rendszeress\u00e9ggel alkoholt fogyasztani, emellett \u00edrni, olvasni \u00e9s sz\u00e1molni...\n<\/div><div class=\"bde-button-808-141 bde-button\">\n        \n    \n    \n    \n    \n            \n                    \n            \n            \n\n    \n    \n    \n    \n    \n    <a class=\"breakdance-link button-atom button-atom--custom bde-button__button\" href=\"https:\/\/zade.hu\/0112-2\/\" target=\"_self\" data-type=\"url\"  >\n\n    \n        <span class=\"button-atom__text\">Olvass tov\u00e1bb!<\/span>\n\n        \n        \n                <\/a>\n\n    \n\n\n<\/div><img decoding=\"async\" class=\"bde-image2-808-142 bde-image2\" src=\"https:\/\/zade.hu\/wp-content\/uploads\/2025\/11\/kanape_nyomtatni.avif\" loading=\"lazy\" srcset=\"https:\/\/zade.hu\/wp-content\/uploads\/2025\/11\/kanape_nyomtatni.avif 1675w, https:\/\/zade.hu\/wp-content\/uploads\/2025\/11\/kanape_nyomtatni-300x200.avif 300w, https:\/\/zade.hu\/wp-content\/uploads\/2025\/11\/kanape_nyomtatni-1024x683.avif 1024w, https:\/\/zade.hu\/wp-content\/uploads\/2025\/11\/kanape_nyomtatni-768x513.avif 768w, https:\/\/zade.hu\/wp-content\/uploads\/2025\/11\/kanape_nyomtatni-1536x1025.avif 1536w\" sizes=\"(max-width: 1675px) 100vw, 1675px\">\n<\/div><div class=\"bde-column-808-143 bde-column\">\n  \n  \n\t\n\n\n\n<h1 class=\"bde-heading-808-144 bde-heading\">\n\u00c1rpi t\u00f6rt\u00e9nete\n<\/h1><div class=\"bde-text-808-145 bde-text\">\n\u00c1rpi m\u00e9g csak negyedikes volt, amikor beker\u00fclt a gyermekotthonba. Apr\u00f3 kisfi\u00fa volt, \u00f3ri\u00e1si k\u00e9k szemekkel, kedves kis arccal. Mindenki sokkal id\u0151sebb volt n\u00e1la. \u00c1ltal\u00e1ban a kicsiket nevel\u0151sz\u00fcl\u0151kre b\u00edzt\u00e1k, \u00edgy nem ker\u00fcltek a nagyok k\u00f6z\u00e9...\n<\/div><div class=\"bde-button-808-146 bde-button\">\n        \n    \n    \n    \n    \n            \n                    \n            \n            \n\n    \n    \n    \n    \n    \n    <a class=\"breakdance-link button-atom button-atom--custom bde-button__button\" href=\"https:\/\/zade.hu\/0113-2\/\" target=\"_self\" data-type=\"url\"  >\n\n    \n        <span class=\"button-atom__text\">Olvass tov\u00e1bb!<\/span>\n\n        \n        \n                <\/a>\n\n    \n\n\n<\/div><img decoding=\"async\" class=\"bde-image2-808-147 bde-image2\" src=\"https:\/\/zade.hu\/wp-content\/uploads\/2025\/11\/motoroskisgyerek_nyomtatni-1.avif\" loading=\"lazy\" srcset=\"https:\/\/zade.hu\/wp-content\/uploads\/2025\/11\/motoroskisgyerek_nyomtatni-1.avif 1657w, https:\/\/zade.hu\/wp-content\/uploads\/2025\/11\/motoroskisgyerek_nyomtatni-1-300x202.avif 300w, https:\/\/zade.hu\/wp-content\/uploads\/2025\/11\/motoroskisgyerek_nyomtatni-1-1024x690.avif 1024w, https:\/\/zade.hu\/wp-content\/uploads\/2025\/11\/motoroskisgyerek_nyomtatni-1-768x517.avif 768w, https:\/\/zade.hu\/wp-content\/uploads\/2025\/11\/motoroskisgyerek_nyomtatni-1-1536x1035.avif 1536w\" sizes=\"(max-width: 1657px) 100vw, 1657px\">\n<\/div><\/div><div class=\"bde-text-808-148 bde-text\" data-entrance=\"slideRight\">\nHol tal\u00e1lkozhattok vel\u00fcnk?\n<\/div><div class=\"bde-columns-808-149 bde-columns\" data-entrance=\"slideUp\" data-parallax=\"false\"><div class=\"bde-column-808-150 bde-column\">\n  \n  \n\t\n\n\n\n<div class=\"bde-google-map-808-151 bde-google-map\">\r\n<iframe width=\"100%\" height=\"100%\" style=\"border:0\" loading=\"lazy\" title=\"Secret Market\" src=\"https:\/\/maps.google.com\/maps?q=Budapest%2C+%C3%81llatkerti+krt.+9-11%2C+1146&t=m&z=14&output=embed&iwloc=near\" allowfullscreen><\/iframe>\n<\/div><a class=\"bde-text-link-808-152 bde-text-link breakdance-link\" href=\"https:\/\/www.secretmarket.hu\/\" target=\"_self\" data-type=\"url\">\n  Secret Market  a Sz\u00e9ch\u00e9nyi F\u00fcrd\u0151ben\n\n<\/a>\n<\/div><div class=\"bde-column-808-153 bde-column\">\n  \n  \n\t\n\n\n\n<div class=\"bde-google-map-808-154 bde-google-map\">\r\n<iframe width=\"100%\" height=\"100%\" style=\"border:0\" loading=\"lazy\" title=\"K\u00f6zgazdas\u00e1gi Politechnikum\" src=\"https:\/\/maps.google.com\/maps?q=Budapest%2C+Kiscelli+utca+8&t=m&z=14&output=embed&iwloc=near\" allowfullscreen><\/iframe>\n<\/div><a class=\"bde-text-link-808-155 bde-text-link breakdance-link\" href=\"#\" target=\"_self\">\n  Kiscelli Akg K\u00e9zm\u0171ves Kar\u00e1csonyi V\u00e1s\u00e1r\n\n<\/a>\n<\/div><div class=\"bde-column-808-156 bde-column\">\n  \n  \n\t\n\n\n\n<div class=\"bde-google-map-808-157 bde-google-map\">\r\n<iframe width=\"100%\" height=\"100%\" style=\"border:0\" loading=\"lazy\" title=\"K\u00f6zgazdas\u00e1gi Politechnikum\" src=\"https:\/\/maps.google.com\/maps?q=Budapest%2C+Rakt%C3%A1r+utca+1&t=m&z=14&output=embed&iwloc=near\" allowfullscreen><\/iframe>\n<\/div><a class=\"bde-text-link-808-158 bde-text-link breakdance-link\" href=\"https:\/\/l.facebook.com\/l.php?u=https%3A%2F%2Fwww.akg.hu%2Fadventi2025%2F%3Ffbclid%3DIwZXh0bgNhZW0CMTAAYnJpZBExQTJjWGNSTEVEZkVITXo0eHNydGMGYXBwX2lkEDIyMjAzOTE3ODgyMDA4OTIAAR6Jdt_zWJ8ECEyZ-2Sc_0uADtVF-CmRITk7Telgjhp25jgpNcfS_FyHc1ZZoQ_aem_bWlMAg-H9gvCravb6pG_8Q&amp;h=AT1vw5xl6tqS2T5f0AF60HDG4qymCZgCjtRvB5P0rgYpnB9HKqkwsSHiau03GawPZL8GCHTd56Pq0L20iye5woUqVwYob424TVZVbOZjTWg31pq91oD1VcgwiSXIngD9eAsJ3ma2n05QlfHUsqMLhw\" target=\"_self\" data-type=\"url\">\n  Alternat\u00edv K\u00f6zgazdas\u00e1gi Gimn\u00e1zium Kar\u00e1csonyi V\u00e1s\u00e1r\n\n<\/a>\n<\/div><\/div><\/div>\n<\/section>","protected":false},"excerpt":{"rendered":"<p>Every day, we all encounter social inequalities, yet they often go unnoticed. We believe that every story matters. That\u2019s why we collaborate with several civil organizations to express these stories through art and share them with you through our products. Term\u00e9keink V\u00e1szon term\u00e9keink Pap\u00edr term\u00e9keink Alap\u00edtv\u00e1nyok Vil\u00e1gsz\u00e9p Alap\u00edtv\u00e1ny \u00c1llami gondoskod\u00e1sban \u00e9l\u0151 gyerekeknek adunk \u00e9rzelmi biztons\u00e1got, [&hellip;]<\/p>\n","protected":false},"author":6,"featured_media":0,"parent":0,"menu_order":0,"comment_status":"closed","ping_status":"closed","template":"","meta":{"_acf_changed":false,"_breakdance_hide_in_design_set":false,"_breakdance_tags":"","footnotes":""},"class_list":["post-808","page","type-page","status-publish","hentry"],"acf":[],"yoast_head":"<!-- This site is optimized with the Yoast SEO Premium plugin v27.4 (Yoast SEO v27.4) - https:\/\/yoast.com\/product\/yoast-seo-premium-wordpress\/ -->\n<title>Home page-2 - zade.hu<\/title>\n<meta name=\"robots\" content=\"index, follow, max-snippet:-1, max-image-preview:large, max-video-preview:-1\" \/>\n<link rel=\"canonical\" href=\"https:\/\/zade.hu\/en\/home-page-2\/\" \/>\n<meta property=\"og:locale\" content=\"en_US\" \/>\n<meta property=\"og:type\" content=\"article\" \/>\n<meta property=\"og:title\" content=\"Home page-2\" \/>\n<meta property=\"og:description\" content=\"Every day, we all encounter social inequalities, yet they often go unnoticed. We believe that every story matters. That\u2019s why we collaborate with several civil organizations to express these stories through art and share them with you through our products. Term\u00e9keink V\u00e1szon term\u00e9keink Pap\u00edr term\u00e9keink Alap\u00edtv\u00e1nyok Vil\u00e1gsz\u00e9p Alap\u00edtv\u00e1ny \u00c1llami gondoskod\u00e1sban \u00e9l\u0151 gyerekeknek adunk \u00e9rzelmi biztons\u00e1got, [&hellip;]\" \/>\n<meta property=\"og:url\" content=\"https:\/\/zade.hu\/en\/home-page-2\/\" \/>\n<meta property=\"og:site_name\" content=\"zade.hu\" \/>\n<meta property=\"article:modified_time\" content=\"2026-01-26T19:12:09+00:00\" \/>\n<meta name=\"twitter:card\" content=\"summary_large_image\" \/>\n<meta name=\"twitter:label1\" content=\"Est. reading time\" \/>\n\t<meta name=\"twitter:data1\" content=\"4 minutes\" \/>\n<script type=\"application\/ld+json\" class=\"yoast-schema-graph\">{\"@context\":\"https:\\\/\\\/schema.org\",\"@graph\":[{\"@type\":\"WebPage\",\"@id\":\"https:\\\/\\\/zade.hu\\\/en\\\/home-page-2\\\/\",\"url\":\"https:\\\/\\\/zade.hu\\\/en\\\/home-page-2\\\/\",\"name\":\"Home page-2 - zade.hu\",\"isPartOf\":{\"@id\":\"https:\\\/\\\/zade.hu\\\/en\\\/#website\"},\"datePublished\":\"2026-01-26T18:20:10+00:00\",\"dateModified\":\"2026-01-26T19:12:09+00:00\",\"breadcrumb\":{\"@id\":\"https:\\\/\\\/zade.hu\\\/en\\\/home-page-2\\\/#breadcrumb\"},\"inLanguage\":\"en-US\",\"potentialAction\":[{\"@type\":\"ReadAction\",\"target\":[\"https:\\\/\\\/zade.hu\\\/en\\\/home-page-2\\\/\"]}]},{\"@type\":\"BreadcrumbList\",\"@id\":\"https:\\\/\\\/zade.hu\\\/en\\\/home-page-2\\\/#breadcrumb\",\"itemListElement\":[{\"@type\":\"ListItem\",\"position\":1,\"name\":\"Home\",\"item\":\"https:\\\/\\\/zade.hu\\\/en\\\/\"},{\"@type\":\"ListItem\",\"position\":2,\"name\":\"Home page-2\"}]},{\"@type\":\"WebSite\",\"@id\":\"https:\\\/\\\/zade.hu\\\/en\\\/#website\",\"url\":\"https:\\\/\\\/zade.hu\\\/en\\\/\",\"name\":\"zade.hu\",\"description\":\"\",\"potentialAction\":[{\"@type\":\"SearchAction\",\"target\":{\"@type\":\"EntryPoint\",\"urlTemplate\":\"https:\\\/\\\/zade.hu\\\/en\\\/?s={search_term_string}\"},\"query-input\":{\"@type\":\"PropertyValueSpecification\",\"valueRequired\":true,\"valueName\":\"search_term_string\"}}],\"inLanguage\":\"en-US\"}]}<\/script>\n<!-- \/ Yoast SEO Premium plugin. -->","yoast_head_json":{"title":"Home page-2 - zade.hu","robots":{"index":"index","follow":"follow","max-snippet":"max-snippet:-1","max-image-preview":"max-image-preview:large","max-video-preview":"max-video-preview:-1"},"canonical":"https:\/\/zade.hu\/en\/home-page-2\/","og_locale":"en_US","og_type":"article","og_title":"Home page-2","og_description":"Every day, we all encounter social inequalities, yet they often go unnoticed. We believe that every story matters. That\u2019s why we collaborate with several civil organizations to express these stories through art and share them with you through our products. Term\u00e9keink V\u00e1szon term\u00e9keink Pap\u00edr term\u00e9keink Alap\u00edtv\u00e1nyok Vil\u00e1gsz\u00e9p Alap\u00edtv\u00e1ny \u00c1llami gondoskod\u00e1sban \u00e9l\u0151 gyerekeknek adunk \u00e9rzelmi biztons\u00e1got, [&hellip;]","og_url":"https:\/\/zade.hu\/en\/home-page-2\/","og_site_name":"zade.hu","article_modified_time":"2026-01-26T19:12:09+00:00","twitter_card":"summary_large_image","twitter_misc":{"Est. reading time":"4 minutes"},"schema":{"@context":"https:\/\/schema.org","@graph":[{"@type":"WebPage","@id":"https:\/\/zade.hu\/en\/home-page-2\/","url":"https:\/\/zade.hu\/en\/home-page-2\/","name":"Home page-2 - zade.hu","isPartOf":{"@id":"https:\/\/zade.hu\/en\/#website"},"datePublished":"2026-01-26T18:20:10+00:00","dateModified":"2026-01-26T19:12:09+00:00","breadcrumb":{"@id":"https:\/\/zade.hu\/en\/home-page-2\/#breadcrumb"},"inLanguage":"en-US","potentialAction":[{"@type":"ReadAction","target":["https:\/\/zade.hu\/en\/home-page-2\/"]}]},{"@type":"BreadcrumbList","@id":"https:\/\/zade.hu\/en\/home-page-2\/#breadcrumb","itemListElement":[{"@type":"ListItem","position":1,"name":"Home","item":"https:\/\/zade.hu\/en\/"},{"@type":"ListItem","position":2,"name":"Home page-2"}]},{"@type":"WebSite","@id":"https:\/\/zade.hu\/en\/#website","url":"https:\/\/zade.hu\/en\/","name":"zade.hu","description":"","potentialAction":[{"@type":"SearchAction","target":{"@type":"EntryPoint","urlTemplate":"https:\/\/zade.hu\/en\/?s={search_term_string}"},"query-input":{"@type":"PropertyValueSpecification","valueRequired":true,"valueName":"search_term_string"}}],"inLanguage":"en-US"}]}},"_links":{"self":[{"href":"https:\/\/zade.hu\/en\/wp-json\/wp\/v2\/pages\/808","targetHints":{"allow":["GET"]}}],"collection":[{"href":"https:\/\/zade.hu\/en\/wp-json\/wp\/v2\/pages"}],"about":[{"href":"https:\/\/zade.hu\/en\/wp-json\/wp\/v2\/types\/page"}],"author":[{"embeddable":true,"href":"https:\/\/zade.hu\/en\/wp-json\/wp\/v2\/users\/6"}],"replies":[{"embeddable":true,"href":"https:\/\/zade.hu\/en\/wp-json\/wp\/v2\/comments?post=808"}],"version-history":[{"count":4,"href":"https:\/\/zade.hu\/en\/wp-json\/wp\/v2\/pages\/808\/revisions"}],"predecessor-version":[{"id":819,"href":"https:\/\/zade.hu\/en\/wp-json\/wp\/v2\/pages\/808\/revisions\/819"}],"wp:attachment":[{"href":"https:\/\/zade.hu\/en\/wp-json\/wp\/v2\/media?parent=808"}],"curies":[{"name":"wp","href":"https:\/\/api.w.org\/{rel}","templated":true}]}}