{"id":814,"date":"2025-10-30T20:56:19","date_gmt":"2025-10-30T20:56:19","guid":{"rendered":"https:\/\/zade.hu\/?page_id=814"},"modified":"2026-01-26T19:11:33","modified_gmt":"2026-01-26T19:11:33","slug":"menhely-foundation","status":"publish","type":"page","link":"https:\/\/zade.hu\/en\/menhely-foundation\/","title":{"rendered":"Menhely foundation"},"content":{"rendered":"<section class=\"bde-section-814-100 bde-section\">\n  \n  \n\t\n\n\n\n<div class=\"section-container\"><h1 class=\"bde-heading-814-101 bde-heading\">\nMenhely Alap\u00edtv\u00e1ny<br>\n<\/h1><h1 class=\"bde-heading-814-102 bde-heading\">\nOur Mission\n<\/h1><div class=\"bde-text-814-103 bde-text\">\nHomelessness and extreme poverty are among the most hopeless situations a person can find themselves in. Loneliness, isolation, lack of information\u2014these are just a few of the many challenges to overcome. The *Menhely Alap\u00edtv\u00e1ny* works every day to provide real answers to these problems.<br><br>Founded after the political transition as the first secular organization to address homelessness in a comprehensive way, the *Menhely Alap\u00edtv\u00e1ny* continues this mission today. Our services are still uniquely diverse: we provide housing programs, legal and debt-management counseling, and employment support for our clients, and as the publishers of the *Fed\u00e9l N\u00e9lk\u00fcl* street newspaper, we offer people experiencing homelessness the opportunity to gain visibility, recognition, and income.<br>\n<\/div><div class=\"bde-text-814-104 bde-text\">\nEven a small gesture can mean enormous help: by donating 1% of your personal income tax, you too can contribute to helping people find a home, safety, and dignity again.<br>\n<\/div><div class=\"bde-button-814-105 bde-button\">\n    \n                        \n                        \n    \n    \n    \n    \n            \n                    \n            \n            \n\n    \n    \n    \n    \n    \n    <a class=\"breakdance-link button-atom button-atom--custom bde-button__button\" href=\"https:\/\/menhely.hu\/hogyan-segithetek\/egyszazalek\/\" target=\"_self\" data-type=\"url\"  >\n\n    \n        <span class=\"button-atom__text\">Support us with 1% of your tax<\/span>\n\n        \n        \n                <\/a>\n\n    \n\n\n<\/div><img decoding=\"async\" class=\"bde-image2-814-106 bde-image2\" src=\"https:\/\/zade.hu\/wp-content\/uploads\/2025\/11\/menhely_alapitvany_csapat.avif\" loading=\"lazy\" srcset=\"https:\/\/zade.hu\/wp-content\/uploads\/2025\/11\/menhely_alapitvany_csapat.avif 1400w, https:\/\/zade.hu\/wp-content\/uploads\/2025\/11\/menhely_alapitvany_csapat-300x200.avif 300w, https:\/\/zade.hu\/wp-content\/uploads\/2025\/11\/menhely_alapitvany_csapat-1024x684.avif 1024w, https:\/\/zade.hu\/wp-content\/uploads\/2025\/11\/menhely_alapitvany_csapat-768x513.avif 768w\" sizes=\"(max-width: 1400px) 100vw, 1400px\"><div class=\"bde-columns-814-107 bde-columns\"><div class=\"bde-column-814-108 bde-column\">\n  \n  \n\t\n\n\n\n<div class=\"bde-button-814-109 bde-button\">\n    \n                        \n                        \n    \n    \n    \n    \n            \n                    \n            \n            \n\n    \n    \n    \n    \n    \n    <a class=\"breakdance-link button-atom button-atom--custom bde-button__button\" href=\"https:\/\/www.instagram.com\/menhelyalapitvany\/?__pwa=1\" target=\"_self\" data-type=\"url\"  >\n\n    \n        <span class=\"button-atom__text\">Instagram<\/span>\n\n        \n        \n                <\/a>\n\n    \n\n\n<\/div>\n<\/div><div class=\"bde-column-814-110 bde-column\">\n  \n  \n\t\n\n\n\n<div class=\"bde-button-814-111 bde-button\">\n    \n                        \n                        \n    \n    \n    \n    \n            \n                    \n            \n            \n\n    \n    \n    \n    \n    \n    <a class=\"breakdance-link button-atom button-atom--custom bde-button__button\" href=\"https:\/\/www.facebook.com\/menhely.1990\" target=\"_self\" data-type=\"url\"  >\n\n    \n        <span class=\"button-atom__text\">Facebook<\/span>\n\n        \n        \n                <\/a>\n\n    \n\n\n<\/div>\n<\/div><\/div><\/div>\n<\/section>","protected":false},"excerpt":{"rendered":"<p>Menhely Alap\u00edtv\u00e1ny Our Mission Homelessness and extreme poverty are among the most hopeless situations a person can find themselves in. Loneliness, isolation, lack of information\u2014these are just a few of the many challenges to overcome. The *Menhely Alap\u00edtv\u00e1ny* works every day to provide real answers to these problems.Founded after the political transition as the first [&hellip;]<\/p>\n","protected":false},"author":6,"featured_media":0,"parent":0,"menu_order":0,"comment_status":"closed","ping_status":"closed","template":"","meta":{"_acf_changed":false,"_breakdance_hide_in_design_set":false,"_breakdance_tags":"","footnotes":""},"class_list":["post-814","page","type-page","status-publish","hentry"],"acf":[],"yoast_head":"<!-- This site is optimized with the Yoast SEO Premium plugin v27.3 (Yoast SEO v27.3) - https:\/\/yoast.com\/product\/yoast-seo-premium-wordpress\/ -->\n<title>Menhely foundation - zade.hu<\/title>\n<meta name=\"robots\" content=\"index, follow, max-snippet:-1, max-image-preview:large, max-video-preview:-1\" \/>\n<link rel=\"canonical\" href=\"https:\/\/zade.hu\/en\/menhely-foundation\/\" \/>\n<meta property=\"og:locale\" content=\"en_US\" \/>\n<meta property=\"og:type\" content=\"article\" \/>\n<meta property=\"og:title\" content=\"Menhely foundation\" \/>\n<meta property=\"og:description\" content=\"Menhely Alap\u00edtv\u00e1ny Our Mission Homelessness and extreme poverty are among the most hopeless situations a person can find themselves in. Loneliness, isolation, lack of information\u2014these are just a few of the many challenges to overcome. The *Menhely Alap\u00edtv\u00e1ny* works every day to provide real answers to these problems.Founded after the political transition as the first [&hellip;]\" \/>\n<meta property=\"og:url\" content=\"https:\/\/zade.hu\/en\/menhely-foundation\/\" \/>\n<meta property=\"og:site_name\" content=\"zade.hu\" \/>\n<meta property=\"article:modified_time\" content=\"2026-01-26T19:11:33+00:00\" \/>\n<meta name=\"twitter:card\" content=\"summary_large_image\" \/>\n<script type=\"application\/ld+json\" class=\"yoast-schema-graph\">{\"@context\":\"https:\\\/\\\/schema.org\",\"@graph\":[{\"@type\":\"WebPage\",\"@id\":\"https:\\\/\\\/zade.hu\\\/en\\\/menhely-foundation\\\/\",\"url\":\"https:\\\/\\\/zade.hu\\\/en\\\/menhely-foundation\\\/\",\"name\":\"Menhely foundation - zade.hu\",\"isPartOf\":{\"@id\":\"https:\\\/\\\/zade.hu\\\/en\\\/#website\"},\"datePublished\":\"2025-10-30T20:56:19+00:00\",\"dateModified\":\"2026-01-26T19:11:33+00:00\",\"breadcrumb\":{\"@id\":\"https:\\\/\\\/zade.hu\\\/en\\\/menhely-foundation\\\/#breadcrumb\"},\"inLanguage\":\"en-US\",\"potentialAction\":[{\"@type\":\"ReadAction\",\"target\":[\"https:\\\/\\\/zade.hu\\\/en\\\/menhely-foundation\\\/\"]}]},{\"@type\":\"BreadcrumbList\",\"@id\":\"https:\\\/\\\/zade.hu\\\/en\\\/menhely-foundation\\\/#breadcrumb\",\"itemListElement\":[{\"@type\":\"ListItem\",\"position\":1,\"name\":\"Home\",\"item\":\"https:\\\/\\\/zade.hu\\\/en\\\/\"},{\"@type\":\"ListItem\",\"position\":2,\"name\":\"Menhely foundation\"}]},{\"@type\":\"WebSite\",\"@id\":\"https:\\\/\\\/zade.hu\\\/en\\\/#website\",\"url\":\"https:\\\/\\\/zade.hu\\\/en\\\/\",\"name\":\"zade.hu\",\"description\":\"\",\"potentialAction\":[{\"@type\":\"SearchAction\",\"target\":{\"@type\":\"EntryPoint\",\"urlTemplate\":\"https:\\\/\\\/zade.hu\\\/en\\\/?s={search_term_string}\"},\"query-input\":{\"@type\":\"PropertyValueSpecification\",\"valueRequired\":true,\"valueName\":\"search_term_string\"}}],\"inLanguage\":\"en-US\"}]}<\/script>\n<!-- \/ Yoast SEO Premium plugin. -->","yoast_head_json":{"title":"Menhely foundation - zade.hu","robots":{"index":"index","follow":"follow","max-snippet":"max-snippet:-1","max-image-preview":"max-image-preview:large","max-video-preview":"max-video-preview:-1"},"canonical":"https:\/\/zade.hu\/en\/menhely-foundation\/","og_locale":"en_US","og_type":"article","og_title":"Menhely foundation","og_description":"Menhely Alap\u00edtv\u00e1ny Our Mission Homelessness and extreme poverty are among the most hopeless situations a person can find themselves in. Loneliness, isolation, lack of information\u2014these are just a few of the many challenges to overcome. The *Menhely Alap\u00edtv\u00e1ny* works every day to provide real answers to these problems.Founded after the political transition as the first [&hellip;]","og_url":"https:\/\/zade.hu\/en\/menhely-foundation\/","og_site_name":"zade.hu","article_modified_time":"2026-01-26T19:11:33+00:00","twitter_card":"summary_large_image","schema":{"@context":"https:\/\/schema.org","@graph":[{"@type":"WebPage","@id":"https:\/\/zade.hu\/en\/menhely-foundation\/","url":"https:\/\/zade.hu\/en\/menhely-foundation\/","name":"Menhely foundation - zade.hu","isPartOf":{"@id":"https:\/\/zade.hu\/en\/#website"},"datePublished":"2025-10-30T20:56:19+00:00","dateModified":"2026-01-26T19:11:33+00:00","breadcrumb":{"@id":"https:\/\/zade.hu\/en\/menhely-foundation\/#breadcrumb"},"inLanguage":"en-US","potentialAction":[{"@type":"ReadAction","target":["https:\/\/zade.hu\/en\/menhely-foundation\/"]}]},{"@type":"BreadcrumbList","@id":"https:\/\/zade.hu\/en\/menhely-foundation\/#breadcrumb","itemListElement":[{"@type":"ListItem","position":1,"name":"Home","item":"https:\/\/zade.hu\/en\/"},{"@type":"ListItem","position":2,"name":"Menhely foundation"}]},{"@type":"WebSite","@id":"https:\/\/zade.hu\/en\/#website","url":"https:\/\/zade.hu\/en\/","name":"zade.hu","description":"","potentialAction":[{"@type":"SearchAction","target":{"@type":"EntryPoint","urlTemplate":"https:\/\/zade.hu\/en\/?s={search_term_string}"},"query-input":{"@type":"PropertyValueSpecification","valueRequired":true,"valueName":"search_term_string"}}],"inLanguage":"en-US"}]}},"_links":{"self":[{"href":"https:\/\/zade.hu\/en\/wp-json\/wp\/v2\/pages\/814","targetHints":{"allow":["GET"]}}],"collection":[{"href":"https:\/\/zade.hu\/en\/wp-json\/wp\/v2\/pages"}],"about":[{"href":"https:\/\/zade.hu\/en\/wp-json\/wp\/v2\/types\/page"}],"author":[{"embeddable":true,"href":"https:\/\/zade.hu\/en\/wp-json\/wp\/v2\/users\/6"}],"replies":[{"embeddable":true,"href":"https:\/\/zade.hu\/en\/wp-json\/wp\/v2\/comments?post=814"}],"version-history":[{"count":3,"href":"https:\/\/zade.hu\/en\/wp-json\/wp\/v2\/pages\/814\/revisions"}],"predecessor-version":[{"id":818,"href":"https:\/\/zade.hu\/en\/wp-json\/wp\/v2\/pages\/814\/revisions\/818"}],"wp:attachment":[{"href":"https:\/\/zade.hu\/en\/wp-json\/wp\/v2\/media?parent=814"}],"curies":[{"name":"wp","href":"https:\/\/api.w.org\/{rel}","templated":true}]}}