{"id":835,"date":"2025-10-30T20:57:25","date_gmt":"2025-10-30T20:57:25","guid":{"rendered":"https:\/\/zade.hu\/?page_id=835"},"modified":"2026-01-26T19:32:29","modified_gmt":"2026-01-26T19:32:29","slug":"tuzcsiholo-association","status":"publish","type":"page","link":"https:\/\/zade.hu\/en\/tuzcsiholo-association\/","title":{"rendered":"T\u0171zcsihol\u00f3 Association"},"content":{"rendered":"<section class=\"bde-section-835-100 bde-section\">\n  \n  \n\t\n\n\n\n<div class=\"section-container\"><h1 class=\"bde-heading-835-101 bde-heading\">\nT\u0171zcsihol\u00f3 Egyes\u00fclet<br>\n<\/h1><h1 class=\"bde-heading-835-102 bde-heading\">\nOur Mission\n<\/h1><div class=\"bde-text-835-103 bde-text\">\nThe *T\u0171zcsihol\u00f3 Egyes\u00fclet* supports families where the parents were previously in state care. Their goal is to help them integrate into society.<br><br>These families often face challenges such as low educational attainment, difficulties finding employment, and housing problems. The association primarily assists families in Szabolcs-Szatm\u00e1r-Bereg County through training, mentoring, crisis support, community programs, and organizing family camps.<br><br>An important goal is to ensure that children do not have to leave their biological families and enter state care. In recent years, they have supported over 100 families. They have helped families with job searches, life management, and provided school supplies and Christmas gifts.<br><br>They also operate two charity shops, which serve as community spaces and employ members of their target groups. The association is committed to the long-term strengthening of families and their social inclusion.\n<\/div><div class=\"bde-button-835-104 bde-button\">\n    \n                        \n                        \n    \n    \n    \n    \n            \n                    \n            \n            \n\n    \n    \n    \n    \n    \n    <a class=\"breakdance-link button-atom button-atom--custom bde-button__button\" href=\"https:\/\/tuzcsiholo.eu\/1-a-csaladban-maradasert\/\" target=\"_self\" data-type=\"url\"  >\n\n    \n        <span class=\"button-atom__text\">Support us with 1% of your tax!<\/span>\n\n        \n        \n                <\/a>\n\n    \n\n\n<\/div><img decoding=\"async\" class=\"bde-image2-835-105 bde-image2\" src=\"https:\/\/zade.hu\/wp-content\/uploads\/2025\/11\/happy-kid-W97QA6P-710x1024.avif\" loading=\"lazy\" srcset=\"https:\/\/zade.hu\/wp-content\/uploads\/2025\/11\/happy-kid-W97QA6P-710x1024.avif 710w, https:\/\/zade.hu\/wp-content\/uploads\/2025\/11\/happy-kid-W97QA6P-208x300.avif 208w, https:\/\/zade.hu\/wp-content\/uploads\/2025\/11\/happy-kid-W97QA6P-768x1107.avif 768w, https:\/\/zade.hu\/wp-content\/uploads\/2025\/11\/happy-kid-W97QA6P-1065x1536.avif 1065w\" sizes=\"(max-width: 710px) 100vw, 710px\"><div class=\"bde-columns-835-106 bde-columns\"><div class=\"bde-column-835-107 bde-column\">\n  \n  \n\t\n\n\n\n<div class=\"bde-button-835-108 bde-button\">\n    \n                        \n                        \n    \n    \n    \n    \n            \n                    \n            \n            \n\n    \n    \n    \n    \n    \n    <a class=\"breakdance-link button-atom button-atom--custom bde-button__button\" href=\"https:\/\/www.instagram.com\/tuzcsiholoegyesulet\/?\" target=\"_self\" data-type=\"url\"  >\n\n    \n        <span class=\"button-atom__text\">Instagram<\/span>\n\n        \n        \n                <\/a>\n\n    \n\n\n<\/div>\n<\/div><div class=\"bde-column-835-109 bde-column\">\n  \n  \n\t\n\n\n\n<div class=\"bde-button-835-110 bde-button\">\n    \n                        \n                        \n    \n    \n    \n    \n            \n                    \n            \n            \n\n    \n    \n    \n    \n    \n    <a class=\"breakdance-link button-atom button-atom--custom bde-button__button\" href=\"https:\/\/www.facebook.com\/tuzcsiholoegyesulet\" target=\"_self\" data-type=\"url\"  >\n\n    \n        <span class=\"button-atom__text\">Facebook<\/span>\n\n        \n        \n                <\/a>\n\n    \n\n\n<\/div>\n<\/div><\/div><\/div>\n<\/section>","protected":false},"excerpt":{"rendered":"<p>T\u0171zcsihol\u00f3 Egyes\u00fclet Our Mission The *T\u0171zcsihol\u00f3 Egyes\u00fclet* supports families where the parents were previously in state care. Their goal is to help them integrate into society.These families often face challenges such as low educational attainment, difficulties finding employment, and housing problems. The association primarily assists families in Szabolcs-Szatm\u00e1r-Bereg County through training, mentoring, crisis support, community [&hellip;]<\/p>\n","protected":false},"author":6,"featured_media":0,"parent":0,"menu_order":0,"comment_status":"closed","ping_status":"closed","template":"","meta":{"_acf_changed":false,"_breakdance_hide_in_design_set":false,"_breakdance_tags":"","footnotes":""},"class_list":["post-835","page","type-page","status-publish","hentry"],"acf":[],"yoast_head":"<!-- This site is optimized with the Yoast SEO Premium plugin v27.3 (Yoast SEO v27.3) - https:\/\/yoast.com\/product\/yoast-seo-premium-wordpress\/ -->\n<title>T\u0171zcsihol\u00f3 Association - zade.hu<\/title>\n<meta name=\"robots\" content=\"index, follow, max-snippet:-1, max-image-preview:large, max-video-preview:-1\" \/>\n<link rel=\"canonical\" href=\"https:\/\/zade.hu\/en\/tuzcsiholo-association\/\" \/>\n<meta property=\"og:locale\" content=\"en_US\" \/>\n<meta property=\"og:type\" content=\"article\" \/>\n<meta property=\"og:title\" content=\"T\u0171zcsihol\u00f3 Association\" \/>\n<meta property=\"og:description\" content=\"T\u0171zcsihol\u00f3 Egyes\u00fclet Our Mission The *T\u0171zcsihol\u00f3 Egyes\u00fclet* supports families where the parents were previously in state care. Their goal is to help them integrate into society.These families often face challenges such as low educational attainment, difficulties finding employment, and housing problems. The association primarily assists families in Szabolcs-Szatm\u00e1r-Bereg County through training, mentoring, crisis support, community [&hellip;]\" \/>\n<meta property=\"og:url\" content=\"https:\/\/zade.hu\/en\/tuzcsiholo-association\/\" \/>\n<meta property=\"og:site_name\" content=\"zade.hu\" \/>\n<meta property=\"article:modified_time\" content=\"2026-01-26T19:32:29+00:00\" \/>\n<meta name=\"twitter:card\" content=\"summary_large_image\" \/>\n<script type=\"application\/ld+json\" class=\"yoast-schema-graph\">{\"@context\":\"https:\\\/\\\/schema.org\",\"@graph\":[{\"@type\":\"WebPage\",\"@id\":\"https:\\\/\\\/zade.hu\\\/en\\\/tuzcsiholo-association\\\/\",\"url\":\"https:\\\/\\\/zade.hu\\\/en\\\/tuzcsiholo-association\\\/\",\"name\":\"T\u0171zcsihol\u00f3 Association - zade.hu\",\"isPartOf\":{\"@id\":\"https:\\\/\\\/zade.hu\\\/en\\\/#website\"},\"datePublished\":\"2025-10-30T20:57:25+00:00\",\"dateModified\":\"2026-01-26T19:32:29+00:00\",\"breadcrumb\":{\"@id\":\"https:\\\/\\\/zade.hu\\\/en\\\/tuzcsiholo-association\\\/#breadcrumb\"},\"inLanguage\":\"en-US\",\"potentialAction\":[{\"@type\":\"ReadAction\",\"target\":[\"https:\\\/\\\/zade.hu\\\/en\\\/tuzcsiholo-association\\\/\"]}]},{\"@type\":\"BreadcrumbList\",\"@id\":\"https:\\\/\\\/zade.hu\\\/en\\\/tuzcsiholo-association\\\/#breadcrumb\",\"itemListElement\":[{\"@type\":\"ListItem\",\"position\":1,\"name\":\"Home\",\"item\":\"https:\\\/\\\/zade.hu\\\/en\\\/\"},{\"@type\":\"ListItem\",\"position\":2,\"name\":\"T\u0171zcsihol\u00f3 Association\"}]},{\"@type\":\"WebSite\",\"@id\":\"https:\\\/\\\/zade.hu\\\/en\\\/#website\",\"url\":\"https:\\\/\\\/zade.hu\\\/en\\\/\",\"name\":\"zade.hu\",\"description\":\"\",\"potentialAction\":[{\"@type\":\"SearchAction\",\"target\":{\"@type\":\"EntryPoint\",\"urlTemplate\":\"https:\\\/\\\/zade.hu\\\/en\\\/?s={search_term_string}\"},\"query-input\":{\"@type\":\"PropertyValueSpecification\",\"valueRequired\":true,\"valueName\":\"search_term_string\"}}],\"inLanguage\":\"en-US\"}]}<\/script>\n<!-- \/ Yoast SEO Premium plugin. -->","yoast_head_json":{"title":"T\u0171zcsihol\u00f3 Association - zade.hu","robots":{"index":"index","follow":"follow","max-snippet":"max-snippet:-1","max-image-preview":"max-image-preview:large","max-video-preview":"max-video-preview:-1"},"canonical":"https:\/\/zade.hu\/en\/tuzcsiholo-association\/","og_locale":"en_US","og_type":"article","og_title":"T\u0171zcsihol\u00f3 Association","og_description":"T\u0171zcsihol\u00f3 Egyes\u00fclet Our Mission The *T\u0171zcsihol\u00f3 Egyes\u00fclet* supports families where the parents were previously in state care. Their goal is to help them integrate into society.These families often face challenges such as low educational attainment, difficulties finding employment, and housing problems. The association primarily assists families in Szabolcs-Szatm\u00e1r-Bereg County through training, mentoring, crisis support, community [&hellip;]","og_url":"https:\/\/zade.hu\/en\/tuzcsiholo-association\/","og_site_name":"zade.hu","article_modified_time":"2026-01-26T19:32:29+00:00","twitter_card":"summary_large_image","schema":{"@context":"https:\/\/schema.org","@graph":[{"@type":"WebPage","@id":"https:\/\/zade.hu\/en\/tuzcsiholo-association\/","url":"https:\/\/zade.hu\/en\/tuzcsiholo-association\/","name":"T\u0171zcsihol\u00f3 Association - zade.hu","isPartOf":{"@id":"https:\/\/zade.hu\/en\/#website"},"datePublished":"2025-10-30T20:57:25+00:00","dateModified":"2026-01-26T19:32:29+00:00","breadcrumb":{"@id":"https:\/\/zade.hu\/en\/tuzcsiholo-association\/#breadcrumb"},"inLanguage":"en-US","potentialAction":[{"@type":"ReadAction","target":["https:\/\/zade.hu\/en\/tuzcsiholo-association\/"]}]},{"@type":"BreadcrumbList","@id":"https:\/\/zade.hu\/en\/tuzcsiholo-association\/#breadcrumb","itemListElement":[{"@type":"ListItem","position":1,"name":"Home","item":"https:\/\/zade.hu\/en\/"},{"@type":"ListItem","position":2,"name":"T\u0171zcsihol\u00f3 Association"}]},{"@type":"WebSite","@id":"https:\/\/zade.hu\/en\/#website","url":"https:\/\/zade.hu\/en\/","name":"zade.hu","description":"","potentialAction":[{"@type":"SearchAction","target":{"@type":"EntryPoint","urlTemplate":"https:\/\/zade.hu\/en\/?s={search_term_string}"},"query-input":{"@type":"PropertyValueSpecification","valueRequired":true,"valueName":"search_term_string"}}],"inLanguage":"en-US"}]}},"_links":{"self":[{"href":"https:\/\/zade.hu\/en\/wp-json\/wp\/v2\/pages\/835","targetHints":{"allow":["GET"]}}],"collection":[{"href":"https:\/\/zade.hu\/en\/wp-json\/wp\/v2\/pages"}],"about":[{"href":"https:\/\/zade.hu\/en\/wp-json\/wp\/v2\/types\/page"}],"author":[{"embeddable":true,"href":"https:\/\/zade.hu\/en\/wp-json\/wp\/v2\/users\/6"}],"replies":[{"embeddable":true,"href":"https:\/\/zade.hu\/en\/wp-json\/wp\/v2\/comments?post=835"}],"version-history":[{"count":3,"href":"https:\/\/zade.hu\/en\/wp-json\/wp\/v2\/pages\/835\/revisions"}],"predecessor-version":[{"id":843,"href":"https:\/\/zade.hu\/en\/wp-json\/wp\/v2\/pages\/835\/revisions\/843"}],"wp:attachment":[{"href":"https:\/\/zade.hu\/en\/wp-json\/wp\/v2\/media?parent=835"}],"curies":[{"name":"wp","href":"https:\/\/api.w.org\/{rel}","templated":true}]}}