{"id":856,"date":"2026-01-27T19:34:58","date_gmt":"2026-01-27T19:34:58","guid":{"rendered":"https:\/\/zade.hu\/?page_id=856"},"modified":"2026-03-17T11:51:41","modified_gmt":"2026-03-17T11:51:41","slug":"home-page-3","status":"publish","type":"page","link":"https:\/\/zade.hu\/en\/","title":{"rendered":"Home page"},"content":{"rendered":"<section class=\"bde-section-856-100 bde-section\">\n  \n  \n\t\n\n\n\n<div class=\"section-container\"><div class=\"bde-text-856-101 bde-text\">\nEvery day, we all encounter social differences, yet they often go unnoticed. We believe that every story matters. That is why we work together with several civil organizations to express these stories through the tools of art and share them with you through our products.<br>\n<\/div><\/div>\n<\/section><section class=\"bde-section-856-102 bde-section\">\n  \n  \n\t\n\n\n\n<div class=\"section-container\"><h1 class=\"bde-heading-856-103 bde-heading\">\nOur Products\n<\/h1><div class=\"bde-columns-856-104 bde-columns\"><div class=\"bde-column-856-105 bde-column\">\n  \n  \n\t\n\n\n\n<img decoding=\"async\" class=\"bde-image2-856-106 bde-image2\" src=\"https:\/\/zade.hu\/wp-content\/uploads\/2025\/10\/IMG_6169-scaled.avif\" loading=\"lazy\" srcset=\"https:\/\/zade.hu\/wp-content\/uploads\/2025\/10\/IMG_6169-scaled.avif 2560w, https:\/\/zade.hu\/wp-content\/uploads\/2025\/10\/IMG_6169-300x200.avif 300w, https:\/\/zade.hu\/wp-content\/uploads\/2025\/10\/IMG_6169-1024x683.avif 1024w, https:\/\/zade.hu\/wp-content\/uploads\/2025\/10\/IMG_6169-768x512.avif 768w, https:\/\/zade.hu\/wp-content\/uploads\/2025\/10\/IMG_6169-1536x1024.avif 1536w, https:\/\/zade.hu\/wp-content\/uploads\/2025\/10\/IMG_6169-2048x1365.avif 2048w\" sizes=\"(max-width: 2560px) 100vw, 2560px\">\n<\/div><div class=\"bde-column-856-107 bde-column\">\n  \n  \n\t\n\n\n\n<img decoding=\"async\" class=\"bde-image2-856-108 bde-image2\" src=\"https:\/\/zade.hu\/wp-content\/uploads\/2025\/10\/IMG_6240-scaled.avif\" loading=\"lazy\" srcset=\"https:\/\/zade.hu\/wp-content\/uploads\/2025\/10\/IMG_6240-scaled.avif 2560w, https:\/\/zade.hu\/wp-content\/uploads\/2025\/10\/IMG_6240-300x200.avif 300w, https:\/\/zade.hu\/wp-content\/uploads\/2025\/10\/IMG_6240-1024x683.avif 1024w, https:\/\/zade.hu\/wp-content\/uploads\/2025\/10\/IMG_6240-768x512.avif 768w, https:\/\/zade.hu\/wp-content\/uploads\/2025\/10\/IMG_6240-1536x1024.avif 1536w, https:\/\/zade.hu\/wp-content\/uploads\/2025\/10\/IMG_6240-2048x1365.avif 2048w\" sizes=\"(max-width: 2560px) 100vw, 2560px\">\n<\/div><div class=\"bde-column-856-109 bde-column\">\n  \n  \n\t\n\n\n\n<img decoding=\"async\" class=\"bde-image2-856-110 bde-image2\" src=\"https:\/\/zade.hu\/wp-content\/uploads\/2025\/10\/IMG_6107-scaled.avif\" loading=\"lazy\" srcset=\"https:\/\/zade.hu\/wp-content\/uploads\/2025\/10\/IMG_6107-scaled.avif 2560w, https:\/\/zade.hu\/wp-content\/uploads\/2025\/10\/IMG_6107-300x200.avif 300w, https:\/\/zade.hu\/wp-content\/uploads\/2025\/10\/IMG_6107-1024x683.avif 1024w, https:\/\/zade.hu\/wp-content\/uploads\/2025\/10\/IMG_6107-768x512.avif 768w, https:\/\/zade.hu\/wp-content\/uploads\/2025\/10\/IMG_6107-1536x1024.avif 1536w, https:\/\/zade.hu\/wp-content\/uploads\/2025\/10\/IMG_6107-2048x1365.avif 2048w\" sizes=\"(max-width: 2560px) 100vw, 2560px\">\n<\/div><\/div><div class=\"bde-columns-856-111 bde-columns\"><div class=\"bde-column-856-112 bde-column\">\n  \n  \n\t\n\n\n\n<img decoding=\"async\" class=\"bde-image2-856-113 bde-image2\" src=\"https:\/\/zade.hu\/wp-content\/uploads\/2025\/12\/IMG_6248-scaled.avif\" loading=\"lazy\" srcset=\"https:\/\/zade.hu\/wp-content\/uploads\/2025\/12\/IMG_6248-scaled.avif 2560w, https:\/\/zade.hu\/wp-content\/uploads\/2025\/12\/IMG_6248-300x200.avif 300w, https:\/\/zade.hu\/wp-content\/uploads\/2025\/12\/IMG_6248-1024x683.avif 1024w, https:\/\/zade.hu\/wp-content\/uploads\/2025\/12\/IMG_6248-768x512.avif 768w, https:\/\/zade.hu\/wp-content\/uploads\/2025\/12\/IMG_6248-1536x1024.avif 1536w, https:\/\/zade.hu\/wp-content\/uploads\/2025\/12\/IMG_6248-2048x1365.avif 2048w\" sizes=\"(max-width: 2560px) 100vw, 2560px\">\n<\/div><div class=\"bde-column-856-114 bde-column\">\n  \n  \n\t\n\n\n\n<img decoding=\"async\" class=\"bde-image2-856-115 bde-image2\" src=\"https:\/\/zade.hu\/wp-content\/uploads\/2025\/10\/plakatok.avif\" loading=\"lazy\" srcset=\"https:\/\/zade.hu\/wp-content\/uploads\/2025\/10\/plakatok.avif 2560w, https:\/\/zade.hu\/wp-content\/uploads\/2025\/10\/plakatok-300x200.avif 300w, https:\/\/zade.hu\/wp-content\/uploads\/2025\/10\/plakatok-1024x683.avif 1024w, https:\/\/zade.hu\/wp-content\/uploads\/2025\/10\/plakatok-768x512.avif 768w, https:\/\/zade.hu\/wp-content\/uploads\/2025\/10\/plakatok-1536x1024.avif 1536w, https:\/\/zade.hu\/wp-content\/uploads\/2025\/10\/plakatok-2048x1366.avif 2048w\" sizes=\"(max-width: 2560px) 100vw, 2560px\">\n<\/div><div class=\"bde-column-856-116 bde-column\">\n  \n  \n\t\n\n\n\n<img decoding=\"async\" class=\"bde-image2-856-117 bde-image2\" src=\"https:\/\/zade.hu\/wp-content\/uploads\/2025\/11\/zade-kepeslap-2-scaled-e1764759515710.avif\" loading=\"lazy\" sizes=\"(max-width: 2360px) 100vw, 2360px\">\n<\/div><\/div><div class=\"bde-columns-856-118 bde-columns\"><div class=\"bde-column-856-119 bde-column\">\n  \n  \n\t\n\n\n\n<div class=\"bde-button-856-120 bde-button\">\n    \n                        \n                        \n    \n    \n    \n    \n            \n                    \n            \n            \n\n    \n    \n    \n    \n    \n    <a class=\"breakdance-link button-atom button-atom--custom bde-button__button\" href=\"https:\/\/zade.hu\/en\/canvas-products\/\" target=\"_self\" data-type=\"url\"  >\n\n    \n        <span class=\"button-atom__text\">Our Canvas Products<\/span>\n\n        \n        \n                <\/a>\n\n    \n\n\n<\/div>\n<\/div><div class=\"bde-column-856-121 bde-column\">\n  \n  \n\t\n\n\n\n<div class=\"bde-button-856-122 bde-button\">\n    \n                        \n                        \n    \n    \n    \n    \n            \n                    \n            \n            \n\n    \n    \n    \n    \n    \n    <a class=\"breakdance-link button-atom button-atom--custom bde-button__button\" href=\"https:\/\/zade.hu\/en\/paper-products\/\" target=\"_self\" data-type=\"url\"  >\n\n    \n        <span class=\"button-atom__text\">Our Paper Products<\/span>\n\n        \n        \n                <\/a>\n\n    \n\n\n<\/div>\n<\/div><\/div><\/div>\n<\/section><section class=\"bde-section-856-123 bde-section\">\n  \n  \n\t\n\n\n\n<div class=\"section-container\"><h1 class=\"bde-heading-856-124 bde-heading\">\nAlap\u00edtv\u00e1nyok\n<\/h1><div class=\"bde-columns-856-125 bde-columns\"><div class=\"bde-column-856-126 bde-column\">\n  \n  \n\t\n\n\n\n<div class=\"bde-image-box-856-127 bde-image-box\">\n<div class=\"ee-imagebox-image\">\n  <img loading=\"lazy\" decoding=\"async\" class=\"breakdance-image-object\" src=\"https:\/\/zade.hu\/wp-content\/uploads\/2025\/11\/vilagszep_alapitvany.png-2.avif\" width=\"240\" height=\"240\" srcset=\"https:\/\/zade.hu\/wp-content\/uploads\/2025\/11\/vilagszep_alapitvany.png-2.avif 240w, https:\/\/zade.hu\/wp-content\/uploads\/2025\/11\/vilagszep_alapitvany.png-2-150x150.avif 150w\" sizes=\"auto, (max-width: 240px) 100vw, 240px\">\n<\/div>\n<div class=\"ee-imagebox-content\">\n      <p class=\"ee-imagebox-title bde-h3\" >Vil\u00e1gsz\u00e9p Alap\u00edtv\u00e1ny<\/p>\n    \n      <div class=\"ee-imagebox-text\" >We provide children living in state care with emotional security, opportunities for development, and a real chance for an independent and happy life.<\/div>\n    \n          \n                        \n                        \n    \n    \n    \n    \n            \n                    \n            \n            \n\n    \n    \n    \n    \n    \n    <a class=\"breakdance-link button-atom button-atom--custom ee-imagebox-button\" href=\"https:\/\/zade.hu\/en\/vilagszep-foundation\/\" target=\"_self\" data-type=\"url\"  >\n\n    \n        <span class=\"button-atom__text\">Learn more!<\/span>\n\n        \n        \n                <\/a>\n\n    \n\n  <\/div>\n\n<\/div>\n<\/div><div class=\"bde-column-856-128 bde-column\">\n  \n  \n\t\n\n\n\n<div class=\"bde-image-box-856-129 bde-image-box\">\n<div class=\"ee-imagebox-image\">\n  <img loading=\"lazy\" decoding=\"async\" class=\"breakdance-image-object\" src=\"https:\/\/zade.hu\/wp-content\/uploads\/2025\/11\/menhely.avif\" width=\"225\" height=\"225\" srcset=\"https:\/\/zade.hu\/wp-content\/uploads\/2025\/11\/menhely.avif 225w, https:\/\/zade.hu\/wp-content\/uploads\/2025\/11\/menhely-150x150.avif 150w\" sizes=\"auto, (max-width: 225px) 100vw, 225px\">\n<\/div>\n<div class=\"ee-imagebox-content\">\n      <p class=\"ee-imagebox-title bde-h3\" >Menhely Alap\u00edtv\u00e1ny<\/p>\n    \n      <div class=\"ee-imagebox-text\" >\u00a0Every night counts. With the help of our supporters, we assisted nearly 5,000 people living in difficult circumstances who had lost their homes over the past year.<\/div>\n    \n          \n                        \n                        \n    \n    \n    \n    \n            \n                    \n            \n            \n\n    \n    \n    \n    \n    \n    <a class=\"breakdance-link button-atom button-atom--custom ee-imagebox-button\" href=\"https:\/\/zade.hu\/en\/menhely-foundation\/\" target=\"_self\" data-type=\"url\"  >\n\n    \n        <span class=\"button-atom__text\">Learn More!<\/span>\n\n        \n        \n                <\/a>\n\n    \n\n  <\/div>\n\n<\/div>\n<\/div><div class=\"bde-column-856-130 bde-column\">\n  \n  \n\t\n\n\n\n<div class=\"bde-image-box-856-131 bde-image-box\">\n<div class=\"ee-imagebox-image\">\n  <img loading=\"lazy\" decoding=\"async\" class=\"breakdance-image-object\" src=\"https:\/\/zade.hu\/wp-content\/uploads\/2025\/11\/Kepernyokep-2025-11-24-215539.avif\" width=\"351\" height=\"335\" srcset=\"https:\/\/zade.hu\/wp-content\/uploads\/2025\/11\/Kepernyokep-2025-11-24-215539.avif 351w, https:\/\/zade.hu\/wp-content\/uploads\/2025\/11\/Kepernyokep-2025-11-24-215539-300x286.avif 300w\" sizes=\"auto, (max-width: 351px) 100vw, 351px\">\n<\/div>\n<div class=\"ee-imagebox-content\">\n      <p class=\"ee-imagebox-title bde-h3\" >T\u0171zcsihol\u00f3 Egyes\u00fclet<\/p>\n    \n      <div class=\"ee-imagebox-text\" >Our goal is to ensure that children whose parents once lived in state care do not have to grow up in a children\u2019s home.<\/div>\n    \n          \n                        \n                        \n    \n    \n    \n    \n            \n                    \n            \n            \n\n    \n    \n    \n    \n    \n    <a class=\"breakdance-link button-atom button-atom--custom ee-imagebox-button\" href=\"https:\/\/zade.hu\/en\/tuzcsiholo-association\/\" target=\"_self\" data-type=\"url\"  >\n\n    \n        <span class=\"button-atom__text\">Learn More<\/span>\n\n        \n        \n                <\/a>\n\n    \n\n  <\/div>\n\n<\/div>\n<\/div><div class=\"bde-column-856-164 bde-column\">\n  \n  \n\t\n\n\n\n<div class=\"bde-image-box-856-165 bde-image-box\">\n<div class=\"ee-imagebox-image\">\n  <img loading=\"lazy\" decoding=\"async\" class=\"breakdance-image-object\" src=\"https:\/\/zade.hu\/wp-content\/uploads\/2026\/02\/sima.avif\" width=\"225\" height=\"225\" srcset=\"https:\/\/zade.hu\/wp-content\/uploads\/2026\/02\/sima.avif 225w, https:\/\/zade.hu\/wp-content\/uploads\/2026\/02\/sima-150x150.avif 150w\" sizes=\"auto, (max-width: 225px) 100vw, 225px\">\n<\/div>\n<div class=\"ee-imagebox-content\">\n      <p class=\"ee-imagebox-title bde-h3\" >Egy sima egy ford\u00edtott - Egyes\u00fclet az Inkl\u00fazi\u00f3\u00e9rt<\/p>\n    \n      <div class=\"ee-imagebox-text\" >Our goal is for different groups in society\u2014primarily people with and without disabilities\u2014to be able to connect with one another, build communities, and collaborate in all areas of life.<\/div>\n    \n          \n                        \n                        \n    \n    \n    \n    \n            \n                    \n            \n            \n\n    \n    \n    \n    \n    \n    <a class=\"breakdance-link button-atom button-atom--custom ee-imagebox-button\" href=\"https:\/\/zade.hu\/en\/egy-sima-egy-forditott-egyesulet-az-inkluzioert2\/\" target=\"_self\" data-type=\"url\"  >\n\n    \n        <span class=\"button-atom__text\">Tudj meg t\u00f6bbet!<\/span>\n\n        \n        \n                <\/a>\n\n    \n\n  <\/div>\n\n<\/div>\n<\/div><\/div><\/div>\n<\/section><section class=\"bde-section-856-132 bde-section\">\n  \n  \n\t\n\n\n\n<div class=\"section-container\"><h1 class=\"bde-heading-856-133 bde-heading\">\nT\u00f6rt\u00e9netek\n<\/h1><div class=\"bde-columns-856-134 bde-columns\"><div class=\"bde-column-856-135 bde-column\">\n  \n  \n\t\n\n\n\n<h1 class=\"bde-heading-856-136 bde-heading\">\n\u00c1gi's story\n<\/h1><div class=\"bde-text-856-137 bde-text\">\n\u00c1gi was placed in state care at the age of 12. Before that, she lived in a small village with her parents and younger brother in a tiny house with crumbling walls. Their mother was often ill, and during those times, their father took care of the children\u2026<br>\n<\/div><img decoding=\"async\" class=\"bde-image2-856-138 bde-image2\" src=\"https:\/\/zade.hu\/wp-content\/uploads\/2025\/11\/aluljarokisgyerek.avif\" loading=\"lazy\" srcset=\"https:\/\/zade.hu\/wp-content\/uploads\/2025\/11\/aluljarokisgyerek.avif 911w, https:\/\/zade.hu\/wp-content\/uploads\/2025\/11\/aluljarokisgyerek-300x200.avif 300w, https:\/\/zade.hu\/wp-content\/uploads\/2025\/11\/aluljarokisgyerek-768x512.avif 768w\" sizes=\"(max-width: 911px) 100vw, 911px\"><div class=\"bde-button-856-139 bde-button\">\n    \n                        \n                        \n    \n    \n    \n    \n            \n                    \n            \n            \n\n    \n    \n    \n    \n    \n    <a class=\"breakdance-link button-atom button-atom--custom bde-button__button\" href=\"https:\/\/zade.hu\/en\/agis-story\/\" target=\"_self\" data-type=\"url\"  >\n\n    \n        <span class=\"button-atom__text\">Read more!<\/span>\n\n        \n        \n                <\/a>\n\n    \n\n\n<\/div>\n<\/div><div class=\"bde-column-856-140 bde-column\">\n  \n  \n\t\n\n\n\n<h1 class=\"bde-heading-856-141 bde-heading\">\nGyula's story\n<\/h1><div class=\"bde-text-856-142 bde-text\">\nGyula was born in Budapest into a poor working-class family. He began consuming alcohol with some regularity at the age of four, alongside learning to write, read, and do arithmetic\u2026\n<\/div><img decoding=\"async\" class=\"bde-image2-856-143 bde-image2\" src=\"https:\/\/zade.hu\/wp-content\/uploads\/2025\/11\/kanape_nyomtatni.avif\" loading=\"lazy\" srcset=\"https:\/\/zade.hu\/wp-content\/uploads\/2025\/11\/kanape_nyomtatni.avif 1675w, https:\/\/zade.hu\/wp-content\/uploads\/2025\/11\/kanape_nyomtatni-300x200.avif 300w, https:\/\/zade.hu\/wp-content\/uploads\/2025\/11\/kanape_nyomtatni-1024x683.avif 1024w, https:\/\/zade.hu\/wp-content\/uploads\/2025\/11\/kanape_nyomtatni-768x513.avif 768w, https:\/\/zade.hu\/wp-content\/uploads\/2025\/11\/kanape_nyomtatni-1536x1025.avif 1536w\" sizes=\"(max-width: 1675px) 100vw, 1675px\"><div class=\"bde-button-856-144 bde-button\">\n    \n                        \n                        \n    \n    \n    \n    \n            \n                    \n            \n            \n\n    \n    \n    \n    \n    \n    <a class=\"breakdance-link button-atom button-atom--custom bde-button__button\" href=\"https:\/\/zade.hu\/0112-2\/\" target=\"_self\" data-type=\"url\"  >\n\n    \n        <span class=\"button-atom__text\">Read more!<\/span>\n\n        \n        \n                <\/a>\n\n    \n\n\n<\/div>\n<\/div><div class=\"bde-column-856-145 bde-column\">\n  \n  \n\t\n\n\n\n<h1 class=\"bde-heading-856-146 bde-heading\">\n\u00c1rpi's story\n<\/h1><div class=\"bde-text-856-147 bde-text\">\n\u00c1rpi was only in fourth grade when he was placed in a children\u2019s home. He was a small boy with huge blue eyes and a sweet little face. Everyone else was much older than him. Younger children were usually placed with foster parents, so they did not end up among the older ones\u2026<br>\n<\/div><img decoding=\"async\" class=\"bde-image2-856-148 bde-image2\" src=\"https:\/\/zade.hu\/wp-content\/uploads\/2025\/11\/motoroskisgyerek_nyomtatni.avif\" loading=\"lazy\" srcset=\"https:\/\/zade.hu\/wp-content\/uploads\/2025\/11\/motoroskisgyerek_nyomtatni.avif 1657w, https:\/\/zade.hu\/wp-content\/uploads\/2025\/11\/motoroskisgyerek_nyomtatni-300x202.avif 300w, https:\/\/zade.hu\/wp-content\/uploads\/2025\/11\/motoroskisgyerek_nyomtatni-1024x690.avif 1024w, https:\/\/zade.hu\/wp-content\/uploads\/2025\/11\/motoroskisgyerek_nyomtatni-768x517.avif 768w, https:\/\/zade.hu\/wp-content\/uploads\/2025\/11\/motoroskisgyerek_nyomtatni-1536x1035.avif 1536w\" sizes=\"(max-width: 1657px) 100vw, 1657px\"><div class=\"bde-button-856-149 bde-button\">\n    \n                        \n                        \n    \n    \n    \n    \n            \n                    \n            \n            \n\n    \n    \n    \n    \n    \n    <a class=\"breakdance-link button-atom button-atom--custom bde-button__button\" href=\"https:\/\/zade.hu\/en\/arpis-story\/\" target=\"_self\" data-type=\"url\"  >\n\n    \n        <span class=\"button-atom__text\">Read more!<\/span>\n\n        \n        \n                <\/a>\n\n    \n\n\n<\/div>\n<\/div><\/div><\/div>\n<\/section><section class=\"bde-section-856-150 bde-section\">\n  \n  \n\t\n\n\n\n<div class=\"section-container\"><h1 class=\"bde-heading-856-151 bde-heading\">\nOur Articles\n<\/h1><div class=\"bde-columns-856-152 bde-columns\"><div class=\"bde-column-856-153 bde-column\">\n  \n  \n\t\n\n\n\n<h1 class=\"bde-heading-856-154 bde-heading\">\nThe Criminalization of Homelessness<br><br>\n<\/h1><div class=\"bde-text-856-155 bde-text\">\nOn October 15, 2018, the Hungarian government quite simply banned homelessness. What an obvious solution\u2014how had no one thought of it before? If we ban it, they\u2019ll just go home\u2026 well, unfortunately, it\u2019s not that simple\u2026<br>\n<\/div><img decoding=\"async\" class=\"bde-image2-856-156 bde-image2\" src=\"https:\/\/zade.hu\/wp-content\/uploads\/2026\/02\/Fenykep-megnyitasa.avif\" loading=\"lazy\" srcset=\"https:\/\/zade.hu\/wp-content\/uploads\/2026\/02\/Fenykep-megnyitasa.avif 301w, https:\/\/zade.hu\/wp-content\/uploads\/2026\/02\/Fenykep-megnyitasa-281x300.avif 281w\" sizes=\"(max-width: 301px) 100vw, 301px\"><div class=\"bde-button-856-157 bde-button\">\n    \n                        \n                        \n    \n    \n    \n    \n            \n            <button type=\"button\" class=\"button-atom button-atom--custom bde-button__button\"  >\n    \n        <span class=\"button-atom__text\">Read more!<\/span>\n\n        \n        \n            <\/button>\n    \n\n\n<\/div>\n<\/div><div class=\"bde-column-856-158 bde-column\">\n  \n  \n\t\n\n\n\n<h1 class=\"bde-heading-856-159 bde-heading\">\nThe Winter Period<br>\n<\/h1><div class=\"bde-text-856-160 bde-text\">\nOn October 15, 2018, the Hungarian government quite simply banned homelessness. What a straightforward solution\u2014how had no one thought of it before? If we ban it, they will just go home\u2026 well, unfortunately, it\u2019s not that simple\u2026<br>\n<\/div><img decoding=\"async\" class=\"bde-image2-856-161 bde-image2\" src=\"https:\/\/zade.hu\/wp-content\/uploads\/2026\/02\/Fenykep-megnyitasa-1-e1772103817276.avif\" loading=\"lazy\" sizes=\"(max-width: 283px) 100vw, 283px\"><div class=\"bde-button-856-162 bde-button\">\n    \n                        \n                        \n    \n    \n    \n    \n            \n            <button type=\"button\" class=\"button-atom button-atom--custom bde-button__button\"  >\n    \n        <span class=\"button-atom__text\">Read more!<\/span>\n\n        \n        \n            <\/button>\n    \n\n\n<\/div>\n<\/div><\/div><div class=\"bde-button-856-163 bde-button\">\n    \n                        \n                        \n    \n    \n    \n    \n            \n            <button type=\"button\" class=\"button-atom button-atom--custom bde-button__button\"  >\n    \n        <span class=\"button-atom__text\">More Articles<\/span>\n\n        \n        \n            <\/button>\n    \n\n\n<\/div><\/div>\n<\/section>","protected":false},"excerpt":{"rendered":"<p>Every day, we all encounter social differences, yet they often go unnoticed. We believe that every story matters. That is why we work together with several civil organizations to express these stories through the tools of art and share them with you through our products. Our Products Our Canvas Products Our Paper Products Alap\u00edtv\u00e1nyok Vil\u00e1gsz\u00e9p [&hellip;]<\/p>\n","protected":false},"author":6,"featured_media":0,"parent":0,"menu_order":0,"comment_status":"closed","ping_status":"closed","template":"","meta":{"_acf_changed":false,"_breakdance_hide_in_design_set":false,"_breakdance_tags":"","footnotes":""},"class_list":["post-856","page","type-page","status-publish","hentry"],"acf":[],"yoast_head":"<!-- This site is optimized with the Yoast SEO Premium plugin v27.3 (Yoast SEO v27.3) - https:\/\/yoast.com\/product\/yoast-seo-premium-wordpress\/ -->\n<title>Home page - zade.hu<\/title>\n<meta name=\"robots\" content=\"index, follow, max-snippet:-1, max-image-preview:large, max-video-preview:-1\" \/>\n<link rel=\"canonical\" href=\"https:\/\/zade.hu\/en\/\" \/>\n<meta property=\"og:locale\" content=\"en_US\" \/>\n<meta property=\"og:type\" content=\"article\" \/>\n<meta property=\"og:title\" content=\"Home page\" \/>\n<meta property=\"og:description\" content=\"Every day, we all encounter social differences, yet they often go unnoticed. We believe that every story matters. That is why we work together with several civil organizations to express these stories through the tools of art and share them with you through our products. Our Products Our Canvas Products Our Paper Products Alap\u00edtv\u00e1nyok Vil\u00e1gsz\u00e9p [&hellip;]\" \/>\n<meta property=\"og:url\" content=\"https:\/\/zade.hu\/en\/\" \/>\n<meta property=\"og:site_name\" content=\"zade.hu\" \/>\n<meta property=\"article:modified_time\" content=\"2026-03-17T11:51:41+00:00\" \/>\n<meta name=\"twitter:card\" content=\"summary_large_image\" \/>\n<meta name=\"twitter:label1\" content=\"Est. reading time\" \/>\n\t<meta name=\"twitter:data1\" content=\"6 minutes\" \/>\n<script type=\"application\/ld+json\" class=\"yoast-schema-graph\">{\"@context\":\"https:\\\/\\\/schema.org\",\"@graph\":[{\"@type\":\"WebPage\",\"@id\":\"https:\\\/\\\/zade.hu\\\/en\\\/\",\"url\":\"https:\\\/\\\/zade.hu\\\/en\\\/\",\"name\":\"Home page - zade.hu\",\"isPartOf\":{\"@id\":\"https:\\\/\\\/zade.hu\\\/en\\\/#website\"},\"datePublished\":\"2026-01-27T19:34:58+00:00\",\"dateModified\":\"2026-03-17T11:51:41+00:00\",\"breadcrumb\":{\"@id\":\"https:\\\/\\\/zade.hu\\\/en\\\/#breadcrumb\"},\"inLanguage\":\"en-US\",\"potentialAction\":[{\"@type\":\"ReadAction\",\"target\":[\"https:\\\/\\\/zade.hu\\\/en\\\/\"]}]},{\"@type\":\"BreadcrumbList\",\"@id\":\"https:\\\/\\\/zade.hu\\\/en\\\/#breadcrumb\",\"itemListElement\":[{\"@type\":\"ListItem\",\"position\":1,\"name\":\"Home\",\"item\":\"https:\\\/\\\/zade.hu\\\/en\\\/\"},{\"@type\":\"ListItem\",\"position\":2,\"name\":\"Home page\"}]},{\"@type\":\"WebSite\",\"@id\":\"https:\\\/\\\/zade.hu\\\/en\\\/#website\",\"url\":\"https:\\\/\\\/zade.hu\\\/en\\\/\",\"name\":\"zade.hu\",\"description\":\"\",\"potentialAction\":[{\"@type\":\"SearchAction\",\"target\":{\"@type\":\"EntryPoint\",\"urlTemplate\":\"https:\\\/\\\/zade.hu\\\/en\\\/?s={search_term_string}\"},\"query-input\":{\"@type\":\"PropertyValueSpecification\",\"valueRequired\":true,\"valueName\":\"search_term_string\"}}],\"inLanguage\":\"en-US\"}]}<\/script>\n<!-- \/ Yoast SEO Premium plugin. -->","yoast_head_json":{"title":"Home page - zade.hu","robots":{"index":"index","follow":"follow","max-snippet":"max-snippet:-1","max-image-preview":"max-image-preview:large","max-video-preview":"max-video-preview:-1"},"canonical":"https:\/\/zade.hu\/en\/","og_locale":"en_US","og_type":"article","og_title":"Home page","og_description":"Every day, we all encounter social differences, yet they often go unnoticed. We believe that every story matters. That is why we work together with several civil organizations to express these stories through the tools of art and share them with you through our products. Our Products Our Canvas Products Our Paper Products Alap\u00edtv\u00e1nyok Vil\u00e1gsz\u00e9p [&hellip;]","og_url":"https:\/\/zade.hu\/en\/","og_site_name":"zade.hu","article_modified_time":"2026-03-17T11:51:41+00:00","twitter_card":"summary_large_image","twitter_misc":{"Est. reading time":"6 minutes"},"schema":{"@context":"https:\/\/schema.org","@graph":[{"@type":"WebPage","@id":"https:\/\/zade.hu\/en\/","url":"https:\/\/zade.hu\/en\/","name":"Home page - zade.hu","isPartOf":{"@id":"https:\/\/zade.hu\/en\/#website"},"datePublished":"2026-01-27T19:34:58+00:00","dateModified":"2026-03-17T11:51:41+00:00","breadcrumb":{"@id":"https:\/\/zade.hu\/en\/#breadcrumb"},"inLanguage":"en-US","potentialAction":[{"@type":"ReadAction","target":["https:\/\/zade.hu\/en\/"]}]},{"@type":"BreadcrumbList","@id":"https:\/\/zade.hu\/en\/#breadcrumb","itemListElement":[{"@type":"ListItem","position":1,"name":"Home","item":"https:\/\/zade.hu\/en\/"},{"@type":"ListItem","position":2,"name":"Home page"}]},{"@type":"WebSite","@id":"https:\/\/zade.hu\/en\/#website","url":"https:\/\/zade.hu\/en\/","name":"zade.hu","description":"","potentialAction":[{"@type":"SearchAction","target":{"@type":"EntryPoint","urlTemplate":"https:\/\/zade.hu\/en\/?s={search_term_string}"},"query-input":{"@type":"PropertyValueSpecification","valueRequired":true,"valueName":"search_term_string"}}],"inLanguage":"en-US"}]}},"_links":{"self":[{"href":"https:\/\/zade.hu\/en\/wp-json\/wp\/v2\/pages\/856","targetHints":{"allow":["GET"]}}],"collection":[{"href":"https:\/\/zade.hu\/en\/wp-json\/wp\/v2\/pages"}],"about":[{"href":"https:\/\/zade.hu\/en\/wp-json\/wp\/v2\/types\/page"}],"author":[{"embeddable":true,"href":"https:\/\/zade.hu\/en\/wp-json\/wp\/v2\/users\/6"}],"replies":[{"embeddable":true,"href":"https:\/\/zade.hu\/en\/wp-json\/wp\/v2\/comments?post=856"}],"version-history":[{"count":5,"href":"https:\/\/zade.hu\/en\/wp-json\/wp\/v2\/pages\/856\/revisions"}],"predecessor-version":[{"id":1055,"href":"https:\/\/zade.hu\/en\/wp-json\/wp\/v2\/pages\/856\/revisions\/1055"}],"wp:attachment":[{"href":"https:\/\/zade.hu\/en\/wp-json\/wp\/v2\/media?parent=856"}],"curies":[{"name":"wp","href":"https:\/\/api.w.org\/{rel}","templated":true}]}}