{"id":1019,"date":"2026-02-13T13:05:58","date_gmt":"2026-02-13T13:05:58","guid":{"rendered":"https:\/\/zade.hu\/?page_id=1019"},"modified":"2026-02-16T19:31:09","modified_gmt":"2026-02-16T19:31:09","slug":"egy-sima-egy-forditott-egyesulet-az-inkluzioert","status":"publish","type":"page","link":"https:\/\/zade.hu\/hu\/egy-sima-egy-forditott-egyesulet-az-inkluzioert\/","title":{"rendered":"Egy sima egy ford\u00edtott &#8211; Egyes\u00fclet az Inkl\u00fazi\u00f3\u00e9rt"},"content":{"rendered":"<section class=\"bde-section-1019-100 bde-section\">\n  \n  \n\t\n\n\n\n<div class=\"section-container\"><h1 class=\"bde-heading-1019-101 bde-heading\">\nEgy sima egy ford\u00edtott - Egyes\u00fclet az Inkl\u00fazi\u00f3\u00e9rt\n<\/h1><h1 class=\"bde-heading-1019-102 bde-heading\">\nMisszi\u00f3nk\n<\/h1><div class=\"bde-text-1019-103 bde-text\">\nAkad\u00e1lymentes\u00edt\u00fcnk a fejekben \u00e9s a sz\u00edvekben.<br><br>Az\u00e9rt dolgozunk, hogy a k\u00f6vetkez\u0151 gener\u00e1ci\u00f3knak alapvet\u00e9s legyen a befogad\u00f3 szeml\u00e9let.<br><br>C\u00e9lunk, hogy a t\u00e1rsadalom k\u00fcl\u00f6nb\u00f6z\u0151 csoportjai - els\u0151sorban a fogyat\u00e9kos \u00e9s nemfogyat\u00e9kos emberek - k\u00e9pesek legyenek egym\u00e1ssal kapcsol\u00f3dni, k\u00f6z\u00f6ss\u00e9get \u00e9p\u00edteni, \u00e9s az \u00e9let minden ter\u00fclet\u00e9n egy\u00fcttm\u0171k\u00f6dni.<br><br>Ennek \u00e9rdek\u00e9ben mi tud\u00e1s\u00e1tad\u00e1ssal, t\u00e1mogat\u00f3 csoportok szervez\u00e9s\u00e9vel seg\u00edtj\u00fck, \u00e9s k\u00f6z\u00f6ss\u00e9gi programjainkkal inspir\u00e1ljuk \u0151ket.\n<\/div><div class=\"bde-text-1019-104 bde-text\">\nEgy apr\u00f3 gesztus is hatalmas seg\u00edts\u00e9g lehet: szem\u00e9lyi j\u00f6vedelemad\u00f3d 1%-\u00e1val te is<br>hozz\u00e1j\u00e1rulhatsz ahhoz, hogy csal\u00e1dok kapjanak er\u0151t a folytat\u00e1shoz.\n<\/div><div class=\"bde-button-1019-105 bde-button\">\n    \n                        \n                        \n    \n    \n    \n    \n            \n                    \n            \n            \n\n    \n    \n    \n    \n    \n    <a class=\"breakdance-link button-atom button-atom--custom bde-button__button\" href=\"https:\/\/www.egysimaegyforditott.com\/tamogatas-oldal\" target=\"_self\" data-type=\"url\"  >\n\n    \n        <span class=\"button-atom__text\">T\u00e1mogass minket ad\u00f3d 1%-val<\/span>\n\n        \n        \n                <\/a>\n\n    \n\n\n<\/div><img decoding=\"async\" class=\"bde-image2-1019-106 bde-image2\" src=\"https:\/\/zade.hu\/wp-content\/uploads\/2026\/02\/egyszazalek_edited.avif\" loading=\"lazy\" srcset=\"https:\/\/zade.hu\/wp-content\/uploads\/2026\/02\/egyszazalek_edited.avif 1116w, https:\/\/zade.hu\/wp-content\/uploads\/2026\/02\/egyszazalek_edited-300x232.avif 300w, https:\/\/zade.hu\/wp-content\/uploads\/2026\/02\/egyszazalek_edited-1024x791.avif 1024w, https:\/\/zade.hu\/wp-content\/uploads\/2026\/02\/egyszazalek_edited-768x593.avif 768w\" sizes=\"(max-width: 1116px) 100vw, 1116px\"><div class=\"bde-columns-1019-107 bde-columns\"><div class=\"bde-column-1019-108 bde-column\">\n  \n  \n\t\n\n\n\n<div class=\"bde-button-1019-109 bde-button\">\n    \n                        \n                        \n    \n    \n    \n    \n            \n                    \n            \n            \n\n    \n    \n    \n    \n    \n    <a class=\"breakdance-link button-atom button-atom--custom bde-button__button\" href=\"https:\/\/www.instagram.com\/egysimaegyforditott\" target=\"_self\" data-type=\"url\"  >\n\n    \n        <span class=\"button-atom__text\">Instagram<\/span>\n\n        \n        \n                <\/a>\n\n    \n\n\n<\/div>\n<\/div><div class=\"bde-column-1019-110 bde-column\">\n  \n  \n\t\n\n\n\n<div class=\"bde-button-1019-111 bde-button\">\n    \n                        \n                        \n    \n    \n    \n    \n            \n                    \n            \n            \n\n    \n    \n    \n    \n    \n    <a class=\"breakdance-link button-atom button-atom--custom bde-button__button\" href=\"https:\/\/www.facebook.com\/1sima1forditott\/\" target=\"_self\" data-type=\"url\"  >\n\n    \n        <span class=\"button-atom__text\">Facebook<\/span>\n\n        \n        \n                <\/a>\n\n    \n\n\n<\/div>\n<\/div><\/div><\/div>\n<\/section>","protected":false},"excerpt":{"rendered":"<p>Egy sima egy ford\u00edtott &#8211; Egyes\u00fclet az Inkl\u00fazi\u00f3\u00e9rt Misszi\u00f3nk Akad\u00e1lymentes\u00edt\u00fcnk a fejekben \u00e9s a sz\u00edvekben.Az\u00e9rt dolgozunk, hogy a k\u00f6vetkez\u0151 gener\u00e1ci\u00f3knak alapvet\u00e9s legyen a befogad\u00f3 szeml\u00e9let.C\u00e9lunk, hogy a t\u00e1rsadalom k\u00fcl\u00f6nb\u00f6z\u0151 csoportjai &#8211; els\u0151sorban a fogyat\u00e9kos \u00e9s nemfogyat\u00e9kos emberek &#8211; k\u00e9pesek legyenek egym\u00e1ssal kapcsol\u00f3dni, k\u00f6z\u00f6ss\u00e9get \u00e9p\u00edteni, \u00e9s az \u00e9let minden ter\u00fclet\u00e9n egy\u00fcttm\u0171k\u00f6dni.Ennek \u00e9rdek\u00e9ben mi tud\u00e1s\u00e1tad\u00e1ssal, t\u00e1mogat\u00f3 csoportok [&hellip;]<\/p>\n","protected":false},"author":6,"featured_media":0,"parent":0,"menu_order":0,"comment_status":"closed","ping_status":"closed","template":"","meta":{"_acf_changed":false,"_breakdance_hide_in_design_set":false,"_breakdance_tags":"","footnotes":""},"class_list":["post-1019","page","type-page","status-publish","hentry"],"acf":[],"yoast_head":"<!-- This site is optimized with the Yoast SEO Premium plugin v27.3 (Yoast SEO v27.3) - https:\/\/yoast.com\/product\/yoast-seo-premium-wordpress\/ -->\n<title>Egy sima egy ford\u00edtott - Egyes\u00fclet az Inkl\u00fazi\u00f3\u00e9rt - zade.hu<\/title>\n<meta name=\"robots\" content=\"index, follow, max-snippet:-1, max-image-preview:large, max-video-preview:-1\" \/>\n<link rel=\"canonical\" href=\"https:\/\/zade.hu\/hu\/egy-sima-egy-forditott-egyesulet-az-inkluzioert\/\" \/>\n<meta property=\"og:locale\" content=\"hu_HU\" \/>\n<meta property=\"og:type\" content=\"article\" \/>\n<meta property=\"og:title\" content=\"Egy sima egy ford\u00edtott - Egyes\u00fclet az Inkl\u00fazi\u00f3\u00e9rt\" \/>\n<meta property=\"og:description\" content=\"Egy sima egy ford\u00edtott - Egyes\u00fclet az Inkl\u00fazi\u00f3\u00e9rt Misszi\u00f3nk Akad\u00e1lymentes\u00edt\u00fcnk a fejekben \u00e9s a sz\u00edvekben.Az\u00e9rt dolgozunk, hogy a k\u00f6vetkez\u0151 gener\u00e1ci\u00f3knak alapvet\u00e9s legyen a befogad\u00f3 szeml\u00e9let.C\u00e9lunk, hogy a t\u00e1rsadalom k\u00fcl\u00f6nb\u00f6z\u0151 csoportjai - els\u0151sorban a fogyat\u00e9kos \u00e9s nemfogyat\u00e9kos emberek - k\u00e9pesek legyenek egym\u00e1ssal kapcsol\u00f3dni, k\u00f6z\u00f6ss\u00e9get \u00e9p\u00edteni, \u00e9s az \u00e9let minden ter\u00fclet\u00e9n egy\u00fcttm\u0171k\u00f6dni.Ennek \u00e9rdek\u00e9ben mi tud\u00e1s\u00e1tad\u00e1ssal, t\u00e1mogat\u00f3 csoportok [&hellip;]\" \/>\n<meta property=\"og:url\" content=\"https:\/\/zade.hu\/hu\/egy-sima-egy-forditott-egyesulet-az-inkluzioert\/\" \/>\n<meta property=\"og:site_name\" content=\"zade.hu\" \/>\n<meta property=\"article:modified_time\" content=\"2026-02-16T19:31:09+00:00\" \/>\n<meta name=\"twitter:card\" content=\"summary_large_image\" \/>\n<meta name=\"twitter:label1\" content=\"Becs\u00fclt olvas\u00e1si id\u0151\" \/>\n\t<meta name=\"twitter:data1\" content=\"1 perc\" \/>\n<script type=\"application\/ld+json\" class=\"yoast-schema-graph\">{\"@context\":\"https:\\\/\\\/schema.org\",\"@graph\":[{\"@type\":\"WebPage\",\"@id\":\"https:\\\/\\\/zade.hu\\\/hu\\\/egy-sima-egy-forditott-egyesulet-az-inkluzioert\\\/\",\"url\":\"https:\\\/\\\/zade.hu\\\/hu\\\/egy-sima-egy-forditott-egyesulet-az-inkluzioert\\\/\",\"name\":\"Egy sima egy ford\u00edtott - Egyes\u00fclet az Inkl\u00fazi\u00f3\u00e9rt - zade.hu\",\"isPartOf\":{\"@id\":\"https:\\\/\\\/zade.hu\\\/hu\\\/#website\"},\"datePublished\":\"2026-02-13T13:05:58+00:00\",\"dateModified\":\"2026-02-16T19:31:09+00:00\",\"breadcrumb\":{\"@id\":\"https:\\\/\\\/zade.hu\\\/hu\\\/egy-sima-egy-forditott-egyesulet-az-inkluzioert\\\/#breadcrumb\"},\"inLanguage\":\"hu\",\"potentialAction\":[{\"@type\":\"ReadAction\",\"target\":[\"https:\\\/\\\/zade.hu\\\/hu\\\/egy-sima-egy-forditott-egyesulet-az-inkluzioert\\\/\"]}]},{\"@type\":\"BreadcrumbList\",\"@id\":\"https:\\\/\\\/zade.hu\\\/hu\\\/egy-sima-egy-forditott-egyesulet-az-inkluzioert\\\/#breadcrumb\",\"itemListElement\":[{\"@type\":\"ListItem\",\"position\":1,\"name\":\"Home\",\"item\":\"https:\\\/\\\/zade.hu\\\/hu\\\/\"},{\"@type\":\"ListItem\",\"position\":2,\"name\":\"Egy sima egy ford\u00edtott &#8211; Egyes\u00fclet az Inkl\u00fazi\u00f3\u00e9rt\"}]},{\"@type\":\"WebSite\",\"@id\":\"https:\\\/\\\/zade.hu\\\/hu\\\/#website\",\"url\":\"https:\\\/\\\/zade.hu\\\/hu\\\/\",\"name\":\"zade.hu\",\"description\":\"\",\"potentialAction\":[{\"@type\":\"SearchAction\",\"target\":{\"@type\":\"EntryPoint\",\"urlTemplate\":\"https:\\\/\\\/zade.hu\\\/hu\\\/?s={search_term_string}\"},\"query-input\":{\"@type\":\"PropertyValueSpecification\",\"valueRequired\":true,\"valueName\":\"search_term_string\"}}],\"inLanguage\":\"hu\"}]}<\/script>\n<!-- \/ Yoast SEO Premium plugin. -->","yoast_head_json":{"title":"Egy sima egy ford\u00edtott - Egyes\u00fclet az Inkl\u00fazi\u00f3\u00e9rt - zade.hu","robots":{"index":"index","follow":"follow","max-snippet":"max-snippet:-1","max-image-preview":"max-image-preview:large","max-video-preview":"max-video-preview:-1"},"canonical":"https:\/\/zade.hu\/hu\/egy-sima-egy-forditott-egyesulet-az-inkluzioert\/","og_locale":"hu_HU","og_type":"article","og_title":"Egy sima egy ford\u00edtott - Egyes\u00fclet az Inkl\u00fazi\u00f3\u00e9rt","og_description":"Egy sima egy ford\u00edtott - Egyes\u00fclet az Inkl\u00fazi\u00f3\u00e9rt Misszi\u00f3nk Akad\u00e1lymentes\u00edt\u00fcnk a fejekben \u00e9s a sz\u00edvekben.Az\u00e9rt dolgozunk, hogy a k\u00f6vetkez\u0151 gener\u00e1ci\u00f3knak alapvet\u00e9s legyen a befogad\u00f3 szeml\u00e9let.C\u00e9lunk, hogy a t\u00e1rsadalom k\u00fcl\u00f6nb\u00f6z\u0151 csoportjai - els\u0151sorban a fogyat\u00e9kos \u00e9s nemfogyat\u00e9kos emberek - k\u00e9pesek legyenek egym\u00e1ssal kapcsol\u00f3dni, k\u00f6z\u00f6ss\u00e9get \u00e9p\u00edteni, \u00e9s az \u00e9let minden ter\u00fclet\u00e9n egy\u00fcttm\u0171k\u00f6dni.Ennek \u00e9rdek\u00e9ben mi tud\u00e1s\u00e1tad\u00e1ssal, t\u00e1mogat\u00f3 csoportok [&hellip;]","og_url":"https:\/\/zade.hu\/hu\/egy-sima-egy-forditott-egyesulet-az-inkluzioert\/","og_site_name":"zade.hu","article_modified_time":"2026-02-16T19:31:09+00:00","twitter_card":"summary_large_image","twitter_misc":{"Becs\u00fclt olvas\u00e1si id\u0151":"1 perc"},"schema":{"@context":"https:\/\/schema.org","@graph":[{"@type":"WebPage","@id":"https:\/\/zade.hu\/hu\/egy-sima-egy-forditott-egyesulet-az-inkluzioert\/","url":"https:\/\/zade.hu\/hu\/egy-sima-egy-forditott-egyesulet-az-inkluzioert\/","name":"Egy sima egy ford\u00edtott - Egyes\u00fclet az Inkl\u00fazi\u00f3\u00e9rt - zade.hu","isPartOf":{"@id":"https:\/\/zade.hu\/hu\/#website"},"datePublished":"2026-02-13T13:05:58+00:00","dateModified":"2026-02-16T19:31:09+00:00","breadcrumb":{"@id":"https:\/\/zade.hu\/hu\/egy-sima-egy-forditott-egyesulet-az-inkluzioert\/#breadcrumb"},"inLanguage":"hu","potentialAction":[{"@type":"ReadAction","target":["https:\/\/zade.hu\/hu\/egy-sima-egy-forditott-egyesulet-az-inkluzioert\/"]}]},{"@type":"BreadcrumbList","@id":"https:\/\/zade.hu\/hu\/egy-sima-egy-forditott-egyesulet-az-inkluzioert\/#breadcrumb","itemListElement":[{"@type":"ListItem","position":1,"name":"Home","item":"https:\/\/zade.hu\/hu\/"},{"@type":"ListItem","position":2,"name":"Egy sima egy ford\u00edtott &#8211; Egyes\u00fclet az Inkl\u00fazi\u00f3\u00e9rt"}]},{"@type":"WebSite","@id":"https:\/\/zade.hu\/hu\/#website","url":"https:\/\/zade.hu\/hu\/","name":"zade.hu","description":"","potentialAction":[{"@type":"SearchAction","target":{"@type":"EntryPoint","urlTemplate":"https:\/\/zade.hu\/hu\/?s={search_term_string}"},"query-input":{"@type":"PropertyValueSpecification","valueRequired":true,"valueName":"search_term_string"}}],"inLanguage":"hu"}]}},"_links":{"self":[{"href":"https:\/\/zade.hu\/hu\/wp-json\/wp\/v2\/pages\/1019","targetHints":{"allow":["GET"]}}],"collection":[{"href":"https:\/\/zade.hu\/hu\/wp-json\/wp\/v2\/pages"}],"about":[{"href":"https:\/\/zade.hu\/hu\/wp-json\/wp\/v2\/types\/page"}],"author":[{"embeddable":true,"href":"https:\/\/zade.hu\/hu\/wp-json\/wp\/v2\/users\/6"}],"replies":[{"embeddable":true,"href":"https:\/\/zade.hu\/hu\/wp-json\/wp\/v2\/comments?post=1019"}],"version-history":[{"count":5,"href":"https:\/\/zade.hu\/hu\/wp-json\/wp\/v2\/pages\/1019\/revisions"}],"predecessor-version":[{"id":1037,"href":"https:\/\/zade.hu\/hu\/wp-json\/wp\/v2\/pages\/1019\/revisions\/1037"}],"wp:attachment":[{"href":"https:\/\/zade.hu\/hu\/wp-json\/wp\/v2\/media?parent=1019"}],"curies":[{"name":"wp","href":"https:\/\/api.w.org\/{rel}","templated":true}]}}