{"id":102,"date":"2025-10-29T14:16:50","date_gmt":"2025-10-29T14:16:50","guid":{"rendered":"https:\/\/zade.hu\/?page_id=102"},"modified":"2025-12-04T07:38:50","modified_gmt":"2025-12-04T07:38:50","slug":"vaszon-termekeink","status":"publish","type":"page","link":"https:\/\/zade.hu\/hu\/vaszon-termekeink\/","title":{"rendered":"V\u00e1szon term\u00e9keink"},"content":{"rendered":"<section class=\"bde-section-102-100 bde-section\">\n  \n  \n\t\n\n\n\n<div class=\"section-container\"><h1 class=\"bde-heading-102-103 bde-heading\">\nV\u00e1szon term\u00e9keink\n<\/h1><div class=\"bde-image-accordion-102-102 bde-image-accordion\">\n\n  \n    \n    <div class=\"ee-image-accordion-item ee-image-accordion-item-1\">\n\n                            \n            \n            \n\n    \n    \n    \n    \n    \n    <a class=\"breakdance-link ee-image-accordion-link\" href=\"https:\/\/zade.hu\/atveteli-pontok\/\" target=\"_self\" data-type=\"url\" aria-label=\"K\u00e9k p\u00f3l\u00f3\" >\n    <\/a>\n\n            \n       \n\n                    \n                      <div class=\"ee-image-accordion-content-item ee-image-accordion-title\" >K\u00e9k p\u00f3l\u00f3<\/div>\n          \n                      <div class=\"ee-image-accordion-content-item ee-image-accordion-desc\"  >5500 Ft<\/div>\n          \n      \n                    <img loading=\"lazy\" decoding=\"async\" class=\"breakdance-image-object\" src=\"https:\/\/zade.hu\/wp-content\/uploads\/2025\/12\/szonja-kek-300x200.avif\" width=\"300\" height=\"200\" srcset=\"https:\/\/zade.hu\/wp-content\/uploads\/2025\/12\/szonja-kek-scaled.avif 2560w, https:\/\/zade.hu\/wp-content\/uploads\/2025\/12\/szonja-kek-300x200.avif 300w, https:\/\/zade.hu\/wp-content\/uploads\/2025\/12\/szonja-kek-1024x683.avif 1024w, https:\/\/zade.hu\/wp-content\/uploads\/2025\/12\/szonja-kek-768x512.avif 768w, https:\/\/zade.hu\/wp-content\/uploads\/2025\/12\/szonja-kek-1536x1024.avif 1536w, https:\/\/zade.hu\/wp-content\/uploads\/2025\/12\/szonja-kek-2048x1365.avif 2048w\" sizes=\"auto, (max-width: 2560px) 100vw, 2560px\">\n        \n    <\/div>\n\n  \n    \n    <div class=\"ee-image-accordion-item ee-image-accordion-item-2\">\n\n                            \n            \n            \n\n    \n    \n    \n    \n    \n    <a class=\"breakdance-link ee-image-accordion-link\" href=\"https:\/\/zade.hu\/atveteli-pontok\/\" target=\"_self\" data-type=\"url\" aria-label=\"S\u00e1rga p\u00f3l\u00f3\" >\n    <\/a>\n\n            \n       \n\n                    \n                      <div class=\"ee-image-accordion-content-item ee-image-accordion-title\" >S\u00e1rga p\u00f3l\u00f3<\/div>\n          \n                      <div class=\"ee-image-accordion-content-item ee-image-accordion-desc\"  >5500 Ft<\/div>\n          \n      \n                    <img loading=\"lazy\" decoding=\"async\" class=\"breakdance-image-object\" src=\"https:\/\/zade.hu\/wp-content\/uploads\/2025\/12\/aaaaaaarooooooon-scaled.avif\" width=\"2560\" height=\"1707\" srcset=\"https:\/\/zade.hu\/wp-content\/uploads\/2025\/12\/aaaaaaarooooooon-scaled.avif 2560w, https:\/\/zade.hu\/wp-content\/uploads\/2025\/12\/aaaaaaarooooooon-300x200.avif 300w, https:\/\/zade.hu\/wp-content\/uploads\/2025\/12\/aaaaaaarooooooon-1024x683.avif 1024w, https:\/\/zade.hu\/wp-content\/uploads\/2025\/12\/aaaaaaarooooooon-768x512.avif 768w, https:\/\/zade.hu\/wp-content\/uploads\/2025\/12\/aaaaaaarooooooon-1536x1024.avif 1536w, https:\/\/zade.hu\/wp-content\/uploads\/2025\/12\/aaaaaaarooooooon-2048x1365.avif 2048w\" sizes=\"auto, (max-width: 2560px) 100vw, 2560px\">\n        \n    <\/div>\n\n  \n    \n    <div class=\"ee-image-accordion-item ee-image-accordion-item-3\">\n\n                            \n            \n            \n\n    \n    \n    \n    \n    \n    <a class=\"breakdance-link ee-image-accordion-link\" href=\"https:\/\/zade.hu\/atveteli-pontok\/\" target=\"_self\" data-type=\"url\" aria-label=\"R\u00f3zsasz\u00edn p\u00f3l\u00f3\" >\n    <\/a>\n\n            \n       \n\n                    \n                      <div class=\"ee-image-accordion-content-item ee-image-accordion-title\" >R\u00f3zsasz\u00edn p\u00f3l\u00f3<\/div>\n          \n                      <div class=\"ee-image-accordion-content-item ee-image-accordion-desc\"  >5500 Ft<\/div>\n          \n      \n                    <img loading=\"lazy\" decoding=\"async\" class=\"breakdance-image-object\" src=\"https:\/\/zade.hu\/wp-content\/uploads\/2025\/12\/Szonja-rozsaszin-scaled.avif\" width=\"2560\" height=\"1707\" srcset=\"https:\/\/zade.hu\/wp-content\/uploads\/2025\/12\/Szonja-rozsaszin-scaled.avif 2560w, https:\/\/zade.hu\/wp-content\/uploads\/2025\/12\/Szonja-rozsaszin-300x200.avif 300w, https:\/\/zade.hu\/wp-content\/uploads\/2025\/12\/Szonja-rozsaszin-1024x683.avif 1024w, https:\/\/zade.hu\/wp-content\/uploads\/2025\/12\/Szonja-rozsaszin-768x512.avif 768w, https:\/\/zade.hu\/wp-content\/uploads\/2025\/12\/Szonja-rozsaszin-1536x1024.avif 1536w, https:\/\/zade.hu\/wp-content\/uploads\/2025\/12\/Szonja-rozsaszin-2048x1365.avif 2048w\" sizes=\"auto, (max-width: 2560px) 100vw, 2560px\">\n        \n    <\/div>\n\n  \n    \n    <div class=\"ee-image-accordion-item ee-image-accordion-item-4\">\n\n                            \n            \n            \n\n    \n    \n    \n    \n    \n    <a class=\"breakdance-link ee-image-accordion-link\" href=\"https:\/\/zade.hu\/atveteli-pontok\/\" target=\"_self\" data-type=\"url\" aria-label=\"V\u00e1szont\u00e1ska\" >\n    <\/a>\n\n            \n       \n\n                    \n                      <div class=\"ee-image-accordion-content-item ee-image-accordion-title\" >V\u00e1szont\u00e1ska<\/div>\n          \n                      <div class=\"ee-image-accordion-content-item ee-image-accordion-desc\"  >3500 Ft<\/div>\n          \n      \n                    <img loading=\"lazy\" decoding=\"async\" class=\"breakdance-image-object\" src=\"https:\/\/zade.hu\/wp-content\/uploads\/2025\/12\/IMG_6248-scaled.avif\" width=\"2560\" height=\"1707\" srcset=\"https:\/\/zade.hu\/wp-content\/uploads\/2025\/12\/IMG_6248-scaled.avif 2560w, https:\/\/zade.hu\/wp-content\/uploads\/2025\/12\/IMG_6248-300x200.avif 300w, https:\/\/zade.hu\/wp-content\/uploads\/2025\/12\/IMG_6248-1024x683.avif 1024w, https:\/\/zade.hu\/wp-content\/uploads\/2025\/12\/IMG_6248-768x512.avif 768w, https:\/\/zade.hu\/wp-content\/uploads\/2025\/12\/IMG_6248-1536x1024.avif 1536w, https:\/\/zade.hu\/wp-content\/uploads\/2025\/12\/IMG_6248-2048x1365.avif 2048w\" sizes=\"auto, (max-width: 2560px) 100vw, 2560px\">\n        \n    <\/div>\n\n  <\/div><div class=\"bde-button-102-104 bde-button\">\n    \n                        \n                        \n    \n    \n    \n    \n            \n                    \n            \n            \n\n    \n    \n    \n    \n    \n    <a class=\"breakdance-link button-atom button-atom--custom bde-button__button\" href=\"https:\/\/zade.hu\/atveteli-pontok\/\" target=\"_self\" data-type=\"url\"  >\n\n    \n        <span class=\"button-atom__text\">\u00c1tv\u00e9teli pontok<\/span>\n\n        \n        \n                <\/a>\n\n    \n\n\n<\/div><\/div>\n<\/section>","protected":false},"excerpt":{"rendered":"<p>V\u00e1szon term\u00e9keink K\u00e9k p\u00f3l\u00f3 5500 Ft S\u00e1rga p\u00f3l\u00f3 5500 Ft R\u00f3zsasz\u00edn p\u00f3l\u00f3 5500 Ft V\u00e1szont\u00e1ska 3500 Ft \u00c1tv\u00e9teli pontok<\/p>\n","protected":false},"author":6,"featured_media":0,"parent":0,"menu_order":0,"comment_status":"closed","ping_status":"closed","template":"","meta":{"_acf_changed":false,"_breakdance_hide_in_design_set":false,"_breakdance_tags":"","footnotes":""},"class_list":["post-102","page","type-page","status-publish","hentry"],"acf":[],"yoast_head":"<!-- This site is optimized with the Yoast SEO Premium plugin v27.3 (Yoast SEO v27.3) - https:\/\/yoast.com\/product\/yoast-seo-premium-wordpress\/ -->\n<title>V\u00e1szon term\u00e9keink - zade.hu<\/title>\n<meta name=\"robots\" content=\"index, follow, max-snippet:-1, max-image-preview:large, max-video-preview:-1\" \/>\n<link rel=\"canonical\" href=\"https:\/\/zade.hu\/hu\/vaszon-termekeink\/\" \/>\n<meta property=\"og:locale\" content=\"hu_HU\" \/>\n<meta property=\"og:type\" content=\"article\" \/>\n<meta property=\"og:title\" content=\"V\u00e1szon term\u00e9keink\" \/>\n<meta property=\"og:description\" content=\"V\u00e1szon term\u00e9keink K\u00e9k p\u00f3l\u00f3 5500 Ft S\u00e1rga p\u00f3l\u00f3 5500 Ft R\u00f3zsasz\u00edn p\u00f3l\u00f3 5500 Ft V\u00e1szont\u00e1ska 3500 Ft \u00c1tv\u00e9teli pontok\" \/>\n<meta property=\"og:url\" content=\"https:\/\/zade.hu\/hu\/vaszon-termekeink\/\" \/>\n<meta property=\"og:site_name\" content=\"zade.hu\" \/>\n<meta property=\"article:modified_time\" content=\"2025-12-04T07:38:50+00:00\" \/>\n<meta name=\"twitter:card\" content=\"summary_large_image\" \/>\n<meta name=\"twitter:label1\" content=\"Becs\u00fclt olvas\u00e1si id\u0151\" \/>\n\t<meta name=\"twitter:data1\" content=\"1 perc\" \/>\n<script type=\"application\/ld+json\" class=\"yoast-schema-graph\">{\"@context\":\"https:\\\/\\\/schema.org\",\"@graph\":[{\"@type\":\"WebPage\",\"@id\":\"https:\\\/\\\/zade.hu\\\/hu\\\/vaszon-termekeink\\\/\",\"url\":\"https:\\\/\\\/zade.hu\\\/hu\\\/vaszon-termekeink\\\/\",\"name\":\"V\u00e1szon term\u00e9keink - zade.hu\",\"isPartOf\":{\"@id\":\"https:\\\/\\\/zade.hu\\\/hu\\\/#website\"},\"datePublished\":\"2025-10-29T14:16:50+00:00\",\"dateModified\":\"2025-12-04T07:38:50+00:00\",\"breadcrumb\":{\"@id\":\"https:\\\/\\\/zade.hu\\\/hu\\\/vaszon-termekeink\\\/#breadcrumb\"},\"inLanguage\":\"hu\",\"potentialAction\":[{\"@type\":\"ReadAction\",\"target\":[\"https:\\\/\\\/zade.hu\\\/hu\\\/vaszon-termekeink\\\/\"]}]},{\"@type\":\"BreadcrumbList\",\"@id\":\"https:\\\/\\\/zade.hu\\\/hu\\\/vaszon-termekeink\\\/#breadcrumb\",\"itemListElement\":[{\"@type\":\"ListItem\",\"position\":1,\"name\":\"Home\",\"item\":\"https:\\\/\\\/zade.hu\\\/hu\\\/\"},{\"@type\":\"ListItem\",\"position\":2,\"name\":\"V\u00e1szon term\u00e9keink\"}]},{\"@type\":\"WebSite\",\"@id\":\"https:\\\/\\\/zade.hu\\\/hu\\\/#website\",\"url\":\"https:\\\/\\\/zade.hu\\\/hu\\\/\",\"name\":\"zade.hu\",\"description\":\"\",\"potentialAction\":[{\"@type\":\"SearchAction\",\"target\":{\"@type\":\"EntryPoint\",\"urlTemplate\":\"https:\\\/\\\/zade.hu\\\/hu\\\/?s={search_term_string}\"},\"query-input\":{\"@type\":\"PropertyValueSpecification\",\"valueRequired\":true,\"valueName\":\"search_term_string\"}}],\"inLanguage\":\"hu\"}]}<\/script>\n<!-- \/ Yoast SEO Premium plugin. -->","yoast_head_json":{"title":"V\u00e1szon term\u00e9keink - zade.hu","robots":{"index":"index","follow":"follow","max-snippet":"max-snippet:-1","max-image-preview":"max-image-preview:large","max-video-preview":"max-video-preview:-1"},"canonical":"https:\/\/zade.hu\/hu\/vaszon-termekeink\/","og_locale":"hu_HU","og_type":"article","og_title":"V\u00e1szon term\u00e9keink","og_description":"V\u00e1szon term\u00e9keink K\u00e9k p\u00f3l\u00f3 5500 Ft S\u00e1rga p\u00f3l\u00f3 5500 Ft R\u00f3zsasz\u00edn p\u00f3l\u00f3 5500 Ft V\u00e1szont\u00e1ska 3500 Ft \u00c1tv\u00e9teli pontok","og_url":"https:\/\/zade.hu\/hu\/vaszon-termekeink\/","og_site_name":"zade.hu","article_modified_time":"2025-12-04T07:38:50+00:00","twitter_card":"summary_large_image","twitter_misc":{"Becs\u00fclt olvas\u00e1si id\u0151":"1 perc"},"schema":{"@context":"https:\/\/schema.org","@graph":[{"@type":"WebPage","@id":"https:\/\/zade.hu\/hu\/vaszon-termekeink\/","url":"https:\/\/zade.hu\/hu\/vaszon-termekeink\/","name":"V\u00e1szon term\u00e9keink - zade.hu","isPartOf":{"@id":"https:\/\/zade.hu\/hu\/#website"},"datePublished":"2025-10-29T14:16:50+00:00","dateModified":"2025-12-04T07:38:50+00:00","breadcrumb":{"@id":"https:\/\/zade.hu\/hu\/vaszon-termekeink\/#breadcrumb"},"inLanguage":"hu","potentialAction":[{"@type":"ReadAction","target":["https:\/\/zade.hu\/hu\/vaszon-termekeink\/"]}]},{"@type":"BreadcrumbList","@id":"https:\/\/zade.hu\/hu\/vaszon-termekeink\/#breadcrumb","itemListElement":[{"@type":"ListItem","position":1,"name":"Home","item":"https:\/\/zade.hu\/hu\/"},{"@type":"ListItem","position":2,"name":"V\u00e1szon term\u00e9keink"}]},{"@type":"WebSite","@id":"https:\/\/zade.hu\/hu\/#website","url":"https:\/\/zade.hu\/hu\/","name":"zade.hu","description":"","potentialAction":[{"@type":"SearchAction","target":{"@type":"EntryPoint","urlTemplate":"https:\/\/zade.hu\/hu\/?s={search_term_string}"},"query-input":{"@type":"PropertyValueSpecification","valueRequired":true,"valueName":"search_term_string"}}],"inLanguage":"hu"}]}},"_links":{"self":[{"href":"https:\/\/zade.hu\/hu\/wp-json\/wp\/v2\/pages\/102","targetHints":{"allow":["GET"]}}],"collection":[{"href":"https:\/\/zade.hu\/hu\/wp-json\/wp\/v2\/pages"}],"about":[{"href":"https:\/\/zade.hu\/hu\/wp-json\/wp\/v2\/types\/page"}],"author":[{"embeddable":true,"href":"https:\/\/zade.hu\/hu\/wp-json\/wp\/v2\/users\/6"}],"replies":[{"embeddable":true,"href":"https:\/\/zade.hu\/hu\/wp-json\/wp\/v2\/comments?post=102"}],"version-history":[{"count":5,"href":"https:\/\/zade.hu\/hu\/wp-json\/wp\/v2\/pages\/102\/revisions"}],"predecessor-version":[{"id":687,"href":"https:\/\/zade.hu\/hu\/wp-json\/wp\/v2\/pages\/102\/revisions\/687"}],"wp:attachment":[{"href":"https:\/\/zade.hu\/hu\/wp-json\/wp\/v2\/media?parent=102"}],"curies":[{"name":"wp","href":"https:\/\/api.w.org\/{rel}","templated":true}]}}