{"id":1060,"date":"2026-03-04T18:59:08","date_gmt":"2026-03-04T18:59:08","guid":{"rendered":"https:\/\/zade.hu\/?page_id=1060"},"modified":"2026-03-17T11:44:59","modified_gmt":"2026-03-17T11:44:59","slug":"a-budapesti-pride-tortenete","status":"publish","type":"page","link":"https:\/\/zade.hu\/hu\/a-budapesti-pride-tortenete\/","title":{"rendered":"A budapesti pride t\u00f6rt\u00e9nete"},"content":{"rendered":"<section class=\"bde-section-1060-100 bde-section\">\n  \n  \n\t\n\n\n\n<div class=\"section-container\"><h1 class=\"bde-heading-1060-101 bde-heading\">\nA budapesti pride t\u00f6rt\u00e9nete\n<\/h1><div class=\"bde-text-1060-102 bde-text\">\nAki akarta, aki nem, hallott a tavalyi Budapest-Pride-r\u00f3l, l\u00e1tta a m\u00e1ra elh\u00edres\u00fclt k\u00e9pet, amin a becsl\u00e9sek szerinti 470 ezer ember megt\u00f6lti az Erzs\u00e9bet hidat. Ennyi ember gy\u0171lt \u00f6ssze \u2013 a minisztereln\u00f6k \u201ebetilt\u00e1sa\u201d ellen\u00e9ben is - tavaly j\u00fanius 28-\u00e1n. Magyarorsz\u00e1gi rekordot d\u00f6nt\u00f6tt ez a l\u00e9tsz\u00e1m, hiszen a kor\u00e1bbi \u00e9vekben 40 ezer fel\u00e9 nem ment a l\u00e9tsz\u00e1m. B\u00e1r sokan a gy\u00fclekez\u00e9si jog korl\u00e1toz\u00e1sa elleni tiltakoz\u00e1sk\u00e9nt mentek ki, kor\u00e1ntsem csak ez\u00e9rt fontos a Pride. De akkor mi\u00e9rt ennyire jelent\u0151s ez? Magyarorsz\u00e1gon jelenleg az LMBTQ+ k\u00f6z\u00f6ss\u00e9g tagjai nem egyenl\u0151k\u00e9nt vannak kezelve sem a jog, sem az \u00e1tlagember \u00e1ltal. P\u00e1rok nem h\u00e1zasodhatnak, ami azt eredm\u00e9nyezi, hogy nem fogadhatnak \u00f6r\u00f6kbe gyermeket; emellett nap mint nap tapasztalnak \u00edt\u00e9lkez\u00e9st \u00e9s ut\u00e1lkoz\u00e1st csup\u00e1n szexu\u00e1lis orient\u00e1ci\u00f3juk miatt. \u00c9ppen ez\u00e9rt elk\u00e9pzelhetetlen\u00fcl fontos a Pride. Az \u00e9vben ez az egyetlen egy nap, ahol az LMBTQ+ k\u00f6z\u00f6ss\u00e9g igaz\u00e1n \u00f6nmaga lehet, \u00e9s felv\u00e1llalhatj\u00e1k azt, hogy igen, m\u00e1sok \u00e9s igen, jelen vannak, \u00e9s ugyanannyira a t\u00e1rsadalom egyenl\u0151 tagjai, mint mindenki m\u00e1s.  <br><br>A Budapest Pride t\u00f6rt\u00e9nete eredetileg n\u00e9h\u00e1ny ELTE-s di\u00e1k \u00e1ltal indult, amikor is megszervezt\u00e9k a Pink Pikniket- egy titkos, a 90\u2019es \u00e9vek elej\u00e9n megtartott gy\u0171l\u00e9s sorozatot. Kicsi, r\u00f3zsasz\u00edn, turistajelz\u00e9s szer\u0171 h\u00e1romsz\u00f6gek seg\u00edts\u00e9g\u00e9vel lehetett megtal\u00e1lni a helysz\u00ednt, ahol k\u00f6r\u00fclbel\u00fcl 300-400 ember gy\u0171lt \u00f6ssze. A fiatalok zen\u00e9ltek, besz\u00e9lgettek, filmeket vet\u00edtettek. Viszont ez m\u00e9g mindig egy z\u00e1rtk\u00f6r\u0171 esem\u00e9ny volt, hirdet\u00e9s n\u00e9lk\u00fcl, \u00e9s csak az tudott r\u00f3la, aki ezekben a k\u00f6r\u00f6kben mozgott. <br><br>Az els\u0151 LMBTQ-fesztiv\u00e1lra 1997-ben ker\u00fclt sor, ahol a t\u00e9m\u00e1ba v\u00e1g\u00f3 filmeket vet\u00edtettek- Kelet-Eur\u00f3p\u00e1ban ez volt az els\u0151 ilyen rendezv\u00e9ny. N\u00e9h\u00e1ny ember kezdem\u00e9nyez\u00e9se \u00e1ltal ez egy kis felvonul\u00e1ss\u00e1 alakult, a Capella Caf\u00e9t\u00f3l indulva. Hab\u00e1r akkor m\u00e9g csak 300 ember vett r\u00e9szt, \u00edgy is hatalmas visszhangot keltett m\u00e9di\u00e1ban.  <br><br>Az els\u0151 ellent\u00fcntet\u0151 1998-ban a m\u00e1ra elh\u00edres\u00fclt t\u00e1bl\u00e1val, rajta \u201eBuzi Go Home!\u201d felirattal jelent meg, \u00e1m ez nem \u00edgy t\u00f6rt\u00e9nt- maradtak, \u00e9s b\u00e9k\u00e9sen lefolyt a m\u00e1sodik felvonul\u00e1s is. A k\u00e9tezres \u00e9vekben sz\u00e1mos er\u0151szakos mozzanat is volt, 2008-ban a felvonul\u00e1st t\u00e1mad\u00e1s \u00e9rte- toj\u00e1sokat, pet\u00e1rd\u00e1kat, k\u00f6veket dob\u00e1ltak be a t\u00f6megbe, t\u00f6bbeket szagos savval locsoltak le, \u00e1m szerencs\u00e9re senkinek nem esett komolyabb baja. Az ellent\u00fcntet\u0151k sajnos elhanyagolhatatlan r\u00e9szei a felvonul\u00e1snak, \u00e1m \u00e9vek \u00f3ta nem t\u00f6rt\u00e9nt er\u0151szakos eset - aminek \u00f6r\u00fclhet\u00fcnk, b\u00e1r egy ide\u00e1lis t\u00e1rsadalomban sz\u00f3ba se j\u00f6hetn\u00e9nek az ellent\u00fcntet\u0151k - nemhogy a t\u00e1mad\u00e1sok. <br><br>Az esem\u00e9nyt 2009-ben vette fel a Budapest Pride nevet, \u00e9s abban az \u00e9vben vezett\u00e9k be el\u0151sz\u00f6r a kordonokat- a m\u00faltb\u00e9li atrocit\u00e1sok elker\u00fcl\u00e9se \u00e9rdek\u00e9ben. <br><br>A 2010-es \u00e9vekben a fesztiv\u00e1l politikai t\u00e1mogatotts\u00e1ga \u00e9s l\u00e9tsz\u00e1ma egyre csak n\u0151tt, \u00e9s nemzeti figyelmet is kapott. Whoopi Goldberg- Oscar-d\u00edjas sz\u00edn\u00e9szn\u0151- \u00fczent a felvonul\u00f3knak, emellett tizenh\u00e1rom nagyk\u00f6vets\u00e9g, az Eur\u00f3pai tan\u00e1cs is kifejezte a Magyarorsz\u00e1gon \u00e9l\u0151 LMBTQ+ emberek t\u00e1mogat\u00e1s\u00e1t. 2017-t\u0151l kordonok n\u00e9lk\u00fcl, \u00e9l\u0151 biztos\u00edt\u00e1ssal folyt le a felvonul\u00e1s k\u00f6zel t\u00edz \u00e9v ut\u00e1n- \u00edgy b\u00e1rki tudott csatlakozni az \u00fatvonal b\u00e1rmelyik pontj\u00e1n. <br><br>A vil\u00e1gj\u00e1rv\u00e1ny sem \u00e1ll\u00edtotta meg a magyar Pride-ot. Online tartott\u00e1k meg persze a COVID alatt, 2020-ban. Kor\u00e1bbi \u00e9vek hangulatvide\u00f3it lehetett megtekinteni, emellett sz\u00e1mos ember mondott besz\u00e9det. A legforradalmibb \u00e9v egyel\u0151re 2025 volt. T\u00f6bb, mint t\u00edzszer annyi ember jelent meg, mint az addigi id\u0151k legmagasabb l\u00e9tsz\u00e1ma. \u00c9s ez minden rem\u00e9nnyel minden \u00e9vben \u00edgy is marad, hiszen ak\u00e1rmennyire pr\u00f3b\u00e1lja meg a jelenlegi rendszer elrettenteni a t\u00e1rsadalmat az LMBTQ+ k\u00f6z\u00f6ss\u00e9gt\u0151l, ak\u00e1rmennyire pr\u00f3b\u00e1lja meg r\u00e1h\u00fazni a gyermekv\u00e9delem bor\u00edt\u00f3j\u00e1ra a saj\u00e1t korl\u00e1tozotts\u00e1g\u00e1t - nem fog menni. Hiszen a gy\u00fclekez\u00e9si szabads\u00e1got soha semmilyen m\u00f3don betiltani, megsz\u0171ntetni nem lehet.  <br><br> <br><br>Forr\u00e1sok: <br><br>https:\/\/refresher.hu\/9106-Egy-haromszaz-fos-piknikbol-tobb-tizezres-tomeg-a-Budapest-Pride-Felvonulas-tortenete <br><br>https:\/\/hu.wikipedia.org\/wiki\/Budapest_Pride <br><br>https:\/\/budapestpride.hu\/tortenetunk\/ \n<\/div><img decoding=\"async\" class=\"bde-image2-1060-103 bde-image2\" src=\"https:\/\/zade.hu\/wp-content\/uploads\/2026\/03\/Kep-2.avif\" loading=\"lazy\" srcset=\"https:\/\/zade.hu\/wp-content\/uploads\/2026\/03\/Kep-2.avif 633w, https:\/\/zade.hu\/wp-content\/uploads\/2026\/03\/Kep-2-300x96.avif 300w\" sizes=\"(max-width: 633px) 100vw, 633px\"><\/div>\n<\/section>","protected":false},"excerpt":{"rendered":"<p>A budapesti pride t\u00f6rt\u00e9nete Aki akarta, aki nem, hallott a tavalyi Budapest-Pride-r\u00f3l, l\u00e1tta a m\u00e1ra elh\u00edres\u00fclt k\u00e9pet, amin a becsl\u00e9sek szerinti 470 ezer ember megt\u00f6lti az Erzs\u00e9bet hidat. Ennyi ember gy\u0171lt \u00f6ssze \u2013 a minisztereln\u00f6k \u201ebetilt\u00e1sa\u201d ellen\u00e9ben is &#8211; tavaly j\u00fanius 28-\u00e1n. Magyarorsz\u00e1gi rekordot d\u00f6nt\u00f6tt ez a l\u00e9tsz\u00e1m, hiszen a kor\u00e1bbi \u00e9vekben 40 ezer fel\u00e9 [&hellip;]<\/p>\n","protected":false},"author":6,"featured_media":0,"parent":0,"menu_order":0,"comment_status":"closed","ping_status":"closed","template":"","meta":{"_acf_changed":false,"_breakdance_hide_in_design_set":false,"_breakdance_tags":"","footnotes":""},"class_list":["post-1060","page","type-page","status-publish","hentry"],"acf":[],"yoast_head":"<!-- This site is optimized with the Yoast SEO Premium plugin v27.3 (Yoast SEO v27.3) - https:\/\/yoast.com\/product\/yoast-seo-premium-wordpress\/ -->\n<title>A budapesti pride t\u00f6rt\u00e9nete - zade.hu<\/title>\n<meta name=\"robots\" content=\"index, follow, max-snippet:-1, max-image-preview:large, max-video-preview:-1\" \/>\n<link rel=\"canonical\" href=\"https:\/\/zade.hu\/hu\/a-budapesti-pride-tortenete\/\" \/>\n<meta property=\"og:locale\" content=\"hu_HU\" \/>\n<meta property=\"og:type\" content=\"article\" \/>\n<meta property=\"og:title\" content=\"A budapesti pride t\u00f6rt\u00e9nete\" \/>\n<meta property=\"og:description\" content=\"A budapesti pride t\u00f6rt\u00e9nete Aki akarta, aki nem, hallott a tavalyi Budapest-Pride-r\u00f3l, l\u00e1tta a m\u00e1ra elh\u00edres\u00fclt k\u00e9pet, amin a becsl\u00e9sek szerinti 470 ezer ember megt\u00f6lti az Erzs\u00e9bet hidat. Ennyi ember gy\u0171lt \u00f6ssze \u2013 a minisztereln\u00f6k \u201ebetilt\u00e1sa\u201d ellen\u00e9ben is - tavaly j\u00fanius 28-\u00e1n. Magyarorsz\u00e1gi rekordot d\u00f6nt\u00f6tt ez a l\u00e9tsz\u00e1m, hiszen a kor\u00e1bbi \u00e9vekben 40 ezer fel\u00e9 [&hellip;]\" \/>\n<meta property=\"og:url\" content=\"https:\/\/zade.hu\/hu\/a-budapesti-pride-tortenete\/\" \/>\n<meta property=\"og:site_name\" content=\"zade.hu\" \/>\n<meta property=\"article:modified_time\" content=\"2026-03-17T11:44:59+00:00\" \/>\n<meta name=\"twitter:card\" content=\"summary_large_image\" \/>\n<script type=\"application\/ld+json\" class=\"yoast-schema-graph\">{\"@context\":\"https:\\\/\\\/schema.org\",\"@graph\":[{\"@type\":\"WebPage\",\"@id\":\"https:\\\/\\\/zade.hu\\\/hu\\\/a-budapesti-pride-tortenete\\\/\",\"url\":\"https:\\\/\\\/zade.hu\\\/hu\\\/a-budapesti-pride-tortenete\\\/\",\"name\":\"A budapesti pride t\u00f6rt\u00e9nete - zade.hu\",\"isPartOf\":{\"@id\":\"https:\\\/\\\/zade.hu\\\/hu\\\/#website\"},\"datePublished\":\"2026-03-04T18:59:08+00:00\",\"dateModified\":\"2026-03-17T11:44:59+00:00\",\"breadcrumb\":{\"@id\":\"https:\\\/\\\/zade.hu\\\/hu\\\/a-budapesti-pride-tortenete\\\/#breadcrumb\"},\"inLanguage\":\"hu\",\"potentialAction\":[{\"@type\":\"ReadAction\",\"target\":[\"https:\\\/\\\/zade.hu\\\/hu\\\/a-budapesti-pride-tortenete\\\/\"]}]},{\"@type\":\"BreadcrumbList\",\"@id\":\"https:\\\/\\\/zade.hu\\\/hu\\\/a-budapesti-pride-tortenete\\\/#breadcrumb\",\"itemListElement\":[{\"@type\":\"ListItem\",\"position\":1,\"name\":\"Home\",\"item\":\"https:\\\/\\\/zade.hu\\\/hu\\\/\"},{\"@type\":\"ListItem\",\"position\":2,\"name\":\"A budapesti pride t\u00f6rt\u00e9nete\"}]},{\"@type\":\"WebSite\",\"@id\":\"https:\\\/\\\/zade.hu\\\/hu\\\/#website\",\"url\":\"https:\\\/\\\/zade.hu\\\/hu\\\/\",\"name\":\"zade.hu\",\"description\":\"\",\"potentialAction\":[{\"@type\":\"SearchAction\",\"target\":{\"@type\":\"EntryPoint\",\"urlTemplate\":\"https:\\\/\\\/zade.hu\\\/hu\\\/?s={search_term_string}\"},\"query-input\":{\"@type\":\"PropertyValueSpecification\",\"valueRequired\":true,\"valueName\":\"search_term_string\"}}],\"inLanguage\":\"hu\"}]}<\/script>\n<!-- \/ Yoast SEO Premium plugin. -->","yoast_head_json":{"title":"A budapesti pride t\u00f6rt\u00e9nete - zade.hu","robots":{"index":"index","follow":"follow","max-snippet":"max-snippet:-1","max-image-preview":"max-image-preview:large","max-video-preview":"max-video-preview:-1"},"canonical":"https:\/\/zade.hu\/hu\/a-budapesti-pride-tortenete\/","og_locale":"hu_HU","og_type":"article","og_title":"A budapesti pride t\u00f6rt\u00e9nete","og_description":"A budapesti pride t\u00f6rt\u00e9nete Aki akarta, aki nem, hallott a tavalyi Budapest-Pride-r\u00f3l, l\u00e1tta a m\u00e1ra elh\u00edres\u00fclt k\u00e9pet, amin a becsl\u00e9sek szerinti 470 ezer ember megt\u00f6lti az Erzs\u00e9bet hidat. Ennyi ember gy\u0171lt \u00f6ssze \u2013 a minisztereln\u00f6k \u201ebetilt\u00e1sa\u201d ellen\u00e9ben is - tavaly j\u00fanius 28-\u00e1n. Magyarorsz\u00e1gi rekordot d\u00f6nt\u00f6tt ez a l\u00e9tsz\u00e1m, hiszen a kor\u00e1bbi \u00e9vekben 40 ezer fel\u00e9 [&hellip;]","og_url":"https:\/\/zade.hu\/hu\/a-budapesti-pride-tortenete\/","og_site_name":"zade.hu","article_modified_time":"2026-03-17T11:44:59+00:00","twitter_card":"summary_large_image","schema":{"@context":"https:\/\/schema.org","@graph":[{"@type":"WebPage","@id":"https:\/\/zade.hu\/hu\/a-budapesti-pride-tortenete\/","url":"https:\/\/zade.hu\/hu\/a-budapesti-pride-tortenete\/","name":"A budapesti pride t\u00f6rt\u00e9nete - zade.hu","isPartOf":{"@id":"https:\/\/zade.hu\/hu\/#website"},"datePublished":"2026-03-04T18:59:08+00:00","dateModified":"2026-03-17T11:44:59+00:00","breadcrumb":{"@id":"https:\/\/zade.hu\/hu\/a-budapesti-pride-tortenete\/#breadcrumb"},"inLanguage":"hu","potentialAction":[{"@type":"ReadAction","target":["https:\/\/zade.hu\/hu\/a-budapesti-pride-tortenete\/"]}]},{"@type":"BreadcrumbList","@id":"https:\/\/zade.hu\/hu\/a-budapesti-pride-tortenete\/#breadcrumb","itemListElement":[{"@type":"ListItem","position":1,"name":"Home","item":"https:\/\/zade.hu\/hu\/"},{"@type":"ListItem","position":2,"name":"A budapesti pride t\u00f6rt\u00e9nete"}]},{"@type":"WebSite","@id":"https:\/\/zade.hu\/hu\/#website","url":"https:\/\/zade.hu\/hu\/","name":"zade.hu","description":"","potentialAction":[{"@type":"SearchAction","target":{"@type":"EntryPoint","urlTemplate":"https:\/\/zade.hu\/hu\/?s={search_term_string}"},"query-input":{"@type":"PropertyValueSpecification","valueRequired":true,"valueName":"search_term_string"}}],"inLanguage":"hu"}]}},"_links":{"self":[{"href":"https:\/\/zade.hu\/hu\/wp-json\/wp\/v2\/pages\/1060","targetHints":{"allow":["GET"]}}],"collection":[{"href":"https:\/\/zade.hu\/hu\/wp-json\/wp\/v2\/pages"}],"about":[{"href":"https:\/\/zade.hu\/hu\/wp-json\/wp\/v2\/types\/page"}],"author":[{"embeddable":true,"href":"https:\/\/zade.hu\/hu\/wp-json\/wp\/v2\/users\/6"}],"replies":[{"embeddable":true,"href":"https:\/\/zade.hu\/hu\/wp-json\/wp\/v2\/comments?post=1060"}],"version-history":[{"count":5,"href":"https:\/\/zade.hu\/hu\/wp-json\/wp\/v2\/pages\/1060\/revisions"}],"predecessor-version":[{"id":1104,"href":"https:\/\/zade.hu\/hu\/wp-json\/wp\/v2\/pages\/1060\/revisions\/1104"}],"wp:attachment":[{"href":"https:\/\/zade.hu\/hu\/wp-json\/wp\/v2\/media?parent=1060"}],"curies":[{"name":"wp","href":"https:\/\/api.w.org\/{rel}","templated":true}]}}