{"id":1068,"date":"2026-03-04T19:05:35","date_gmt":"2026-03-04T19:05:35","guid":{"rendered":"https:\/\/zade.hu\/?page_id=1068"},"modified":"2026-03-17T11:48:13","modified_gmt":"2026-03-17T11:48:13","slug":"emberi-sorsok-1","status":"publish","type":"page","link":"https:\/\/zade.hu\/hu\/emberi-sorsok-1\/","title":{"rendered":"Emberi sorsok 1"},"content":{"rendered":"<section class=\"bde-section-1068-100 bde-section\">\n  \n  \n\t\n\n\n\n<div class=\"section-container\"><h1 class=\"bde-heading-1068-101 bde-heading\">\nEmberi sorsok\n<\/h1><div class=\"bde-text-1068-102 bde-text\">\nA m\u0171v\u00e9szetre azt mondj\u00e1k, hogy hat\u00e1rt csup\u00e1n az emberi k\u00e9pzelet szabhat neki. Viszont mi van akkor, ha a l\u00e9lek egy olyan testbe van bez\u00e1rva, mely az \u00f6nkifejez\u00e9st szinte lehetetlenn\u00e9 teszi?  Ez a cikk azt mutatja be, hogy ketten a legelhivatottabbak k\u00f6z\u00fcl, mik\u00e9nt \u00e9lt\u00e9k meg \u00e9s fejezt\u00e9k ki a saj\u00e1t kreativit\u00e1sukat, minden k\u00fcls\u0151 \u00e9s bels\u0151 g\u00e1tl\u00f3 t\u00e9nyez\u0151 ellen\u00e9re. <br> <br>Christy Brown<br>                  Christy Brown 1932-ben sz\u00fcletett egy s\u00falyos idegrendszeri betegs\u00e9ggel, mely a teste szinte teljes b\u00e9nul\u00e1s\u00e1hoz vezetett. Az egyetlen v\u00e9gtagja, melyet szabadon tudott mozgatni a bal l\u00e1ba volt. Hab\u00e1r abban az id\u0151ben sokan ink\u00e1bb az int\u00e9zetbe ad\u00e1s mellett d\u00f6nt\u00f6ttek volna, Christy-t a sz\u00fclei otthon nevelt\u00e9k \u00e9s tan\u00edtott\u00e1k. A f\u00e9rfire akkora hat\u00e1ssal volt sz\u00fclei elk\u00f6telez\u0151d\u00e9se, hogy maga is mindent megtett \u00e1lma el\u00e9r\u00e9s\u00e9nek \u00e9rdek\u00e9ben. Kamaszkora \u00f3ta vonz\u00f3dott a m\u0171v\u00e9szetek ir\u00e1nt \u00e9s arr\u00f3l \u00e1lmodott, hogy egy nap fest\u0151 lesz. A sors \u00f6sszeesk\u00fcd\u00f6tt ellene, de \u0151 igyekezett kihozni helyzet\u00e9b\u0151l a maximumot. Rengeteg energia \u00e9s gyakorl\u00e1s \u00e1r\u00e1n elsaj\u00e1t\u00edtotta az \u00edr\u00f3g\u00e9p \u00e9s az ecset haszn\u00e1lat\u00e1t a bal l\u00e1bfeje seg\u00edts\u00e9g\u00e9vel. A f\u00e9rfi mindennapi k\u00fczdelmeir\u0151l, egy \u201eA bal l\u00e1bam\u201d c\u00edm\u0171 memo\u00e1rt adott ki, mely nemzetk\u00f6zi szenz\u00e1ci\u00f3v\u00e1 v\u00e1lt. A m\u0171b\u0151l a f\u00e9rfi 1981-ben bek\u00f6vetkezett hal\u00e1la ut\u00e1n filmet k\u00e9sz\u00edtettek, melyben Daniel-Day Lewis j\u00e1tszotta az alkot\u00f3t.<br>                 <br>                  Judith Scott<br>                  Judit Scott 1943-ban l\u00e1tta meg a napvil\u00e1got ikertestv\u00e9r\u00e9vel egy\u00fctt az amerikai Ohio \u00e1llamban. T\u00f6rt\u00e9nete kifejezett tragikus\u00e1ggal vette kezdet\u00e9t, hab\u00e1r n\u0151v\u00e9re teljesen eg\u00e9szs\u00e9gesen sz\u00fcletett, \u0151 maga down szindr\u00f3m\u00e1ban szenvedett. Sajnos a korszakban egy gyermek \u00e9rtelmi fogyat\u00e9koss\u00e1ga hatalmas sz\u00e9gyent jelentett a csal\u00e1dj\u00e1ra n\u00e9zve. Ezt a t\u00e1rsadalmi nyom\u00e1st m\u00e9g ink\u00e1bb megnehez\u00edtette, hogy egy betegs\u00e9g hat\u00e1s\u00e1ra a kisl\u00e1ny megs\u00fcket\u00fclt, \u00edgy nonverb\u00e1lis kommunik\u00e1ci\u00f3ra k\u00e9ptelenn\u00e9 v\u00e1lt. Az iskol\u00e1j\u00e1ban tan\u00edthatatlannak nyilv\u00e1n\u00edtott\u00e1k \u00e9s azt javasolt\u00e1k a sz\u00fcleinek, hogy adj\u00e1k be egy int\u00e9zetbe. \u0150k meg is fogadt\u00e1k a tan\u00e1csot \u00e9s Judith-ot egy k\u00fcl\u00f6n s\u00e9r\u00fclt gyermekek sz\u00e1m\u00e1ra fenntartott l\u00e9tes\u00edtm\u00e9nyben hagyt\u00e1k. 42 \u00e9ves kor\u00e1ig mostoha k\u00f6r\u00fclm\u00e9nyek k\u00f6z\u00f6tt tengette ott a napjait, m\u00edg ikertestv\u00e9re sok jogi harc \u00e1r\u00e1n gy\u00e1mj\u00e1v\u00e1 nem v\u00e1lt. Az \u00fajra egyes\u00fcl\u00e9st k\u00f6vet\u0151en n\u0151v\u00e9re vezette be \u0151t a m\u0171v\u00e9szet vil\u00e1g\u00e1ba. Rem\u00e9nykedett benne, hogy ez\u00e1ltal h\u00faga ki tudja majd fejezni mag\u00e1t. Csod\u00e1k csod\u00e1j\u00e1ra Judith k\u00e9pes volt a szobr\u00e1szat r\u00e9v\u00e9n megtal\u00e1lni a saj\u00e1t hangj\u00e1t. V\u00e9gre elmondhatta azokat a szavakat az alkot\u00e1sain kereszt\u00fcl, melyeket oly sok \u00e9ven kereszt\u00fcl elfojtottak benne. Maga is meglep\u0151d\u00f6tt, amikor az eddig vele szemben oly rideg \u00e9s elutas\u00edt\u00f3 emberis\u00e9g nem csak meghallotta \u0151t, hanem kifejezett rajong\u00e1ssal tekintett m\u0171veire.<br> <br>Ez a k\u00e9t hihetetlen \u00e9let\u00fat tal\u00e1n az egyik legjobb bizony\u00edt\u00e9k r\u00e1, hogy soha ne \u00edt\u00e9lkezz\u00fcnk, mert ha nyitottan fordulunk k\u00f6rnyezet\u00fcnk fel\u00e9, rejtett kincsekre bukkanhatunk.\n<\/div><img decoding=\"async\" class=\"bde-image2-1068-103 bde-image2\" src=\"https:\/\/zade.hu\/wp-content\/uploads\/2026\/03\/Kep-3.avif\" loading=\"lazy\"><\/div>\n<\/section>","protected":false},"excerpt":{"rendered":"<p>Emberi sorsok A m\u0171v\u00e9szetre azt mondj\u00e1k, hogy hat\u00e1rt csup\u00e1n az emberi k\u00e9pzelet szabhat neki. Viszont mi van akkor, ha a l\u00e9lek egy olyan testbe van bez\u00e1rva, mely az \u00f6nkifejez\u00e9st szinte lehetetlenn\u00e9 teszi? Ez a cikk azt mutatja be, hogy ketten a legelhivatottabbak k\u00f6z\u00fcl, mik\u00e9nt \u00e9lt\u00e9k meg \u00e9s fejezt\u00e9k ki a saj\u00e1t kreativit\u00e1sukat, minden k\u00fcls\u0151 \u00e9s [&hellip;]<\/p>\n","protected":false},"author":6,"featured_media":0,"parent":0,"menu_order":0,"comment_status":"closed","ping_status":"closed","template":"","meta":{"_acf_changed":false,"_breakdance_hide_in_design_set":false,"_breakdance_tags":"","footnotes":""},"class_list":["post-1068","page","type-page","status-publish","hentry"],"acf":[],"yoast_head":"<!-- This site is optimized with the Yoast SEO Premium plugin v27.3 (Yoast SEO v27.3) - https:\/\/yoast.com\/product\/yoast-seo-premium-wordpress\/ -->\n<title>Emberi sorsok 1 - zade.hu<\/title>\n<meta name=\"robots\" content=\"index, follow, max-snippet:-1, max-image-preview:large, max-video-preview:-1\" \/>\n<link rel=\"canonical\" href=\"https:\/\/zade.hu\/hu\/emberi-sorsok-1\/\" \/>\n<meta property=\"og:locale\" content=\"hu_HU\" \/>\n<meta property=\"og:type\" content=\"article\" \/>\n<meta property=\"og:title\" content=\"Emberi sorsok 1\" \/>\n<meta property=\"og:description\" content=\"Emberi sorsok A m\u0171v\u00e9szetre azt mondj\u00e1k, hogy hat\u00e1rt csup\u00e1n az emberi k\u00e9pzelet szabhat neki. Viszont mi van akkor, ha a l\u00e9lek egy olyan testbe van bez\u00e1rva, mely az \u00f6nkifejez\u00e9st szinte lehetetlenn\u00e9 teszi? Ez a cikk azt mutatja be, hogy ketten a legelhivatottabbak k\u00f6z\u00fcl, mik\u00e9nt \u00e9lt\u00e9k meg \u00e9s fejezt\u00e9k ki a saj\u00e1t kreativit\u00e1sukat, minden k\u00fcls\u0151 \u00e9s [&hellip;]\" \/>\n<meta property=\"og:url\" content=\"https:\/\/zade.hu\/hu\/emberi-sorsok-1\/\" \/>\n<meta property=\"og:site_name\" content=\"zade.hu\" \/>\n<meta property=\"article:modified_time\" content=\"2026-03-17T11:48:13+00:00\" \/>\n<meta name=\"twitter:card\" content=\"summary_large_image\" \/>\n<script type=\"application\/ld+json\" class=\"yoast-schema-graph\">{\"@context\":\"https:\\\/\\\/schema.org\",\"@graph\":[{\"@type\":\"WebPage\",\"@id\":\"https:\\\/\\\/zade.hu\\\/hu\\\/emberi-sorsok-1\\\/\",\"url\":\"https:\\\/\\\/zade.hu\\\/hu\\\/emberi-sorsok-1\\\/\",\"name\":\"Emberi sorsok 1 - zade.hu\",\"isPartOf\":{\"@id\":\"https:\\\/\\\/zade.hu\\\/hu\\\/#website\"},\"datePublished\":\"2026-03-04T19:05:35+00:00\",\"dateModified\":\"2026-03-17T11:48:13+00:00\",\"breadcrumb\":{\"@id\":\"https:\\\/\\\/zade.hu\\\/hu\\\/emberi-sorsok-1\\\/#breadcrumb\"},\"inLanguage\":\"hu\",\"potentialAction\":[{\"@type\":\"ReadAction\",\"target\":[\"https:\\\/\\\/zade.hu\\\/hu\\\/emberi-sorsok-1\\\/\"]}]},{\"@type\":\"BreadcrumbList\",\"@id\":\"https:\\\/\\\/zade.hu\\\/hu\\\/emberi-sorsok-1\\\/#breadcrumb\",\"itemListElement\":[{\"@type\":\"ListItem\",\"position\":1,\"name\":\"Home\",\"item\":\"https:\\\/\\\/zade.hu\\\/hu\\\/\"},{\"@type\":\"ListItem\",\"position\":2,\"name\":\"Emberi sorsok 1\"}]},{\"@type\":\"WebSite\",\"@id\":\"https:\\\/\\\/zade.hu\\\/hu\\\/#website\",\"url\":\"https:\\\/\\\/zade.hu\\\/hu\\\/\",\"name\":\"zade.hu\",\"description\":\"\",\"potentialAction\":[{\"@type\":\"SearchAction\",\"target\":{\"@type\":\"EntryPoint\",\"urlTemplate\":\"https:\\\/\\\/zade.hu\\\/hu\\\/?s={search_term_string}\"},\"query-input\":{\"@type\":\"PropertyValueSpecification\",\"valueRequired\":true,\"valueName\":\"search_term_string\"}}],\"inLanguage\":\"hu\"}]}<\/script>\n<!-- \/ Yoast SEO Premium plugin. -->","yoast_head_json":{"title":"Emberi sorsok 1 - zade.hu","robots":{"index":"index","follow":"follow","max-snippet":"max-snippet:-1","max-image-preview":"max-image-preview:large","max-video-preview":"max-video-preview:-1"},"canonical":"https:\/\/zade.hu\/hu\/emberi-sorsok-1\/","og_locale":"hu_HU","og_type":"article","og_title":"Emberi sorsok 1","og_description":"Emberi sorsok A m\u0171v\u00e9szetre azt mondj\u00e1k, hogy hat\u00e1rt csup\u00e1n az emberi k\u00e9pzelet szabhat neki. Viszont mi van akkor, ha a l\u00e9lek egy olyan testbe van bez\u00e1rva, mely az \u00f6nkifejez\u00e9st szinte lehetetlenn\u00e9 teszi? Ez a cikk azt mutatja be, hogy ketten a legelhivatottabbak k\u00f6z\u00fcl, mik\u00e9nt \u00e9lt\u00e9k meg \u00e9s fejezt\u00e9k ki a saj\u00e1t kreativit\u00e1sukat, minden k\u00fcls\u0151 \u00e9s [&hellip;]","og_url":"https:\/\/zade.hu\/hu\/emberi-sorsok-1\/","og_site_name":"zade.hu","article_modified_time":"2026-03-17T11:48:13+00:00","twitter_card":"summary_large_image","schema":{"@context":"https:\/\/schema.org","@graph":[{"@type":"WebPage","@id":"https:\/\/zade.hu\/hu\/emberi-sorsok-1\/","url":"https:\/\/zade.hu\/hu\/emberi-sorsok-1\/","name":"Emberi sorsok 1 - zade.hu","isPartOf":{"@id":"https:\/\/zade.hu\/hu\/#website"},"datePublished":"2026-03-04T19:05:35+00:00","dateModified":"2026-03-17T11:48:13+00:00","breadcrumb":{"@id":"https:\/\/zade.hu\/hu\/emberi-sorsok-1\/#breadcrumb"},"inLanguage":"hu","potentialAction":[{"@type":"ReadAction","target":["https:\/\/zade.hu\/hu\/emberi-sorsok-1\/"]}]},{"@type":"BreadcrumbList","@id":"https:\/\/zade.hu\/hu\/emberi-sorsok-1\/#breadcrumb","itemListElement":[{"@type":"ListItem","position":1,"name":"Home","item":"https:\/\/zade.hu\/hu\/"},{"@type":"ListItem","position":2,"name":"Emberi sorsok 1"}]},{"@type":"WebSite","@id":"https:\/\/zade.hu\/hu\/#website","url":"https:\/\/zade.hu\/hu\/","name":"zade.hu","description":"","potentialAction":[{"@type":"SearchAction","target":{"@type":"EntryPoint","urlTemplate":"https:\/\/zade.hu\/hu\/?s={search_term_string}"},"query-input":{"@type":"PropertyValueSpecification","valueRequired":true,"valueName":"search_term_string"}}],"inLanguage":"hu"}]}},"_links":{"self":[{"href":"https:\/\/zade.hu\/hu\/wp-json\/wp\/v2\/pages\/1068","targetHints":{"allow":["GET"]}}],"collection":[{"href":"https:\/\/zade.hu\/hu\/wp-json\/wp\/v2\/pages"}],"about":[{"href":"https:\/\/zade.hu\/hu\/wp-json\/wp\/v2\/types\/page"}],"author":[{"embeddable":true,"href":"https:\/\/zade.hu\/hu\/wp-json\/wp\/v2\/users\/6"}],"replies":[{"embeddable":true,"href":"https:\/\/zade.hu\/hu\/wp-json\/wp\/v2\/comments?post=1068"}],"version-history":[{"count":4,"href":"https:\/\/zade.hu\/hu\/wp-json\/wp\/v2\/pages\/1068\/revisions"}],"predecessor-version":[{"id":1096,"href":"https:\/\/zade.hu\/hu\/wp-json\/wp\/v2\/pages\/1068\/revisions\/1096"}],"wp:attachment":[{"href":"https:\/\/zade.hu\/hu\/wp-json\/wp\/v2\/media?parent=1068"}],"curies":[{"name":"wp","href":"https:\/\/api.w.org\/{rel}","templated":true}]}}