{"id":1080,"date":"2026-03-04T19:18:58","date_gmt":"2026-03-04T19:18:58","guid":{"rendered":"https:\/\/zade.hu\/?page_id=1080"},"modified":"2026-03-26T13:39:44","modified_gmt":"2026-03-26T13:39:44","slug":"cikkeink","status":"publish","type":"page","link":"https:\/\/zade.hu\/hu\/cikkeink\/","title":{"rendered":"Cikkeink"},"content":{"rendered":"<section class=\"bde-section-1080-100 bde-section\">\n  \n  \n\t\n\n\n\n<div class=\"section-container\"><h1 class=\"bde-heading-1080-101 bde-heading\">\nCikkeink\n<\/h1><div class=\"bde-text-1080-102 bde-text\">\n\n<\/div><div class=\"bde-button-1080-104 bde-button\">\n    \n                        \n                        \n    \n    \n    \n    \n            \n                    \n            \n            \n\n    \n    \n    \n    \n    \n    <a class=\"breakdance-link button-atom button-atom--custom bde-button__button\" href=\"https:\/\/zade.hu\/hu\/a-hajlektalansag-kriminalizacioja\/\" target=\"_self\" data-type=\"url\"  >\n\n    \n        <span class=\"button-atom__text\">A hajl\u00e9ktalans\u00e1g kriminaliz\u00e1ci\u00f3ja<\/span>\n\n        \n        \n                <\/a>\n\n    \n\n\n<\/div><div class=\"bde-button-1080-108 bde-button\">\n    \n                        \n                        \n    \n    \n    \n    \n            \n                    \n            \n            \n\n    \n    \n    \n    \n    \n    <a class=\"breakdance-link button-atom button-atom--custom bde-button__button\" href=\"https:\/\/zade.hu\/hu\/teli-idoszak\/\" target=\"_self\" data-type=\"url\"  >\n\n    \n        <span class=\"button-atom__text\">T\u00e9li id\u0151szak<\/span>\n\n        \n        \n                <\/a>\n\n    \n\n\n<\/div><div class=\"bde-button-1080-109 bde-button\">\n    \n                        \n                        \n    \n    \n    \n    \n            \n                    \n            \n            \n\n    \n    \n    \n    \n    \n    <a class=\"breakdance-link button-atom button-atom--custom bde-button__button\" href=\"https:\/\/zade.hu\/hu\/emberi-sorsok-1\/\" target=\"_self\" data-type=\"url\"  >\n\n    \n        <span class=\"button-atom__text\">Emberi sorsok<\/span>\n\n        \n        \n                <\/a>\n\n    \n\n\n<\/div><div class=\"bde-button-1080-110 bde-button\">\n    \n                        \n                        \n    \n    \n    \n    \n            \n                    \n            \n            \n\n    \n    \n    \n    \n    \n    <a class=\"breakdance-link button-atom button-atom--custom bde-button__button\" href=\"https:\/\/zade.hu\/hu\/a-budapesti-pride-tortenete\/\" target=\"_self\" data-type=\"url\"  >\n\n    \n        <span class=\"button-atom__text\">A budapesti pride t\u00f6rt\u00e9nete<\/span>\n\n        \n        \n                <\/a>\n\n    \n\n\n<\/div><div class=\"bde-button-1080-111 bde-button\">\n    \n                        \n                        \n    \n    \n    \n    \n            \n                    \n            \n            \n\n    \n    \n    \n    \n    \n    <a class=\"breakdance-link button-atom button-atom--custom bde-button__button\" href=\"https:\/\/zade.hu\/hu\/a-gyermekvedelem-helyzete-magyarorszagon\/\" target=\"_self\" data-type=\"url\"  >\n\n    \n        <span class=\"button-atom__text\">A gyermekv\u00e9delem helyzete Magyarorsz\u00e1gon <\/span>\n\n        \n        \n                <\/a>\n\n    \n\n\n<\/div><\/div>\n<\/section>","protected":false},"excerpt":{"rendered":"<p>Cikkeink A hajl\u00e9ktalans\u00e1g kriminaliz\u00e1ci\u00f3ja T\u00e9li id\u0151szak Emberi sorsok A budapesti pride t\u00f6rt\u00e9nete A gyermekv\u00e9delem helyzete Magyarorsz\u00e1gon<\/p>\n","protected":false},"author":6,"featured_media":0,"parent":0,"menu_order":0,"comment_status":"closed","ping_status":"closed","template":"","meta":{"_acf_changed":false,"_breakdance_hide_in_design_set":false,"_breakdance_tags":"","footnotes":""},"class_list":["post-1080","page","type-page","status-publish","hentry"],"acf":[],"yoast_head":"<!-- This site is optimized with the Yoast SEO Premium plugin v27.3 (Yoast SEO v27.3) - https:\/\/yoast.com\/product\/yoast-seo-premium-wordpress\/ -->\n<title>Cikkeink - zade.hu<\/title>\n<meta name=\"robots\" content=\"index, follow, max-snippet:-1, max-image-preview:large, max-video-preview:-1\" \/>\n<link rel=\"canonical\" href=\"https:\/\/zade.hu\/hu\/cikkeink\/\" \/>\n<meta property=\"og:locale\" content=\"hu_HU\" \/>\n<meta property=\"og:type\" content=\"article\" \/>\n<meta property=\"og:title\" content=\"Cikkeink\" \/>\n<meta property=\"og:description\" content=\"Cikkeink A hajl\u00e9ktalans\u00e1g kriminaliz\u00e1ci\u00f3ja T\u00e9li id\u0151szak Emberi sorsok A budapesti pride t\u00f6rt\u00e9nete A gyermekv\u00e9delem helyzete Magyarorsz\u00e1gon\" \/>\n<meta property=\"og:url\" content=\"https:\/\/zade.hu\/hu\/cikkeink\/\" \/>\n<meta property=\"og:site_name\" content=\"zade.hu\" \/>\n<meta property=\"article:modified_time\" content=\"2026-03-26T13:39:44+00:00\" \/>\n<meta name=\"twitter:card\" content=\"summary_large_image\" \/>\n<script type=\"application\/ld+json\" class=\"yoast-schema-graph\">{\"@context\":\"https:\\\/\\\/schema.org\",\"@graph\":[{\"@type\":\"WebPage\",\"@id\":\"https:\\\/\\\/zade.hu\\\/hu\\\/cikkeink\\\/\",\"url\":\"https:\\\/\\\/zade.hu\\\/hu\\\/cikkeink\\\/\",\"name\":\"Cikkeink - zade.hu\",\"isPartOf\":{\"@id\":\"https:\\\/\\\/zade.hu\\\/hu\\\/#website\"},\"datePublished\":\"2026-03-04T19:18:58+00:00\",\"dateModified\":\"2026-03-26T13:39:44+00:00\",\"breadcrumb\":{\"@id\":\"https:\\\/\\\/zade.hu\\\/hu\\\/cikkeink\\\/#breadcrumb\"},\"inLanguage\":\"hu\",\"potentialAction\":[{\"@type\":\"ReadAction\",\"target\":[\"https:\\\/\\\/zade.hu\\\/hu\\\/cikkeink\\\/\"]}]},{\"@type\":\"BreadcrumbList\",\"@id\":\"https:\\\/\\\/zade.hu\\\/hu\\\/cikkeink\\\/#breadcrumb\",\"itemListElement\":[{\"@type\":\"ListItem\",\"position\":1,\"name\":\"Home\",\"item\":\"https:\\\/\\\/zade.hu\\\/hu\\\/\"},{\"@type\":\"ListItem\",\"position\":2,\"name\":\"Cikkeink\"}]},{\"@type\":\"WebSite\",\"@id\":\"https:\\\/\\\/zade.hu\\\/hu\\\/#website\",\"url\":\"https:\\\/\\\/zade.hu\\\/hu\\\/\",\"name\":\"zade.hu\",\"description\":\"\",\"potentialAction\":[{\"@type\":\"SearchAction\",\"target\":{\"@type\":\"EntryPoint\",\"urlTemplate\":\"https:\\\/\\\/zade.hu\\\/hu\\\/?s={search_term_string}\"},\"query-input\":{\"@type\":\"PropertyValueSpecification\",\"valueRequired\":true,\"valueName\":\"search_term_string\"}}],\"inLanguage\":\"hu\"}]}<\/script>\n<!-- \/ Yoast SEO Premium plugin. -->","yoast_head_json":{"title":"Cikkeink - zade.hu","robots":{"index":"index","follow":"follow","max-snippet":"max-snippet:-1","max-image-preview":"max-image-preview:large","max-video-preview":"max-video-preview:-1"},"canonical":"https:\/\/zade.hu\/hu\/cikkeink\/","og_locale":"hu_HU","og_type":"article","og_title":"Cikkeink","og_description":"Cikkeink A hajl\u00e9ktalans\u00e1g kriminaliz\u00e1ci\u00f3ja T\u00e9li id\u0151szak Emberi sorsok A budapesti pride t\u00f6rt\u00e9nete A gyermekv\u00e9delem helyzete Magyarorsz\u00e1gon","og_url":"https:\/\/zade.hu\/hu\/cikkeink\/","og_site_name":"zade.hu","article_modified_time":"2026-03-26T13:39:44+00:00","twitter_card":"summary_large_image","schema":{"@context":"https:\/\/schema.org","@graph":[{"@type":"WebPage","@id":"https:\/\/zade.hu\/hu\/cikkeink\/","url":"https:\/\/zade.hu\/hu\/cikkeink\/","name":"Cikkeink - zade.hu","isPartOf":{"@id":"https:\/\/zade.hu\/hu\/#website"},"datePublished":"2026-03-04T19:18:58+00:00","dateModified":"2026-03-26T13:39:44+00:00","breadcrumb":{"@id":"https:\/\/zade.hu\/hu\/cikkeink\/#breadcrumb"},"inLanguage":"hu","potentialAction":[{"@type":"ReadAction","target":["https:\/\/zade.hu\/hu\/cikkeink\/"]}]},{"@type":"BreadcrumbList","@id":"https:\/\/zade.hu\/hu\/cikkeink\/#breadcrumb","itemListElement":[{"@type":"ListItem","position":1,"name":"Home","item":"https:\/\/zade.hu\/hu\/"},{"@type":"ListItem","position":2,"name":"Cikkeink"}]},{"@type":"WebSite","@id":"https:\/\/zade.hu\/hu\/#website","url":"https:\/\/zade.hu\/hu\/","name":"zade.hu","description":"","potentialAction":[{"@type":"SearchAction","target":{"@type":"EntryPoint","urlTemplate":"https:\/\/zade.hu\/hu\/?s={search_term_string}"},"query-input":{"@type":"PropertyValueSpecification","valueRequired":true,"valueName":"search_term_string"}}],"inLanguage":"hu"}]}},"_links":{"self":[{"href":"https:\/\/zade.hu\/hu\/wp-json\/wp\/v2\/pages\/1080","targetHints":{"allow":["GET"]}}],"collection":[{"href":"https:\/\/zade.hu\/hu\/wp-json\/wp\/v2\/pages"}],"about":[{"href":"https:\/\/zade.hu\/hu\/wp-json\/wp\/v2\/types\/page"}],"author":[{"embeddable":true,"href":"https:\/\/zade.hu\/hu\/wp-json\/wp\/v2\/users\/6"}],"replies":[{"embeddable":true,"href":"https:\/\/zade.hu\/hu\/wp-json\/wp\/v2\/comments?post=1080"}],"version-history":[{"count":5,"href":"https:\/\/zade.hu\/hu\/wp-json\/wp\/v2\/pages\/1080\/revisions"}],"predecessor-version":[{"id":1128,"href":"https:\/\/zade.hu\/hu\/wp-json\/wp\/v2\/pages\/1080\/revisions\/1128"}],"wp:attachment":[{"href":"https:\/\/zade.hu\/hu\/wp-json\/wp\/v2\/media?parent=1080"}],"curies":[{"name":"wp","href":"https:\/\/api.w.org\/{rel}","templated":true}]}}