{"id":112,"date":"2025-10-30T12:20:04","date_gmt":"2025-10-30T12:20:04","guid":{"rendered":"https:\/\/zade.hu\/?page_id=112"},"modified":"2026-01-24T13:58:19","modified_gmt":"2026-01-24T13:58:19","slug":"atveteli-pontok","status":"publish","type":"page","link":"https:\/\/zade.hu\/hu\/atveteli-pontok\/","title":{"rendered":"\u00c1tv\u00e9teli pontok"},"content":{"rendered":"<section class=\"bde-section-112-100 bde-section\">\n  \n  \n\t\n\n\n\n<div class=\"section-container\"><h1 class=\"bde-heading-112-112 bde-heading\">\n\u00c1tv\u00e9teli pontok \u00e9s el\u0151rendel\u00e9s\n<\/h1><div class=\"bde-text-112-114 bde-text\">\nHa megtetszett valamelyik term\u00e9k\u00fcnk, de nem tudt\u00e1l elmenni a v\u00e1s\u00e1rokra, vagy ott m\u00e1r elfogyott, akkor se agg\u00f3dj! <br><br>T\u00f6ltsd ki a formanyomtatv\u00e1nyunkat \u00e9s vedd \u00e1t a term\u00e9kedet egy \u00e1ltalad kiv\u00e1lasztott helyen\u00a0\n<\/div><div class=\"bde-form-builder-112-118 bde-form-builder\">\n\n<form id=\"contact-form118\" class=\"breakdance-form breakdance-form--vertical\" data-options=\"{&quot;slug&quot;:&quot;custom&quot;,&quot;name&quot;:&quot;Contact Form&quot;,&quot;ajaxUrl&quot;:&quot;https:\\\/\\\/zade.hu\\\/wp-admin\\\/admin-ajax.php&quot;,&quot;clearOnSuccess&quot;:true,&quot;hideOnSuccess&quot;:false,&quot;successMessage&quot;:&quot;Megkaptuk az \\u00fczeneted&quot;,&quot;errorMessage&quot;:&quot;Valami nem m\\u0171k\\u00f6d\\u00f6tt&quot;,&quot;redirect&quot;:false,&quot;redirectUrl&quot;:&quot;&quot;,&quot;customJavaScript&quot;:&quot;&quot;,&quot;recaptcha&quot;:{&quot;key&quot;:&quot;&quot;,&quot;enabled&quot;:false},&quot;honeypot_enabled&quot;:false,&quot;popupsOnSuccess&quot;:[],&quot;popupsOnError&quot;:[]}\" data-steps=\"0\" >\n  \n  \n  \n<div class=\"breakdance-form-field breakdance-form-field--text\" >\n    \n    \n            <label class=\"breakdance-form-field__label\" for=\"name\">\n            N\u00e9v<span class=\"breakdance-form-field__required\">*<\/span>\n        <\/label>\n    \n    <input\n    class=\"breakdance-form-field__input\"\n    id=\"name\"\n    aria-describedby=\"name\"\n    type=\"text\"\n    name=\"fields[name]\"\n    placeholder=\"\"\n    value=\"\"\n                \n        \n        \n    required\n    \n    \n    \n>\n\n\n    \n    \n<\/div>\n\n\n<div class=\"breakdance-form-field breakdance-form-field--email\" >\n    \n    \n            <label class=\"breakdance-form-field__label\" for=\"email\">\n            Email<span class=\"breakdance-form-field__required\">*<\/span>\n        <\/label>\n    \n    <input\n    class=\"breakdance-form-field__input\"\n    id=\"email\"\n    aria-describedby=\"email\"\n    type=\"email\"\n    name=\"fields[email]\"\n    placeholder=\"\"\n    value=\"\"\n                \n        \n        \n    required\n    \n    \n    \n>\n\n\n    \n    \n<\/div>\n\n\n<div class=\"breakdance-form-field breakdance-form-field--textarea\" >\n    \n    \n            <label class=\"breakdance-form-field__label\" for=\"message\">\n            Milyen term\u00e9ket szeretn\u00e9l \u00e9s mennyit?<span class=\"breakdance-form-field__required\">*<\/span>\n        <\/label>\n    \n    <textarea\n    class=\"breakdance-form-field__input\"\n    id=\"message\"\n    aria-describedby=\"message\"\n    type=\"textarea\"\n    name=\"fields[message]\"\n        placeholder=\"\"\n    required\n    >\n<\/textarea>\n\n\n    \n    \n<\/div>\n\n\n<div class=\"breakdance-form-field breakdance-form-field--select\" >\n    \n    \n            <label class=\"breakdance-form-field__label\" for=\"vcrfad\">\n            Hol tudn\u00e1d \u00e1tvenni?\n        <\/label>\n    \n    <select\n    class=\"breakdance-form-field__input\"\n    id=\"vcrfad\"\n    name=\"fields[vcrfad]\"\n    \n    \n        >\n      <option value=\"\">Select...<\/option>\n          <option value=\"Alternat\u00edv K\u00f6zgazdas\u00e1gi Gimn\u00e1zium Rakt\u00e1r utca\" >Alternat\u00edv K\u00f6zgazdas\u00e1gi Gimn\u00e1zium Rakt\u00e1r utca<\/option>\n        <option value=\"Sz\u00e9ll K\u00e1lm\u00e1n t\u00e9r\" >Sz\u00e9ll K\u00e1lm\u00e1n t\u00e9r<\/option>\n        <option value=\"J\u00e1szai Mari t\u00e9r\" >J\u00e1szai Mari t\u00e9r<\/option>\n  <\/select>\n\n\n    \n    \n<\/div>\n\n\n  \n\n<div class=\"breakdance-form-field breakdance-form-footer\">\n    \n    \n                                    \n    \n    \n    \n    \n            \n            <button type=\"submit\" class=\"button-atom button-atom--primary breakdance-form-button breakdance-form-button__submit\"  >\n    \n        <span class=\"button-atom__text\">Rendel\u00e9s lead\u00e1sa<\/span>\n\n        \n        \n            <\/button>\n    \n    <input type=\"hidden\" name=\"form_id\" value=\"118\">\n    <input type=\"hidden\" name=\"post_id\" value=\"112\">\n<\/div>\n\n  \n<\/form>\n\n\n<\/div><div class=\"bde-columns-112-102 bde-columns\"><div class=\"bde-column-112-103 bde-column\">\n  \n  \n\t\n\n\n\n<div class=\"bde-google-map-112-109 bde-google-map\">\r\n<iframe width=\"100%\" height=\"100%\" style=\"border:0\" loading=\"lazy\" title=\"Map\" src=\"https:\/\/maps.google.com\/maps?q=Alternat%C3%ADv+K%C3%B6zgazdas%C3%A1gi+Gimn%C3%A1zium+Rakt%C3%A1r+utca&t=m&z=15&output=embed&iwloc=near\" allowfullscreen><\/iframe>\n<\/div><div class=\"bde-text-112-115 bde-text\">\nAlternat\u00edv K\u00f6zgazdas\u00e1gi Gimn\u00e1zium\n<\/div>\n<\/div><div class=\"bde-column-112-104 bde-column\">\n  \n  \n\t\n\n\n\n<div class=\"bde-google-map-112-110 bde-google-map\">\r\n<iframe width=\"100%\" height=\"100%\" style=\"border:0\" loading=\"lazy\" title=\"Map\" src=\"https:\/\/maps.google.com\/maps?q=Sz%C3%A9ll+K%C3%A1lm%C3%A1n+t%C3%A9r&t=m&z=15&output=embed&iwloc=near\" allowfullscreen><\/iframe>\n<\/div><div class=\"bde-text-112-116 bde-text\">\nSz\u00e9ll K\u00e1lm\u00e1n T\u00e9r\n<\/div>\n<\/div><div class=\"bde-column-112-105 bde-column\">\n  \n  \n\t\n\n\n\n<div class=\"bde-google-map-112-111 bde-google-map\">\r\n<iframe width=\"100%\" height=\"100%\" style=\"border:0\" loading=\"lazy\" title=\"Map\" src=\"https:\/\/maps.google.com\/maps?q=J%C3%A1szai+Mari+t%C3%A9r&t=m&z=15&output=embed&iwloc=near\" allowfullscreen><\/iframe>\n<\/div><div class=\"bde-text-112-117 bde-text\">\nJ\u00e1szai Mari T\u00e9r\n<\/div>\n<\/div><\/div><\/div>\n<\/section>","protected":false},"excerpt":{"rendered":"<p>\u00c1tv\u00e9teli pontok \u00e9s el\u0151rendel\u00e9s Ha megtetszett valamelyik term\u00e9k\u00fcnk, de nem tudt\u00e1l elmenni a v\u00e1s\u00e1rokra, vagy ott m\u00e1r elfogyott, akkor se agg\u00f3dj! T\u00f6ltsd ki a formanyomtatv\u00e1nyunkat \u00e9s vedd \u00e1t a term\u00e9kedet egy \u00e1ltalad kiv\u00e1lasztott helyen\u00a0 N\u00e9v* Email* Milyen term\u00e9ket szeretn\u00e9l \u00e9s mennyit?* Hol tudn\u00e1d \u00e1tvenni? Select&#8230; Alternat\u00edv K\u00f6zgazdas\u00e1gi Gimn\u00e1zium Rakt\u00e1r utca Sz\u00e9ll K\u00e1lm\u00e1n t\u00e9r J\u00e1szai Mari [&hellip;]<\/p>\n","protected":false},"author":6,"featured_media":0,"parent":0,"menu_order":0,"comment_status":"closed","ping_status":"closed","template":"","meta":{"_acf_changed":false,"_breakdance_hide_in_design_set":false,"_breakdance_tags":"","footnotes":""},"class_list":["post-112","page","type-page","status-publish","hentry"],"acf":[],"yoast_head":"<!-- This site is optimized with the Yoast SEO Premium plugin v27.3 (Yoast SEO v27.3) - https:\/\/yoast.com\/product\/yoast-seo-premium-wordpress\/ -->\n<title>\u00c1tv\u00e9teli pontok - zade.hu<\/title>\n<meta name=\"robots\" content=\"index, follow, max-snippet:-1, max-image-preview:large, max-video-preview:-1\" \/>\n<link rel=\"canonical\" href=\"https:\/\/zade.hu\/hu\/atveteli-pontok\/\" \/>\n<meta property=\"og:locale\" content=\"hu_HU\" \/>\n<meta property=\"og:type\" content=\"article\" \/>\n<meta property=\"og:title\" content=\"\u00c1tv\u00e9teli pontok\" \/>\n<meta property=\"og:description\" content=\"\u00c1tv\u00e9teli pontok \u00e9s el\u0151rendel\u00e9s Ha megtetszett valamelyik term\u00e9k\u00fcnk, de nem tudt\u00e1l elmenni a v\u00e1s\u00e1rokra, vagy ott m\u00e1r elfogyott, akkor se agg\u00f3dj! T\u00f6ltsd ki a formanyomtatv\u00e1nyunkat \u00e9s vedd \u00e1t a term\u00e9kedet egy \u00e1ltalad kiv\u00e1lasztott helyen\u00a0 N\u00e9v* Email* Milyen term\u00e9ket szeretn\u00e9l \u00e9s mennyit?* Hol tudn\u00e1d \u00e1tvenni? Select... Alternat\u00edv K\u00f6zgazdas\u00e1gi Gimn\u00e1zium Rakt\u00e1r utca Sz\u00e9ll K\u00e1lm\u00e1n t\u00e9r J\u00e1szai Mari [&hellip;]\" \/>\n<meta property=\"og:url\" content=\"https:\/\/zade.hu\/hu\/atveteli-pontok\/\" \/>\n<meta property=\"og:site_name\" content=\"zade.hu\" \/>\n<meta property=\"article:modified_time\" content=\"2026-01-24T13:58:19+00:00\" \/>\n<meta name=\"twitter:card\" content=\"summary_large_image\" \/>\n<meta name=\"twitter:label1\" content=\"Becs\u00fclt olvas\u00e1si id\u0151\" \/>\n\t<meta name=\"twitter:data1\" content=\"1 perc\" \/>\n<script type=\"application\/ld+json\" class=\"yoast-schema-graph\">{\"@context\":\"https:\\\/\\\/schema.org\",\"@graph\":[{\"@type\":\"WebPage\",\"@id\":\"https:\\\/\\\/zade.hu\\\/hu\\\/atveteli-pontok\\\/\",\"url\":\"https:\\\/\\\/zade.hu\\\/hu\\\/atveteli-pontok\\\/\",\"name\":\"\u00c1tv\u00e9teli pontok - zade.hu\",\"isPartOf\":{\"@id\":\"https:\\\/\\\/zade.hu\\\/hu\\\/#website\"},\"datePublished\":\"2025-10-30T12:20:04+00:00\",\"dateModified\":\"2026-01-24T13:58:19+00:00\",\"breadcrumb\":{\"@id\":\"https:\\\/\\\/zade.hu\\\/hu\\\/atveteli-pontok\\\/#breadcrumb\"},\"inLanguage\":\"hu\",\"potentialAction\":[{\"@type\":\"ReadAction\",\"target\":[\"https:\\\/\\\/zade.hu\\\/hu\\\/atveteli-pontok\\\/\"]}]},{\"@type\":\"BreadcrumbList\",\"@id\":\"https:\\\/\\\/zade.hu\\\/hu\\\/atveteli-pontok\\\/#breadcrumb\",\"itemListElement\":[{\"@type\":\"ListItem\",\"position\":1,\"name\":\"Home\",\"item\":\"https:\\\/\\\/zade.hu\\\/hu\\\/\"},{\"@type\":\"ListItem\",\"position\":2,\"name\":\"\u00c1tv\u00e9teli pontok\"}]},{\"@type\":\"WebSite\",\"@id\":\"https:\\\/\\\/zade.hu\\\/hu\\\/#website\",\"url\":\"https:\\\/\\\/zade.hu\\\/hu\\\/\",\"name\":\"zade.hu\",\"description\":\"\",\"potentialAction\":[{\"@type\":\"SearchAction\",\"target\":{\"@type\":\"EntryPoint\",\"urlTemplate\":\"https:\\\/\\\/zade.hu\\\/hu\\\/?s={search_term_string}\"},\"query-input\":{\"@type\":\"PropertyValueSpecification\",\"valueRequired\":true,\"valueName\":\"search_term_string\"}}],\"inLanguage\":\"hu\"}]}<\/script>\n<!-- \/ Yoast SEO Premium plugin. -->","yoast_head_json":{"title":"\u00c1tv\u00e9teli pontok - zade.hu","robots":{"index":"index","follow":"follow","max-snippet":"max-snippet:-1","max-image-preview":"max-image-preview:large","max-video-preview":"max-video-preview:-1"},"canonical":"https:\/\/zade.hu\/hu\/atveteli-pontok\/","og_locale":"hu_HU","og_type":"article","og_title":"\u00c1tv\u00e9teli pontok","og_description":"\u00c1tv\u00e9teli pontok \u00e9s el\u0151rendel\u00e9s Ha megtetszett valamelyik term\u00e9k\u00fcnk, de nem tudt\u00e1l elmenni a v\u00e1s\u00e1rokra, vagy ott m\u00e1r elfogyott, akkor se agg\u00f3dj! T\u00f6ltsd ki a formanyomtatv\u00e1nyunkat \u00e9s vedd \u00e1t a term\u00e9kedet egy \u00e1ltalad kiv\u00e1lasztott helyen\u00a0 N\u00e9v* Email* Milyen term\u00e9ket szeretn\u00e9l \u00e9s mennyit?* Hol tudn\u00e1d \u00e1tvenni? Select... Alternat\u00edv K\u00f6zgazdas\u00e1gi Gimn\u00e1zium Rakt\u00e1r utca Sz\u00e9ll K\u00e1lm\u00e1n t\u00e9r J\u00e1szai Mari [&hellip;]","og_url":"https:\/\/zade.hu\/hu\/atveteli-pontok\/","og_site_name":"zade.hu","article_modified_time":"2026-01-24T13:58:19+00:00","twitter_card":"summary_large_image","twitter_misc":{"Becs\u00fclt olvas\u00e1si id\u0151":"1 perc"},"schema":{"@context":"https:\/\/schema.org","@graph":[{"@type":"WebPage","@id":"https:\/\/zade.hu\/hu\/atveteli-pontok\/","url":"https:\/\/zade.hu\/hu\/atveteli-pontok\/","name":"\u00c1tv\u00e9teli pontok - zade.hu","isPartOf":{"@id":"https:\/\/zade.hu\/hu\/#website"},"datePublished":"2025-10-30T12:20:04+00:00","dateModified":"2026-01-24T13:58:19+00:00","breadcrumb":{"@id":"https:\/\/zade.hu\/hu\/atveteli-pontok\/#breadcrumb"},"inLanguage":"hu","potentialAction":[{"@type":"ReadAction","target":["https:\/\/zade.hu\/hu\/atveteli-pontok\/"]}]},{"@type":"BreadcrumbList","@id":"https:\/\/zade.hu\/hu\/atveteli-pontok\/#breadcrumb","itemListElement":[{"@type":"ListItem","position":1,"name":"Home","item":"https:\/\/zade.hu\/hu\/"},{"@type":"ListItem","position":2,"name":"\u00c1tv\u00e9teli pontok"}]},{"@type":"WebSite","@id":"https:\/\/zade.hu\/hu\/#website","url":"https:\/\/zade.hu\/hu\/","name":"zade.hu","description":"","potentialAction":[{"@type":"SearchAction","target":{"@type":"EntryPoint","urlTemplate":"https:\/\/zade.hu\/hu\/?s={search_term_string}"},"query-input":{"@type":"PropertyValueSpecification","valueRequired":true,"valueName":"search_term_string"}}],"inLanguage":"hu"}]}},"_links":{"self":[{"href":"https:\/\/zade.hu\/hu\/wp-json\/wp\/v2\/pages\/112","targetHints":{"allow":["GET"]}}],"collection":[{"href":"https:\/\/zade.hu\/hu\/wp-json\/wp\/v2\/pages"}],"about":[{"href":"https:\/\/zade.hu\/hu\/wp-json\/wp\/v2\/types\/page"}],"author":[{"embeddable":true,"href":"https:\/\/zade.hu\/hu\/wp-json\/wp\/v2\/users\/6"}],"replies":[{"embeddable":true,"href":"https:\/\/zade.hu\/hu\/wp-json\/wp\/v2\/comments?post=112"}],"version-history":[{"count":5,"href":"https:\/\/zade.hu\/hu\/wp-json\/wp\/v2\/pages\/112\/revisions"}],"predecessor-version":[{"id":696,"href":"https:\/\/zade.hu\/hu\/wp-json\/wp\/v2\/pages\/112\/revisions\/696"}],"wp:attachment":[{"href":"https:\/\/zade.hu\/hu\/wp-json\/wp\/v2\/media?parent=112"}],"curies":[{"name":"wp","href":"https:\/\/api.w.org\/{rel}","templated":true}]}}