{"id":1120,"date":"2026-03-26T13:30:05","date_gmt":"2026-03-26T13:30:05","guid":{"rendered":"https:\/\/zade.hu\/?page_id=1120"},"modified":"2026-03-26T13:36:36","modified_gmt":"2026-03-26T13:36:36","slug":"a-gyermekvedelem-helyzete-magyarorszagon","status":"publish","type":"page","link":"https:\/\/zade.hu\/hu\/a-gyermekvedelem-helyzete-magyarorszagon\/","title":{"rendered":"A gyermekv\u00e9delem helyzete\u00a0Magyarorsz\u00e1gon\u00a0"},"content":{"rendered":"<section class=\"bde-section-1120-100 bde-section\">\n  \n  \n\t\n\n\n\n<div class=\"section-container\"><h1 class=\"bde-heading-1120-101 bde-heading\">\nA gyermekv\u00e9delem helyzete Magyarorsz\u00e1gon \n<\/h1><div class=\"bde-text-1120-102 bde-text\">\nTegy\u00fck fel, hogy Pistik\u00e9t, akit otthon b\u00e1ntalmaznak, nyolc\u00e9ves kor\u00e1ban kiemeli a csal\u00e1dj\u00e1b\u00f3l a gy\u00e1mhat\u00f3s\u00e1g. Hogyan alakulna a sorsa? Milyen ell\u00e1t\u00e1st kapna, \u00e9s milyen gyermekv\u00e9delmi helyzettel szembes\u00fclne? \u00c9s milyen l\u00e9p\u00e9sek el\u0151zn\u00e9k meg a kiemel\u00e9st? <br><br>El\u0151sz\u00f6r is fess\u00fcnk fel egy ide\u00e1lis k\u00e9pet, ami Pistik\u00e9t kellene, hogy v\u00e1rja. Alapvet\u0151en a gyermekv\u00e9delem c\u00e9lja meglehet\u0151sen egyszer\u0171. Minden gyermek j\u00f3ll\u00e9t\u00e9nek biztos\u00edt\u00e1sa, meg\u00f3v\u00e1sa a vesz\u00e9lyekt\u0151l, illetve a fenn\u00e1ll\u00f3 v\u00e9szhelyzetek kezel\u00e9se. Ez persze nem egy k\u00f6nnyen m\u0171k\u00f6dtethet\u0151 rendszer, rendk\u00edv\u00fcl sokr\u00e9t\u0171, \u00e9s rendk\u00edv\u00fcl munkaig\u00e9nyes, emellett felett\u00e9bb k\u00f6lts\u00e9ges, hiszen fenn kell tartani a gyermekotthonokat, k\u00fcl\u00f6nf\u00e9le int\u00e9zm\u00e9nyeket. \u00c1m ez az \u00e1llam egyik legf\u0151bb alapfeladata, aminek hibamentesen kellene m\u0171k\u00f6dnie. <br><br>Egy v\u00e9delmi rendszerk\u00e9nt lehet r\u00e1 gondolni, ami t\u00f6bbf\u00e9le funkci\u00f3t \u00e9s feladatot l\u00e1t el. Els\u0151dleges feladata az, hogy biztos\u00edtsa, hogy minden gyermek a saj\u00e1t csal\u00e1dj\u00e1ban n\u0151j\u00f6n fel eg\u00e9szs\u00e9gesen, b\u00e1ntalmaz\u00e1s n\u00e9lk\u00fcl, ig\u00e9nyeinek megfelel\u0151en. K\u00e9t ,,szintje\u201d van a gyermekv\u00e9delmi alapell\u00e1t\u00e1shoz tartozik ak\u00e1r a v\u00e9d\u0151n\u0151k, h\u00e1zi gyerekorvosok, az iskol\u00e1kban tanul\u00e1si neh\u00e9zs\u00e9gek sz\u0171r\u00e9s\u00e9t v\u00e9gz\u0151 szakemberek munk\u00e1ja. Ezen szakm\u00e1k c\u00e9lja a megel\u0151z\u00e9s. Szakell\u00e1t\u00e1snak pedig a k\u00fcl\u00f6nb\u00f6z\u0151 nevel\u0151sz\u00fcl\u0151i h\u00e1l\u00f3zatokat, gyermekotthonokat nevezz\u00fck, amik a vesz\u00e9lyhelyzetben l\u00e9v\u0151 gyermekek meg\u00f3v\u00e1s\u00e1t szolg\u00e1lj\u00e1k. <br><br>Fontos feladat az is az alapell\u00e1t\u00e1sban, hogy az anyagilag h\u00e1tr\u00e1nyosabb helyzet\u0171 csal\u00e1dokb\u00f3l sz\u00e1rmaz\u00f3 gyermekeknek ugyanolyan lehet\u0151s\u00e9gek legyenek biztos\u00edtva. P\u00e9ld\u00e1ul a tank\u00f6nyvek ingyeness\u00e9 t\u00e9tele, alacsonyabb tand\u00edj, k\u00fcl\u00f6nf\u00e9le t\u00e1mogat\u00e1sok, ingyenes \u00e9tkeztet\u00e9s, stb.  <br><br>A gyerekv\u00e9delem- illetve nemzetk\u00f6zi egyezm\u00e9nyek el\u0151\u00edrj\u00e1k, hogy a gyermek legjobb \u00e9rdeke kell, hogy \u00e9rv\u00e9nyes\u00fclj\u00f6n. M\u00e1rpedig a kiemel\u00e9s a legutols\u00f3 f\u00e1zisa kell, hogy legyen a beavatkoz\u00e1soknak, hiszen az m\u00e1r azzal j\u00e1r, hogy a gyermek- legal\u00e1bbis ideiglenesen kiker\u00fcl a sz\u00e1rmaz\u00e1si csal\u00e1dj\u00e1b\u00f3l. Ez pedig minden esetben traumatiz\u00e1l\u00f3, Pistike sz\u00e1m\u00e1ra is.  <br><br>Az ide\u00e1lis vil\u00e1gban Pistik\u00e9t a saj\u00e1t csal\u00e1dj\u00e1b\u00f3l val\u00f3 kiemel\u00e9s ut\u00e1n egy r\u00f6vid id\u0151re \u00e1tmeneti gyermekotthonban fog lakni, azut\u00e1n pedig gyorsan \u00e9s bukkan\u00f3mentesen egy szeretetteljes nevel\u0151 csal\u00e1dhoz ker\u00fclne, akik kezei alatt az \u00e9let\u00e9t \u00fagy tudja majd le\u00e9lni, ak\u00e1r egy norm\u00e1lis csal\u00e1dban felnevelked\u0151 gyerek.   <br><br>Magyarorsz\u00e1gon jelenleg a szakell\u00e1t\u00e1sban nagys\u00e1grendileg 21000 gyermek van, ezek k\u00f6z\u00fcl 14000 nevel\u0151sz\u00fcl\u0151n\u00e9l, \u00e9s 7000 otthonban. Szakell\u00e1totts\u00e1g szempontj\u00e1b\u00f3l 9%-os  a dolgoz\u00f3i hi\u00e1ny, ami persze azt okozza, hogy nincs pszichol\u00f3gus, fejleszt\u0151pedag\u00f3gus \u00e9s az, aki ott dolgozik pedig m\u00e1r r\u00e9g ki van \u00e9gve, t\u00falterhelt \u00e9s semmilyen szinten nem tud seg\u00edteni ezeknek a lelkileg m\u00e9lyen traumatiz\u00e1lt gyermekeknek. Emellett az alulfizetetts\u00e9g is egy s\u00falyos probl\u00e9ma. Egy gyermekv\u00e9delmi munk\u00e1s nett\u00f3 300-500 ezer forintot keres havonta, ami k\u00f6r\u00fclbel\u00fcl a minim\u00e1lb\u00e9r. Azt hiszem, az otthonokban uralkod\u00f3 \u00e1llapotokr\u00f3l nem is kell besz\u00e9lnem, mindenki tudja, hogy nem f\u00f6ldi paradicsomr\u00f3l van sz\u00f3- s\u0151t. Ebb\u0151l fakad\u00f3an egy\u00e9rtelm\u0171, hogy senki nem szeretne egy omladoz\u00f3 rendszerben munk\u00e1t v\u00e1llalni egy gyermekotthonban ennyire kev\u00e9s p\u00e9nz\u00e9rt, ilyen rossz k\u00f6r\u00fclm\u00e9nyek k\u00f6z\u00f6tt.   <br><br>Hogyan is jut el ez a k\u00e9rd\u00e9s megint a politik\u00e1hoz? Az \u00e1llam gyakorlatilag a gyermekv\u00e9delem szakell\u00e1t\u00e1si szintj\u00e9t ellehetetlen\u00edtette. Nincsenek megfizetve az emberek, nem kapnak t\u00e1mogat\u00e1st az int\u00e9zm\u00e9nyek, b\u00e1rki jelentkezhet nevel\u0151sz\u00fcl\u0151nek. Teljesen defektes a jelenlegi \u00e1llapot. A 2024-es gyermekv\u00e9delmi botr\u00e1ny egy lavin\u00e1t ind\u00edtott el, aminek landol\u00e1sakor csak rem\u00e9lni lehet azt, hogy a jelenlegi helyzet v\u00e1ltozni fog, hiszen teljesen fenntartatlan az, ami ma folyik a sz\u00ednfalak m\u00f6g\u00f6tt. \n<\/div><img decoding=\"async\" class=\"bde-image2-1120-103 bde-image2\" src=\"https:\/\/zade.hu\/wp-content\/uploads\/2026\/03\/Image.avif\" loading=\"lazy\" srcset=\"https:\/\/zade.hu\/wp-content\/uploads\/2026\/03\/Image.avif 1045w, https:\/\/zade.hu\/wp-content\/uploads\/2026\/03\/Image-300x220.avif 300w, https:\/\/zade.hu\/wp-content\/uploads\/2026\/03\/Image-1024x753.avif 1024w, https:\/\/zade.hu\/wp-content\/uploads\/2026\/03\/Image-768x564.avif 768w\" sizes=\"(max-width: 1045px) 100vw, 1045px\"><\/div>\n<\/section>","protected":false},"excerpt":{"rendered":"<p>A gyermekv\u00e9delem helyzete Magyarorsz\u00e1gon Tegy\u00fck fel, hogy Pistik\u00e9t, akit otthon b\u00e1ntalmaznak, nyolc\u00e9ves kor\u00e1ban kiemeli a csal\u00e1dj\u00e1b\u00f3l a gy\u00e1mhat\u00f3s\u00e1g. Hogyan alakulna a sorsa? Milyen ell\u00e1t\u00e1st kapna, \u00e9s milyen gyermekv\u00e9delmi helyzettel szembes\u00fclne? \u00c9s milyen l\u00e9p\u00e9sek el\u0151zn\u00e9k meg a kiemel\u00e9st? El\u0151sz\u00f6r is fess\u00fcnk fel egy ide\u00e1lis k\u00e9pet, ami Pistik\u00e9t kellene, hogy v\u00e1rja. Alapvet\u0151en a gyermekv\u00e9delem c\u00e9lja meglehet\u0151sen egyszer\u0171. [&hellip;]<\/p>\n","protected":false},"author":6,"featured_media":0,"parent":0,"menu_order":0,"comment_status":"closed","ping_status":"closed","template":"","meta":{"_acf_changed":false,"_breakdance_hide_in_design_set":false,"_breakdance_tags":"","footnotes":""},"class_list":["post-1120","page","type-page","status-publish","hentry"],"acf":[],"yoast_head":"<!-- This site is optimized with the Yoast SEO Premium plugin v27.3 (Yoast SEO v27.3) - https:\/\/yoast.com\/product\/yoast-seo-premium-wordpress\/ -->\n<title>A gyermekv\u00e9delem helyzete\u00a0Magyarorsz\u00e1gon\u00a0 - zade.hu<\/title>\n<meta name=\"robots\" content=\"index, follow, max-snippet:-1, max-image-preview:large, max-video-preview:-1\" \/>\n<link rel=\"canonical\" href=\"https:\/\/zade.hu\/hu\/a-gyermekvedelem-helyzete-magyarorszagon\/\" \/>\n<meta property=\"og:locale\" content=\"hu_HU\" \/>\n<meta property=\"og:type\" content=\"article\" \/>\n<meta property=\"og:title\" content=\"A gyermekv\u00e9delem helyzete\u00a0Magyarorsz\u00e1gon\u00a0\" \/>\n<meta property=\"og:description\" content=\"A gyermekv\u00e9delem helyzete Magyarorsz\u00e1gon Tegy\u00fck fel, hogy Pistik\u00e9t, akit otthon b\u00e1ntalmaznak, nyolc\u00e9ves kor\u00e1ban kiemeli a csal\u00e1dj\u00e1b\u00f3l a gy\u00e1mhat\u00f3s\u00e1g. Hogyan alakulna a sorsa? Milyen ell\u00e1t\u00e1st kapna, \u00e9s milyen gyermekv\u00e9delmi helyzettel szembes\u00fclne? \u00c9s milyen l\u00e9p\u00e9sek el\u0151zn\u00e9k meg a kiemel\u00e9st? El\u0151sz\u00f6r is fess\u00fcnk fel egy ide\u00e1lis k\u00e9pet, ami Pistik\u00e9t kellene, hogy v\u00e1rja. Alapvet\u0151en a gyermekv\u00e9delem c\u00e9lja meglehet\u0151sen egyszer\u0171. [&hellip;]\" \/>\n<meta property=\"og:url\" content=\"https:\/\/zade.hu\/hu\/a-gyermekvedelem-helyzete-magyarorszagon\/\" \/>\n<meta property=\"og:site_name\" content=\"zade.hu\" \/>\n<meta property=\"article:modified_time\" content=\"2026-03-26T13:36:36+00:00\" \/>\n<meta name=\"twitter:card\" content=\"summary_large_image\" \/>\n<script type=\"application\/ld+json\" class=\"yoast-schema-graph\">{\"@context\":\"https:\\\/\\\/schema.org\",\"@graph\":[{\"@type\":\"WebPage\",\"@id\":\"https:\\\/\\\/zade.hu\\\/hu\\\/a-gyermekvedelem-helyzete-magyarorszagon\\\/\",\"url\":\"https:\\\/\\\/zade.hu\\\/hu\\\/a-gyermekvedelem-helyzete-magyarorszagon\\\/\",\"name\":\"A gyermekv\u00e9delem helyzete\u00a0Magyarorsz\u00e1gon\u00a0 - zade.hu\",\"isPartOf\":{\"@id\":\"https:\\\/\\\/zade.hu\\\/hu\\\/#website\"},\"datePublished\":\"2026-03-26T13:30:05+00:00\",\"dateModified\":\"2026-03-26T13:36:36+00:00\",\"breadcrumb\":{\"@id\":\"https:\\\/\\\/zade.hu\\\/hu\\\/a-gyermekvedelem-helyzete-magyarorszagon\\\/#breadcrumb\"},\"inLanguage\":\"hu\",\"potentialAction\":[{\"@type\":\"ReadAction\",\"target\":[\"https:\\\/\\\/zade.hu\\\/hu\\\/a-gyermekvedelem-helyzete-magyarorszagon\\\/\"]}]},{\"@type\":\"BreadcrumbList\",\"@id\":\"https:\\\/\\\/zade.hu\\\/hu\\\/a-gyermekvedelem-helyzete-magyarorszagon\\\/#breadcrumb\",\"itemListElement\":[{\"@type\":\"ListItem\",\"position\":1,\"name\":\"Home\",\"item\":\"https:\\\/\\\/zade.hu\\\/hu\\\/\"},{\"@type\":\"ListItem\",\"position\":2,\"name\":\"A gyermekv\u00e9delem helyzete\u00a0Magyarorsz\u00e1gon\u00a0\"}]},{\"@type\":\"WebSite\",\"@id\":\"https:\\\/\\\/zade.hu\\\/hu\\\/#website\",\"url\":\"https:\\\/\\\/zade.hu\\\/hu\\\/\",\"name\":\"zade.hu\",\"description\":\"\",\"potentialAction\":[{\"@type\":\"SearchAction\",\"target\":{\"@type\":\"EntryPoint\",\"urlTemplate\":\"https:\\\/\\\/zade.hu\\\/hu\\\/?s={search_term_string}\"},\"query-input\":{\"@type\":\"PropertyValueSpecification\",\"valueRequired\":true,\"valueName\":\"search_term_string\"}}],\"inLanguage\":\"hu\"}]}<\/script>\n<!-- \/ Yoast SEO Premium plugin. -->","yoast_head_json":{"title":"A gyermekv\u00e9delem helyzete\u00a0Magyarorsz\u00e1gon\u00a0 - zade.hu","robots":{"index":"index","follow":"follow","max-snippet":"max-snippet:-1","max-image-preview":"max-image-preview:large","max-video-preview":"max-video-preview:-1"},"canonical":"https:\/\/zade.hu\/hu\/a-gyermekvedelem-helyzete-magyarorszagon\/","og_locale":"hu_HU","og_type":"article","og_title":"A gyermekv\u00e9delem helyzete\u00a0Magyarorsz\u00e1gon\u00a0","og_description":"A gyermekv\u00e9delem helyzete Magyarorsz\u00e1gon Tegy\u00fck fel, hogy Pistik\u00e9t, akit otthon b\u00e1ntalmaznak, nyolc\u00e9ves kor\u00e1ban kiemeli a csal\u00e1dj\u00e1b\u00f3l a gy\u00e1mhat\u00f3s\u00e1g. Hogyan alakulna a sorsa? Milyen ell\u00e1t\u00e1st kapna, \u00e9s milyen gyermekv\u00e9delmi helyzettel szembes\u00fclne? \u00c9s milyen l\u00e9p\u00e9sek el\u0151zn\u00e9k meg a kiemel\u00e9st? El\u0151sz\u00f6r is fess\u00fcnk fel egy ide\u00e1lis k\u00e9pet, ami Pistik\u00e9t kellene, hogy v\u00e1rja. Alapvet\u0151en a gyermekv\u00e9delem c\u00e9lja meglehet\u0151sen egyszer\u0171. [&hellip;]","og_url":"https:\/\/zade.hu\/hu\/a-gyermekvedelem-helyzete-magyarorszagon\/","og_site_name":"zade.hu","article_modified_time":"2026-03-26T13:36:36+00:00","twitter_card":"summary_large_image","schema":{"@context":"https:\/\/schema.org","@graph":[{"@type":"WebPage","@id":"https:\/\/zade.hu\/hu\/a-gyermekvedelem-helyzete-magyarorszagon\/","url":"https:\/\/zade.hu\/hu\/a-gyermekvedelem-helyzete-magyarorszagon\/","name":"A gyermekv\u00e9delem helyzete\u00a0Magyarorsz\u00e1gon\u00a0 - zade.hu","isPartOf":{"@id":"https:\/\/zade.hu\/hu\/#website"},"datePublished":"2026-03-26T13:30:05+00:00","dateModified":"2026-03-26T13:36:36+00:00","breadcrumb":{"@id":"https:\/\/zade.hu\/hu\/a-gyermekvedelem-helyzete-magyarorszagon\/#breadcrumb"},"inLanguage":"hu","potentialAction":[{"@type":"ReadAction","target":["https:\/\/zade.hu\/hu\/a-gyermekvedelem-helyzete-magyarorszagon\/"]}]},{"@type":"BreadcrumbList","@id":"https:\/\/zade.hu\/hu\/a-gyermekvedelem-helyzete-magyarorszagon\/#breadcrumb","itemListElement":[{"@type":"ListItem","position":1,"name":"Home","item":"https:\/\/zade.hu\/hu\/"},{"@type":"ListItem","position":2,"name":"A gyermekv\u00e9delem helyzete\u00a0Magyarorsz\u00e1gon\u00a0"}]},{"@type":"WebSite","@id":"https:\/\/zade.hu\/hu\/#website","url":"https:\/\/zade.hu\/hu\/","name":"zade.hu","description":"","potentialAction":[{"@type":"SearchAction","target":{"@type":"EntryPoint","urlTemplate":"https:\/\/zade.hu\/hu\/?s={search_term_string}"},"query-input":{"@type":"PropertyValueSpecification","valueRequired":true,"valueName":"search_term_string"}}],"inLanguage":"hu"}]}},"_links":{"self":[{"href":"https:\/\/zade.hu\/hu\/wp-json\/wp\/v2\/pages\/1120","targetHints":{"allow":["GET"]}}],"collection":[{"href":"https:\/\/zade.hu\/hu\/wp-json\/wp\/v2\/pages"}],"about":[{"href":"https:\/\/zade.hu\/hu\/wp-json\/wp\/v2\/types\/page"}],"author":[{"embeddable":true,"href":"https:\/\/zade.hu\/hu\/wp-json\/wp\/v2\/users\/6"}],"replies":[{"embeddable":true,"href":"https:\/\/zade.hu\/hu\/wp-json\/wp\/v2\/comments?post=1120"}],"version-history":[{"count":3,"href":"https:\/\/zade.hu\/hu\/wp-json\/wp\/v2\/pages\/1120\/revisions"}],"predecessor-version":[{"id":1126,"href":"https:\/\/zade.hu\/hu\/wp-json\/wp\/v2\/pages\/1120\/revisions\/1126"}],"wp:attachment":[{"href":"https:\/\/zade.hu\/hu\/wp-json\/wp\/v2\/media?parent=1120"}],"curies":[{"name":"wp","href":"https:\/\/api.w.org\/{rel}","templated":true}]}}