{"id":118,"date":"2025-10-30T12:39:48","date_gmt":"2025-10-30T12:39:48","guid":{"rendered":"https:\/\/zade.hu\/?page_id=118"},"modified":"2025-12-03T16:04:20","modified_gmt":"2025-12-03T16:04:20","slug":"papir-termekeink","status":"publish","type":"page","link":"https:\/\/zade.hu\/hu\/papir-termekeink\/","title":{"rendered":"Pap\u00edr term\u00e9keink"},"content":{"rendered":"<section class=\"bde-section-118-100 bde-section\">\n  \n  \n\t\n\n\n\n<div class=\"section-container\"><h1 class=\"bde-heading-118-101 bde-heading\">\nPap\u00edr term\u00e9keink\n<\/h1><div class=\"bde-image-accordion-118-102 bde-image-accordion\">\n\n  \n    \n    <div class=\"ee-image-accordion-item ee-image-accordion-item-1\">\n\n                            \n            \n            \n\n    \n    \n    \n    \n    \n    <a class=\"breakdance-link ee-image-accordion-link\" href=\"https:\/\/zade.hu\/atveteli-pontok\/\" target=\"_self\" data-type=\"url\" aria-label=\"Z\u00e1d\u00e9 k\u00e9peslap\" >\n    <\/a>\n\n            \n       \n\n                    \n                      <div class=\"ee-image-accordion-content-item ee-image-accordion-title\" >Z\u00e1d\u00e9 k\u00e9peslap<\/div>\n          \n                      <div class=\"ee-image-accordion-content-item ee-image-accordion-desc\"  >400 Forint<\/div>\n          \n      \n                    <img loading=\"lazy\" decoding=\"async\" class=\"breakdance-image-object\" src=\"https:\/\/zade.hu\/wp-content\/uploads\/2025\/11\/zade-kepeslap-2-scaled.avif\" width=\"2560\" height=\"1920\" srcset=\"https:\/\/zade.hu\/wp-content\/uploads\/2025\/11\/zade-kepeslap-2-scaled.avif 2560w, https:\/\/zade.hu\/wp-content\/uploads\/2025\/11\/zade-kepeslap-2-300x225.avif 300w, https:\/\/zade.hu\/wp-content\/uploads\/2025\/11\/zade-kepeslap-2-1024x768.avif 1024w, https:\/\/zade.hu\/wp-content\/uploads\/2025\/11\/zade-kepeslap-2-768x576.avif 768w, https:\/\/zade.hu\/wp-content\/uploads\/2025\/11\/zade-kepeslap-2-1536x1152.avif 1536w, https:\/\/zade.hu\/wp-content\/uploads\/2025\/11\/zade-kepeslap-2-2048x1536.avif 2048w\" sizes=\"auto, (max-width: 2560px) 100vw, 2560px\">\n        \n    <\/div>\n\n  \n    \n    <div class=\"ee-image-accordion-item ee-image-accordion-item-2\">\n\n                            \n            \n            \n\n    \n    \n    \n    \n    \n    <a class=\"breakdance-link ee-image-accordion-link\" href=\"https:\/\/zade.hu\/atveteli-pontok\/\" target=\"_self\" data-type=\"url\" aria-label=\"H\u00e1zas k\u00e9peslap\" >\n    <\/a>\n\n            \n       \n\n                    \n                      <div class=\"ee-image-accordion-content-item ee-image-accordion-title\" >H\u00e1zas k\u00e9peslap<\/div>\n          \n                      <div class=\"ee-image-accordion-content-item ee-image-accordion-desc\"  >400 Forint<\/div>\n          \n      \n                    <img loading=\"lazy\" decoding=\"async\" class=\"breakdance-image-object\" src=\"https:\/\/zade.hu\/wp-content\/uploads\/2025\/11\/hazas-kepesla-2-scaled.avif\" width=\"2560\" height=\"1920\" srcset=\"https:\/\/zade.hu\/wp-content\/uploads\/2025\/11\/hazas-kepesla-2-scaled.avif 2560w, https:\/\/zade.hu\/wp-content\/uploads\/2025\/11\/hazas-kepesla-2-300x225.avif 300w, https:\/\/zade.hu\/wp-content\/uploads\/2025\/11\/hazas-kepesla-2-1024x768.avif 1024w, https:\/\/zade.hu\/wp-content\/uploads\/2025\/11\/hazas-kepesla-2-768x576.avif 768w, https:\/\/zade.hu\/wp-content\/uploads\/2025\/11\/hazas-kepesla-2-1536x1152.avif 1536w, https:\/\/zade.hu\/wp-content\/uploads\/2025\/11\/hazas-kepesla-2-2048x1536.avif 2048w\" sizes=\"auto, (max-width: 2560px) 100vw, 2560px\">\n        \n    <\/div>\n\n  <\/div><div class=\"bde-image-accordion-118-103 bde-image-accordion\">\n\n  \n    \n    <div class=\"ee-image-accordion-item ee-image-accordion-item-1\">\n\n                            \n            \n            \n\n    \n    \n    \n    \n    \n    <a class=\"breakdance-link ee-image-accordion-link\" href=\"https:\/\/zade.hu\/atveteli-pontok\/\" target=\"_self\" data-type=\"url\" aria-label=\"Matrica\" >\n    <\/a>\n\n            \n       \n\n                    \n                      <div class=\"ee-image-accordion-content-item ee-image-accordion-title\" >Matrica<\/div>\n          \n                      <div class=\"ee-image-accordion-content-item ee-image-accordion-desc\"  >200 Forint<\/div>\n          \n      \n                    <img loading=\"lazy\" decoding=\"async\" class=\"breakdance-image-object\" src=\"https:\/\/zade.hu\/wp-content\/uploads\/2025\/11\/matrica-scaled.avif\" width=\"1920\" height=\"2560\" srcset=\"https:\/\/zade.hu\/wp-content\/uploads\/2025\/11\/matrica-scaled.avif 1920w, https:\/\/zade.hu\/wp-content\/uploads\/2025\/11\/matrica-225x300.avif 225w, https:\/\/zade.hu\/wp-content\/uploads\/2025\/11\/matrica-768x1024.avif 768w, https:\/\/zade.hu\/wp-content\/uploads\/2025\/11\/matrica-1152x1536.avif 1152w, https:\/\/zade.hu\/wp-content\/uploads\/2025\/11\/matrica-1536x2048.avif 1536w\" sizes=\"auto, (max-width: 1920px) 100vw, 1920px\">\n        \n    <\/div>\n\n  \n    \n    <div class=\"ee-image-accordion-item ee-image-accordion-item-2\">\n\n                            \n            \n            \n\n    \n    \n    \n    \n    \n    <a class=\"breakdance-link ee-image-accordion-link\" href=\"https:\/\/zade.hu\/atveteli-pontok\/\" target=\"_self\" data-type=\"url\" aria-label=\"Plak\u00e1t\" >\n    <\/a>\n\n            \n       \n\n                    \n                      <div class=\"ee-image-accordion-content-item ee-image-accordion-title\" >Plak\u00e1t<\/div>\n          \n                      <div class=\"ee-image-accordion-content-item ee-image-accordion-desc\"  >1000 Forint<\/div>\n          \n      \n                    <img loading=\"lazy\" decoding=\"async\" class=\"breakdance-image-object\" src=\"https:\/\/zade.hu\/wp-content\/uploads\/2025\/10\/plakatok.avif\" width=\"2560\" height=\"1707\" srcset=\"https:\/\/zade.hu\/wp-content\/uploads\/2025\/10\/plakatok.avif 2560w, https:\/\/zade.hu\/wp-content\/uploads\/2025\/10\/plakatok-300x200.avif 300w, https:\/\/zade.hu\/wp-content\/uploads\/2025\/10\/plakatok-1024x683.avif 1024w, https:\/\/zade.hu\/wp-content\/uploads\/2025\/10\/plakatok-768x512.avif 768w, https:\/\/zade.hu\/wp-content\/uploads\/2025\/10\/plakatok-1536x1024.avif 1536w, https:\/\/zade.hu\/wp-content\/uploads\/2025\/10\/plakatok-2048x1366.avif 2048w\" sizes=\"auto, (max-width: 2560px) 100vw, 2560px\">\n        \n    <\/div>\n\n  <\/div><\/div>\n<\/section>","protected":false},"excerpt":{"rendered":"<p>Pap\u00edr term\u00e9keink Z\u00e1d\u00e9 k\u00e9peslap 400 Forint H\u00e1zas k\u00e9peslap 400 Forint Matrica 200 Forint Plak\u00e1t 1000 Forint<\/p>\n","protected":false},"author":6,"featured_media":0,"parent":0,"menu_order":0,"comment_status":"closed","ping_status":"closed","template":"","meta":{"_acf_changed":false,"_breakdance_hide_in_design_set":false,"_breakdance_tags":"","footnotes":""},"class_list":["post-118","page","type-page","status-publish","hentry"],"acf":[],"yoast_head":"<!-- This site is optimized with the Yoast SEO Premium plugin v27.3 (Yoast SEO v27.3) - https:\/\/yoast.com\/product\/yoast-seo-premium-wordpress\/ -->\n<title>Pap\u00edr term\u00e9keink - zade.hu<\/title>\n<meta name=\"robots\" content=\"index, follow, max-snippet:-1, max-image-preview:large, max-video-preview:-1\" \/>\n<link rel=\"canonical\" href=\"https:\/\/zade.hu\/hu\/papir-termekeink\/\" \/>\n<meta property=\"og:locale\" content=\"hu_HU\" \/>\n<meta property=\"og:type\" content=\"article\" \/>\n<meta property=\"og:title\" content=\"Pap\u00edr term\u00e9keink\" \/>\n<meta property=\"og:description\" content=\"Pap\u00edr term\u00e9keink Z\u00e1d\u00e9 k\u00e9peslap 400 Forint H\u00e1zas k\u00e9peslap 400 Forint Matrica 200 Forint Plak\u00e1t 1000 Forint\" \/>\n<meta property=\"og:url\" content=\"https:\/\/zade.hu\/hu\/papir-termekeink\/\" \/>\n<meta property=\"og:site_name\" content=\"zade.hu\" \/>\n<meta property=\"article:modified_time\" content=\"2025-12-03T16:04:20+00:00\" \/>\n<meta property=\"og:image\" content=\"https:\/\/zade.hu\/wp-content\/uploads\/2025\/10\/Kepeslap_3.avif\" \/>\n<meta name=\"twitter:card\" content=\"summary_large_image\" \/>\n<meta name=\"twitter:label1\" content=\"Becs\u00fclt olvas\u00e1si id\u0151\" \/>\n\t<meta name=\"twitter:data1\" content=\"1 perc\" \/>\n<script type=\"application\/ld+json\" class=\"yoast-schema-graph\">{\"@context\":\"https:\\\/\\\/schema.org\",\"@graph\":[{\"@type\":\"WebPage\",\"@id\":\"https:\\\/\\\/zade.hu\\\/hu\\\/papir-termekeink\\\/\",\"url\":\"https:\\\/\\\/zade.hu\\\/hu\\\/papir-termekeink\\\/\",\"name\":\"Pap\u00edr term\u00e9keink - zade.hu\",\"isPartOf\":{\"@id\":\"https:\\\/\\\/zade.hu\\\/hu\\\/#website\"},\"primaryImageOfPage\":{\"@id\":\"https:\\\/\\\/zade.hu\\\/hu\\\/papir-termekeink\\\/#primaryimage\"},\"image\":{\"@id\":\"https:\\\/\\\/zade.hu\\\/hu\\\/papir-termekeink\\\/#primaryimage\"},\"thumbnailUrl\":\"https:\\\/\\\/zade.hu\\\/wp-content\\\/uploads\\\/2025\\\/10\\\/Kepeslap_3.avif\",\"datePublished\":\"2025-10-30T12:39:48+00:00\",\"dateModified\":\"2025-12-03T16:04:20+00:00\",\"breadcrumb\":{\"@id\":\"https:\\\/\\\/zade.hu\\\/hu\\\/papir-termekeink\\\/#breadcrumb\"},\"inLanguage\":\"hu\",\"potentialAction\":[{\"@type\":\"ReadAction\",\"target\":[\"https:\\\/\\\/zade.hu\\\/hu\\\/papir-termekeink\\\/\"]}]},{\"@type\":\"ImageObject\",\"inLanguage\":\"hu\",\"@id\":\"https:\\\/\\\/zade.hu\\\/hu\\\/papir-termekeink\\\/#primaryimage\",\"url\":\"https:\\\/\\\/zade.hu\\\/wp-content\\\/uploads\\\/2025\\\/10\\\/Kepeslap_3.avif\",\"contentUrl\":\"https:\\\/\\\/zade.hu\\\/wp-content\\\/uploads\\\/2025\\\/10\\\/Kepeslap_3.avif\"},{\"@type\":\"BreadcrumbList\",\"@id\":\"https:\\\/\\\/zade.hu\\\/hu\\\/papir-termekeink\\\/#breadcrumb\",\"itemListElement\":[{\"@type\":\"ListItem\",\"position\":1,\"name\":\"Home\",\"item\":\"https:\\\/\\\/zade.hu\\\/hu\\\/\"},{\"@type\":\"ListItem\",\"position\":2,\"name\":\"Pap\u00edr term\u00e9keink\"}]},{\"@type\":\"WebSite\",\"@id\":\"https:\\\/\\\/zade.hu\\\/hu\\\/#website\",\"url\":\"https:\\\/\\\/zade.hu\\\/hu\\\/\",\"name\":\"zade.hu\",\"description\":\"\",\"potentialAction\":[{\"@type\":\"SearchAction\",\"target\":{\"@type\":\"EntryPoint\",\"urlTemplate\":\"https:\\\/\\\/zade.hu\\\/hu\\\/?s={search_term_string}\"},\"query-input\":{\"@type\":\"PropertyValueSpecification\",\"valueRequired\":true,\"valueName\":\"search_term_string\"}}],\"inLanguage\":\"hu\"}]}<\/script>\n<!-- \/ Yoast SEO Premium plugin. -->","yoast_head_json":{"title":"Pap\u00edr term\u00e9keink - zade.hu","robots":{"index":"index","follow":"follow","max-snippet":"max-snippet:-1","max-image-preview":"max-image-preview:large","max-video-preview":"max-video-preview:-1"},"canonical":"https:\/\/zade.hu\/hu\/papir-termekeink\/","og_locale":"hu_HU","og_type":"article","og_title":"Pap\u00edr term\u00e9keink","og_description":"Pap\u00edr term\u00e9keink Z\u00e1d\u00e9 k\u00e9peslap 400 Forint H\u00e1zas k\u00e9peslap 400 Forint Matrica 200 Forint Plak\u00e1t 1000 Forint","og_url":"https:\/\/zade.hu\/hu\/papir-termekeink\/","og_site_name":"zade.hu","article_modified_time":"2025-12-03T16:04:20+00:00","og_image":[{"url":"https:\/\/zade.hu\/wp-content\/uploads\/2025\/10\/Kepeslap_3.avif","type":"","width":"","height":""}],"twitter_card":"summary_large_image","twitter_misc":{"Becs\u00fclt olvas\u00e1si id\u0151":"1 perc"},"schema":{"@context":"https:\/\/schema.org","@graph":[{"@type":"WebPage","@id":"https:\/\/zade.hu\/hu\/papir-termekeink\/","url":"https:\/\/zade.hu\/hu\/papir-termekeink\/","name":"Pap\u00edr term\u00e9keink - zade.hu","isPartOf":{"@id":"https:\/\/zade.hu\/hu\/#website"},"primaryImageOfPage":{"@id":"https:\/\/zade.hu\/hu\/papir-termekeink\/#primaryimage"},"image":{"@id":"https:\/\/zade.hu\/hu\/papir-termekeink\/#primaryimage"},"thumbnailUrl":"https:\/\/zade.hu\/wp-content\/uploads\/2025\/10\/Kepeslap_3.avif","datePublished":"2025-10-30T12:39:48+00:00","dateModified":"2025-12-03T16:04:20+00:00","breadcrumb":{"@id":"https:\/\/zade.hu\/hu\/papir-termekeink\/#breadcrumb"},"inLanguage":"hu","potentialAction":[{"@type":"ReadAction","target":["https:\/\/zade.hu\/hu\/papir-termekeink\/"]}]},{"@type":"ImageObject","inLanguage":"hu","@id":"https:\/\/zade.hu\/hu\/papir-termekeink\/#primaryimage","url":"https:\/\/zade.hu\/wp-content\/uploads\/2025\/10\/Kepeslap_3.avif","contentUrl":"https:\/\/zade.hu\/wp-content\/uploads\/2025\/10\/Kepeslap_3.avif"},{"@type":"BreadcrumbList","@id":"https:\/\/zade.hu\/hu\/papir-termekeink\/#breadcrumb","itemListElement":[{"@type":"ListItem","position":1,"name":"Home","item":"https:\/\/zade.hu\/hu\/"},{"@type":"ListItem","position":2,"name":"Pap\u00edr term\u00e9keink"}]},{"@type":"WebSite","@id":"https:\/\/zade.hu\/hu\/#website","url":"https:\/\/zade.hu\/hu\/","name":"zade.hu","description":"","potentialAction":[{"@type":"SearchAction","target":{"@type":"EntryPoint","urlTemplate":"https:\/\/zade.hu\/hu\/?s={search_term_string}"},"query-input":{"@type":"PropertyValueSpecification","valueRequired":true,"valueName":"search_term_string"}}],"inLanguage":"hu"}]}},"_links":{"self":[{"href":"https:\/\/zade.hu\/hu\/wp-json\/wp\/v2\/pages\/118","targetHints":{"allow":["GET"]}}],"collection":[{"href":"https:\/\/zade.hu\/hu\/wp-json\/wp\/v2\/pages"}],"about":[{"href":"https:\/\/zade.hu\/hu\/wp-json\/wp\/v2\/types\/page"}],"author":[{"embeddable":true,"href":"https:\/\/zade.hu\/hu\/wp-json\/wp\/v2\/users\/6"}],"replies":[{"embeddable":true,"href":"https:\/\/zade.hu\/hu\/wp-json\/wp\/v2\/comments?post=118"}],"version-history":[{"count":5,"href":"https:\/\/zade.hu\/hu\/wp-json\/wp\/v2\/pages\/118\/revisions"}],"predecessor-version":[{"id":684,"href":"https:\/\/zade.hu\/hu\/wp-json\/wp\/v2\/pages\/118\/revisions\/684"}],"wp:attachment":[{"href":"https:\/\/zade.hu\/hu\/wp-json\/wp\/v2\/media?parent=118"}],"curies":[{"name":"wp","href":"https:\/\/api.w.org\/{rel}","templated":true}]}}