{"id":129,"date":"2025-10-30T20:54:31","date_gmt":"2025-10-30T20:54:31","guid":{"rendered":"https:\/\/zade.hu\/?page_id=129"},"modified":"2026-01-28T08:20:22","modified_gmt":"2026-01-28T08:20:22","slug":"zade-vilagszep","status":"publish","type":"page","link":"https:\/\/zade.hu\/hu\/zade-vilagszep\/","title":{"rendered":"Vil\u00e1gsz\u00e9p Alap\u00edtv\u00e1ny"},"content":{"rendered":"<section class=\"bde-section-129-100 bde-section\">\n  \n  \n\t\n\n\n\n<div class=\"section-container\"><div class=\"bde-text-129-101 bde-text\">\n\n<\/div><h1 class=\"bde-heading-129-103 bde-heading\">\nVil\u00e1gsz\u00e9p Alap\u00edtv\u00e1ny\n<\/h1><h1 class=\"bde-heading-129-105 bde-heading\">\nMisszi\u00f3nk\n<\/h1><div class=\"bde-text-129-104 bde-text\">\n<br>Az \u00e1llam gondoskod\u00e1s\u00e1ban feln\u00f6v\u0151 gyerekek legnagyobb hi\u00e1nya a stabil, kisz\u00e1m\u00edthat\u00f3, elfogad\u00e1sra \u00e9s szeretetre \u00e9p\u00fcl\u0151 emberi kapcsolatokban van. Az ezekb\u0151l ad\u00f3d\u00f3 \u00e9rzelmi biztons\u00e1g elengedhetetlen ahhoz, hogy fejl\u0151dni tudjanak, \u00e9s k\u00e9s\u0151bb, fiatal feln\u0151ttk\u00e9nt k\u00e9pesek legyenek az \u00f6n\u00e1ll\u00f3, kiegyens\u00falyozott \u00e9letre.<br><br>Ma Magyarorsz\u00e1gon minden 69. gyerek, \u00f6sszesen 23.000 gyerek nem a saj\u00e1t csal\u00e1dj\u00e1ban, hanem az \u00e1llam gondoskod\u00e1s\u00e1ban n\u0151 fel. K\u00f6z\u00fcl\u00fck mintegy 7000-en egy int\u00e9zm\u00e9ny keretei k\u00f6z\u00e9 ker\u00fclnek, amely nem tud sz\u00e1mukra el\u00e9g \u00f6lel\u00e9st, gondoskod\u00e1st, szoci\u00e1lis \u00e9s \u00e9rzelmi biztons\u00e1got ny\u00fajtani. Ennek hi\u00e1ny\u00e1ban j\u00f3 es\u00e9llyel a t\u00e1rsadalom perem\u00e9re sodr\u00f3dnak.<br><br>\u00a0 \u00a0\n<\/div><div class=\"bde-button-129-107 bde-button\">\n    \n                        \n                        \n    \n    \n    \n    \n            \n                    \n            \n            \n\n    \n    \n    \n    \n    \n    <a class=\"breakdance-link button-atom button-atom--custom bde-button__button\" href=\"https:\/\/vilagszepalapitvany.givingpage.org\/adomanyozas\" target=\"_self\" data-type=\"url\"  >\n\n    \n        <span class=\"button-atom__text\">T\u00e1mogass minket ad\u00f3d 1%-val!<\/span>\n\n        \n        \n                <\/a>\n\n    \n\n\n<\/div><div class=\"bde-video-129-106 bde-video\">\n<div class=\"ee-video-container\">\n                                                                        \n                <lite-youtube\n                        videoid=\"R5Ue3NGSz1g\"\n                                                style=\"background-image: url(https:\/\/i.ytimg.com\/vi\/R5Ue3NGSz1g\/maxresdefault.jpg); \"\n                        class=\"ee-video\"\n                        title=\"\"\n                        params=\"&playsinline=0&rel=0&enablejsapi=1\"\n                >\n                <\/lite-youtube>\n                    \n        \n            \n    <\/div>\n\n<\/div><div class=\"bde-columns-129-124 bde-columns\"><div class=\"bde-column-129-125 bde-column\">\n  \n  \n\t\n\n\n\n<div class=\"bde-button-129-126 bde-button\">\n    \n                        \n                        \n    \n    \n    \n    \n            \n                    \n            \n            \n\n    \n    \n    \n    \n    \n    <a class=\"breakdance-link button-atom button-atom--custom bde-button__button\" href=\"https:\/\/www.instagram.com\/vilagszepalapitvany\/?__pwa=1\" target=\"_self\" data-type=\"url\"  >\n\n    \n        <span class=\"button-atom__text\">Instagram<\/span>\n\n        \n        \n                <\/a>\n\n    \n\n\n<\/div>\n<\/div><div class=\"bde-column-129-127 bde-column\">\n  \n  \n\t\n\n\n\n<div class=\"bde-button-129-128 bde-button\">\n    \n                        \n                        \n    \n    \n    \n    \n            \n                    \n            \n            \n\n    \n    \n    \n    \n    \n    <a class=\"breakdance-link button-atom button-atom--custom bde-button__button\" href=\"https:\/\/www.facebook.com\/vilagszep\" target=\"_self\" data-type=\"url\"  >\n\n    \n        <span class=\"button-atom__text\">Facebook<\/span>\n\n        \n        \n                <\/a>\n\n    \n\n\n<\/div>\n<\/div><\/div><\/div>\n<\/section>","protected":false},"excerpt":{"rendered":"<p>Vil\u00e1gsz\u00e9p Alap\u00edtv\u00e1ny Misszi\u00f3nk Az \u00e1llam gondoskod\u00e1s\u00e1ban feln\u00f6v\u0151 gyerekek legnagyobb hi\u00e1nya a stabil, kisz\u00e1m\u00edthat\u00f3, elfogad\u00e1sra \u00e9s szeretetre \u00e9p\u00fcl\u0151 emberi kapcsolatokban van. Az ezekb\u0151l ad\u00f3d\u00f3 \u00e9rzelmi biztons\u00e1g elengedhetetlen ahhoz, hogy fejl\u0151dni tudjanak, \u00e9s k\u00e9s\u0151bb, fiatal feln\u0151ttk\u00e9nt k\u00e9pesek legyenek az \u00f6n\u00e1ll\u00f3, kiegyens\u00falyozott \u00e9letre.Ma Magyarorsz\u00e1gon minden 69. gyerek, \u00f6sszesen 23.000 gyerek nem a saj\u00e1t csal\u00e1dj\u00e1ban, hanem az \u00e1llam gondoskod\u00e1s\u00e1ban [&hellip;]<\/p>\n","protected":false},"author":6,"featured_media":0,"parent":0,"menu_order":0,"comment_status":"closed","ping_status":"closed","template":"","meta":{"_acf_changed":false,"_breakdance_hide_in_design_set":false,"_breakdance_tags":"","footnotes":""},"class_list":["post-129","page","type-page","status-publish","hentry"],"acf":[],"yoast_head":"<!-- This site is optimized with the Yoast SEO Premium plugin v27.3 (Yoast SEO v27.3) - https:\/\/yoast.com\/product\/yoast-seo-premium-wordpress\/ -->\n<title>Vil\u00e1gsz\u00e9p Alap\u00edtv\u00e1ny - zade.hu<\/title>\n<meta name=\"robots\" content=\"index, follow, max-snippet:-1, max-image-preview:large, max-video-preview:-1\" \/>\n<link rel=\"canonical\" href=\"https:\/\/zade.hu\/hu\/zade-vilagszep\/\" \/>\n<meta property=\"og:locale\" content=\"hu_HU\" \/>\n<meta property=\"og:type\" content=\"article\" \/>\n<meta property=\"og:title\" content=\"Vil\u00e1gsz\u00e9p Alap\u00edtv\u00e1ny\" \/>\n<meta property=\"og:description\" content=\"Vil\u00e1gsz\u00e9p Alap\u00edtv\u00e1ny Misszi\u00f3nk Az \u00e1llam gondoskod\u00e1s\u00e1ban feln\u00f6v\u0151 gyerekek legnagyobb hi\u00e1nya a stabil, kisz\u00e1m\u00edthat\u00f3, elfogad\u00e1sra \u00e9s szeretetre \u00e9p\u00fcl\u0151 emberi kapcsolatokban van. Az ezekb\u0151l ad\u00f3d\u00f3 \u00e9rzelmi biztons\u00e1g elengedhetetlen ahhoz, hogy fejl\u0151dni tudjanak, \u00e9s k\u00e9s\u0151bb, fiatal feln\u0151ttk\u00e9nt k\u00e9pesek legyenek az \u00f6n\u00e1ll\u00f3, kiegyens\u00falyozott \u00e9letre.Ma Magyarorsz\u00e1gon minden 69. gyerek, \u00f6sszesen 23.000 gyerek nem a saj\u00e1t csal\u00e1dj\u00e1ban, hanem az \u00e1llam gondoskod\u00e1s\u00e1ban [&hellip;]\" \/>\n<meta property=\"og:url\" content=\"https:\/\/zade.hu\/hu\/zade-vilagszep\/\" \/>\n<meta property=\"og:site_name\" content=\"zade.hu\" \/>\n<meta property=\"article:modified_time\" content=\"2026-01-28T08:20:22+00:00\" \/>\n<meta name=\"twitter:card\" content=\"summary_large_image\" \/>\n<meta name=\"twitter:label1\" content=\"Becs\u00fclt olvas\u00e1si id\u0151\" \/>\n\t<meta name=\"twitter:data1\" content=\"1 perc\" \/>\n<script type=\"application\/ld+json\" class=\"yoast-schema-graph\">{\"@context\":\"https:\\\/\\\/schema.org\",\"@graph\":[{\"@type\":\"WebPage\",\"@id\":\"https:\\\/\\\/zade.hu\\\/hu\\\/zade-vilagszep\\\/\",\"url\":\"https:\\\/\\\/zade.hu\\\/hu\\\/zade-vilagszep\\\/\",\"name\":\"Vil\u00e1gsz\u00e9p Alap\u00edtv\u00e1ny - zade.hu\",\"isPartOf\":{\"@id\":\"https:\\\/\\\/zade.hu\\\/hu\\\/#website\"},\"datePublished\":\"2025-10-30T20:54:31+00:00\",\"dateModified\":\"2026-01-28T08:20:22+00:00\",\"breadcrumb\":{\"@id\":\"https:\\\/\\\/zade.hu\\\/hu\\\/zade-vilagszep\\\/#breadcrumb\"},\"inLanguage\":\"hu\",\"potentialAction\":[{\"@type\":\"ReadAction\",\"target\":[\"https:\\\/\\\/zade.hu\\\/hu\\\/zade-vilagszep\\\/\"]}]},{\"@type\":\"BreadcrumbList\",\"@id\":\"https:\\\/\\\/zade.hu\\\/hu\\\/zade-vilagszep\\\/#breadcrumb\",\"itemListElement\":[{\"@type\":\"ListItem\",\"position\":1,\"name\":\"Home\",\"item\":\"https:\\\/\\\/zade.hu\\\/hu\\\/\"},{\"@type\":\"ListItem\",\"position\":2,\"name\":\"Vil\u00e1gsz\u00e9p Alap\u00edtv\u00e1ny\"}]},{\"@type\":\"WebSite\",\"@id\":\"https:\\\/\\\/zade.hu\\\/hu\\\/#website\",\"url\":\"https:\\\/\\\/zade.hu\\\/hu\\\/\",\"name\":\"zade.hu\",\"description\":\"\",\"potentialAction\":[{\"@type\":\"SearchAction\",\"target\":{\"@type\":\"EntryPoint\",\"urlTemplate\":\"https:\\\/\\\/zade.hu\\\/hu\\\/?s={search_term_string}\"},\"query-input\":{\"@type\":\"PropertyValueSpecification\",\"valueRequired\":true,\"valueName\":\"search_term_string\"}}],\"inLanguage\":\"hu\"}]}<\/script>\n<!-- \/ Yoast SEO Premium plugin. -->","yoast_head_json":{"title":"Vil\u00e1gsz\u00e9p Alap\u00edtv\u00e1ny - zade.hu","robots":{"index":"index","follow":"follow","max-snippet":"max-snippet:-1","max-image-preview":"max-image-preview:large","max-video-preview":"max-video-preview:-1"},"canonical":"https:\/\/zade.hu\/hu\/zade-vilagszep\/","og_locale":"hu_HU","og_type":"article","og_title":"Vil\u00e1gsz\u00e9p Alap\u00edtv\u00e1ny","og_description":"Vil\u00e1gsz\u00e9p Alap\u00edtv\u00e1ny Misszi\u00f3nk Az \u00e1llam gondoskod\u00e1s\u00e1ban feln\u00f6v\u0151 gyerekek legnagyobb hi\u00e1nya a stabil, kisz\u00e1m\u00edthat\u00f3, elfogad\u00e1sra \u00e9s szeretetre \u00e9p\u00fcl\u0151 emberi kapcsolatokban van. Az ezekb\u0151l ad\u00f3d\u00f3 \u00e9rzelmi biztons\u00e1g elengedhetetlen ahhoz, hogy fejl\u0151dni tudjanak, \u00e9s k\u00e9s\u0151bb, fiatal feln\u0151ttk\u00e9nt k\u00e9pesek legyenek az \u00f6n\u00e1ll\u00f3, kiegyens\u00falyozott \u00e9letre.Ma Magyarorsz\u00e1gon minden 69. gyerek, \u00f6sszesen 23.000 gyerek nem a saj\u00e1t csal\u00e1dj\u00e1ban, hanem az \u00e1llam gondoskod\u00e1s\u00e1ban [&hellip;]","og_url":"https:\/\/zade.hu\/hu\/zade-vilagszep\/","og_site_name":"zade.hu","article_modified_time":"2026-01-28T08:20:22+00:00","twitter_card":"summary_large_image","twitter_misc":{"Becs\u00fclt olvas\u00e1si id\u0151":"1 perc"},"schema":{"@context":"https:\/\/schema.org","@graph":[{"@type":"WebPage","@id":"https:\/\/zade.hu\/hu\/zade-vilagszep\/","url":"https:\/\/zade.hu\/hu\/zade-vilagszep\/","name":"Vil\u00e1gsz\u00e9p Alap\u00edtv\u00e1ny - zade.hu","isPartOf":{"@id":"https:\/\/zade.hu\/hu\/#website"},"datePublished":"2025-10-30T20:54:31+00:00","dateModified":"2026-01-28T08:20:22+00:00","breadcrumb":{"@id":"https:\/\/zade.hu\/hu\/zade-vilagszep\/#breadcrumb"},"inLanguage":"hu","potentialAction":[{"@type":"ReadAction","target":["https:\/\/zade.hu\/hu\/zade-vilagszep\/"]}]},{"@type":"BreadcrumbList","@id":"https:\/\/zade.hu\/hu\/zade-vilagszep\/#breadcrumb","itemListElement":[{"@type":"ListItem","position":1,"name":"Home","item":"https:\/\/zade.hu\/hu\/"},{"@type":"ListItem","position":2,"name":"Vil\u00e1gsz\u00e9p Alap\u00edtv\u00e1ny"}]},{"@type":"WebSite","@id":"https:\/\/zade.hu\/hu\/#website","url":"https:\/\/zade.hu\/hu\/","name":"zade.hu","description":"","potentialAction":[{"@type":"SearchAction","target":{"@type":"EntryPoint","urlTemplate":"https:\/\/zade.hu\/hu\/?s={search_term_string}"},"query-input":{"@type":"PropertyValueSpecification","valueRequired":true,"valueName":"search_term_string"}}],"inLanguage":"hu"}]}},"_links":{"self":[{"href":"https:\/\/zade.hu\/hu\/wp-json\/wp\/v2\/pages\/129","targetHints":{"allow":["GET"]}}],"collection":[{"href":"https:\/\/zade.hu\/hu\/wp-json\/wp\/v2\/pages"}],"about":[{"href":"https:\/\/zade.hu\/hu\/wp-json\/wp\/v2\/types\/page"}],"author":[{"embeddable":true,"href":"https:\/\/zade.hu\/hu\/wp-json\/wp\/v2\/users\/6"}],"replies":[{"embeddable":true,"href":"https:\/\/zade.hu\/hu\/wp-json\/wp\/v2\/comments?post=129"}],"version-history":[{"count":5,"href":"https:\/\/zade.hu\/hu\/wp-json\/wp\/v2\/pages\/129\/revisions"}],"predecessor-version":[{"id":562,"href":"https:\/\/zade.hu\/hu\/wp-json\/wp\/v2\/pages\/129\/revisions\/562"}],"wp:attachment":[{"href":"https:\/\/zade.hu\/hu\/wp-json\/wp\/v2\/media?parent=129"}],"curies":[{"name":"wp","href":"https:\/\/api.w.org\/{rel}","templated":true}]}}