{"id":132,"date":"2025-10-30T20:56:19","date_gmt":"2025-10-30T20:56:19","guid":{"rendered":"https:\/\/zade.hu\/?page_id=132"},"modified":"2026-01-26T19:27:31","modified_gmt":"2026-01-26T19:27:31","slug":"zade-menhely","status":"publish","type":"page","link":"https:\/\/zade.hu\/hu\/zade-menhely\/","title":{"rendered":"Menhely Alap\u00edtv\u00e1ny"},"content":{"rendered":"<section class=\"bde-section-132-100 bde-section\">\n  \n  \n\t\n\n\n\n<div class=\"section-container\"><h1 class=\"bde-heading-132-101 bde-heading\">\nMenhely Alap\u00edtv\u00e1ny<br>\n<\/h1><h1 class=\"bde-heading-132-106 bde-heading\">\nMisszi\u00f3nk\n<\/h1><div class=\"bde-text-132-103 bde-text\">\nA hajl\u00e9ktalans\u00e1g \u00e9s m\u00e9lyszeg\u00e9nys\u00e9g az egyik legrem\u00e9nytelenebb helyzet, melybe ember ker\u00fclhet. Mag\u00e1ny, elszigetelts\u00e9g, inform\u00e1ci\u00f3hi\u00e1ny \u2013 csak n\u00e9h\u00e1ny a sok lek\u00fczdend\u0151 neh\u00e9zs\u00e9g k\u00f6z\u00fcl. A Menhely Alap\u00edtv\u00e1ny nap mint nap azon dolgozik, hogy ezekre a probl\u00e9m\u00e1kra val\u00f3di v\u00e1laszokat adjon.<br><br>A Menhely Alap\u00edtv\u00e1ny a rendszerv\u00e1lt\u00e1s ut\u00e1n az els\u0151 vil\u00e1gi szervezetk\u00e9nt j\u00f6tt l\u00e9tre, amely \u00e1tfog\u00f3an foglalkozik a hajl\u00e9ktalans\u00e1g k\u00e9rd\u00e9s\u00e9vel. Szolg\u00e1ltat\u00e1saink ma is egyed\u00fcl\u00e1ll\u00f3an sokr\u00e9t\u0171ek: lakhat\u00e1si programot, jogi \u00e9s ad\u00f3ss\u00e1gkezel\u00e9si tan\u00e1csad\u00e1st, munkav\u00e1llal\u00e1si t\u00e1mogat\u00e1stbiztos\u00edtunk \u00fcgyfeleink r\u00e9sz\u00e9re, valamint a Fed\u00e9l N\u00e9lk\u00fcl utcalap kiad\u00f3ik\u00e9nt lehet\u0151s\u00e9get adunk a hajl\u00e9ktalan embereknek arra, hogy l\u00e1that\u00f3s\u00e1got, elismer\u00e9st \u00e9s j\u00f6vedelmet szerezzenek.\n<\/div><div class=\"bde-text-132-108 bde-text\">\nEgy apr\u00f3 gesztus is hatalmas seg\u00edts\u00e9g lehet: szem\u00e9lyi j\u00f6vedelemad\u00f3d 1%-\u00e1val te is<br>hozz\u00e1j\u00e1rulhatsz ahhoz, hogy emberek \u00fajra otthonra, biztons\u00e1gra \u00e9s m\u00e9lt\u00f3s\u00e1gra tal\u00e1ljanak.\n<\/div><div class=\"bde-button-132-105 bde-button\">\n    \n                        \n                        \n    \n    \n    \n    \n            \n                    \n            \n            \n\n    \n    \n    \n    \n    \n    <a class=\"breakdance-link button-atom button-atom--custom bde-button__button\" href=\"https:\/\/menhely.hu\/hogyan-segithetek\/egyszazalek\/\" target=\"_self\" data-type=\"url\"  >\n\n    \n        <span class=\"button-atom__text\">T\u00e1mogass minket ad\u00f3d 1%-val<\/span>\n\n        \n        \n                <\/a>\n\n    \n\n\n<\/div><img decoding=\"async\" class=\"bde-image2-132-104 bde-image2\" src=\"https:\/\/zade.hu\/wp-content\/uploads\/2025\/11\/menhely_alapitvany_csapat.avif\" loading=\"lazy\" srcset=\"https:\/\/zade.hu\/wp-content\/uploads\/2025\/11\/menhely_alapitvany_csapat.avif 1400w, https:\/\/zade.hu\/wp-content\/uploads\/2025\/11\/menhely_alapitvany_csapat-300x200.avif 300w, https:\/\/zade.hu\/wp-content\/uploads\/2025\/11\/menhely_alapitvany_csapat-1024x684.avif 1024w, https:\/\/zade.hu\/wp-content\/uploads\/2025\/11\/menhely_alapitvany_csapat-768x513.avif 768w\" sizes=\"(max-width: 1400px) 100vw, 1400px\"><div class=\"bde-columns-132-114 bde-columns\"><div class=\"bde-column-132-115 bde-column\">\n  \n  \n\t\n\n\n\n<div class=\"bde-button-132-116 bde-button\">\n    \n                        \n                        \n    \n    \n    \n    \n            \n                    \n            \n            \n\n    \n    \n    \n    \n    \n    <a class=\"breakdance-link button-atom button-atom--custom bde-button__button\" href=\"https:\/\/www.instagram.com\/menhelyalapitvany\/?__pwa=1\" target=\"_self\" data-type=\"url\"  >\n\n    \n        <span class=\"button-atom__text\">Instagram<\/span>\n\n        \n        \n                <\/a>\n\n    \n\n\n<\/div>\n<\/div><div class=\"bde-column-132-117 bde-column\">\n  \n  \n\t\n\n\n\n<div class=\"bde-button-132-118 bde-button\">\n    \n                        \n                        \n    \n    \n    \n    \n            \n                    \n            \n            \n\n    \n    \n    \n    \n    \n    <a class=\"breakdance-link button-atom button-atom--custom bde-button__button\" href=\"https:\/\/www.facebook.com\/menhely.1990\" target=\"_self\" data-type=\"url\"  >\n\n    \n        <span class=\"button-atom__text\">Facebook<\/span>\n\n        \n        \n                <\/a>\n\n    \n\n\n<\/div>\n<\/div><\/div><\/div>\n<\/section>","protected":false},"excerpt":{"rendered":"<p>Menhely Alap\u00edtv\u00e1ny Misszi\u00f3nk A hajl\u00e9ktalans\u00e1g \u00e9s m\u00e9lyszeg\u00e9nys\u00e9g az egyik legrem\u00e9nytelenebb helyzet, melybe ember ker\u00fclhet. Mag\u00e1ny, elszigetelts\u00e9g, inform\u00e1ci\u00f3hi\u00e1ny \u2013 csak n\u00e9h\u00e1ny a sok lek\u00fczdend\u0151 neh\u00e9zs\u00e9g k\u00f6z\u00fcl. A Menhely Alap\u00edtv\u00e1ny nap mint nap azon dolgozik, hogy ezekre a probl\u00e9m\u00e1kra val\u00f3di v\u00e1laszokat adjon.A Menhely Alap\u00edtv\u00e1ny a rendszerv\u00e1lt\u00e1s ut\u00e1n az els\u0151 vil\u00e1gi szervezetk\u00e9nt j\u00f6tt l\u00e9tre, amely \u00e1tfog\u00f3an foglalkozik a [&hellip;]<\/p>\n","protected":false},"author":6,"featured_media":0,"parent":0,"menu_order":0,"comment_status":"closed","ping_status":"closed","template":"","meta":{"_acf_changed":false,"_breakdance_hide_in_design_set":false,"_breakdance_tags":"","footnotes":""},"class_list":["post-132","page","type-page","status-publish","hentry"],"acf":[],"yoast_head":"<!-- This site is optimized with the Yoast SEO Premium plugin v27.3 (Yoast SEO v27.3) - https:\/\/yoast.com\/product\/yoast-seo-premium-wordpress\/ -->\n<title>Menhely Alap\u00edtv\u00e1ny - zade.hu<\/title>\n<meta name=\"robots\" content=\"index, follow, max-snippet:-1, max-image-preview:large, max-video-preview:-1\" \/>\n<link rel=\"canonical\" href=\"https:\/\/zade.hu\/hu\/zade-menhely\/\" \/>\n<meta property=\"og:locale\" content=\"hu_HU\" \/>\n<meta property=\"og:type\" content=\"article\" \/>\n<meta property=\"og:title\" content=\"Menhely Alap\u00edtv\u00e1ny\" \/>\n<meta property=\"og:description\" content=\"Menhely Alap\u00edtv\u00e1ny Misszi\u00f3nk A hajl\u00e9ktalans\u00e1g \u00e9s m\u00e9lyszeg\u00e9nys\u00e9g az egyik legrem\u00e9nytelenebb helyzet, melybe ember ker\u00fclhet. Mag\u00e1ny, elszigetelts\u00e9g, inform\u00e1ci\u00f3hi\u00e1ny \u2013 csak n\u00e9h\u00e1ny a sok lek\u00fczdend\u0151 neh\u00e9zs\u00e9g k\u00f6z\u00fcl. A Menhely Alap\u00edtv\u00e1ny nap mint nap azon dolgozik, hogy ezekre a probl\u00e9m\u00e1kra val\u00f3di v\u00e1laszokat adjon.A Menhely Alap\u00edtv\u00e1ny a rendszerv\u00e1lt\u00e1s ut\u00e1n az els\u0151 vil\u00e1gi szervezetk\u00e9nt j\u00f6tt l\u00e9tre, amely \u00e1tfog\u00f3an foglalkozik a [&hellip;]\" \/>\n<meta property=\"og:url\" content=\"https:\/\/zade.hu\/hu\/zade-menhely\/\" \/>\n<meta property=\"og:site_name\" content=\"zade.hu\" \/>\n<meta property=\"article:modified_time\" content=\"2026-01-26T19:27:31+00:00\" \/>\n<meta name=\"twitter:card\" content=\"summary_large_image\" \/>\n<meta name=\"twitter:label1\" content=\"Becs\u00fclt olvas\u00e1si id\u0151\" \/>\n\t<meta name=\"twitter:data1\" content=\"1 perc\" \/>\n<script type=\"application\/ld+json\" class=\"yoast-schema-graph\">{\"@context\":\"https:\\\/\\\/schema.org\",\"@graph\":[{\"@type\":\"WebPage\",\"@id\":\"https:\\\/\\\/zade.hu\\\/hu\\\/zade-menhely\\\/\",\"url\":\"https:\\\/\\\/zade.hu\\\/hu\\\/zade-menhely\\\/\",\"name\":\"Menhely Alap\u00edtv\u00e1ny - zade.hu\",\"isPartOf\":{\"@id\":\"https:\\\/\\\/zade.hu\\\/hu\\\/#website\"},\"datePublished\":\"2025-10-30T20:56:19+00:00\",\"dateModified\":\"2026-01-26T19:27:31+00:00\",\"breadcrumb\":{\"@id\":\"https:\\\/\\\/zade.hu\\\/hu\\\/zade-menhely\\\/#breadcrumb\"},\"inLanguage\":\"hu\",\"potentialAction\":[{\"@type\":\"ReadAction\",\"target\":[\"https:\\\/\\\/zade.hu\\\/hu\\\/zade-menhely\\\/\"]}]},{\"@type\":\"BreadcrumbList\",\"@id\":\"https:\\\/\\\/zade.hu\\\/hu\\\/zade-menhely\\\/#breadcrumb\",\"itemListElement\":[{\"@type\":\"ListItem\",\"position\":1,\"name\":\"Home\",\"item\":\"https:\\\/\\\/zade.hu\\\/hu\\\/\"},{\"@type\":\"ListItem\",\"position\":2,\"name\":\"Menhely Alap\u00edtv\u00e1ny\"}]},{\"@type\":\"WebSite\",\"@id\":\"https:\\\/\\\/zade.hu\\\/hu\\\/#website\",\"url\":\"https:\\\/\\\/zade.hu\\\/hu\\\/\",\"name\":\"zade.hu\",\"description\":\"\",\"potentialAction\":[{\"@type\":\"SearchAction\",\"target\":{\"@type\":\"EntryPoint\",\"urlTemplate\":\"https:\\\/\\\/zade.hu\\\/hu\\\/?s={search_term_string}\"},\"query-input\":{\"@type\":\"PropertyValueSpecification\",\"valueRequired\":true,\"valueName\":\"search_term_string\"}}],\"inLanguage\":\"hu\"}]}<\/script>\n<!-- \/ Yoast SEO Premium plugin. -->","yoast_head_json":{"title":"Menhely Alap\u00edtv\u00e1ny - zade.hu","robots":{"index":"index","follow":"follow","max-snippet":"max-snippet:-1","max-image-preview":"max-image-preview:large","max-video-preview":"max-video-preview:-1"},"canonical":"https:\/\/zade.hu\/hu\/zade-menhely\/","og_locale":"hu_HU","og_type":"article","og_title":"Menhely Alap\u00edtv\u00e1ny","og_description":"Menhely Alap\u00edtv\u00e1ny Misszi\u00f3nk A hajl\u00e9ktalans\u00e1g \u00e9s m\u00e9lyszeg\u00e9nys\u00e9g az egyik legrem\u00e9nytelenebb helyzet, melybe ember ker\u00fclhet. Mag\u00e1ny, elszigetelts\u00e9g, inform\u00e1ci\u00f3hi\u00e1ny \u2013 csak n\u00e9h\u00e1ny a sok lek\u00fczdend\u0151 neh\u00e9zs\u00e9g k\u00f6z\u00fcl. A Menhely Alap\u00edtv\u00e1ny nap mint nap azon dolgozik, hogy ezekre a probl\u00e9m\u00e1kra val\u00f3di v\u00e1laszokat adjon.A Menhely Alap\u00edtv\u00e1ny a rendszerv\u00e1lt\u00e1s ut\u00e1n az els\u0151 vil\u00e1gi szervezetk\u00e9nt j\u00f6tt l\u00e9tre, amely \u00e1tfog\u00f3an foglalkozik a [&hellip;]","og_url":"https:\/\/zade.hu\/hu\/zade-menhely\/","og_site_name":"zade.hu","article_modified_time":"2026-01-26T19:27:31+00:00","twitter_card":"summary_large_image","twitter_misc":{"Becs\u00fclt olvas\u00e1si id\u0151":"1 perc"},"schema":{"@context":"https:\/\/schema.org","@graph":[{"@type":"WebPage","@id":"https:\/\/zade.hu\/hu\/zade-menhely\/","url":"https:\/\/zade.hu\/hu\/zade-menhely\/","name":"Menhely Alap\u00edtv\u00e1ny - zade.hu","isPartOf":{"@id":"https:\/\/zade.hu\/hu\/#website"},"datePublished":"2025-10-30T20:56:19+00:00","dateModified":"2026-01-26T19:27:31+00:00","breadcrumb":{"@id":"https:\/\/zade.hu\/hu\/zade-menhely\/#breadcrumb"},"inLanguage":"hu","potentialAction":[{"@type":"ReadAction","target":["https:\/\/zade.hu\/hu\/zade-menhely\/"]}]},{"@type":"BreadcrumbList","@id":"https:\/\/zade.hu\/hu\/zade-menhely\/#breadcrumb","itemListElement":[{"@type":"ListItem","position":1,"name":"Home","item":"https:\/\/zade.hu\/hu\/"},{"@type":"ListItem","position":2,"name":"Menhely Alap\u00edtv\u00e1ny"}]},{"@type":"WebSite","@id":"https:\/\/zade.hu\/hu\/#website","url":"https:\/\/zade.hu\/hu\/","name":"zade.hu","description":"","potentialAction":[{"@type":"SearchAction","target":{"@type":"EntryPoint","urlTemplate":"https:\/\/zade.hu\/hu\/?s={search_term_string}"},"query-input":{"@type":"PropertyValueSpecification","valueRequired":true,"valueName":"search_term_string"}}],"inLanguage":"hu"}]}},"_links":{"self":[{"href":"https:\/\/zade.hu\/hu\/wp-json\/wp\/v2\/pages\/132","targetHints":{"allow":["GET"]}}],"collection":[{"href":"https:\/\/zade.hu\/hu\/wp-json\/wp\/v2\/pages"}],"about":[{"href":"https:\/\/zade.hu\/hu\/wp-json\/wp\/v2\/types\/page"}],"author":[{"embeddable":true,"href":"https:\/\/zade.hu\/hu\/wp-json\/wp\/v2\/users\/6"}],"replies":[{"embeddable":true,"href":"https:\/\/zade.hu\/hu\/wp-json\/wp\/v2\/comments?post=132"}],"version-history":[{"count":5,"href":"https:\/\/zade.hu\/hu\/wp-json\/wp\/v2\/pages\/132\/revisions"}],"predecessor-version":[{"id":841,"href":"https:\/\/zade.hu\/hu\/wp-json\/wp\/v2\/pages\/132\/revisions\/841"}],"wp:attachment":[{"href":"https:\/\/zade.hu\/hu\/wp-json\/wp\/v2\/media?parent=132"}],"curies":[{"name":"wp","href":"https:\/\/api.w.org\/{rel}","templated":true}]}}