{"id":135,"date":"2025-10-30T20:57:25","date_gmt":"2025-10-30T20:57:25","guid":{"rendered":"https:\/\/zade.hu\/?page_id=135"},"modified":"2025-11-28T19:30:21","modified_gmt":"2025-11-28T19:30:21","slug":"zade-tuzcsiholo","status":"publish","type":"page","link":"https:\/\/zade.hu\/hu\/zade-tuzcsiholo\/","title":{"rendered":"T\u0171zcsihol\u00f3 Egyes\u00fclet"},"content":{"rendered":"<section class=\"bde-section-135-100 bde-section\">\n  \n  \n\t\n\n\n\n<div class=\"section-container\"><h1 class=\"bde-heading-135-105 bde-heading\">\nT\u0171zcsihol\u00f3 Egyes\u00fclet<br>\n<\/h1><h1 class=\"bde-heading-135-106 bde-heading\">\nMisszi\u00f3nk\n<\/h1><div class=\"bde-text-135-107 bde-text\">\nA T\u0171zcsihol\u00f3 Egyes\u00fclet olyan csal\u00e1dokat t\u00e1mogat, ahol a sz\u00fcl\u0151k kor\u00e1bban \u00e1llami gondozottak voltak. C\u00e9ljuk, hogy seg\u00edts\u00e9k \u0151ket a t\u00e1rsadalmi integr\u00e1ci\u00f3ban. <br><br>A csal\u00e1dok gyakran szembes\u00fclnek alacsony iskol\u00e1zotts\u00e1ggal, munkakeres\u00e9si neh\u00e9zs\u00e9gekkel \u00e9s lakhat\u00e1si probl\u00e9m\u00e1kkal. Az egyes\u00fcletels\u0151sorban Szabolcs-Szatm\u00e1r-Bereg v\u00e1rmegyei csal\u00e1dokat seg\u00edt k\u00e9pz\u00e9ssel, mentor\u00e1l\u00e1ssal, kr\u00edzist\u00e1mogat\u00e1ssal, k\u00f6z\u00f6ss\u00e9gi programokkal \u00e9s csal\u00e1di t\u00e1borok szervez\u00e9s\u00e9vel. <br><br>Fontos c\u00e9ljuk, hogy a gyermekek ne ker\u00fcljenek ki v\u00e9rszerinti csal\u00e1djukb\u00f3l, \u00e9s ne v\u00e1ljanak \u00e1llami gondozott\u00e1. Az elm\u00falt \u00e9vekben t\u00f6bb mint 100 csal\u00e1dnak ny\u00fajtottak t\u00e1mogat\u00e1st. Seg\u00edtett\u00e9k a csal\u00e1dokat munkahelykeres\u00e9sben, \u00e9letvezet\u00e9sben, valamint tanszert\u00e1mogat\u00e1st \u00e9s kar\u00e1csonyi aj\u00e1nd\u00e9kokat biztos\u00edtottak. <br><br>K\u00e9t adom\u00e1nyboltot is m\u0171k\u00f6dtetnek, amelyek k\u00f6z\u00f6ss\u00e9gi t\u00e9rk\u00e9nt szolg\u00e1lnak, \u00e9s c\u00e9lcsoportjuk tagjait foglalkoztatj\u00e1k. Elk\u00f6telezettek a csal\u00e1dok hossz\u00fa t\u00e1v\u00fa meger\u0151s\u00edt\u00e9se \u00e9s t\u00e1rsadalmi befogad\u00e1sa mellett.\n<\/div><div class=\"bde-button-135-109 bde-button\">\n    \n                        \n                        \n    \n    \n    \n    \n            \n                    \n            \n            \n\n    \n    \n    \n    \n    \n    <a class=\"breakdance-link button-atom button-atom--custom bde-button__button\" href=\"https:\/\/tuzcsiholo.eu\/1-a-csaladban-maradasert\/\" target=\"_self\" data-type=\"url\"  >\n\n    \n        <span class=\"button-atom__text\">T\u00e1mogass minket ad\u00f3d 1%-val!<\/span>\n\n        \n        \n                <\/a>\n\n    \n\n\n<\/div><img decoding=\"async\" class=\"bde-image2-135-108 bde-image2\" src=\"https:\/\/zade.hu\/wp-content\/uploads\/2025\/11\/happy-kid-W97QA6P-710x1024.avif\" loading=\"lazy\" srcset=\"https:\/\/zade.hu\/wp-content\/uploads\/2025\/11\/happy-kid-W97QA6P-710x1024.avif 710w, https:\/\/zade.hu\/wp-content\/uploads\/2025\/11\/happy-kid-W97QA6P-208x300.avif 208w, https:\/\/zade.hu\/wp-content\/uploads\/2025\/11\/happy-kid-W97QA6P-768x1107.avif 768w, https:\/\/zade.hu\/wp-content\/uploads\/2025\/11\/happy-kid-W97QA6P-1065x1536.avif 1065w\" sizes=\"(max-width: 710px) 100vw, 710px\"><div class=\"bde-columns-135-115 bde-columns\"><div class=\"bde-column-135-116 bde-column\">\n  \n  \n\t\n\n\n\n<div class=\"bde-button-135-117 bde-button\">\n    \n                        \n                        \n    \n    \n    \n    \n            \n                    \n            \n            \n\n    \n    \n    \n    \n    \n    <a class=\"breakdance-link button-atom button-atom--custom bde-button__button\" href=\"https:\/\/www.instagram.com\/tuzcsiholoegyesulet\/?\" target=\"_self\" data-type=\"url\"  >\n\n    \n        <span class=\"button-atom__text\">Instagram<\/span>\n\n        \n        \n                <\/a>\n\n    \n\n\n<\/div>\n<\/div><div class=\"bde-column-135-118 bde-column\">\n  \n  \n\t\n\n\n\n<div class=\"bde-button-135-119 bde-button\">\n    \n                        \n                        \n    \n    \n    \n    \n            \n                    \n            \n            \n\n    \n    \n    \n    \n    \n    <a class=\"breakdance-link button-atom button-atom--custom bde-button__button\" href=\"https:\/\/www.facebook.com\/tuzcsiholoegyesulet\" target=\"_self\" data-type=\"url\"  >\n\n    \n        <span class=\"button-atom__text\">Facebook<\/span>\n\n        \n        \n                <\/a>\n\n    \n\n\n<\/div>\n<\/div><\/div><\/div>\n<\/section>","protected":false},"excerpt":{"rendered":"<p>T\u0171zcsihol\u00f3 Egyes\u00fclet Misszi\u00f3nk A T\u0171zcsihol\u00f3 Egyes\u00fclet olyan csal\u00e1dokat t\u00e1mogat, ahol a sz\u00fcl\u0151k kor\u00e1bban \u00e1llami gondozottak voltak. C\u00e9ljuk, hogy seg\u00edts\u00e9k \u0151ket a t\u00e1rsadalmi integr\u00e1ci\u00f3ban. A csal\u00e1dok gyakran szembes\u00fclnek alacsony iskol\u00e1zotts\u00e1ggal, munkakeres\u00e9si neh\u00e9zs\u00e9gekkel \u00e9s lakhat\u00e1si probl\u00e9m\u00e1kkal. Az egyes\u00fcletels\u0151sorban Szabolcs-Szatm\u00e1r-Bereg v\u00e1rmegyei csal\u00e1dokat seg\u00edt k\u00e9pz\u00e9ssel, mentor\u00e1l\u00e1ssal, kr\u00edzist\u00e1mogat\u00e1ssal, k\u00f6z\u00f6ss\u00e9gi programokkal \u00e9s csal\u00e1di t\u00e1borok szervez\u00e9s\u00e9vel. Fontos c\u00e9ljuk, hogy a gyermekek ne [&hellip;]<\/p>\n","protected":false},"author":6,"featured_media":0,"parent":0,"menu_order":0,"comment_status":"closed","ping_status":"closed","template":"","meta":{"_acf_changed":false,"_breakdance_hide_in_design_set":false,"_breakdance_tags":"","footnotes":""},"class_list":["post-135","page","type-page","status-publish","hentry"],"acf":[],"yoast_head":"<!-- This site is optimized with the Yoast SEO Premium plugin v27.3 (Yoast SEO v27.3) - https:\/\/yoast.com\/product\/yoast-seo-premium-wordpress\/ -->\n<title>T\u0171zcsihol\u00f3 Egyes\u00fclet - zade.hu<\/title>\n<meta name=\"robots\" content=\"index, follow, max-snippet:-1, max-image-preview:large, max-video-preview:-1\" \/>\n<link rel=\"canonical\" href=\"https:\/\/zade.hu\/hu\/zade-tuzcsiholo\/\" \/>\n<meta property=\"og:locale\" content=\"hu_HU\" \/>\n<meta property=\"og:type\" content=\"article\" \/>\n<meta property=\"og:title\" content=\"T\u0171zcsihol\u00f3 Egyes\u00fclet\" \/>\n<meta property=\"og:description\" content=\"T\u0171zcsihol\u00f3 Egyes\u00fclet Misszi\u00f3nk A T\u0171zcsihol\u00f3 Egyes\u00fclet olyan csal\u00e1dokat t\u00e1mogat, ahol a sz\u00fcl\u0151k kor\u00e1bban \u00e1llami gondozottak voltak. C\u00e9ljuk, hogy seg\u00edts\u00e9k \u0151ket a t\u00e1rsadalmi integr\u00e1ci\u00f3ban. A csal\u00e1dok gyakran szembes\u00fclnek alacsony iskol\u00e1zotts\u00e1ggal, munkakeres\u00e9si neh\u00e9zs\u00e9gekkel \u00e9s lakhat\u00e1si probl\u00e9m\u00e1kkal. Az egyes\u00fcletels\u0151sorban Szabolcs-Szatm\u00e1r-Bereg v\u00e1rmegyei csal\u00e1dokat seg\u00edt k\u00e9pz\u00e9ssel, mentor\u00e1l\u00e1ssal, kr\u00edzist\u00e1mogat\u00e1ssal, k\u00f6z\u00f6ss\u00e9gi programokkal \u00e9s csal\u00e1di t\u00e1borok szervez\u00e9s\u00e9vel. Fontos c\u00e9ljuk, hogy a gyermekek ne [&hellip;]\" \/>\n<meta property=\"og:url\" content=\"https:\/\/zade.hu\/hu\/zade-tuzcsiholo\/\" \/>\n<meta property=\"og:site_name\" content=\"zade.hu\" \/>\n<meta property=\"article:modified_time\" content=\"2025-11-28T19:30:21+00:00\" \/>\n<meta name=\"twitter:card\" content=\"summary_large_image\" \/>\n<meta name=\"twitter:label1\" content=\"Becs\u00fclt olvas\u00e1si id\u0151\" \/>\n\t<meta name=\"twitter:data1\" content=\"1 perc\" \/>\n<script type=\"application\/ld+json\" class=\"yoast-schema-graph\">{\"@context\":\"https:\\\/\\\/schema.org\",\"@graph\":[{\"@type\":\"WebPage\",\"@id\":\"https:\\\/\\\/zade.hu\\\/hu\\\/zade-tuzcsiholo\\\/\",\"url\":\"https:\\\/\\\/zade.hu\\\/hu\\\/zade-tuzcsiholo\\\/\",\"name\":\"T\u0171zcsihol\u00f3 Egyes\u00fclet - zade.hu\",\"isPartOf\":{\"@id\":\"https:\\\/\\\/zade.hu\\\/hu\\\/#website\"},\"datePublished\":\"2025-10-30T20:57:25+00:00\",\"dateModified\":\"2025-11-28T19:30:21+00:00\",\"breadcrumb\":{\"@id\":\"https:\\\/\\\/zade.hu\\\/hu\\\/zade-tuzcsiholo\\\/#breadcrumb\"},\"inLanguage\":\"hu\",\"potentialAction\":[{\"@type\":\"ReadAction\",\"target\":[\"https:\\\/\\\/zade.hu\\\/hu\\\/zade-tuzcsiholo\\\/\"]}]},{\"@type\":\"BreadcrumbList\",\"@id\":\"https:\\\/\\\/zade.hu\\\/hu\\\/zade-tuzcsiholo\\\/#breadcrumb\",\"itemListElement\":[{\"@type\":\"ListItem\",\"position\":1,\"name\":\"Home\",\"item\":\"https:\\\/\\\/zade.hu\\\/hu\\\/\"},{\"@type\":\"ListItem\",\"position\":2,\"name\":\"T\u0171zcsihol\u00f3 Egyes\u00fclet\"}]},{\"@type\":\"WebSite\",\"@id\":\"https:\\\/\\\/zade.hu\\\/hu\\\/#website\",\"url\":\"https:\\\/\\\/zade.hu\\\/hu\\\/\",\"name\":\"zade.hu\",\"description\":\"\",\"potentialAction\":[{\"@type\":\"SearchAction\",\"target\":{\"@type\":\"EntryPoint\",\"urlTemplate\":\"https:\\\/\\\/zade.hu\\\/hu\\\/?s={search_term_string}\"},\"query-input\":{\"@type\":\"PropertyValueSpecification\",\"valueRequired\":true,\"valueName\":\"search_term_string\"}}],\"inLanguage\":\"hu\"}]}<\/script>\n<!-- \/ Yoast SEO Premium plugin. -->","yoast_head_json":{"title":"T\u0171zcsihol\u00f3 Egyes\u00fclet - zade.hu","robots":{"index":"index","follow":"follow","max-snippet":"max-snippet:-1","max-image-preview":"max-image-preview:large","max-video-preview":"max-video-preview:-1"},"canonical":"https:\/\/zade.hu\/hu\/zade-tuzcsiholo\/","og_locale":"hu_HU","og_type":"article","og_title":"T\u0171zcsihol\u00f3 Egyes\u00fclet","og_description":"T\u0171zcsihol\u00f3 Egyes\u00fclet Misszi\u00f3nk A T\u0171zcsihol\u00f3 Egyes\u00fclet olyan csal\u00e1dokat t\u00e1mogat, ahol a sz\u00fcl\u0151k kor\u00e1bban \u00e1llami gondozottak voltak. C\u00e9ljuk, hogy seg\u00edts\u00e9k \u0151ket a t\u00e1rsadalmi integr\u00e1ci\u00f3ban. A csal\u00e1dok gyakran szembes\u00fclnek alacsony iskol\u00e1zotts\u00e1ggal, munkakeres\u00e9si neh\u00e9zs\u00e9gekkel \u00e9s lakhat\u00e1si probl\u00e9m\u00e1kkal. Az egyes\u00fcletels\u0151sorban Szabolcs-Szatm\u00e1r-Bereg v\u00e1rmegyei csal\u00e1dokat seg\u00edt k\u00e9pz\u00e9ssel, mentor\u00e1l\u00e1ssal, kr\u00edzist\u00e1mogat\u00e1ssal, k\u00f6z\u00f6ss\u00e9gi programokkal \u00e9s csal\u00e1di t\u00e1borok szervez\u00e9s\u00e9vel. Fontos c\u00e9ljuk, hogy a gyermekek ne [&hellip;]","og_url":"https:\/\/zade.hu\/hu\/zade-tuzcsiholo\/","og_site_name":"zade.hu","article_modified_time":"2025-11-28T19:30:21+00:00","twitter_card":"summary_large_image","twitter_misc":{"Becs\u00fclt olvas\u00e1si id\u0151":"1 perc"},"schema":{"@context":"https:\/\/schema.org","@graph":[{"@type":"WebPage","@id":"https:\/\/zade.hu\/hu\/zade-tuzcsiholo\/","url":"https:\/\/zade.hu\/hu\/zade-tuzcsiholo\/","name":"T\u0171zcsihol\u00f3 Egyes\u00fclet - zade.hu","isPartOf":{"@id":"https:\/\/zade.hu\/hu\/#website"},"datePublished":"2025-10-30T20:57:25+00:00","dateModified":"2025-11-28T19:30:21+00:00","breadcrumb":{"@id":"https:\/\/zade.hu\/hu\/zade-tuzcsiholo\/#breadcrumb"},"inLanguage":"hu","potentialAction":[{"@type":"ReadAction","target":["https:\/\/zade.hu\/hu\/zade-tuzcsiholo\/"]}]},{"@type":"BreadcrumbList","@id":"https:\/\/zade.hu\/hu\/zade-tuzcsiholo\/#breadcrumb","itemListElement":[{"@type":"ListItem","position":1,"name":"Home","item":"https:\/\/zade.hu\/hu\/"},{"@type":"ListItem","position":2,"name":"T\u0171zcsihol\u00f3 Egyes\u00fclet"}]},{"@type":"WebSite","@id":"https:\/\/zade.hu\/hu\/#website","url":"https:\/\/zade.hu\/hu\/","name":"zade.hu","description":"","potentialAction":[{"@type":"SearchAction","target":{"@type":"EntryPoint","urlTemplate":"https:\/\/zade.hu\/hu\/?s={search_term_string}"},"query-input":{"@type":"PropertyValueSpecification","valueRequired":true,"valueName":"search_term_string"}}],"inLanguage":"hu"}]}},"_links":{"self":[{"href":"https:\/\/zade.hu\/hu\/wp-json\/wp\/v2\/pages\/135","targetHints":{"allow":["GET"]}}],"collection":[{"href":"https:\/\/zade.hu\/hu\/wp-json\/wp\/v2\/pages"}],"about":[{"href":"https:\/\/zade.hu\/hu\/wp-json\/wp\/v2\/types\/page"}],"author":[{"embeddable":true,"href":"https:\/\/zade.hu\/hu\/wp-json\/wp\/v2\/users\/6"}],"replies":[{"embeddable":true,"href":"https:\/\/zade.hu\/hu\/wp-json\/wp\/v2\/comments?post=135"}],"version-history":[{"count":5,"href":"https:\/\/zade.hu\/hu\/wp-json\/wp\/v2\/pages\/135\/revisions"}],"predecessor-version":[{"id":563,"href":"https:\/\/zade.hu\/hu\/wp-json\/wp\/v2\/pages\/135\/revisions\/563"}],"wp:attachment":[{"href":"https:\/\/zade.hu\/hu\/wp-json\/wp\/v2\/media?parent=135"}],"curies":[{"name":"wp","href":"https:\/\/api.w.org\/{rel}","templated":true}]}}