{"id":178,"date":"2025-11-05T15:36:21","date_gmt":"2025-11-05T15:36:21","guid":{"rendered":"https:\/\/zade.hu\/?page_id=178"},"modified":"2026-02-13T21:36:16","modified_gmt":"2026-02-13T21:36:16","slug":"0111-2","status":"publish","type":"page","link":"https:\/\/zade.hu\/hu\/0111-2\/","title":{"rendered":"\u00c1gi t\u00f6rt\u00e9nete"},"content":{"rendered":"<section class=\"bde-section-178-100 bde-section\">\n  \n  \n\t\n\n\n\n<div class=\"section-container\"><h1 class=\"bde-heading-178-101 bde-heading\">\n\u00c1gi t\u00f6rt\u00e9nete\n<\/h1><div class=\"bde-text-178-102 bde-text\">\n\u00c1gi 12 \u00e9vesen ker\u00fclt \u00e1llami gondoz\u00e1sba. El\u0151tte egy kicsi faluban \u00e9lt a sz\u00fcleivel \u00e9s \u00f6ccs\u00e9vel egy omladoz\u00f3 fal\u00fa, apr\u00f3 h\u00e1zban. Az anyuk\u00e1juk gyakran volt beteg, ilyenkor az apjuk gondoskodott a gyerekekr\u0151l.<br><br>\u00c1gi gy\u00f6ny\u00f6r\u0171 kisl\u00e1ny volt. B\u00e1jos arcocsk\u00e1j\u00e1t fekete haj keretezte, a szemei pedig z\u00f6lden csillogtak. Az apja a tenyer\u00e9n hordozta. Egy alkalommal, amikor az anyuk\u00e1ja ism\u00e9t a k\u00f3rh\u00e1zban fek\u00fcdt, az apja maga mell\u00e9 vette a kisl\u00e1nyt, \u00e9s megbecstelen\u00edtette.<br><br>Ezek ut\u00e1n a f\u00e9rfi hossz\u00fa \u00e9vekre b\u00f6rt\u00f6nbe ker\u00fclt, \u00c1gi pedig \u00f6sszet\u00f6rt lelkileg, s egy \u00e9letre elvitte mag\u00e1val a borzalmat. Nem csak a sz\u00f6rny\u0171 \u00e9jszaka eml\u00e9ke nyomasztotta, a sz\u00e9gyen is gy\u00f6t\u00f6rte.<br><br>Csavarogni kezdett, \u00e9s egy\u00e1ltal\u00e1n nem v\u00e1gyott haza, \u00edgy v\u00e9g\u00fcl egy k\u00fcl\u00f6nleges, z\u00e1rt gyermekotthonba ker\u00fclt. Kedves pszichol\u00f3gusok, tapasztalt nevel\u0151k gy\u00f3gy\u00edtott\u00e1k a lelk\u00e9t.<br><br>\u00dagy t\u0171nt, minden a j\u00f3 ker\u00e9kv\u00e1g\u00e1sban halad, \u00e9s a kisl\u00e1nyt egy \u00faj, imm\u00e1r nem z\u00e1rt otthonban helyezt\u00e9k el, ahol szeretettel v\u00e1rt\u00e1k, \u00e9s hamar befogadt\u00e1k.<br><br>Egy napon azonban \u00c1gi elvesztette a hangj\u00e1t, s hetekig egy sz\u00f3 sem tudta elhagyni a sz\u00e1j\u00e1t. Egyszer\u0171en k\u00e9ptelen volt a besz\u00e9dre. Mivel semmilyen kimutathat\u00f3 okot nem tal\u00e1ltak az orvosok, r\u00e1 kellett j\u00f6nni\u00fck, hogy a t\u00fcnetek m\u00f6g\u00f6tt lelki okok \u00e1llnak.<br><br>\u00cdgy der\u00fclt ki, hogy a kisl\u00e1ny apja a t\u00e1rgyal\u00e1son azt ord\u00edtotta a gyermek\u00e9nek:<br>\u00c1gi miatt ker\u00fclt b\u00f6rt\u00f6nbe, ez\u00e9rt, ha kiszabadul, meg\u00f6li. A kisl\u00e1ny \u00fagy sz\u00e1molta, a f\u00e9rfi \u00e9pp abban az id\u0151ben ker\u00fcl ki.<br><br>\u00c1git meggy\u0151zt\u00e9k a nevel\u0151k, hogy m\u00e9g a b\u00f6rt\u00f6nben tal\u00e1lkozzon az apj\u00e1val, hiszen bizony\u00e1ra megb\u00e1nta a b\u0171n\u00e9t, \u00e9s csakis az els\u0151 felindul\u00e1s heve miatt mondhatott ilyen s\u00falyos dolgot a kisl\u00e1nynak.<br><br>\u00c1gi v\u00e9g\u00fcl beleegyezett a l\u00e1togat\u00e1sba. K\u00e9t k\u00e9zzel kapaszkodott a nevel\u0151be, amikor bel\u00e9ptek a b\u00f6rt\u00f6n kapuin. A tal\u00e1lkoz\u00e1s felzaklatta, de meg is nyugtatta \u0151t. Az id\u0151 m\u00falt\u00e1val besz\u00e9de is rendbej\u00f6tt.<br><br>Hab\u00e1r az apja a szabadul\u00e1s ut\u00e1n egyszer pr\u00f3b\u00e1lta keresni, tudom\u00e1sul vette l\u00e1nya elutas\u00edt\u00f3 viselked\u00e9s\u00e9t. N\u00e9h\u00e1ny \u00e9v m\u00falva a f\u00e9rfi meghalt. L\u00e1nya sz\u00e1m\u00e1ra \u2013 tal\u00e1n \u2013 ez jelentette a teljes megnyugv\u00e1st.<br><br>\u00c1gi ma boldog \u00e9desanya.\n<\/div><img decoding=\"async\" class=\"bde-image2-178-103 bde-image2\" src=\"https:\/\/zade.hu\/wp-content\/uploads\/2025\/11\/aluljarokisgyerek.avif\" loading=\"lazy\" srcset=\"https:\/\/zade.hu\/wp-content\/uploads\/2025\/11\/aluljarokisgyerek.avif 911w, https:\/\/zade.hu\/wp-content\/uploads\/2025\/11\/aluljarokisgyerek-300x200.avif 300w, https:\/\/zade.hu\/wp-content\/uploads\/2025\/11\/aluljarokisgyerek-768x512.avif 768w\" sizes=\"(max-width: 911px) 100vw, 911px\"><div class=\"bde-text-178-104 bde-text\">\n\u00c1gi t\u00f6rt\u00e9net\u00e9t a T\u0171zcsihol\u00f3 Egyes\u00fclet juttatta el hozz\u00e1nk. Ha \u00e9rdekel, mivel foglalkoznak, olvass ut\u00e1na itt:\n<\/div><div class=\"bde-button-178-105 bde-button\">\n    \n                        \n                        \n    \n    \n    \n    \n            \n                    \n            \n            \n\n    \n    \n    \n    \n    \n    <a class=\"breakdance-link button-atom button-atom--custom bde-button__button\" href=\"https:\/\/zade.hu\/zade-tuzcsiholo\/\" target=\"_self\" data-type=\"url\"  >\n\n    \n        <span class=\"button-atom__text\">T\u0171zcsihol\u00f3 Egyes\u00fclet<\/span>\n\n        \n        \n                <\/a>\n\n    \n\n\n<\/div><div class=\"bde-columns-178-135 bde-columns\"><div class=\"bde-column-178-136 bde-column\">\n  \n  \n\t\n\n\n\n<div class=\"bde-button-178-133 bde-button\">\n    \n                        \n                        \n    \n    \n    \n    \n            \n                    \n            \n            \n\n    \n    \n    \n    \n    \n    <a class=\"breakdance-link button-atom button-atom--custom bde-button__button\" href=\"https:\/\/www.instagram.com\/tuzcsiholoegyesulet\/?\" target=\"_self\" data-type=\"url\"  >\n\n    \n        <span class=\"button-atom__text\">Instagram<\/span>\n\n        \n        \n                <\/a>\n\n    \n\n\n<\/div>\n<\/div><div class=\"bde-column-178-137 bde-column\">\n  \n  \n\t\n\n\n\n<div class=\"bde-button-178-138 bde-button\">\n    \n                        \n                        \n    \n    \n    \n    \n            \n                    \n            \n            \n\n    \n    \n    \n    \n    \n    <a class=\"breakdance-link button-atom button-atom--custom bde-button__button\" href=\"https:\/\/www.facebook.com\/tuzcsiholoegyesulet\" target=\"_self\" data-type=\"url\"  >\n\n    \n        <span class=\"button-atom__text\">Facebook<\/span>\n\n        \n        \n                <\/a>\n\n    \n\n\n<\/div>\n<\/div><\/div><\/div>\n<\/section>","protected":false},"excerpt":{"rendered":"<p>\u00c1gi t\u00f6rt\u00e9nete \u00c1gi 12 \u00e9vesen ker\u00fclt \u00e1llami gondoz\u00e1sba. El\u0151tte egy kicsi faluban \u00e9lt a sz\u00fcleivel \u00e9s \u00f6ccs\u00e9vel egy omladoz\u00f3 fal\u00fa, apr\u00f3 h\u00e1zban. Az anyuk\u00e1juk gyakran volt beteg, ilyenkor az apjuk gondoskodott a gyerekekr\u0151l.\u00c1gi gy\u00f6ny\u00f6r\u0171 kisl\u00e1ny volt. B\u00e1jos arcocsk\u00e1j\u00e1t fekete haj keretezte, a szemei pedig z\u00f6lden csillogtak. Az apja a tenyer\u00e9n hordozta. Egy alkalommal, amikor az [&hellip;]<\/p>\n","protected":false},"author":6,"featured_media":0,"parent":0,"menu_order":0,"comment_status":"closed","ping_status":"closed","template":"","meta":{"_acf_changed":false,"_breakdance_hide_in_design_set":false,"_breakdance_tags":"","footnotes":""},"class_list":["post-178","page","type-page","status-publish","hentry"],"acf":[],"yoast_head":"<!-- This site is optimized with the Yoast SEO Premium plugin v27.3 (Yoast SEO v27.3) - https:\/\/yoast.com\/product\/yoast-seo-premium-wordpress\/ -->\n<title>\u00c1gi t\u00f6rt\u00e9nete - zade.hu<\/title>\n<meta name=\"robots\" content=\"index, follow, max-snippet:-1, max-image-preview:large, max-video-preview:-1\" \/>\n<link rel=\"canonical\" href=\"https:\/\/zade.hu\/hu\/0111-2\/\" \/>\n<meta property=\"og:locale\" content=\"hu_HU\" \/>\n<meta property=\"og:type\" content=\"article\" \/>\n<meta property=\"og:title\" content=\"\u00c1gi t\u00f6rt\u00e9nete\" \/>\n<meta property=\"og:description\" content=\"\u00c1gi t\u00f6rt\u00e9nete \u00c1gi 12 \u00e9vesen ker\u00fclt \u00e1llami gondoz\u00e1sba. El\u0151tte egy kicsi faluban \u00e9lt a sz\u00fcleivel \u00e9s \u00f6ccs\u00e9vel egy omladoz\u00f3 fal\u00fa, apr\u00f3 h\u00e1zban. Az anyuk\u00e1juk gyakran volt beteg, ilyenkor az apjuk gondoskodott a gyerekekr\u0151l.\u00c1gi gy\u00f6ny\u00f6r\u0171 kisl\u00e1ny volt. B\u00e1jos arcocsk\u00e1j\u00e1t fekete haj keretezte, a szemei pedig z\u00f6lden csillogtak. Az apja a tenyer\u00e9n hordozta. Egy alkalommal, amikor az [&hellip;]\" \/>\n<meta property=\"og:url\" content=\"https:\/\/zade.hu\/hu\/0111-2\/\" \/>\n<meta property=\"og:site_name\" content=\"zade.hu\" \/>\n<meta property=\"article:modified_time\" content=\"2026-02-13T21:36:16+00:00\" \/>\n<meta name=\"twitter:card\" content=\"summary_large_image\" \/>\n<meta name=\"twitter:label1\" content=\"Becs\u00fclt olvas\u00e1si id\u0151\" \/>\n\t<meta name=\"twitter:data1\" content=\"2 perc\" \/>\n<script type=\"application\/ld+json\" class=\"yoast-schema-graph\">{\"@context\":\"https:\\\/\\\/schema.org\",\"@graph\":[{\"@type\":\"WebPage\",\"@id\":\"https:\\\/\\\/zade.hu\\\/hu\\\/0111-2\\\/\",\"url\":\"https:\\\/\\\/zade.hu\\\/hu\\\/0111-2\\\/\",\"name\":\"\u00c1gi t\u00f6rt\u00e9nete - zade.hu\",\"isPartOf\":{\"@id\":\"https:\\\/\\\/zade.hu\\\/hu\\\/#website\"},\"datePublished\":\"2025-11-05T15:36:21+00:00\",\"dateModified\":\"2026-02-13T21:36:16+00:00\",\"breadcrumb\":{\"@id\":\"https:\\\/\\\/zade.hu\\\/hu\\\/0111-2\\\/#breadcrumb\"},\"inLanguage\":\"hu\",\"potentialAction\":[{\"@type\":\"ReadAction\",\"target\":[\"https:\\\/\\\/zade.hu\\\/hu\\\/0111-2\\\/\"]}]},{\"@type\":\"BreadcrumbList\",\"@id\":\"https:\\\/\\\/zade.hu\\\/hu\\\/0111-2\\\/#breadcrumb\",\"itemListElement\":[{\"@type\":\"ListItem\",\"position\":1,\"name\":\"Home\",\"item\":\"https:\\\/\\\/zade.hu\\\/hu\\\/\"},{\"@type\":\"ListItem\",\"position\":2,\"name\":\"\u00c1gi t\u00f6rt\u00e9nete\"}]},{\"@type\":\"WebSite\",\"@id\":\"https:\\\/\\\/zade.hu\\\/hu\\\/#website\",\"url\":\"https:\\\/\\\/zade.hu\\\/hu\\\/\",\"name\":\"zade.hu\",\"description\":\"\",\"potentialAction\":[{\"@type\":\"SearchAction\",\"target\":{\"@type\":\"EntryPoint\",\"urlTemplate\":\"https:\\\/\\\/zade.hu\\\/hu\\\/?s={search_term_string}\"},\"query-input\":{\"@type\":\"PropertyValueSpecification\",\"valueRequired\":true,\"valueName\":\"search_term_string\"}}],\"inLanguage\":\"hu\"}]}<\/script>\n<!-- \/ Yoast SEO Premium plugin. -->","yoast_head_json":{"title":"\u00c1gi t\u00f6rt\u00e9nete - zade.hu","robots":{"index":"index","follow":"follow","max-snippet":"max-snippet:-1","max-image-preview":"max-image-preview:large","max-video-preview":"max-video-preview:-1"},"canonical":"https:\/\/zade.hu\/hu\/0111-2\/","og_locale":"hu_HU","og_type":"article","og_title":"\u00c1gi t\u00f6rt\u00e9nete","og_description":"\u00c1gi t\u00f6rt\u00e9nete \u00c1gi 12 \u00e9vesen ker\u00fclt \u00e1llami gondoz\u00e1sba. El\u0151tte egy kicsi faluban \u00e9lt a sz\u00fcleivel \u00e9s \u00f6ccs\u00e9vel egy omladoz\u00f3 fal\u00fa, apr\u00f3 h\u00e1zban. Az anyuk\u00e1juk gyakran volt beteg, ilyenkor az apjuk gondoskodott a gyerekekr\u0151l.\u00c1gi gy\u00f6ny\u00f6r\u0171 kisl\u00e1ny volt. B\u00e1jos arcocsk\u00e1j\u00e1t fekete haj keretezte, a szemei pedig z\u00f6lden csillogtak. Az apja a tenyer\u00e9n hordozta. Egy alkalommal, amikor az [&hellip;]","og_url":"https:\/\/zade.hu\/hu\/0111-2\/","og_site_name":"zade.hu","article_modified_time":"2026-02-13T21:36:16+00:00","twitter_card":"summary_large_image","twitter_misc":{"Becs\u00fclt olvas\u00e1si id\u0151":"2 perc"},"schema":{"@context":"https:\/\/schema.org","@graph":[{"@type":"WebPage","@id":"https:\/\/zade.hu\/hu\/0111-2\/","url":"https:\/\/zade.hu\/hu\/0111-2\/","name":"\u00c1gi t\u00f6rt\u00e9nete - zade.hu","isPartOf":{"@id":"https:\/\/zade.hu\/hu\/#website"},"datePublished":"2025-11-05T15:36:21+00:00","dateModified":"2026-02-13T21:36:16+00:00","breadcrumb":{"@id":"https:\/\/zade.hu\/hu\/0111-2\/#breadcrumb"},"inLanguage":"hu","potentialAction":[{"@type":"ReadAction","target":["https:\/\/zade.hu\/hu\/0111-2\/"]}]},{"@type":"BreadcrumbList","@id":"https:\/\/zade.hu\/hu\/0111-2\/#breadcrumb","itemListElement":[{"@type":"ListItem","position":1,"name":"Home","item":"https:\/\/zade.hu\/hu\/"},{"@type":"ListItem","position":2,"name":"\u00c1gi t\u00f6rt\u00e9nete"}]},{"@type":"WebSite","@id":"https:\/\/zade.hu\/hu\/#website","url":"https:\/\/zade.hu\/hu\/","name":"zade.hu","description":"","potentialAction":[{"@type":"SearchAction","target":{"@type":"EntryPoint","urlTemplate":"https:\/\/zade.hu\/hu\/?s={search_term_string}"},"query-input":{"@type":"PropertyValueSpecification","valueRequired":true,"valueName":"search_term_string"}}],"inLanguage":"hu"}]}},"_links":{"self":[{"href":"https:\/\/zade.hu\/hu\/wp-json\/wp\/v2\/pages\/178","targetHints":{"allow":["GET"]}}],"collection":[{"href":"https:\/\/zade.hu\/hu\/wp-json\/wp\/v2\/pages"}],"about":[{"href":"https:\/\/zade.hu\/hu\/wp-json\/wp\/v2\/types\/page"}],"author":[{"embeddable":true,"href":"https:\/\/zade.hu\/hu\/wp-json\/wp\/v2\/users\/6"}],"replies":[{"embeddable":true,"href":"https:\/\/zade.hu\/hu\/wp-json\/wp\/v2\/comments?post=178"}],"version-history":[{"count":5,"href":"https:\/\/zade.hu\/hu\/wp-json\/wp\/v2\/pages\/178\/revisions"}],"predecessor-version":[{"id":999,"href":"https:\/\/zade.hu\/hu\/wp-json\/wp\/v2\/pages\/178\/revisions\/999"}],"wp:attachment":[{"href":"https:\/\/zade.hu\/hu\/wp-json\/wp\/v2\/media?parent=178"}],"curies":[{"name":"wp","href":"https:\/\/api.w.org\/{rel}","templated":true}]}}