{"id":181,"date":"2025-11-05T15:36:41","date_gmt":"2025-11-05T15:36:41","guid":{"rendered":"https:\/\/zade.hu\/?page_id=181"},"modified":"2026-02-13T21:32:03","modified_gmt":"2026-02-13T21:32:03","slug":"0112-2","status":"publish","type":"page","link":"https:\/\/zade.hu\/hu\/0112-2\/","title":{"rendered":"Gyula t\u00f6rt\u00e9nete"},"content":{"rendered":"<section class=\"bde-section-181-129 bde-section\">\n  \n  \n\t\n\n\n\n<div class=\"section-container\"><h1 class=\"bde-heading-181-130 bde-heading\">\nGyula t\u00f6rt\u00e9nete\n<\/h1><div class=\"bde-text-181-131 bde-text\">\nGyula Budapesten sz\u00fcletett, egy szeg\u00e9ny munk\u00e1scsal\u00e1dban. N\u00e9gy\u00e9ves kor\u00e1ban kezdett el bizonyos rendszeress\u00e9ggel alkoholt fogyasztani, emellett \u00edrni, olvasni \u00e9s sz\u00e1molni. <br><br>H\u00e9t\u00e9vesen megvakult, agyvel\u0151gyullad\u00e1st\u00f3l, amit egy v\u00edrusos influenza \u00e9s rossz ideg\u00e1llapota okozott, apja ugyanis \u00fagy nevelte, hogy n\u00e9ha egyet odacsapott. A fi\u00fanak vaks\u00e1ga volt \u00e9lete legb\u00e9k\u00e9sebb id\u0151szaka, mert akkor a f\u00e9rfi f\u00f6l se emelte a hangj\u00e1t, \u00e9s kedves volt vele. Gyula szeme v\u00e9g\u00fcl meggy\u00f3gyult, de a zsenialit\u00e1s\u00e1t elvesztette. <br><br>Az alkoholt att\u00f3l kezdve k\u00edv\u00e1nta, hogy k\u00e9t\u00e9vesen beadt\u00e1k neki az els\u0151 Dian\u00e1s cukork\u00e1t. Onnant\u00f3l kezdve \u00e1lland\u00f3an azt az \u00e9rz\u00e9st hajkur\u00e1szta. J\u00f3 volt a sportban, az irodalomban, irodalmi sz\u00ednpadon is szerepelt, de addigra heti 2-3-szor m\u00e1r nagyon ber\u00fagott. A Sk\u00e1la \u00e1ruh\u00e1zban \u00f6szt\u00f6nd\u00edjas lett, ott is ivott minden nap. <br><br>28 \u00e9ves kora k\u00f6r\u00fcl megn\u0151s\u00fclt, a feles\u00e9ge 5 \u00e9vig b\u00edrta az alkoholiz\u00e1l\u00e1s\u00e1t, ut\u00e1na visszak\u00fcldte a sz\u00fcleihez. Ekkor Gyula nagyon m\u00e9lyponton volt. <br><br>M\u00e1r ismerte az Anonim Alkoholist\u00e1kat, oda menek\u00fclt, vel\u00fck j\u00f3zanodott ki. Egy m\u00e1sik \u00e9letc\u00e9lja is lett: hogy minden nap tegyen valami j\u00f3t a k\u00f6rnyezet\u00e9vel. Ezzel a k\u00e9t c\u00e9llal folytatta \u00e9let\u00e9t. <br><br>T\u00f6bb, mint 10 \u00e9ven kereszt\u00fcl pr\u00f3b\u00e1lkozott alkalmazotti munk\u00e1val. Ekkor indult be a Fed\u00e9l N\u00e9lk\u00fcl. A terjeszt\u00e9s r\u00e9v\u00e9n nagyon hamar eljutott iskol\u00e1kba szeml\u00e9letform\u00e1l\u00f3 \u00f3r\u00e1kat tartani. <br><br>2009-ben r\u00e9szt vett az Els\u0151 k\u00e9zb\u0151l a Hajl\u00e9ktalans\u00e1gr\u00f3l program alap\u00edt\u00e1s\u00e1ban. A V\u00e1ros Mindenki\u00e9 hajl\u00e9ktalan \u00e9rdekv\u00e9delmi csoportnak szint\u00e9n alap\u00edt\u00f3 tagja, sok\u00e1ig p\u00e1rhuzamosan vitte az \u00e9rz\u00e9keny\u00edt\u0151 \u00e9s az aktivista programot. R\u00e9szt vett az Utcajog\u00e1sz Egyes\u00fclet l\u00e9trehoz\u00e1s\u00e1ban, t\u00e1rseln\u00f6ke is volt. Mindek\u00f6zben egyre t\u00f6bb iskol\u00e1ba, c\u00e9gekhez j\u00e1rt, azon dolgozott, hogy eloszlass\u00e1k az el\u0151\u00edt\u00e9leteket, t\u00e9vk\u00e9pzeteket a hajl\u00e9ktalans\u00e1ggal kapcsolatban. <br><br>Az Utc\u00e1r\u00f3l Lak\u00e1sba Egyes\u00fclet k\u00f6tel\u00e9k\u00e9ben sorst\u00e1rs mentork\u00e9nt is seg\u00edtette az \u00fcgyfeleket a hajl\u00e9ktalans\u00e1gb\u00f3l val\u00f3 kil\u00e9p\u00e9sben.<br><br>Gyula sajnos 2025 november\u00e9ben, 66 \u00e9vesen elt\u00e1vozott k\u00f6z\u00fcl\u00fcnk.\n<\/div><img decoding=\"async\" class=\"bde-image2-181-132 bde-image2\" src=\"https:\/\/zade.hu\/wp-content\/uploads\/2025\/11\/kanape_nyomtatni.avif\" loading=\"lazy\" srcset=\"https:\/\/zade.hu\/wp-content\/uploads\/2025\/11\/kanape_nyomtatni.avif 1675w, https:\/\/zade.hu\/wp-content\/uploads\/2025\/11\/kanape_nyomtatni-300x200.avif 300w, https:\/\/zade.hu\/wp-content\/uploads\/2025\/11\/kanape_nyomtatni-1024x683.avif 1024w, https:\/\/zade.hu\/wp-content\/uploads\/2025\/11\/kanape_nyomtatni-768x513.avif 768w, https:\/\/zade.hu\/wp-content\/uploads\/2025\/11\/kanape_nyomtatni-1536x1025.avif 1536w\" sizes=\"(max-width: 1675px) 100vw, 1675px\"><div class=\"bde-text-181-133 bde-text\">\nGyula t\u00f6rt\u00e9net\u00e9t a Menhely Alap\u00edtv\u00e1ny juttatta el hozz\u00e1nk. Ha \u00e9rdekel, mivel foglalkoznak, olvass ut\u00e1na itt:\n<\/div><div class=\"bde-button-181-134 bde-button\">\n    \n                        \n                        \n    \n    \n    \n    \n            \n                    \n            \n            \n\n    \n    \n    \n    \n    \n    <a class=\"breakdance-link button-atom button-atom--custom bde-button__button\" href=\"https:\/\/zade.hu\/zade-menhely\/\" target=\"_self\" data-type=\"url\"  >\n\n    \n        <span class=\"button-atom__text\">Menhely Alap\u00edtv\u00e1ny<\/span>\n\n        \n        \n                <\/a>\n\n    \n\n\n<\/div><div class=\"bde-columns-181-135 bde-columns\"><div class=\"bde-column-181-136 bde-column\">\n  \n  \n\t\n\n\n\n<div class=\"bde-button-181-137 bde-button\">\n    \n                        \n                        \n    \n    \n    \n    \n            \n                    \n            \n            \n\n    \n    \n    \n    \n    \n    <a class=\"breakdance-link button-atom button-atom--custom bde-button__button\" href=\"https:\/\/www.instagram.com\/menhelyalapitvany\/?__pwa=1\" target=\"_self\" data-type=\"url\"  >\n\n    \n        <span class=\"button-atom__text\">Instagram<\/span>\n\n        \n        \n                <\/a>\n\n    \n\n\n<\/div>\n<\/div><div class=\"bde-column-181-138 bde-column\">\n  \n  \n\t\n\n\n\n<div class=\"bde-button-181-139 bde-button\">\n    \n                        \n                        \n    \n    \n    \n    \n            \n                    \n            \n            \n\n    \n    \n    \n    \n    \n    <a class=\"breakdance-link button-atom button-atom--custom bde-button__button\" href=\"https:\/\/www.facebook.com\/menhely.1990\" target=\"_self\" data-type=\"url\"  >\n\n    \n        <span class=\"button-atom__text\">Facebook<\/span>\n\n        \n        \n                <\/a>\n\n    \n\n\n<\/div>\n<\/div><\/div><\/div>\n<\/section>","protected":false},"excerpt":{"rendered":"<p>Gyula t\u00f6rt\u00e9nete Gyula Budapesten sz\u00fcletett, egy szeg\u00e9ny munk\u00e1scsal\u00e1dban. N\u00e9gy\u00e9ves kor\u00e1ban kezdett el bizonyos rendszeress\u00e9ggel alkoholt fogyasztani, emellett \u00edrni, olvasni \u00e9s sz\u00e1molni. H\u00e9t\u00e9vesen megvakult, agyvel\u0151gyullad\u00e1st\u00f3l, amit egy v\u00edrusos influenza \u00e9s rossz ideg\u00e1llapota okozott, apja ugyanis \u00fagy nevelte, hogy n\u00e9ha egyet odacsapott. A fi\u00fanak vaks\u00e1ga volt \u00e9lete legb\u00e9k\u00e9sebb id\u0151szaka, mert akkor a f\u00e9rfi f\u00f6l se emelte a [&hellip;]<\/p>\n","protected":false},"author":6,"featured_media":0,"parent":0,"menu_order":0,"comment_status":"closed","ping_status":"closed","template":"","meta":{"_acf_changed":false,"_breakdance_hide_in_design_set":false,"_breakdance_tags":"","footnotes":""},"class_list":["post-181","page","type-page","status-publish","hentry"],"acf":[],"yoast_head":"<!-- This site is optimized with the Yoast SEO Premium plugin v27.3 (Yoast SEO v27.3) - https:\/\/yoast.com\/product\/yoast-seo-premium-wordpress\/ -->\n<title>Gyula t\u00f6rt\u00e9nete - zade.hu<\/title>\n<meta name=\"robots\" content=\"index, follow, max-snippet:-1, max-image-preview:large, max-video-preview:-1\" \/>\n<link rel=\"canonical\" href=\"https:\/\/zade.hu\/hu\/0112-2\/\" \/>\n<meta property=\"og:locale\" content=\"hu_HU\" \/>\n<meta property=\"og:type\" content=\"article\" \/>\n<meta property=\"og:title\" content=\"Gyula t\u00f6rt\u00e9nete\" \/>\n<meta property=\"og:description\" content=\"Gyula t\u00f6rt\u00e9nete Gyula Budapesten sz\u00fcletett, egy szeg\u00e9ny munk\u00e1scsal\u00e1dban. N\u00e9gy\u00e9ves kor\u00e1ban kezdett el bizonyos rendszeress\u00e9ggel alkoholt fogyasztani, emellett \u00edrni, olvasni \u00e9s sz\u00e1molni. H\u00e9t\u00e9vesen megvakult, agyvel\u0151gyullad\u00e1st\u00f3l, amit egy v\u00edrusos influenza \u00e9s rossz ideg\u00e1llapota okozott, apja ugyanis \u00fagy nevelte, hogy n\u00e9ha egyet odacsapott. A fi\u00fanak vaks\u00e1ga volt \u00e9lete legb\u00e9k\u00e9sebb id\u0151szaka, mert akkor a f\u00e9rfi f\u00f6l se emelte a [&hellip;]\" \/>\n<meta property=\"og:url\" content=\"https:\/\/zade.hu\/hu\/0112-2\/\" \/>\n<meta property=\"og:site_name\" content=\"zade.hu\" \/>\n<meta property=\"article:modified_time\" content=\"2026-02-13T21:32:03+00:00\" \/>\n<meta name=\"twitter:card\" content=\"summary_large_image\" \/>\n<meta name=\"twitter:label1\" content=\"Becs\u00fclt olvas\u00e1si id\u0151\" \/>\n\t<meta name=\"twitter:data1\" content=\"2 perc\" \/>\n<script type=\"application\/ld+json\" class=\"yoast-schema-graph\">{\"@context\":\"https:\\\/\\\/schema.org\",\"@graph\":[{\"@type\":\"WebPage\",\"@id\":\"https:\\\/\\\/zade.hu\\\/hu\\\/0112-2\\\/\",\"url\":\"https:\\\/\\\/zade.hu\\\/hu\\\/0112-2\\\/\",\"name\":\"Gyula t\u00f6rt\u00e9nete - zade.hu\",\"isPartOf\":{\"@id\":\"https:\\\/\\\/zade.hu\\\/hu\\\/#website\"},\"datePublished\":\"2025-11-05T15:36:41+00:00\",\"dateModified\":\"2026-02-13T21:32:03+00:00\",\"breadcrumb\":{\"@id\":\"https:\\\/\\\/zade.hu\\\/hu\\\/0112-2\\\/#breadcrumb\"},\"inLanguage\":\"hu\",\"potentialAction\":[{\"@type\":\"ReadAction\",\"target\":[\"https:\\\/\\\/zade.hu\\\/hu\\\/0112-2\\\/\"]}]},{\"@type\":\"BreadcrumbList\",\"@id\":\"https:\\\/\\\/zade.hu\\\/hu\\\/0112-2\\\/#breadcrumb\",\"itemListElement\":[{\"@type\":\"ListItem\",\"position\":1,\"name\":\"Home\",\"item\":\"https:\\\/\\\/zade.hu\\\/hu\\\/\"},{\"@type\":\"ListItem\",\"position\":2,\"name\":\"Gyula t\u00f6rt\u00e9nete\"}]},{\"@type\":\"WebSite\",\"@id\":\"https:\\\/\\\/zade.hu\\\/hu\\\/#website\",\"url\":\"https:\\\/\\\/zade.hu\\\/hu\\\/\",\"name\":\"zade.hu\",\"description\":\"\",\"potentialAction\":[{\"@type\":\"SearchAction\",\"target\":{\"@type\":\"EntryPoint\",\"urlTemplate\":\"https:\\\/\\\/zade.hu\\\/hu\\\/?s={search_term_string}\"},\"query-input\":{\"@type\":\"PropertyValueSpecification\",\"valueRequired\":true,\"valueName\":\"search_term_string\"}}],\"inLanguage\":\"hu\"}]}<\/script>\n<!-- \/ Yoast SEO Premium plugin. -->","yoast_head_json":{"title":"Gyula t\u00f6rt\u00e9nete - zade.hu","robots":{"index":"index","follow":"follow","max-snippet":"max-snippet:-1","max-image-preview":"max-image-preview:large","max-video-preview":"max-video-preview:-1"},"canonical":"https:\/\/zade.hu\/hu\/0112-2\/","og_locale":"hu_HU","og_type":"article","og_title":"Gyula t\u00f6rt\u00e9nete","og_description":"Gyula t\u00f6rt\u00e9nete Gyula Budapesten sz\u00fcletett, egy szeg\u00e9ny munk\u00e1scsal\u00e1dban. N\u00e9gy\u00e9ves kor\u00e1ban kezdett el bizonyos rendszeress\u00e9ggel alkoholt fogyasztani, emellett \u00edrni, olvasni \u00e9s sz\u00e1molni. H\u00e9t\u00e9vesen megvakult, agyvel\u0151gyullad\u00e1st\u00f3l, amit egy v\u00edrusos influenza \u00e9s rossz ideg\u00e1llapota okozott, apja ugyanis \u00fagy nevelte, hogy n\u00e9ha egyet odacsapott. A fi\u00fanak vaks\u00e1ga volt \u00e9lete legb\u00e9k\u00e9sebb id\u0151szaka, mert akkor a f\u00e9rfi f\u00f6l se emelte a [&hellip;]","og_url":"https:\/\/zade.hu\/hu\/0112-2\/","og_site_name":"zade.hu","article_modified_time":"2026-02-13T21:32:03+00:00","twitter_card":"summary_large_image","twitter_misc":{"Becs\u00fclt olvas\u00e1si id\u0151":"2 perc"},"schema":{"@context":"https:\/\/schema.org","@graph":[{"@type":"WebPage","@id":"https:\/\/zade.hu\/hu\/0112-2\/","url":"https:\/\/zade.hu\/hu\/0112-2\/","name":"Gyula t\u00f6rt\u00e9nete - zade.hu","isPartOf":{"@id":"https:\/\/zade.hu\/hu\/#website"},"datePublished":"2025-11-05T15:36:41+00:00","dateModified":"2026-02-13T21:32:03+00:00","breadcrumb":{"@id":"https:\/\/zade.hu\/hu\/0112-2\/#breadcrumb"},"inLanguage":"hu","potentialAction":[{"@type":"ReadAction","target":["https:\/\/zade.hu\/hu\/0112-2\/"]}]},{"@type":"BreadcrumbList","@id":"https:\/\/zade.hu\/hu\/0112-2\/#breadcrumb","itemListElement":[{"@type":"ListItem","position":1,"name":"Home","item":"https:\/\/zade.hu\/hu\/"},{"@type":"ListItem","position":2,"name":"Gyula t\u00f6rt\u00e9nete"}]},{"@type":"WebSite","@id":"https:\/\/zade.hu\/hu\/#website","url":"https:\/\/zade.hu\/hu\/","name":"zade.hu","description":"","potentialAction":[{"@type":"SearchAction","target":{"@type":"EntryPoint","urlTemplate":"https:\/\/zade.hu\/hu\/?s={search_term_string}"},"query-input":{"@type":"PropertyValueSpecification","valueRequired":true,"valueName":"search_term_string"}}],"inLanguage":"hu"}]}},"_links":{"self":[{"href":"https:\/\/zade.hu\/hu\/wp-json\/wp\/v2\/pages\/181","targetHints":{"allow":["GET"]}}],"collection":[{"href":"https:\/\/zade.hu\/hu\/wp-json\/wp\/v2\/pages"}],"about":[{"href":"https:\/\/zade.hu\/hu\/wp-json\/wp\/v2\/types\/page"}],"author":[{"embeddable":true,"href":"https:\/\/zade.hu\/hu\/wp-json\/wp\/v2\/users\/6"}],"replies":[{"embeddable":true,"href":"https:\/\/zade.hu\/hu\/wp-json\/wp\/v2\/comments?post=181"}],"version-history":[{"count":5,"href":"https:\/\/zade.hu\/hu\/wp-json\/wp\/v2\/pages\/181\/revisions"}],"predecessor-version":[{"id":1000,"href":"https:\/\/zade.hu\/hu\/wp-json\/wp\/v2\/pages\/181\/revisions\/1000"}],"wp:attachment":[{"href":"https:\/\/zade.hu\/hu\/wp-json\/wp\/v2\/media?parent=181"}],"curies":[{"name":"wp","href":"https:\/\/api.w.org\/{rel}","templated":true}]}}