{"id":184,"date":"2025-11-05T15:36:59","date_gmt":"2025-11-05T15:36:59","guid":{"rendered":"https:\/\/zade.hu\/?page_id=184"},"modified":"2026-02-13T21:33:18","modified_gmt":"2026-02-13T21:33:18","slug":"0113-2","status":"publish","type":"page","link":"https:\/\/zade.hu\/hu\/0113-2\/","title":{"rendered":"\u00c1rpi t\u00f6rt\u00e9nete"},"content":{"rendered":"<section class=\"bde-section-184-121 bde-section\">\n  \n  \n\t\n\n\n\n<div class=\"section-container\"><h1 class=\"bde-heading-184-122 bde-heading\">\n\u00c1rpi t\u00f6rt\u00e9nete\n<\/h1><div class=\"bde-text-184-123 bde-text\">\n\u00c1rpi m\u00e9g csak negyedikes volt, amikor beker\u00fclt a gyermekotthonba. Apr\u00f3 kisfi\u00fa volt, \u00f3ri\u00e1si k\u00e9k szemekkel, kedves kis arccal. Mindenki sokkal id\u0151sebb volt n\u00e1la, ugyanis \u00e1ltal\u00e1ban a kicsiket nevel\u0151sz\u00fcl\u0151kre b\u00edzt\u00e1k, \u00edgy nem ker\u00fcltek az otthonba, a nagyok k\u00f6z\u00e9.<br><br> \u00c1rpi kiv\u00e9tel volt, hiszen cs\u00ednytev\u00e9sei miatt elk\u00e9pzelhetetlen volt, hogy b\u00e1rki is befogadja. A helyi \u00e1ltal\u00e1nos iskol\u00e1ban is sokszor rossz f\u00e1t tett a t\u0171zre, emiatt hamarosan ki kellett \u0151t onnan venni. Mag\u00e1ntanul\u00f3k\u00e9nt folytatta az iskol\u00e1t.<br><br> \u00c1rpi olyan volt, mint egy s\u00fcndiszn\u00f3, nem lehetett hozz\u00e1\u00e9rni. Amikor fel\u00e9 ny\u00fajtottad a kezed, azonnal a fej\u00e9hez kapta a saj\u00e1tj\u00e1t, mintha v\u00e9dekezne valamilyen l\u00e1thatatlan t\u00e1mad\u00f3 ellen. Meg\u00f6lelni sem lehetett \u0151t, rettegett az \u00e9rint\u00e9st\u0151l \u00e9s senkiben sem b\u00edzott.<br><br> Am\u00edg otthon volt, az apja s\u00falyosan b\u00e1ntalmazta \u00c1rpit. Egyszer olyan komolyan megverte, hogy rend\u0151rs\u00e9gi \u00fcgy lett bel\u0151le, \u00e9s a f\u00e9rfi \u00e9vekre r\u00e1cs m\u00f6g\u00e9 ker\u00fclt. A kisfi\u00fat elvett\u00e9k a csal\u00e1dj\u00e1t\u00f3l, \u00e9s \u00edgy ker\u00fclt a gyermekotthonba. A k\u00f6r\u00fclm\u00e9nyek miatt \u00c1rpi mag\u00e1ba fordult, \u00e9s a nevel\u0151k sem voltak k\u00e9pesek utat tal\u00e1lni hozz\u00e1.<br><br> Az otthonban akkor m\u00e1r \u00e9vek \u00f3ta jelen voltak a lovak. Sok gyereket megnyugtatott a k\u00f6zels\u00e9g\u00fck \u00e9s t\u00f6bben lovagoltak is rajtuk. Aki beleszeretett ebbe az id\u0151t\u00f6lt\u00e9sbe, annak nagyon sokat tudott seg\u00edteni, hiszen a lovard\u00e1ban mindig egy\u00e9rtelm\u0171ek voltak a dolgok. Ez a k\u00f6zeg fegyelemre \u00e9s tiszteletre tan\u00edt. A l\u00f3 csak akkor engedelmeskedik neked, ha finom jelz\u00e9sekkel, kedvess\u00e9ggel k\u00e9rsz t\u0151le. Hatalmas \u00e1llat, \u00e1m ha ki\u00e9rdemled a bizalm\u00e1t, k\u00f6nny\u0171 vele az egy\u00fcttm\u0171k\u00f6d\u00e9s.<br><br> \u00c1rpi egy ideig ker\u00fclgette az ist\u00e1ll\u00f3kat, azt\u00e1n egyszer m\u00e9gis bek\u00e9redzkedett. Ett\u0151l fogva \u0151 volt az egyik olyan fi\u00fa, aki mindig ott volt, amikor a lovakat etetni, vagy takar\u00edtani kellett.<br><br> Volt \u00c1rpinak egy kedvenc lova, akinek a k\u00f6zel\u00e9be nem engedett senkit. Csak \u0151 kef\u00e9lhette a s\u00f6r\u00e9ny\u00e9t, \u00e9s tiszt\u00edthatta a pat\u00e1j\u00e1t. Az otthonba ker\u00fcl\u00e9se \u00f3ta el\u0151sz\u00f6r hagyta, hogy valaki k\u00f6zel ker\u00fclj\u00f6n hozz\u00e1.<br><br> \u00c9vek teltek el \u00edgy, m\u00edgnem egyszer, amikor reggeli etet\u00e9sn\u00e9l szaladt az ist\u00e1ll\u00f3 fel\u00e9, odarohant a nevel\u0151h\u00f6z, akivel egy\u00fctt l\u00e1tt\u00e1k el a lovakat, \u00e9s fut\u00f3lag meg\u00f6lelte. K\u00fcl\u00f6nleges pillanat volt ez. \u00c1rpi v\u00e9gre \u00fajra megtanult megb\u00edzni m\u00e1sokban.<br><br> Ennek a fi\u00fanak ma m\u00e1r feles\u00e9ge \u00e9s gyermeke van. Tudhatjuk, hogy egy l\u00f3 \u00e9s a cs\u00f6ndes t\u00f6r\u0151d\u00e9s nyitotta ki \u00fajra a sz\u00edv\u00e9t.<br>\n<\/div><img decoding=\"async\" class=\"bde-image2-184-124 bde-image2\" src=\"https:\/\/zade.hu\/wp-content\/uploads\/2025\/11\/motoroskisgyerek_nyomtatni.avif\" loading=\"lazy\" srcset=\"https:\/\/zade.hu\/wp-content\/uploads\/2025\/11\/motoroskisgyerek_nyomtatni.avif 1657w, https:\/\/zade.hu\/wp-content\/uploads\/2025\/11\/motoroskisgyerek_nyomtatni-300x202.avif 300w, https:\/\/zade.hu\/wp-content\/uploads\/2025\/11\/motoroskisgyerek_nyomtatni-1024x690.avif 1024w, https:\/\/zade.hu\/wp-content\/uploads\/2025\/11\/motoroskisgyerek_nyomtatni-768x517.avif 768w, https:\/\/zade.hu\/wp-content\/uploads\/2025\/11\/motoroskisgyerek_nyomtatni-1536x1035.avif 1536w\" sizes=\"(max-width: 1657px) 100vw, 1657px\"><div class=\"bde-text-184-125 bde-text\">\n\u00c1rpi t\u00f6rt\u00e9net\u00e9t a T\u0171zcsihol\u00f3 Egyes\u00fclet juttatta el hozz\u00e1nk. Ha \u00e9rdekel, mivel foglalkoznak, olvass ut\u00e1na itt:\n<\/div><div class=\"bde-button-184-126 bde-button\">\n    \n                        \n                        \n    \n    \n    \n    \n            \n                    \n            \n            \n\n    \n    \n    \n    \n    \n    <a class=\"breakdance-link button-atom button-atom--custom bde-button__button\" href=\"https:\/\/zade.hu\/zade-menhely\/\" target=\"_self\" data-type=\"url\"  >\n\n    \n        <span class=\"button-atom__text\">T\u0171zcsihol\u00f3 Egyes\u00fclet<\/span>\n\n        \n        \n                <\/a>\n\n    \n\n\n<\/div><div class=\"bde-columns-184-127 bde-columns\"><div class=\"bde-column-184-128 bde-column\">\n  \n  \n\t\n\n\n\n<div class=\"bde-button-184-129 bde-button\">\n    \n                        \n                        \n    \n    \n    \n    \n            \n                    \n            \n            \n\n    \n    \n    \n    \n    \n    <a class=\"breakdance-link button-atom button-atom--custom bde-button__button\" href=\"https:\/\/www.instagram.com\/tuzcsiholoegyesulet\/\" target=\"_self\" data-type=\"url\"  >\n\n    \n        <span class=\"button-atom__text\">Instagram<\/span>\n\n        \n        \n                <\/a>\n\n    \n\n\n<\/div>\n<\/div><div class=\"bde-column-184-130 bde-column\">\n  \n  \n\t\n\n\n\n<div class=\"bde-button-184-131 bde-button\">\n    \n                        \n                        \n    \n    \n    \n    \n            \n                    \n            \n            \n\n    \n    \n    \n    \n    \n    <a class=\"breakdance-link button-atom button-atom--custom bde-button__button\" href=\"https:\/\/facebook.com\/tuzcsiholoegyesulet\" target=\"_self\" data-type=\"url\"  >\n\n    \n        <span class=\"button-atom__text\">Facebook<\/span>\n\n        \n        \n                <\/a>\n\n    \n\n\n<\/div>\n<\/div><\/div><\/div>\n<\/section>","protected":false},"excerpt":{"rendered":"<p>\u00c1rpi t\u00f6rt\u00e9nete \u00c1rpi m\u00e9g csak negyedikes volt, amikor beker\u00fclt a gyermekotthonba. Apr\u00f3 kisfi\u00fa volt, \u00f3ri\u00e1si k\u00e9k szemekkel, kedves kis arccal. Mindenki sokkal id\u0151sebb volt n\u00e1la, ugyanis \u00e1ltal\u00e1ban a kicsiket nevel\u0151sz\u00fcl\u0151kre b\u00edzt\u00e1k, \u00edgy nem ker\u00fcltek az otthonba, a nagyok k\u00f6z\u00e9. \u00c1rpi kiv\u00e9tel volt, hiszen cs\u00ednytev\u00e9sei miatt elk\u00e9pzelhetetlen volt, hogy b\u00e1rki is befogadja. A helyi \u00e1ltal\u00e1nos iskol\u00e1ban [&hellip;]<\/p>\n","protected":false},"author":6,"featured_media":0,"parent":0,"menu_order":0,"comment_status":"closed","ping_status":"closed","template":"","meta":{"_acf_changed":false,"_breakdance_hide_in_design_set":false,"_breakdance_tags":"","footnotes":""},"class_list":["post-184","page","type-page","status-publish","hentry"],"acf":[],"yoast_head":"<!-- This site is optimized with the Yoast SEO Premium plugin v27.3 (Yoast SEO v27.3) - https:\/\/yoast.com\/product\/yoast-seo-premium-wordpress\/ -->\n<title>\u00c1rpi t\u00f6rt\u00e9nete - zade.hu<\/title>\n<meta name=\"robots\" content=\"index, follow, max-snippet:-1, max-image-preview:large, max-video-preview:-1\" \/>\n<link rel=\"canonical\" href=\"https:\/\/zade.hu\/hu\/0113-2\/\" \/>\n<meta property=\"og:locale\" content=\"hu_HU\" \/>\n<meta property=\"og:type\" content=\"article\" \/>\n<meta property=\"og:title\" content=\"\u00c1rpi t\u00f6rt\u00e9nete\" \/>\n<meta property=\"og:description\" content=\"\u00c1rpi t\u00f6rt\u00e9nete \u00c1rpi m\u00e9g csak negyedikes volt, amikor beker\u00fclt a gyermekotthonba. Apr\u00f3 kisfi\u00fa volt, \u00f3ri\u00e1si k\u00e9k szemekkel, kedves kis arccal. Mindenki sokkal id\u0151sebb volt n\u00e1la, ugyanis \u00e1ltal\u00e1ban a kicsiket nevel\u0151sz\u00fcl\u0151kre b\u00edzt\u00e1k, \u00edgy nem ker\u00fcltek az otthonba, a nagyok k\u00f6z\u00e9. \u00c1rpi kiv\u00e9tel volt, hiszen cs\u00ednytev\u00e9sei miatt elk\u00e9pzelhetetlen volt, hogy b\u00e1rki is befogadja. A helyi \u00e1ltal\u00e1nos iskol\u00e1ban [&hellip;]\" \/>\n<meta property=\"og:url\" content=\"https:\/\/zade.hu\/hu\/0113-2\/\" \/>\n<meta property=\"og:site_name\" content=\"zade.hu\" \/>\n<meta property=\"article:modified_time\" content=\"2026-02-13T21:33:18+00:00\" \/>\n<meta name=\"twitter:card\" content=\"summary_large_image\" \/>\n<meta name=\"twitter:label1\" content=\"Becs\u00fclt olvas\u00e1si id\u0151\" \/>\n\t<meta name=\"twitter:data1\" content=\"3 perc\" \/>\n<script type=\"application\/ld+json\" class=\"yoast-schema-graph\">{\"@context\":\"https:\\\/\\\/schema.org\",\"@graph\":[{\"@type\":\"WebPage\",\"@id\":\"https:\\\/\\\/zade.hu\\\/hu\\\/0113-2\\\/\",\"url\":\"https:\\\/\\\/zade.hu\\\/hu\\\/0113-2\\\/\",\"name\":\"\u00c1rpi t\u00f6rt\u00e9nete - zade.hu\",\"isPartOf\":{\"@id\":\"https:\\\/\\\/zade.hu\\\/hu\\\/#website\"},\"datePublished\":\"2025-11-05T15:36:59+00:00\",\"dateModified\":\"2026-02-13T21:33:18+00:00\",\"breadcrumb\":{\"@id\":\"https:\\\/\\\/zade.hu\\\/hu\\\/0113-2\\\/#breadcrumb\"},\"inLanguage\":\"hu\",\"potentialAction\":[{\"@type\":\"ReadAction\",\"target\":[\"https:\\\/\\\/zade.hu\\\/hu\\\/0113-2\\\/\"]}]},{\"@type\":\"BreadcrumbList\",\"@id\":\"https:\\\/\\\/zade.hu\\\/hu\\\/0113-2\\\/#breadcrumb\",\"itemListElement\":[{\"@type\":\"ListItem\",\"position\":1,\"name\":\"Home\",\"item\":\"https:\\\/\\\/zade.hu\\\/hu\\\/\"},{\"@type\":\"ListItem\",\"position\":2,\"name\":\"\u00c1rpi t\u00f6rt\u00e9nete\"}]},{\"@type\":\"WebSite\",\"@id\":\"https:\\\/\\\/zade.hu\\\/hu\\\/#website\",\"url\":\"https:\\\/\\\/zade.hu\\\/hu\\\/\",\"name\":\"zade.hu\",\"description\":\"\",\"potentialAction\":[{\"@type\":\"SearchAction\",\"target\":{\"@type\":\"EntryPoint\",\"urlTemplate\":\"https:\\\/\\\/zade.hu\\\/hu\\\/?s={search_term_string}\"},\"query-input\":{\"@type\":\"PropertyValueSpecification\",\"valueRequired\":true,\"valueName\":\"search_term_string\"}}],\"inLanguage\":\"hu\"}]}<\/script>\n<!-- \/ Yoast SEO Premium plugin. -->","yoast_head_json":{"title":"\u00c1rpi t\u00f6rt\u00e9nete - zade.hu","robots":{"index":"index","follow":"follow","max-snippet":"max-snippet:-1","max-image-preview":"max-image-preview:large","max-video-preview":"max-video-preview:-1"},"canonical":"https:\/\/zade.hu\/hu\/0113-2\/","og_locale":"hu_HU","og_type":"article","og_title":"\u00c1rpi t\u00f6rt\u00e9nete","og_description":"\u00c1rpi t\u00f6rt\u00e9nete \u00c1rpi m\u00e9g csak negyedikes volt, amikor beker\u00fclt a gyermekotthonba. Apr\u00f3 kisfi\u00fa volt, \u00f3ri\u00e1si k\u00e9k szemekkel, kedves kis arccal. Mindenki sokkal id\u0151sebb volt n\u00e1la, ugyanis \u00e1ltal\u00e1ban a kicsiket nevel\u0151sz\u00fcl\u0151kre b\u00edzt\u00e1k, \u00edgy nem ker\u00fcltek az otthonba, a nagyok k\u00f6z\u00e9. \u00c1rpi kiv\u00e9tel volt, hiszen cs\u00ednytev\u00e9sei miatt elk\u00e9pzelhetetlen volt, hogy b\u00e1rki is befogadja. A helyi \u00e1ltal\u00e1nos iskol\u00e1ban [&hellip;]","og_url":"https:\/\/zade.hu\/hu\/0113-2\/","og_site_name":"zade.hu","article_modified_time":"2026-02-13T21:33:18+00:00","twitter_card":"summary_large_image","twitter_misc":{"Becs\u00fclt olvas\u00e1si id\u0151":"3 perc"},"schema":{"@context":"https:\/\/schema.org","@graph":[{"@type":"WebPage","@id":"https:\/\/zade.hu\/hu\/0113-2\/","url":"https:\/\/zade.hu\/hu\/0113-2\/","name":"\u00c1rpi t\u00f6rt\u00e9nete - zade.hu","isPartOf":{"@id":"https:\/\/zade.hu\/hu\/#website"},"datePublished":"2025-11-05T15:36:59+00:00","dateModified":"2026-02-13T21:33:18+00:00","breadcrumb":{"@id":"https:\/\/zade.hu\/hu\/0113-2\/#breadcrumb"},"inLanguage":"hu","potentialAction":[{"@type":"ReadAction","target":["https:\/\/zade.hu\/hu\/0113-2\/"]}]},{"@type":"BreadcrumbList","@id":"https:\/\/zade.hu\/hu\/0113-2\/#breadcrumb","itemListElement":[{"@type":"ListItem","position":1,"name":"Home","item":"https:\/\/zade.hu\/hu\/"},{"@type":"ListItem","position":2,"name":"\u00c1rpi t\u00f6rt\u00e9nete"}]},{"@type":"WebSite","@id":"https:\/\/zade.hu\/hu\/#website","url":"https:\/\/zade.hu\/hu\/","name":"zade.hu","description":"","potentialAction":[{"@type":"SearchAction","target":{"@type":"EntryPoint","urlTemplate":"https:\/\/zade.hu\/hu\/?s={search_term_string}"},"query-input":{"@type":"PropertyValueSpecification","valueRequired":true,"valueName":"search_term_string"}}],"inLanguage":"hu"}]}},"_links":{"self":[{"href":"https:\/\/zade.hu\/hu\/wp-json\/wp\/v2\/pages\/184","targetHints":{"allow":["GET"]}}],"collection":[{"href":"https:\/\/zade.hu\/hu\/wp-json\/wp\/v2\/pages"}],"about":[{"href":"https:\/\/zade.hu\/hu\/wp-json\/wp\/v2\/types\/page"}],"author":[{"embeddable":true,"href":"https:\/\/zade.hu\/hu\/wp-json\/wp\/v2\/users\/6"}],"replies":[{"embeddable":true,"href":"https:\/\/zade.hu\/hu\/wp-json\/wp\/v2\/comments?post=184"}],"version-history":[{"count":5,"href":"https:\/\/zade.hu\/hu\/wp-json\/wp\/v2\/pages\/184\/revisions"}],"predecessor-version":[{"id":1001,"href":"https:\/\/zade.hu\/hu\/wp-json\/wp\/v2\/pages\/184\/revisions\/1001"}],"wp:attachment":[{"href":"https:\/\/zade.hu\/hu\/wp-json\/wp\/v2\/media?parent=184"}],"curies":[{"name":"wp","href":"https:\/\/api.w.org\/{rel}","templated":true}]}}