{"id":270,"date":"2025-11-17T20:54:17","date_gmt":"2025-11-17T20:54:17","guid":{"rendered":"https:\/\/zade.hu\/?page_id=270"},"modified":"2025-11-17T20:54:27","modified_gmt":"2025-11-17T20:54:27","slug":"galeria","status":"publish","type":"page","link":"https:\/\/zade.hu\/hu\/galeria\/","title":{"rendered":"Gal\u00e9ria"},"content":{"rendered":"\n<h2 class=\"wp-block-heading\" id=\"h-galeria\">Gal\u00e9ria<\/h2>\n\n\n\n<figure class=\"wp-block-gallery has-nested-images columns-default is-cropped wp-block-gallery-1 is-layout-flex wp-block-gallery-is-layout-flex\"><\/figure>\n","protected":false},"excerpt":{"rendered":"<p>Gal\u00e9ria<\/p>\n","protected":false},"author":6,"featured_media":0,"parent":0,"menu_order":0,"comment_status":"closed","ping_status":"closed","template":"","meta":{"_acf_changed":false,"_breakdance_hide_in_design_set":false,"_breakdance_tags":"","footnotes":""},"class_list":["post-270","page","type-page","status-publish","hentry"],"acf":[],"yoast_head":"<!-- This site is optimized with the Yoast SEO Premium plugin v27.4 (Yoast SEO v27.4) - https:\/\/yoast.com\/product\/yoast-seo-premium-wordpress\/ -->\n<title>Gal\u00e9ria - zade.hu<\/title>\n<meta name=\"robots\" content=\"index, follow, max-snippet:-1, max-image-preview:large, max-video-preview:-1\" \/>\n<link rel=\"canonical\" href=\"https:\/\/zade.hu\/hu\/galeria\/\" \/>\n<meta property=\"og:locale\" content=\"hu_HU\" \/>\n<meta property=\"og:type\" content=\"article\" \/>\n<meta property=\"og:title\" content=\"Gal\u00e9ria\" \/>\n<meta property=\"og:description\" content=\"Gal\u00e9ria\" \/>\n<meta property=\"og:url\" content=\"https:\/\/zade.hu\/hu\/galeria\/\" \/>\n<meta property=\"og:site_name\" content=\"zade.hu\" \/>\n<meta property=\"article:modified_time\" content=\"2025-11-17T20:54:27+00:00\" \/>\n<meta name=\"twitter:card\" content=\"summary_large_image\" \/>\n<meta name=\"twitter:label1\" content=\"Becs\u00fclt olvas\u00e1si id\u0151\" \/>\n\t<meta name=\"twitter:data1\" content=\"1 perc\" \/>\n<script type=\"application\/ld+json\" class=\"yoast-schema-graph\">{\"@context\":\"https:\\\/\\\/schema.org\",\"@graph\":[{\"@type\":\"WebPage\",\"@id\":\"https:\\\/\\\/zade.hu\\\/hu\\\/galeria\\\/\",\"url\":\"https:\\\/\\\/zade.hu\\\/hu\\\/galeria\\\/\",\"name\":\"Gal\u00e9ria - zade.hu\",\"isPartOf\":{\"@id\":\"https:\\\/\\\/zade.hu\\\/hu\\\/#website\"},\"datePublished\":\"2025-11-17T20:54:17+00:00\",\"dateModified\":\"2025-11-17T20:54:27+00:00\",\"breadcrumb\":{\"@id\":\"https:\\\/\\\/zade.hu\\\/hu\\\/galeria\\\/#breadcrumb\"},\"inLanguage\":\"hu\",\"potentialAction\":[{\"@type\":\"ReadAction\",\"target\":[\"https:\\\/\\\/zade.hu\\\/hu\\\/galeria\\\/\"]}]},{\"@type\":\"BreadcrumbList\",\"@id\":\"https:\\\/\\\/zade.hu\\\/hu\\\/galeria\\\/#breadcrumb\",\"itemListElement\":[{\"@type\":\"ListItem\",\"position\":1,\"name\":\"Home\",\"item\":\"https:\\\/\\\/zade.hu\\\/hu\\\/\"},{\"@type\":\"ListItem\",\"position\":2,\"name\":\"Gal\u00e9ria\"}]},{\"@type\":\"WebSite\",\"@id\":\"https:\\\/\\\/zade.hu\\\/hu\\\/#website\",\"url\":\"https:\\\/\\\/zade.hu\\\/hu\\\/\",\"name\":\"zade.hu\",\"description\":\"\",\"potentialAction\":[{\"@type\":\"SearchAction\",\"target\":{\"@type\":\"EntryPoint\",\"urlTemplate\":\"https:\\\/\\\/zade.hu\\\/hu\\\/?s={search_term_string}\"},\"query-input\":{\"@type\":\"PropertyValueSpecification\",\"valueRequired\":true,\"valueName\":\"search_term_string\"}}],\"inLanguage\":\"hu\"}]}<\/script>\n<!-- \/ Yoast SEO Premium plugin. -->","yoast_head_json":{"title":"Gal\u00e9ria - zade.hu","robots":{"index":"index","follow":"follow","max-snippet":"max-snippet:-1","max-image-preview":"max-image-preview:large","max-video-preview":"max-video-preview:-1"},"canonical":"https:\/\/zade.hu\/hu\/galeria\/","og_locale":"hu_HU","og_type":"article","og_title":"Gal\u00e9ria","og_description":"Gal\u00e9ria","og_url":"https:\/\/zade.hu\/hu\/galeria\/","og_site_name":"zade.hu","article_modified_time":"2025-11-17T20:54:27+00:00","twitter_card":"summary_large_image","twitter_misc":{"Becs\u00fclt olvas\u00e1si id\u0151":"1 perc"},"schema":{"@context":"https:\/\/schema.org","@graph":[{"@type":"WebPage","@id":"https:\/\/zade.hu\/hu\/galeria\/","url":"https:\/\/zade.hu\/hu\/galeria\/","name":"Gal\u00e9ria - zade.hu","isPartOf":{"@id":"https:\/\/zade.hu\/hu\/#website"},"datePublished":"2025-11-17T20:54:17+00:00","dateModified":"2025-11-17T20:54:27+00:00","breadcrumb":{"@id":"https:\/\/zade.hu\/hu\/galeria\/#breadcrumb"},"inLanguage":"hu","potentialAction":[{"@type":"ReadAction","target":["https:\/\/zade.hu\/hu\/galeria\/"]}]},{"@type":"BreadcrumbList","@id":"https:\/\/zade.hu\/hu\/galeria\/#breadcrumb","itemListElement":[{"@type":"ListItem","position":1,"name":"Home","item":"https:\/\/zade.hu\/hu\/"},{"@type":"ListItem","position":2,"name":"Gal\u00e9ria"}]},{"@type":"WebSite","@id":"https:\/\/zade.hu\/hu\/#website","url":"https:\/\/zade.hu\/hu\/","name":"zade.hu","description":"","potentialAction":[{"@type":"SearchAction","target":{"@type":"EntryPoint","urlTemplate":"https:\/\/zade.hu\/hu\/?s={search_term_string}"},"query-input":{"@type":"PropertyValueSpecification","valueRequired":true,"valueName":"search_term_string"}}],"inLanguage":"hu"}]}},"_links":{"self":[{"href":"https:\/\/zade.hu\/hu\/wp-json\/wp\/v2\/pages\/270","targetHints":{"allow":["GET"]}}],"collection":[{"href":"https:\/\/zade.hu\/hu\/wp-json\/wp\/v2\/pages"}],"about":[{"href":"https:\/\/zade.hu\/hu\/wp-json\/wp\/v2\/types\/page"}],"author":[{"embeddable":true,"href":"https:\/\/zade.hu\/hu\/wp-json\/wp\/v2\/users\/6"}],"replies":[{"embeddable":true,"href":"https:\/\/zade.hu\/hu\/wp-json\/wp\/v2\/comments?post=270"}],"version-history":[{"count":1,"href":"https:\/\/zade.hu\/hu\/wp-json\/wp\/v2\/pages\/270\/revisions"}],"predecessor-version":[{"id":273,"href":"https:\/\/zade.hu\/hu\/wp-json\/wp\/v2\/pages\/270\/revisions\/273"}],"wp:attachment":[{"href":"https:\/\/zade.hu\/hu\/wp-json\/wp\/v2\/media?parent=270"}],"curies":[{"name":"wp","href":"https:\/\/api.w.org\/{rel}","templated":true}]}}