{"id":387,"date":"2025-11-25T19:41:39","date_gmt":"2025-11-25T19:41:39","guid":{"rendered":"https:\/\/zade.hu\/?page_id=387"},"modified":"2025-11-28T19:33:09","modified_gmt":"2025-11-28T19:33:09","slug":"kik-vagyunk-mi","status":"publish","type":"page","link":"https:\/\/zade.hu\/hu\/kik-vagyunk-mi\/","title":{"rendered":"Kik vagyunk mi?"},"content":{"rendered":"<section class=\"bde-section-387-100 bde-section\">\n  \n  \n\t\n\n\n\n<div class=\"section-container\"><h1 class=\"bde-heading-387-101 bde-heading\">\nMi vagyunk a Z\u00e1d\u00e9,\n<\/h1><div class=\"bde-text-387-102 bde-text\">\negy, az Alternat\u00edv K\u00f6zgazdas\u00e1gi Gimn\u00e1zium 10. \u00e9vfolyam\u00e1ra j\u00e1r\u00f3 di\u00e1kok \u00e1ltal alap\u00edtott c\u00e9g. Csapatunk mind a 11 tagja lelkesen dolgozik a k\u00f6z\u00f6s \u00fcgy\u00e9rt.<br><br>C\u00e9lunk, hogy felnyissuk az emberek szem\u00e9t, motiv\u00e1ljuk \u0151ket, hogy figyeljenek egym\u00e1sra, \u00e9s seg\u00edts\u00fck \u0151ket abban, hogy \u00e9rz\u00e9kenyen tudjanak tekinteni az eg\u00e9sz vil\u00e1gon megmutatkoz\u00f3 t\u00e1rsadalmi egyenl\u0151tlens\u00e9gekre.<br><br>Ez azonban szinte mindenki sz\u00e1m\u00e1ra egy neh\u00e9z t\u00e9ma, ak\u00e1r r\u00e9szes\u00fclnek ilyen fajta megk\u00fcl\u00f6nb\u00f6ztet\u00e9sben, ak\u00e1r nem. Ennek ellen\u00e9re l\u00e9nyeges, hogy ne tabuk\u00e9nt kezelj\u00fcnk egy olyan jelens\u00e9get, ami \u00e1tfog\u00f3an, mindenhol jelen van. Minden t\u00f6rt\u00e9net fontos, de m\u00e9g fontosabb, hogy el lehessen mes\u00e9lni \u0151ket.<br><br>Mi, a Z\u00e1d\u00e9n\u00e1l lehet\u0151v\u00e9 tessz\u00fck ezt. \u00c1mde nem egyed\u00fcl. Egy\u00fcttm\u0171k\u00f6d\u00fcnk k\u00fcl\u00f6nb\u00f6z\u0151 alap\u00edtv\u00e1nyokkal, szervezetekkel, akik a t\u00e1rsadalmi egyenl\u0151tlens\u00e9gekkel foglalkoznak. Nekik k\u00f6sz\u00f6nhetj\u00fck a t\u00f6rt\u00e9neteket, amelyeket elolvashattok a honlapunkon.<br><br>C\u00e9lunk n\u00e9pszer\u0171s\u00edt\u00e9s\u00e9ben seg\u00edtenek nek\u00fcnk term\u00e9keink is. Alkot\u00e1sainkat, melyek a t\u00f6rt\u00e9neteket k\u00eds\u00e9rik, k\u00fcl\u00f6nb\u00f6z\u0151 v\u00e1szon-, illetve pap\u00edralap\u00fa t\u00e1rgyakra, p\u00e9ld\u00e1ul p\u00f3l\u00f3kra, k\u00e9peslapokra nyomtatjuk. Megtal\u00e1lhatj\u00e1tok \u00e9s megv\u00e1s\u00e1rolhatj\u00e1tok \u0151ket k\u00fcl\u00f6nb\u00f6z\u0151 v\u00e1s\u00e1rjainkon, melyek pontos hely\u00e9t \u00e9s id\u0151pontj\u00e1t megtal\u00e1lj\u00e1tok a honlapon.\n<\/div><div class=\"bde-text-387-112 bde-text\">\nNev\u00fcnk Seherez\u00e1d\u00e9nak, az 1001 \u00e9jszaka egyik szerepl\u0151j\u00e9nek nev\u00e9b\u0151l ered. Mi is szeretn\u00e9nk 1001 t\u00f6rt\u00e9netet eljuttatni Hozz\u00e1tok. <br>\n<\/div><div class=\"bde-columns-387-113 bde-columns\"><div class=\"bde-column-387-115 bde-column\">\n  \n  \n\t\n\n\n\n<img decoding=\"async\" class=\"bde-image2-387-117 bde-image2\" src=\"https:\/\/zade.hu\/wp-content\/uploads\/2025\/11\/K.MISKA_ZADE_-3-scaled.avif\" loading=\"lazy\" srcset=\"https:\/\/zade.hu\/wp-content\/uploads\/2025\/11\/K.MISKA_ZADE_-3-scaled.avif 2560w, https:\/\/zade.hu\/wp-content\/uploads\/2025\/11\/K.MISKA_ZADE_-3-300x200.avif 300w, https:\/\/zade.hu\/wp-content\/uploads\/2025\/11\/K.MISKA_ZADE_-3-1024x683.avif 1024w, https:\/\/zade.hu\/wp-content\/uploads\/2025\/11\/K.MISKA_ZADE_-3-768x512.avif 768w, https:\/\/zade.hu\/wp-content\/uploads\/2025\/11\/K.MISKA_ZADE_-3-1536x1024.avif 1536w, https:\/\/zade.hu\/wp-content\/uploads\/2025\/11\/K.MISKA_ZADE_-3-2048x1365.avif 2048w\" sizes=\"(max-width: 2560px) 100vw, 2560px\">\n<\/div><\/div><div class=\"bde-columns-387-123 bde-columns\"><div class=\"bde-column-387-124 bde-column\">\n  \n  \n\t\n\n\n\n<div class=\"bde-button-387-126 bde-button\">\n    \n                        \n                        \n    \n    \n    \n    \n            \n                    \n            \n            \n\n    \n    \n    \n    \n    \n    <a class=\"breakdance-link button-atom button-atom--custom bde-button__button\" href=\"https:\/\/www.instagram.com\/zade_akg\/?__pwa=1\" target=\"_self\" data-type=\"url\"  >\n\n    \n        <span class=\"button-atom__text\">Instagram<\/span>\n\n        \n        \n                <\/a>\n\n    \n\n\n<\/div>\n<\/div><div class=\"bde-column-387-125 bde-column\">\n  \n  \n\t\n\n\n\n<div class=\"bde-button-387-128 bde-button\">\n    \n                        \n                        \n    \n    \n    \n    \n            \n                    \n            \n            \n\n    \n    \n    \n    \n    \n    <a class=\"breakdance-link button-atom button-atom--custom bde-button__button\" href=\"https:\/\/www.facebook.com\/profile.php?id=61581900735124\" target=\"_self\" data-type=\"url\"  >\n\n    \n        <span class=\"button-atom__text\">Facebook<\/span>\n\n        \n        \n                <\/a>\n\n    \n\n\n<\/div>\n<\/div><\/div><\/div>\n<\/section>","protected":false},"excerpt":{"rendered":"<p>Mi vagyunk a Z\u00e1d\u00e9, egy, az Alternat\u00edv K\u00f6zgazdas\u00e1gi Gimn\u00e1zium 10. \u00e9vfolyam\u00e1ra j\u00e1r\u00f3 di\u00e1kok \u00e1ltal alap\u00edtott c\u00e9g. Csapatunk mind a 11 tagja lelkesen dolgozik a k\u00f6z\u00f6s \u00fcgy\u00e9rt.C\u00e9lunk, hogy felnyissuk az emberek szem\u00e9t, motiv\u00e1ljuk \u0151ket, hogy figyeljenek egym\u00e1sra, \u00e9s seg\u00edts\u00fck \u0151ket abban, hogy \u00e9rz\u00e9kenyen tudjanak tekinteni az eg\u00e9sz vil\u00e1gon megmutatkoz\u00f3 t\u00e1rsadalmi egyenl\u0151tlens\u00e9gekre.Ez azonban szinte mindenki sz\u00e1m\u00e1ra egy [&hellip;]<\/p>\n","protected":false},"author":11,"featured_media":0,"parent":0,"menu_order":0,"comment_status":"closed","ping_status":"closed","template":"","meta":{"_acf_changed":false,"_breakdance_hide_in_design_set":false,"_breakdance_tags":"","footnotes":""},"class_list":["post-387","page","type-page","status-publish","hentry"],"acf":[],"yoast_head":"<!-- This site is optimized with the Yoast SEO Premium plugin v27.3 (Yoast SEO v27.3) - https:\/\/yoast.com\/product\/yoast-seo-premium-wordpress\/ -->\n<title>Kik vagyunk mi? - zade.hu<\/title>\n<meta name=\"robots\" content=\"index, follow, max-snippet:-1, max-image-preview:large, max-video-preview:-1\" \/>\n<link rel=\"canonical\" href=\"https:\/\/zade.hu\/hu\/kik-vagyunk-mi\/\" \/>\n<meta property=\"og:locale\" content=\"hu_HU\" \/>\n<meta property=\"og:type\" content=\"article\" \/>\n<meta property=\"og:title\" content=\"Kik vagyunk mi?\" \/>\n<meta property=\"og:description\" content=\"Mi vagyunk a Z\u00e1d\u00e9, egy, az Alternat\u00edv K\u00f6zgazdas\u00e1gi Gimn\u00e1zium 10. \u00e9vfolyam\u00e1ra j\u00e1r\u00f3 di\u00e1kok \u00e1ltal alap\u00edtott c\u00e9g. Csapatunk mind a 11 tagja lelkesen dolgozik a k\u00f6z\u00f6s \u00fcgy\u00e9rt.C\u00e9lunk, hogy felnyissuk az emberek szem\u00e9t, motiv\u00e1ljuk \u0151ket, hogy figyeljenek egym\u00e1sra, \u00e9s seg\u00edts\u00fck \u0151ket abban, hogy \u00e9rz\u00e9kenyen tudjanak tekinteni az eg\u00e9sz vil\u00e1gon megmutatkoz\u00f3 t\u00e1rsadalmi egyenl\u0151tlens\u00e9gekre.Ez azonban szinte mindenki sz\u00e1m\u00e1ra egy [&hellip;]\" \/>\n<meta property=\"og:url\" content=\"https:\/\/zade.hu\/hu\/kik-vagyunk-mi\/\" \/>\n<meta property=\"og:site_name\" content=\"zade.hu\" \/>\n<meta property=\"article:modified_time\" content=\"2025-11-28T19:33:09+00:00\" \/>\n<meta name=\"twitter:card\" content=\"summary_large_image\" \/>\n<meta name=\"twitter:label1\" content=\"Becs\u00fclt olvas\u00e1si id\u0151\" \/>\n\t<meta name=\"twitter:data1\" content=\"2 perc\" \/>\n<script type=\"application\/ld+json\" class=\"yoast-schema-graph\">{\"@context\":\"https:\\\/\\\/schema.org\",\"@graph\":[{\"@type\":\"WebPage\",\"@id\":\"https:\\\/\\\/zade.hu\\\/hu\\\/kik-vagyunk-mi\\\/\",\"url\":\"https:\\\/\\\/zade.hu\\\/hu\\\/kik-vagyunk-mi\\\/\",\"name\":\"Kik vagyunk mi? - zade.hu\",\"isPartOf\":{\"@id\":\"https:\\\/\\\/zade.hu\\\/hu\\\/#website\"},\"datePublished\":\"2025-11-25T19:41:39+00:00\",\"dateModified\":\"2025-11-28T19:33:09+00:00\",\"breadcrumb\":{\"@id\":\"https:\\\/\\\/zade.hu\\\/hu\\\/kik-vagyunk-mi\\\/#breadcrumb\"},\"inLanguage\":\"hu\",\"potentialAction\":[{\"@type\":\"ReadAction\",\"target\":[\"https:\\\/\\\/zade.hu\\\/hu\\\/kik-vagyunk-mi\\\/\"]}]},{\"@type\":\"BreadcrumbList\",\"@id\":\"https:\\\/\\\/zade.hu\\\/hu\\\/kik-vagyunk-mi\\\/#breadcrumb\",\"itemListElement\":[{\"@type\":\"ListItem\",\"position\":1,\"name\":\"Home\",\"item\":\"https:\\\/\\\/zade.hu\\\/hu\\\/\"},{\"@type\":\"ListItem\",\"position\":2,\"name\":\"Kik vagyunk mi?\"}]},{\"@type\":\"WebSite\",\"@id\":\"https:\\\/\\\/zade.hu\\\/hu\\\/#website\",\"url\":\"https:\\\/\\\/zade.hu\\\/hu\\\/\",\"name\":\"zade.hu\",\"description\":\"\",\"potentialAction\":[{\"@type\":\"SearchAction\",\"target\":{\"@type\":\"EntryPoint\",\"urlTemplate\":\"https:\\\/\\\/zade.hu\\\/hu\\\/?s={search_term_string}\"},\"query-input\":{\"@type\":\"PropertyValueSpecification\",\"valueRequired\":true,\"valueName\":\"search_term_string\"}}],\"inLanguage\":\"hu\"}]}<\/script>\n<!-- \/ Yoast SEO Premium plugin. -->","yoast_head_json":{"title":"Kik vagyunk mi? - zade.hu","robots":{"index":"index","follow":"follow","max-snippet":"max-snippet:-1","max-image-preview":"max-image-preview:large","max-video-preview":"max-video-preview:-1"},"canonical":"https:\/\/zade.hu\/hu\/kik-vagyunk-mi\/","og_locale":"hu_HU","og_type":"article","og_title":"Kik vagyunk mi?","og_description":"Mi vagyunk a Z\u00e1d\u00e9, egy, az Alternat\u00edv K\u00f6zgazdas\u00e1gi Gimn\u00e1zium 10. \u00e9vfolyam\u00e1ra j\u00e1r\u00f3 di\u00e1kok \u00e1ltal alap\u00edtott c\u00e9g. Csapatunk mind a 11 tagja lelkesen dolgozik a k\u00f6z\u00f6s \u00fcgy\u00e9rt.C\u00e9lunk, hogy felnyissuk az emberek szem\u00e9t, motiv\u00e1ljuk \u0151ket, hogy figyeljenek egym\u00e1sra, \u00e9s seg\u00edts\u00fck \u0151ket abban, hogy \u00e9rz\u00e9kenyen tudjanak tekinteni az eg\u00e9sz vil\u00e1gon megmutatkoz\u00f3 t\u00e1rsadalmi egyenl\u0151tlens\u00e9gekre.Ez azonban szinte mindenki sz\u00e1m\u00e1ra egy [&hellip;]","og_url":"https:\/\/zade.hu\/hu\/kik-vagyunk-mi\/","og_site_name":"zade.hu","article_modified_time":"2025-11-28T19:33:09+00:00","twitter_card":"summary_large_image","twitter_misc":{"Becs\u00fclt olvas\u00e1si id\u0151":"2 perc"},"schema":{"@context":"https:\/\/schema.org","@graph":[{"@type":"WebPage","@id":"https:\/\/zade.hu\/hu\/kik-vagyunk-mi\/","url":"https:\/\/zade.hu\/hu\/kik-vagyunk-mi\/","name":"Kik vagyunk mi? - zade.hu","isPartOf":{"@id":"https:\/\/zade.hu\/hu\/#website"},"datePublished":"2025-11-25T19:41:39+00:00","dateModified":"2025-11-28T19:33:09+00:00","breadcrumb":{"@id":"https:\/\/zade.hu\/hu\/kik-vagyunk-mi\/#breadcrumb"},"inLanguage":"hu","potentialAction":[{"@type":"ReadAction","target":["https:\/\/zade.hu\/hu\/kik-vagyunk-mi\/"]}]},{"@type":"BreadcrumbList","@id":"https:\/\/zade.hu\/hu\/kik-vagyunk-mi\/#breadcrumb","itemListElement":[{"@type":"ListItem","position":1,"name":"Home","item":"https:\/\/zade.hu\/hu\/"},{"@type":"ListItem","position":2,"name":"Kik vagyunk mi?"}]},{"@type":"WebSite","@id":"https:\/\/zade.hu\/hu\/#website","url":"https:\/\/zade.hu\/hu\/","name":"zade.hu","description":"","potentialAction":[{"@type":"SearchAction","target":{"@type":"EntryPoint","urlTemplate":"https:\/\/zade.hu\/hu\/?s={search_term_string}"},"query-input":{"@type":"PropertyValueSpecification","valueRequired":true,"valueName":"search_term_string"}}],"inLanguage":"hu"}]}},"_links":{"self":[{"href":"https:\/\/zade.hu\/hu\/wp-json\/wp\/v2\/pages\/387","targetHints":{"allow":["GET"]}}],"collection":[{"href":"https:\/\/zade.hu\/hu\/wp-json\/wp\/v2\/pages"}],"about":[{"href":"https:\/\/zade.hu\/hu\/wp-json\/wp\/v2\/types\/page"}],"author":[{"embeddable":true,"href":"https:\/\/zade.hu\/hu\/wp-json\/wp\/v2\/users\/11"}],"replies":[{"embeddable":true,"href":"https:\/\/zade.hu\/hu\/wp-json\/wp\/v2\/comments?post=387"}],"version-history":[{"count":5,"href":"https:\/\/zade.hu\/hu\/wp-json\/wp\/v2\/pages\/387\/revisions"}],"predecessor-version":[{"id":565,"href":"https:\/\/zade.hu\/hu\/wp-json\/wp\/v2\/pages\/387\/revisions\/565"}],"wp:attachment":[{"href":"https:\/\/zade.hu\/hu\/wp-json\/wp\/v2\/media?parent=387"}],"curies":[{"name":"wp","href":"https:\/\/api.w.org\/{rel}","templated":true}]}}