{"id":959,"date":"2026-02-04T19:19:16","date_gmt":"2026-02-04T19:19:16","guid":{"rendered":"https:\/\/zade.hu\/?page_id=959"},"modified":"2026-03-17T11:37:41","modified_gmt":"2026-03-17T11:37:41","slug":"a-hajlektalansag-kriminalizacioja","status":"publish","type":"page","link":"https:\/\/zade.hu\/hu\/a-hajlektalansag-kriminalizacioja\/","title":{"rendered":"A hajl\u00e9ktalans\u00e1g kriminaliz\u00e1ci\u00f3ja"},"content":{"rendered":"<section class=\"bde-section-959-100 bde-section\">\n  \n  \n\t\n\n\n\n<div class=\"section-container\"><h1 class=\"bde-heading-959-101 bde-heading\">\nA hajl\u00e9ktalans\u00e1g kriminaliz\u00e1ci\u00f3ja\n<\/h1><div class=\"bde-text-959-102 bde-text\">\n2018. okt\u00f3ber 15-\u00e9n Magyarorsz\u00e1g korm\u00e1nya nemes egyszer\u0171s\u00e9ggel betiltotta a hajl\u00e9ktalans\u00e1got. Milyen k\u00e9zenfekv\u0151 megold\u00e1s, hogyhogy eddig senkinek nem jutott esz\u00e9be? Sajnos ez a val\u00f3 \u00e9letben nem ilyen egyszer\u0171..<br><br>A 2018-as alapt\u00f6rv\u00e9ny m\u00f3dos\u00edt\u00e1s szerint mindenki jogs\u00e9rt\u00e9st k\u00f6vet el, aki \u00e9letvitelszer\u0171en k\u00f6zter\u00fcleten lakik. Amennyiben a hat\u00f3s\u00e1gok erre lesznek figyelmesek, felsz\u00f3l\u00edthatj\u00e1k az illet\u00e9kest, hogy vonuljon be egy hajl\u00e9ktalansz\u00e1ll\u00f3ra. Ezzel a probl\u00e9ma az, hogy a sz\u00e1ll\u00f3k a rossz higi\u00e9ni\u00e1s k\u00f6r\u00fclm\u00e9nyek \u00e9s a gyakori lop\u00e1sok miatt nem t\u0171nnek biztons\u00e1gosnak, a hajl\u00e9ktalanok \u00edgy sokszor ink\u00e1bb az utc\u00e1t v\u00e1lasztj\u00e1k. Ha a rend\u0151rs\u00e9g ism\u00e9telt szab\u00e1lys\u00e9rt\u00e9st tapasztal, p\u00e9nzb\u00edrs\u00e1ggal s\u00fajthatja az azt elk\u00f6vet\u0151 szem\u00e9lyt. A k\u00e9rd\u00e9s m\u00e1r csak az, hogy mib\u0151l fogja tudni kifizetni a legink\u00e1bb n\u00e9lk\u00fcl\u00f6z\u0151 t\u00e1rsadalmi r\u00e9teg ezt az \u00f6sszeget? A v\u00e1lasz el\u00e9g evidens: sehogy. Ez\u00e1ltal a rendelet nem megseg\u00edti, hanem - er\u0151s sz\u00f3val \u00e9lve - b\u0171n\u00f6z\u0151v\u00e9 alacsony\u00edtja le a r\u00e1szorul\u00f3kat.<br><br>Ilyenkor mer\u00fcl fel az agg\u00f3d\u00f3 \u00e1llampolg\u00e1rban, akkor m\u00e9gis mit lehet tenni? Ki seg\u00edt majd, ha az \u00e1llam nem teszi? Szerencs\u00e9re haz\u00e1nkban t\u00f6bb olyan szervezet is van, amelynek f\u0151 c\u00e9lja, minden ember sz\u00e1m\u00e1ra a lakhat\u00e1s biztos\u00edt\u00e1sa. T\u00f6bbek k\u00f6z\u00f6tt az Utc\u00e1r\u00f3l Lak\u00e1sba Egyes\u00fclet munkat\u00e1rsai \u00e9s \u00f6nk\u00e9ntesei, akik haszn\u00e1laton k\u00edv\u00fcli \u00f6nkorm\u00e1nyzati lak\u00e1sokat \u00faj\u00edtanak fel, hogy oda otthontalan csal\u00e1dok k\u00f6lt\u00f6zhessenek. Ez a remek p\u00e9lda szeml\u00e9lteti, hogy a civil szf\u00e9ra \u00f6sszefog\u00e1sa mik\u00e9nt menthet meg \u00e9leteket \u00e9s teremthet lehet\u0151s\u00e9geket. \u00cdt\u00e9lkez\u00e9s helyett sokszor el\u00e9g csak elgondolkodni, mi lenne, ha te fek\u00fcdn\u00e9l egy hideg t\u00e9li \u00e9jszak\u00e1n a j\u00e1rda perem\u00e9n.<br><br>Seg\u00edts, ahogy tudsz, t\u00e1mogasd a nincstelenekkel foglalkoz\u00f3 alap\u00edtv\u00e1nyokat, adakozz, de egy kedves sz\u00f3 is m\u00e1r el\u00e9g. Ne feledd, a hajl\u00e9ktalans\u00e1g nem b\u0171n, hanem egy t\u00e1rsadalmi szint\u0171 probl\u00e9ma. <br>\n<\/div><img decoding=\"async\" class=\"bde-image2-959-103 bde-image2\" src=\"https:\/\/zade.hu\/wp-content\/uploads\/2026\/02\/Fenykep-megnyitasa.avif\" loading=\"lazy\" srcset=\"https:\/\/zade.hu\/wp-content\/uploads\/2026\/02\/Fenykep-megnyitasa.avif 301w, https:\/\/zade.hu\/wp-content\/uploads\/2026\/02\/Fenykep-megnyitasa-281x300.avif 281w\" sizes=\"(max-width: 301px) 100vw, 301px\"><\/div>\n<\/section>","protected":false},"excerpt":{"rendered":"<p>A hajl\u00e9ktalans\u00e1g kriminaliz\u00e1ci\u00f3ja 2018. okt\u00f3ber 15-\u00e9n Magyarorsz\u00e1g korm\u00e1nya nemes egyszer\u0171s\u00e9ggel betiltotta a hajl\u00e9ktalans\u00e1got. Milyen k\u00e9zenfekv\u0151 megold\u00e1s, hogyhogy eddig senkinek nem jutott esz\u00e9be? Sajnos ez a val\u00f3 \u00e9letben nem ilyen egyszer\u0171..A 2018-as alapt\u00f6rv\u00e9ny m\u00f3dos\u00edt\u00e1s szerint mindenki jogs\u00e9rt\u00e9st k\u00f6vet el, aki \u00e9letvitelszer\u0171en k\u00f6zter\u00fcleten lakik. Amennyiben a hat\u00f3s\u00e1gok erre lesznek figyelmesek, felsz\u00f3l\u00edthatj\u00e1k az illet\u00e9kest, hogy vonuljon be egy [&hellip;]<\/p>\n","protected":false},"author":6,"featured_media":0,"parent":0,"menu_order":0,"comment_status":"closed","ping_status":"closed","template":"","meta":{"_acf_changed":false,"_breakdance_hide_in_design_set":false,"_breakdance_tags":"","footnotes":""},"class_list":["post-959","page","type-page","status-publish","hentry"],"acf":[],"yoast_head":"<!-- This site is optimized with the Yoast SEO Premium plugin v27.3 (Yoast SEO v27.3) - https:\/\/yoast.com\/product\/yoast-seo-premium-wordpress\/ -->\n<title>A hajl\u00e9ktalans\u00e1g kriminaliz\u00e1ci\u00f3ja - zade.hu<\/title>\n<meta name=\"robots\" content=\"index, follow, max-snippet:-1, max-image-preview:large, max-video-preview:-1\" \/>\n<link rel=\"canonical\" href=\"https:\/\/zade.hu\/hu\/a-hajlektalansag-kriminalizacioja\/\" \/>\n<meta property=\"og:locale\" content=\"hu_HU\" \/>\n<meta property=\"og:type\" content=\"article\" \/>\n<meta property=\"og:title\" content=\"A hajl\u00e9ktalans\u00e1g kriminaliz\u00e1ci\u00f3ja\" \/>\n<meta property=\"og:description\" content=\"A hajl\u00e9ktalans\u00e1g kriminaliz\u00e1ci\u00f3ja 2018. okt\u00f3ber 15-\u00e9n Magyarorsz\u00e1g korm\u00e1nya nemes egyszer\u0171s\u00e9ggel betiltotta a hajl\u00e9ktalans\u00e1got. Milyen k\u00e9zenfekv\u0151 megold\u00e1s, hogyhogy eddig senkinek nem jutott esz\u00e9be? Sajnos ez a val\u00f3 \u00e9letben nem ilyen egyszer\u0171..A 2018-as alapt\u00f6rv\u00e9ny m\u00f3dos\u00edt\u00e1s szerint mindenki jogs\u00e9rt\u00e9st k\u00f6vet el, aki \u00e9letvitelszer\u0171en k\u00f6zter\u00fcleten lakik. Amennyiben a hat\u00f3s\u00e1gok erre lesznek figyelmesek, felsz\u00f3l\u00edthatj\u00e1k az illet\u00e9kest, hogy vonuljon be egy [&hellip;]\" \/>\n<meta property=\"og:url\" content=\"https:\/\/zade.hu\/hu\/a-hajlektalansag-kriminalizacioja\/\" \/>\n<meta property=\"og:site_name\" content=\"zade.hu\" \/>\n<meta property=\"article:modified_time\" content=\"2026-03-17T11:37:41+00:00\" \/>\n<meta name=\"twitter:card\" content=\"summary_large_image\" \/>\n<meta name=\"twitter:label1\" content=\"Becs\u00fclt olvas\u00e1si id\u0151\" \/>\n\t<meta name=\"twitter:data1\" content=\"2 perc\" \/>\n<script type=\"application\/ld+json\" class=\"yoast-schema-graph\">{\"@context\":\"https:\\\/\\\/schema.org\",\"@graph\":[{\"@type\":\"WebPage\",\"@id\":\"https:\\\/\\\/zade.hu\\\/hu\\\/a-hajlektalansag-kriminalizacioja\\\/\",\"url\":\"https:\\\/\\\/zade.hu\\\/hu\\\/a-hajlektalansag-kriminalizacioja\\\/\",\"name\":\"A hajl\u00e9ktalans\u00e1g kriminaliz\u00e1ci\u00f3ja - zade.hu\",\"isPartOf\":{\"@id\":\"https:\\\/\\\/zade.hu\\\/hu\\\/#website\"},\"datePublished\":\"2026-02-04T19:19:16+00:00\",\"dateModified\":\"2026-03-17T11:37:41+00:00\",\"breadcrumb\":{\"@id\":\"https:\\\/\\\/zade.hu\\\/hu\\\/a-hajlektalansag-kriminalizacioja\\\/#breadcrumb\"},\"inLanguage\":\"hu\",\"potentialAction\":[{\"@type\":\"ReadAction\",\"target\":[\"https:\\\/\\\/zade.hu\\\/hu\\\/a-hajlektalansag-kriminalizacioja\\\/\"]}]},{\"@type\":\"BreadcrumbList\",\"@id\":\"https:\\\/\\\/zade.hu\\\/hu\\\/a-hajlektalansag-kriminalizacioja\\\/#breadcrumb\",\"itemListElement\":[{\"@type\":\"ListItem\",\"position\":1,\"name\":\"Home\",\"item\":\"https:\\\/\\\/zade.hu\\\/hu\\\/\"},{\"@type\":\"ListItem\",\"position\":2,\"name\":\"A hajl\u00e9ktalans\u00e1g kriminaliz\u00e1ci\u00f3ja\"}]},{\"@type\":\"WebSite\",\"@id\":\"https:\\\/\\\/zade.hu\\\/hu\\\/#website\",\"url\":\"https:\\\/\\\/zade.hu\\\/hu\\\/\",\"name\":\"zade.hu\",\"description\":\"\",\"potentialAction\":[{\"@type\":\"SearchAction\",\"target\":{\"@type\":\"EntryPoint\",\"urlTemplate\":\"https:\\\/\\\/zade.hu\\\/hu\\\/?s={search_term_string}\"},\"query-input\":{\"@type\":\"PropertyValueSpecification\",\"valueRequired\":true,\"valueName\":\"search_term_string\"}}],\"inLanguage\":\"hu\"}]}<\/script>\n<!-- \/ Yoast SEO Premium plugin. -->","yoast_head_json":{"title":"A hajl\u00e9ktalans\u00e1g kriminaliz\u00e1ci\u00f3ja - zade.hu","robots":{"index":"index","follow":"follow","max-snippet":"max-snippet:-1","max-image-preview":"max-image-preview:large","max-video-preview":"max-video-preview:-1"},"canonical":"https:\/\/zade.hu\/hu\/a-hajlektalansag-kriminalizacioja\/","og_locale":"hu_HU","og_type":"article","og_title":"A hajl\u00e9ktalans\u00e1g kriminaliz\u00e1ci\u00f3ja","og_description":"A hajl\u00e9ktalans\u00e1g kriminaliz\u00e1ci\u00f3ja 2018. okt\u00f3ber 15-\u00e9n Magyarorsz\u00e1g korm\u00e1nya nemes egyszer\u0171s\u00e9ggel betiltotta a hajl\u00e9ktalans\u00e1got. Milyen k\u00e9zenfekv\u0151 megold\u00e1s, hogyhogy eddig senkinek nem jutott esz\u00e9be? Sajnos ez a val\u00f3 \u00e9letben nem ilyen egyszer\u0171..A 2018-as alapt\u00f6rv\u00e9ny m\u00f3dos\u00edt\u00e1s szerint mindenki jogs\u00e9rt\u00e9st k\u00f6vet el, aki \u00e9letvitelszer\u0171en k\u00f6zter\u00fcleten lakik. Amennyiben a hat\u00f3s\u00e1gok erre lesznek figyelmesek, felsz\u00f3l\u00edthatj\u00e1k az illet\u00e9kest, hogy vonuljon be egy [&hellip;]","og_url":"https:\/\/zade.hu\/hu\/a-hajlektalansag-kriminalizacioja\/","og_site_name":"zade.hu","article_modified_time":"2026-03-17T11:37:41+00:00","twitter_card":"summary_large_image","twitter_misc":{"Becs\u00fclt olvas\u00e1si id\u0151":"2 perc"},"schema":{"@context":"https:\/\/schema.org","@graph":[{"@type":"WebPage","@id":"https:\/\/zade.hu\/hu\/a-hajlektalansag-kriminalizacioja\/","url":"https:\/\/zade.hu\/hu\/a-hajlektalansag-kriminalizacioja\/","name":"A hajl\u00e9ktalans\u00e1g kriminaliz\u00e1ci\u00f3ja - zade.hu","isPartOf":{"@id":"https:\/\/zade.hu\/hu\/#website"},"datePublished":"2026-02-04T19:19:16+00:00","dateModified":"2026-03-17T11:37:41+00:00","breadcrumb":{"@id":"https:\/\/zade.hu\/hu\/a-hajlektalansag-kriminalizacioja\/#breadcrumb"},"inLanguage":"hu","potentialAction":[{"@type":"ReadAction","target":["https:\/\/zade.hu\/hu\/a-hajlektalansag-kriminalizacioja\/"]}]},{"@type":"BreadcrumbList","@id":"https:\/\/zade.hu\/hu\/a-hajlektalansag-kriminalizacioja\/#breadcrumb","itemListElement":[{"@type":"ListItem","position":1,"name":"Home","item":"https:\/\/zade.hu\/hu\/"},{"@type":"ListItem","position":2,"name":"A hajl\u00e9ktalans\u00e1g kriminaliz\u00e1ci\u00f3ja"}]},{"@type":"WebSite","@id":"https:\/\/zade.hu\/hu\/#website","url":"https:\/\/zade.hu\/hu\/","name":"zade.hu","description":"","potentialAction":[{"@type":"SearchAction","target":{"@type":"EntryPoint","urlTemplate":"https:\/\/zade.hu\/hu\/?s={search_term_string}"},"query-input":{"@type":"PropertyValueSpecification","valueRequired":true,"valueName":"search_term_string"}}],"inLanguage":"hu"}]}},"_links":{"self":[{"href":"https:\/\/zade.hu\/hu\/wp-json\/wp\/v2\/pages\/959","targetHints":{"allow":["GET"]}}],"collection":[{"href":"https:\/\/zade.hu\/hu\/wp-json\/wp\/v2\/pages"}],"about":[{"href":"https:\/\/zade.hu\/hu\/wp-json\/wp\/v2\/types\/page"}],"author":[{"embeddable":true,"href":"https:\/\/zade.hu\/hu\/wp-json\/wp\/v2\/users\/6"}],"replies":[{"embeddable":true,"href":"https:\/\/zade.hu\/hu\/wp-json\/wp\/v2\/comments?post=959"}],"version-history":[{"count":5,"href":"https:\/\/zade.hu\/hu\/wp-json\/wp\/v2\/pages\/959\/revisions"}],"predecessor-version":[{"id":1100,"href":"https:\/\/zade.hu\/hu\/wp-json\/wp\/v2\/pages\/959\/revisions\/1100"}],"wp:attachment":[{"href":"https:\/\/zade.hu\/hu\/wp-json\/wp\/v2\/media?parent=959"}],"curies":[{"name":"wp","href":"https:\/\/api.w.org\/{rel}","templated":true}]}}