{"id":972,"date":"2026-02-04T19:30:50","date_gmt":"2026-02-04T19:30:50","guid":{"rendered":"https:\/\/zade.hu\/?page_id=972"},"modified":"2026-03-17T11:32:03","modified_gmt":"2026-03-17T11:32:03","slug":"teli-idoszak","status":"publish","type":"page","link":"https:\/\/zade.hu\/hu\/teli-idoszak\/","title":{"rendered":"T\u00e9li id\u0151szak"},"content":{"rendered":"<section class=\"bde-section-972-100 bde-section\">\n  \n  \n\t\n\n\n\n<div class=\"section-container\"><h1 class=\"bde-heading-972-101 bde-heading\">\nT\u00e9li id\u0151szak\n<\/h1><div class=\"bde-text-972-102 bde-text\">\nNem tudom, ki hogy szokott reag\u00e1lni arra, hogyha egy hajl\u00e9ktalannal tal\u00e1lkozik az utc\u00e1n, \u00e9s megsz\u00f3l\u00edtj\u00e1k \u0151t. Van, aki sajn\u00e1lkozik, van, aki ignor\u00e1lja, \u201enincs most id\u0151m\u201d -\u00f6t felel, eln\u00e9z a fej\u00fck f\u00f6l\u00f6tt. Ennek ellen\u00e9re k\u00f6z\u00f6sen nek\u00fcnk, mint t\u00e1rsadalomnak felel\u0151ss\u00e9get kell v\u00e1llalnunk a seg\u00edts\u00e9g\u00e9rt, hiszen nem mindenki Budapesten lakik egy f\u0171t\u00f6tt lak\u00e1sban.<br><br>Itt van \u00f6t dolog, amivel gyorsan tudsz seg\u00edteni az utc\u00e1n \u00e9l\u0151knek:<br>1. Megk\u00edn\u00e1lhatod a hajl\u00e9ktalan embereket ennival\u00f3val- hogyha az uzsonn\u00e1db\u00f3l maradt egy szendvics, vagy a boltban veszel egy extra kaka\u00f3s csig\u00e1t, egy ban\u00e1nt- ezekkel nagyon sokat tudsz seg\u00edteni.<br><br>2. Hogyha azt l\u00e1tod, hogy t\u00f6megk\u00f6zleked\u00e9st venne ig\u00e9nybe egy adott szem\u00e9ly, odal\u00e9phetsz hozz\u00e1juk, \u00e9s t\u00e1mogathatod \u0151t ak\u00e1r egy metr\u00f3jeggyel, ez is j\u00f3l j\u00f6het nekik.<br><br>3. T\u00e9len \u00e9s tavasszal a lev\u00e1logatott ruh\u00e1idat elviheted egy szervezetnek, vagy odaadhatod szem\u00e9lyesen valakinek. Rendk\u00edv\u00fcl fontos az \u00e9vszaknak megfelel\u0151en val\u00f3 \u00f6lt\u00f6zk\u00f6d\u00e9s, erre mindig sz\u00fcks\u00e9g van.<br><br>4. Amikor \u00e9szreveszed, hogy valaki rossz \u00e1llapotban van, fizikai probl\u00e9m\u00e1t l\u00e1tsz rajta, f\u00e1zik, beteg, s\u00fcrg\u0151s \u00e9s komoly seg\u00edts\u00e9ghez kell jutnia, h\u00edvj fel egy diszp\u00e9csert, ment\u0151t, ilyenkor ak\u00e1r \u00e9leteket menthetsz!<br><br>5. Amennyiben hosszabb t\u00e1von gondolkodsz-hiszen az el\u0151bbiek csak ideiglenes megold\u00e1sok- \u00f6nk\u00e9nteskedj! Sz\u00e1mtalan civil szervezet \u00e9s egyes\u00fclet folyamatos emberhi\u00e1nyban van. Menj el ak\u00e1r egy \u00e9teloszt\u00e1sra els\u0151k\u00e9nt, ezekhez az esem\u00e9nyekhez mindig kell a seg\u00edt\u0151 k\u00e9z, \u00e9s nem ig\u00e9nyel sok felk\u00e9sz\u00fcl\u00e9st.<br><br>Amiben ak\u00e1r otthonr\u00f3l is hozz\u00e1 tudsz j\u00e1rulni a hajl\u00e9ktalanok helyzet\u00e9nek jav\u00edt\u00e1s\u00e1hoz, az az emberek inform\u00e1l\u00e1sa, t\u00e9vhitek megd\u00f6nt\u00e9se. Sokan a mai napig \u00fagy gondolkoznak a hajl\u00e9ktalan emberekr\u0151l, mintha mindannyiuk lustas\u00e1gb\u00f3l volna m\u00e9g az utc\u00e1n- A \u201eCsak v\u00e1llaljon munk\u00e1t!\u201d- mondattal gondolom m\u00e1r mindannyian tal\u00e1lkoztunk. A val\u00f3s\u00e1g ett\u0151l nem is lehetne t\u00e1volabb-hiszen a legt\u00f6bb hajl\u00e9ktalannak munk\u00e1ja van, csak a t\u00f6red\u00e9k\u00fck az, akiket az utc\u00e1n l\u00e1tunk k\u00e9regetni, \u00e1m r\u00e1juk is - az \u00edt\u00e9lkez\u00e9s helyett - emp\u00e1ti\u00e1val kell n\u00e9zni. \u00c9n nem tudom, te hogy vagy vele, de \u00e9n nem ezt a sorsot v\u00e1lasztan\u00e1m magam sz\u00e1m\u00e1ra. Gondolom, ezzel nem vagyok egyed\u00fcl, hiszen senki nem \u00e9rdemli meg ezt az \u00e9letet. Ez\u00e9rt rendk\u00edv\u00fcl fontos, hogy min\u00e9l t\u00f6bben seg\u00edts\u00fcnk, \u00e9s ne ignor\u00e1ljuk embert\u00e1rsaink neh\u00e9z sors\u00e1t.<br><br>Forr\u00e1sok: <br><br>https:\/\/www.uszse.hu\/files\/hajlektalan-program<br>https:\/\/menhely.hu\/hogyan-segithetek\/onkentesseg\/<br><br>\n<\/div><img decoding=\"async\" class=\"bde-image2-972-103 bde-image2\" src=\"https:\/\/zade.hu\/wp-content\/uploads\/2026\/02\/Fenykep-megnyitasa-1-e1772103817276.avif\" loading=\"lazy\"><\/div>\n<\/section>","protected":false},"excerpt":{"rendered":"<p>T\u00e9li id\u0151szak Nem tudom, ki hogy szokott reag\u00e1lni arra, hogyha egy hajl\u00e9ktalannal tal\u00e1lkozik az utc\u00e1n, \u00e9s megsz\u00f3l\u00edtj\u00e1k \u0151t. Van, aki sajn\u00e1lkozik, van, aki ignor\u00e1lja, \u201enincs most id\u0151m\u201d -\u00f6t felel, eln\u00e9z a fej\u00fck f\u00f6l\u00f6tt. Ennek ellen\u00e9re k\u00f6z\u00f6sen nek\u00fcnk, mint t\u00e1rsadalomnak felel\u0151ss\u00e9get kell v\u00e1llalnunk a seg\u00edts\u00e9g\u00e9rt, hiszen nem mindenki Budapesten lakik egy f\u0171t\u00f6tt lak\u00e1sban.Itt van \u00f6t dolog, [&hellip;]<\/p>\n","protected":false},"author":6,"featured_media":0,"parent":0,"menu_order":0,"comment_status":"closed","ping_status":"closed","template":"","meta":{"_acf_changed":false,"_breakdance_hide_in_design_set":false,"_breakdance_tags":"","footnotes":""},"class_list":["post-972","page","type-page","status-publish","hentry"],"acf":[],"yoast_head":"<!-- This site is optimized with the Yoast SEO Premium plugin v27.3 (Yoast SEO v27.3) - https:\/\/yoast.com\/product\/yoast-seo-premium-wordpress\/ -->\n<title>T\u00e9li id\u0151szak - zade.hu<\/title>\n<meta name=\"robots\" content=\"index, follow, max-snippet:-1, max-image-preview:large, max-video-preview:-1\" \/>\n<link rel=\"canonical\" href=\"https:\/\/zade.hu\/hu\/teli-idoszak\/\" \/>\n<meta property=\"og:locale\" content=\"hu_HU\" \/>\n<meta property=\"og:type\" content=\"article\" \/>\n<meta property=\"og:title\" content=\"T\u00e9li id\u0151szak\" \/>\n<meta property=\"og:description\" content=\"T\u00e9li id\u0151szak Nem tudom, ki hogy szokott reag\u00e1lni arra, hogyha egy hajl\u00e9ktalannal tal\u00e1lkozik az utc\u00e1n, \u00e9s megsz\u00f3l\u00edtj\u00e1k \u0151t. Van, aki sajn\u00e1lkozik, van, aki ignor\u00e1lja, \u201enincs most id\u0151m\u201d -\u00f6t felel, eln\u00e9z a fej\u00fck f\u00f6l\u00f6tt. Ennek ellen\u00e9re k\u00f6z\u00f6sen nek\u00fcnk, mint t\u00e1rsadalomnak felel\u0151ss\u00e9get kell v\u00e1llalnunk a seg\u00edts\u00e9g\u00e9rt, hiszen nem mindenki Budapesten lakik egy f\u0171t\u00f6tt lak\u00e1sban.Itt van \u00f6t dolog, [&hellip;]\" \/>\n<meta property=\"og:url\" content=\"https:\/\/zade.hu\/hu\/teli-idoszak\/\" \/>\n<meta property=\"og:site_name\" content=\"zade.hu\" \/>\n<meta property=\"article:modified_time\" content=\"2026-03-17T11:32:03+00:00\" \/>\n<meta name=\"twitter:card\" content=\"summary_large_image\" \/>\n<meta name=\"twitter:label1\" content=\"Becs\u00fclt olvas\u00e1si id\u0151\" \/>\n\t<meta name=\"twitter:data1\" content=\"2 perc\" \/>\n<script type=\"application\/ld+json\" class=\"yoast-schema-graph\">{\"@context\":\"https:\\\/\\\/schema.org\",\"@graph\":[{\"@type\":\"WebPage\",\"@id\":\"https:\\\/\\\/zade.hu\\\/hu\\\/teli-idoszak\\\/\",\"url\":\"https:\\\/\\\/zade.hu\\\/hu\\\/teli-idoszak\\\/\",\"name\":\"T\u00e9li id\u0151szak - zade.hu\",\"isPartOf\":{\"@id\":\"https:\\\/\\\/zade.hu\\\/hu\\\/#website\"},\"datePublished\":\"2026-02-04T19:30:50+00:00\",\"dateModified\":\"2026-03-17T11:32:03+00:00\",\"breadcrumb\":{\"@id\":\"https:\\\/\\\/zade.hu\\\/hu\\\/teli-idoszak\\\/#breadcrumb\"},\"inLanguage\":\"hu\",\"potentialAction\":[{\"@type\":\"ReadAction\",\"target\":[\"https:\\\/\\\/zade.hu\\\/hu\\\/teli-idoszak\\\/\"]}]},{\"@type\":\"BreadcrumbList\",\"@id\":\"https:\\\/\\\/zade.hu\\\/hu\\\/teli-idoszak\\\/#breadcrumb\",\"itemListElement\":[{\"@type\":\"ListItem\",\"position\":1,\"name\":\"Home\",\"item\":\"https:\\\/\\\/zade.hu\\\/hu\\\/\"},{\"@type\":\"ListItem\",\"position\":2,\"name\":\"T\u00e9li id\u0151szak\"}]},{\"@type\":\"WebSite\",\"@id\":\"https:\\\/\\\/zade.hu\\\/hu\\\/#website\",\"url\":\"https:\\\/\\\/zade.hu\\\/hu\\\/\",\"name\":\"zade.hu\",\"description\":\"\",\"potentialAction\":[{\"@type\":\"SearchAction\",\"target\":{\"@type\":\"EntryPoint\",\"urlTemplate\":\"https:\\\/\\\/zade.hu\\\/hu\\\/?s={search_term_string}\"},\"query-input\":{\"@type\":\"PropertyValueSpecification\",\"valueRequired\":true,\"valueName\":\"search_term_string\"}}],\"inLanguage\":\"hu\"}]}<\/script>\n<!-- \/ Yoast SEO Premium plugin. -->","yoast_head_json":{"title":"T\u00e9li id\u0151szak - zade.hu","robots":{"index":"index","follow":"follow","max-snippet":"max-snippet:-1","max-image-preview":"max-image-preview:large","max-video-preview":"max-video-preview:-1"},"canonical":"https:\/\/zade.hu\/hu\/teli-idoszak\/","og_locale":"hu_HU","og_type":"article","og_title":"T\u00e9li id\u0151szak","og_description":"T\u00e9li id\u0151szak Nem tudom, ki hogy szokott reag\u00e1lni arra, hogyha egy hajl\u00e9ktalannal tal\u00e1lkozik az utc\u00e1n, \u00e9s megsz\u00f3l\u00edtj\u00e1k \u0151t. Van, aki sajn\u00e1lkozik, van, aki ignor\u00e1lja, \u201enincs most id\u0151m\u201d -\u00f6t felel, eln\u00e9z a fej\u00fck f\u00f6l\u00f6tt. Ennek ellen\u00e9re k\u00f6z\u00f6sen nek\u00fcnk, mint t\u00e1rsadalomnak felel\u0151ss\u00e9get kell v\u00e1llalnunk a seg\u00edts\u00e9g\u00e9rt, hiszen nem mindenki Budapesten lakik egy f\u0171t\u00f6tt lak\u00e1sban.Itt van \u00f6t dolog, [&hellip;]","og_url":"https:\/\/zade.hu\/hu\/teli-idoszak\/","og_site_name":"zade.hu","article_modified_time":"2026-03-17T11:32:03+00:00","twitter_card":"summary_large_image","twitter_misc":{"Becs\u00fclt olvas\u00e1si id\u0151":"2 perc"},"schema":{"@context":"https:\/\/schema.org","@graph":[{"@type":"WebPage","@id":"https:\/\/zade.hu\/hu\/teli-idoszak\/","url":"https:\/\/zade.hu\/hu\/teli-idoszak\/","name":"T\u00e9li id\u0151szak - zade.hu","isPartOf":{"@id":"https:\/\/zade.hu\/hu\/#website"},"datePublished":"2026-02-04T19:30:50+00:00","dateModified":"2026-03-17T11:32:03+00:00","breadcrumb":{"@id":"https:\/\/zade.hu\/hu\/teli-idoszak\/#breadcrumb"},"inLanguage":"hu","potentialAction":[{"@type":"ReadAction","target":["https:\/\/zade.hu\/hu\/teli-idoszak\/"]}]},{"@type":"BreadcrumbList","@id":"https:\/\/zade.hu\/hu\/teli-idoszak\/#breadcrumb","itemListElement":[{"@type":"ListItem","position":1,"name":"Home","item":"https:\/\/zade.hu\/hu\/"},{"@type":"ListItem","position":2,"name":"T\u00e9li id\u0151szak"}]},{"@type":"WebSite","@id":"https:\/\/zade.hu\/hu\/#website","url":"https:\/\/zade.hu\/hu\/","name":"zade.hu","description":"","potentialAction":[{"@type":"SearchAction","target":{"@type":"EntryPoint","urlTemplate":"https:\/\/zade.hu\/hu\/?s={search_term_string}"},"query-input":{"@type":"PropertyValueSpecification","valueRequired":true,"valueName":"search_term_string"}}],"inLanguage":"hu"}]}},"_links":{"self":[{"href":"https:\/\/zade.hu\/hu\/wp-json\/wp\/v2\/pages\/972","targetHints":{"allow":["GET"]}}],"collection":[{"href":"https:\/\/zade.hu\/hu\/wp-json\/wp\/v2\/pages"}],"about":[{"href":"https:\/\/zade.hu\/hu\/wp-json\/wp\/v2\/types\/page"}],"author":[{"embeddable":true,"href":"https:\/\/zade.hu\/hu\/wp-json\/wp\/v2\/users\/6"}],"replies":[{"embeddable":true,"href":"https:\/\/zade.hu\/hu\/wp-json\/wp\/v2\/comments?post=972"}],"version-history":[{"count":4,"href":"https:\/\/zade.hu\/hu\/wp-json\/wp\/v2\/pages\/972\/revisions"}],"predecessor-version":[{"id":1098,"href":"https:\/\/zade.hu\/hu\/wp-json\/wp\/v2\/pages\/972\/revisions\/1098"}],"wp:attachment":[{"href":"https:\/\/zade.hu\/hu\/wp-json\/wp\/v2\/media?parent=972"}],"curies":[{"name":"wp","href":"https:\/\/api.w.org\/{rel}","templated":true}]}}